{"id":44019,"date":"2025-11-12T23:52:44","date_gmt":"2025-11-12T23:52:44","guid":{"rendered":"https:\/\/bazaar.express\/product\/egyptian-magic-collagen-cream\/"},"modified":"2026-02-20T12:52:21","modified_gmt":"2026-02-20T12:52:21","slug":"egyptian-magic-collagen-cream","status":"publish","type":"product","link":"https:\/\/bazaar.express\/sk\/produkt\/egyptian-magic-collagen-cream\/","title":{"rendered":"Egyptsk\u00e1 m\u00e1gia Luxusn\u00fd kolag\u00e9nov\u00fd kr\u00e9m"},"content":{"rendered":"<h2 id=\"luxury-egyptian-magic-collagen-cream--premium-prof\" class=\"mb-2 mt-4 font-display font-semimedium text-base first:mt-0 md:text-lg [hr+&#038;]:mt-4\">Egyptsk\u00e1 m\u00e1gia Luxusn\u00fd kolag\u00e9nov\u00fd kr\u00e9m \u2013 Pr\u00e9miov\u00fd profesion\u00e1lny anti-aging s elitn\u00fdm morsk\u00fdm kolag\u00e9nom<\/h2>\n<h3 class=\"mb-2 mt-4 font-display font-semimedium text-base first:mt-0\">Za\u017eite elitn\u00fa v\u00fdnimo\u010dnos\u0165 anti-aging s autentickou pr\u00e9miovou Egyptskou m\u00e1giou a profesion\u00e1lnou beauty lie\u010dbou<\/h3>\n<p class=\"my-2 [&#038;+p]:mt-4 [&#038;_strong:has(+br)]:inline-block [&#038;_strong:has(+br)]:pb-2\">Doprajte si vrchol luxusu anti-aging s na\u0161\u00edm exkluz\u00edvnym pr\u00e9miov\u00fdm Egyptsk\u00fdm magick\u00fdm kolag\u00e9nov\u00fdm kr\u00e9mom, luxusnou egyptskou beauty esenciou vyvinutou pre n\u00e1ro\u010dn\u00fdch z\u00e1kazn\u00edkov. Na\u0161a starostlivo vyroben\u00e1 luxusn\u00e1 formula sp\u00e1ja elitn\u00fd morsk\u00fd kolag\u00e9n s rafinovan\u00fdmi egyptsk\u00fdmi trad\u00edciami, aby poskytla v\u00fdsledky anti-aging na profesion\u00e1lnej \u00farovni, intenz\u00edvnu hydrata\u010dn\u00fa transform\u00e1ciu a vidite\u013en\u00fa excelentn\u00fa regener\u00e1ciu poko\u017eky. N\u00e1\u0161 starostlivo formulovan\u00fd pr\u00e9miov\u00fd Egyptsk\u00fd magick\u00fd kolag\u00e9nov\u00fd kr\u00e9m v pr\u00e9miov\u00fdch f\u013ea\u0161iach 50 ml je navrhnut\u00fd pre rafinovan\u00e9 anti-aging rutiny s v\u00fdnimo\u010dnou \u010distotou, zv\u00fd\u0161en\u00fdmi profesion\u00e1lnymi v\u00fdsledkami a nad\u0161tandardnou beauty transform\u00e1ciou.<\/p>\n<h3 class=\"mb-2 mt-4 font-display font-semimedium text-base first:mt-0\">Pre\u010do si vybra\u0165 pr\u00e9miov\u00fd luxusn\u00fd Egyptsk\u00fd magick\u00fd kolag\u00e9nov\u00fd kr\u00e9m?<\/h3>\n<p class=\"my-2 [&#038;+p]:mt-4 [&#038;_strong:has(+br)]:inline-block [&#038;_strong:has(+br)]:pb-2\"><strong>Profesion\u00e1lna elitn\u00e1 technol\u00f3gia morsk\u00e9ho kolag\u00e9nu:<\/strong>\u00a0Na\u0161a pr\u00e9miov\u00e1 Egyptsk\u00e1 magick\u00e1 formula vyu\u017e\u00edva silu profesion\u00e1lneho morsk\u00e9ho kolag\u00e9nu na hlbok\u00fa penetr\u00e1ciu vrstiev poko\u017eky, zni\u017euje jemn\u00e9 linky, vr\u00e1sky a v\u0161etky znaky starnutia. Tento elitn\u00fd morsk\u00fd kolag\u00e9n obnovuje profesion\u00e1lnu elasticitu a luxusn\u00fa pevnos\u0165 poko\u017eky, pri\u010dom poskytuje intenz\u00edvne profesion\u00e1lne v\u00fd\u017eivov\u00e9 l\u00e1tky a vidite\u013en\u00e9 elitn\u00e9 anti-aging v\u00fdhody.<\/p>\n<p class=\"my-2 [&#038;+p]:mt-4 [&#038;_strong:has(+br)]:inline-block [&#038;_strong:has(+br)]:pb-2\"><strong>Profesion\u00e1lna kyselina hyalur\u00f3nov\u00e1 a luxusn\u00e1 hydrat\u00e1cia:<\/strong> Obohaten\u00e1 o pr\u00e9miov\u00fa kyselinu hyalur\u00f3nov\u00fa, na\u0161a luxusn\u00e1 formula poskytuje intenz\u00edvnu retenciu vlhkosti, vypl\u0148uje jemn\u00e9 linky s profesion\u00e1lnou presnos\u0165ou. Tento profesion\u00e1lny humektant zabezpe\u010duje, aby poko\u017eka zostala luxusne hydratovan\u00e1, \u017eiariv\u00e1 a v\u00fdnimo\u010dne mladistv\u00e1 po\u010das cel\u00e9ho d\u0148a a noci.<\/p>\n<p class=\"my-2 [&#038;+p]:mt-4 [&#038;_strong:has(+br)]:inline-block [&#038;_strong:has(+br)]:pb-2\"><strong>Elitn\u00e9 profesion\u00e1lne rie\u0161enie na redukciu vr\u00e1sok:<\/strong>\u00a0Na\u0161a pr\u00e9miov\u00e1 Egyptsk\u00e1 magick\u00e1 formula cieli na viacero profesion\u00e1lnych starost\u00ed o starnutie vr\u00e1tane jemn\u00fdch liniek, vr\u00e1sok pod o\u010dami, profesion\u00e1lnych \u00fasmevov\u00fdch liniek a expres\u00edvnych vr\u00e1sok. Elitn\u00fd komplexn\u00fd anti-aging pr\u00edstup funguje s profesion\u00e1lnou presnos\u0165ou na zn\u00ed\u017eenie vzh\u013eadu a prevenciu bud\u00facich znakov starnutia.<\/p>\n<p class=\"my-2 [&#038;+p]:mt-4 [&#038;_strong:has(+br)]:inline-block [&#038;_strong:has(+br)]:pb-2\"><strong>Profesion\u00e1lny niacinamid a elitn\u00e1 ochrana poko\u017eky:<\/strong> Formulovan\u00fd s pr\u00e9miov\u00fdm niacinamidom a vitam\u00ednom E.A, tento luxusn\u00fd mix posil\u0148uje funkciu bari\u00e9ry poko\u017eky na profesion\u00e1lnej \u00farovni, pri\u010dom zni\u017euje profesion\u00e1lny z\u00e1pal a podr\u00e1\u017edenie. Tieto elitn\u00e9 profesion\u00e1lne akt\u00edvne l\u00e1tky zlep\u0161uj\u00fa zdravie luxusnej poko\u017eky a chr\u00e1nia pred environment\u00e1lnym po\u0161koden\u00edm.<\/p>\n<p class=\"my-2 [&#038;+p]:mt-4 [&#038;_strong:has(+br)]:inline-block [&#038;_strong:has(+br)]:pb-2\"><strong>Elitn\u00e9 profesion\u00e1lne beauty v\u00fdsledky:<\/strong>\u00a0N\u00e1\u0161 pr\u00e9miov\u00fd Egyptsk\u00fd magick\u00fd kolag\u00e9nov\u00fd kr\u00e9m poskytuje v\u00fdnimo\u010dn\u00e9 profesion\u00e1lne anti-aging v\u00fdhody do nieko\u013ek\u00fdch t\u00fd\u017ed\u0148ov pravideln\u00e9ho pou\u017e\u00edvania. Pou\u017e\u00edvatelia za\u017e\u00edvaj\u00fa luxusne hlad\u0161iu text\u00faru, dramaticky zn\u00ed\u017een\u00e9 vr\u00e1sky, zlep\u0161en\u00fa profesion\u00e1lnu pevnos\u0165 a vidite\u013ene mladistvej\u0161iu, \u017eiariv\u00fa vzh\u013ead poko\u017eky.<\/p>\n<h3 class=\"mb-2 mt-4 font-display font-semimedium text-base first:mt-0\">V\u00fdnimo\u010dn\u00e9 elitn\u00e9 anti-aging v\u00fdhody<\/h3>\n<ul class=\"marker:text-quiet list-disc\">\n<li class=\"py-0 my-0 prose-p:pt-0 prose-p:mb-2 prose-p:my-0 [&#038;>p]:pt-0 [&#038;>p]:mb-2 [&#038;>p]:my-0&#8243;>\n<p class=\"my-2 [&#038;+p]:mt-4 [&#038;_strong:has(+br)]:inline-block [&#038;_strong:has(+br)]:pb-2\">Elitn\u00e1 inf\u00fazia morsk\u00e9ho kolag\u00e9nu na profesion\u00e1lnej \u00farovni<\/p>\n<\/li>\n<li class=\"py-0 my-0 prose-p:pt-0 prose-p:mb-2 prose-p:my-0 [&#038;>p]:pt-0 [&#038;>p]:mb-2 [&#038;>p]:my-0&#8243;>\n<p class=\"my-2 [&#038;+p]:mt-4 [&#038;_strong:has(+br)]:inline-block [&#038;_strong:has(+br)]:pb-2\">Pr\u00e9miov\u00e1 kyselina hyalur\u00f3nov\u00e1 pre intenz\u00edvnu luxusn\u00fa hydrat\u00e1ciu<\/p>\n<\/li>\n<li class=\"py-0 my-0 prose-p:pt-0 prose-p:mb-2 prose-p:my-0 [&#038;>p]:pt-0 [&#038;>p]:mb-2 [&#038;>p]:my-0&#8243;>\n<p class=\"my-2 [&#038;+p]:mt-4 [&#038;_strong:has(+br)]:inline-block [&#038;_strong:has(+br)]:pb-2\">Profesion\u00e1lne zni\u017euje jemn\u00e9 linky a vr\u00e1sky<\/p>\n<\/li>\n<li class=\"py-0 my-0 prose-p:pt-0 prose-p:mb-2 prose-p:my-0 [&#038;>p]:pt-0 [&#038;>p]:mb-2 [&#038;>p]:my-0&#8243;>\n<p class=\"my-2 [&#038;+p]:mt-4 [&#038;_strong:has(+br)]:inline-block [&#038;_strong:has(+br)]:pb-2\">Cieli na z\u00f3nu vr\u00e1sok pod o\u010dami profesion\u00e1lne<\/p>\n<\/li>\n<li class=\"py-0 my-0 prose-p:pt-0 prose-p:mb-2 prose-p:my-0 [&#038;>p]:pt-0 [&#038;>p]:mb-2 [&#038;>p]:my-0&#8243;>\n<p class=\"my-2 [&#038;+p]:mt-4 [&#038;_strong:has(+br)]:inline-block [&#038;_strong:has(+br)]:pb-2\">Zjem\u0148uje vr\u00e1sky \u00fasmevov\u00fdch liniek s luxusnou presnos\u0165ou<\/p>\n<\/li>\n<li class=\"py-0 my-0 prose-p:pt-0 prose-p:mb-2 prose-p:my-0 [&#038;>p]:pt-0 [&#038;>p]:mb-2 [&#038;>p]:my-0&#8243;>\n<p class=\"my-2 [&#038;+p]:mt-4 [&#038;_strong:has(+br)]:inline-block [&#038;_strong:has(+br)]:pb-2\">Zlep\u0161uje profesion\u00e1lnu pevnos\u0165 a elasticitu poko\u017eky<\/p>\n<\/li>\n<li class=\"py-0 my-0 prose-p:pt-0 prose-p:mb-2 prose-p:my-0 [&#038;>p]:pt-0 [&#038;>p]:mb-2 [&#038;>p]:my-0&#8243;>\n<p class=\"my-2 [&#038;+p]:mt-4 [&#038;_strong:has(+br)]:inline-block [&#038;_strong:has(+br)]:pb-2\">Profesion\u00e1lne elitn\u00e9 anti-aging v\u00fdsledky<\/p>\n<\/li>\n<li class=\"py-0 my-0 prose-p:pt-0 prose-p:mb-2 prose-p:my-0 [&#038;>p]:pt-0 [&#038;>p]:mb-2 [&#038;>p]:my-0&#8243;>\n<p class=\"my-2 [&#038;+p]:mt-4 [&#038;_strong:has(+br)]:inline-block [&#038;_strong:has(+br)]:pb-2\">Vyroben\u00e9 v Egypte s pr\u00e9miovou autenticitou<\/p>\n<\/li>\n<\/ul>\n<h3 class=\"mb-2 mt-4 font-display font-semimedium text-base first:mt-0\">\u010co rob\u00ed na\u0161u pr\u00e9miov\u00fa Egyptsk\u00fa magick\u00fa formulu v\u00fdnimo\u010dnou?<\/h3>\n<p class=\"my-2 [&#038;+p]:mt-4 [&#038;_strong:has(+br)]:inline-block [&#038;_strong:has(+br)]:pb-2\">N\u00e1\u0161 pr\u00e9miov\u00fd Egyptsk\u00fd magick\u00fd kolag\u00e9nov\u00fd kr\u00e9m predstavuje elitn\u00fa anti-aging vedu spojen\u00fa s rafinovan\u00fdm egyptsk\u00fdm beauty dedi\u010dstvom. Ka\u017ed\u00e1 f\u013ea\u0161a 50 ml obsahuje koncentrovan\u00fd elitn\u00fd morsk\u00fd kolag\u00e9n, profesion\u00e1lnu kyselinu hyalur\u00f3nov\u00fa, pr\u00e9miov\u00fd niacinamid a vitam\u00edn E.A bez drsn\u00fdch chemik\u00e1li\u00ed, \u010do poskytuje autentick\u00e9 profesion\u00e1lne anti-aging v\u00fdhody podlo\u017een\u00e9 elitn\u00fdm v\u00fdskumom starostlivosti o ple\u0165.<\/p>\n<h3 class=\"mb-2 mt-4 font-display font-semimedium text-base first:mt-0\">Ako aplikova\u0165 pr\u00e9miov\u00fd Egyptsk\u00fd magick\u00fd kolag\u00e9nov\u00fd kr\u00e9m<\/h3>\n<p class=\"my-2 [&#038;+p]:mt-4 [&#038;_strong:has(+br)]:inline-block [&#038;_strong:has(+br)]:pb-2\">Aplikujte mno\u017estvo ve\u013ekosti hr\u00e1\u0161ku na \u010dist\u00fa poko\u017eku r\u00e1no a ve\u010der. Jemne mas\u00edrujte do jemn\u00fdch liniek a profesion\u00e1lnych oblast\u00ed vr\u00e1sok vr\u00e1tane luxusnej z\u00f3ny pod o\u010dami a \u00fasmevov\u00fdch liniek. Nasledujte va\u0161\u00edm ob\u013e\u00faben\u00fdm opa\u013eovac\u00edm kr\u00e9mom po\u010das d\u0148a. Pre optim\u00e1lne profesion\u00e1lne anti-aging v\u00fdsledky pou\u017e\u00edvajte pravidelne 4 a\u017e 8 t\u00fd\u017ed\u0148ov.<\/p>\n<h3 class=\"mb-2 mt-4 font-display font-semimedium text-base first:mt-0\">Pr\u00e9miov\u00e9 luxusn\u00e9 skladovanie a v\u00fdsledky<\/h3>\n<p class=\"my-2 [&#038;+p]:mt-4 [&#038;_strong:has(+br)]:inline-block [&#038;_strong:has(+br)]:pb-2\">Skladujte va\u0161u pr\u00e9miov\u00fa Egyptsk\u00fa magick\u00fa formulu pod 30 stup\u0148ov Celzia na chladnom, tmavom mieste pre maxim\u00e1lnu profesion\u00e1lnu \u00fa\u010dinnos\u0165. V\u00fdsledky sa zlep\u0161uj\u00fa s pravidelnou dennou aplik\u00e1ciou. V\u00e4\u010d\u0161ina pou\u017e\u00edvate\u013eov si v\u0161imne v\u00fdnimo\u010dn\u00fa redukciu vr\u00e1sok do 4 t\u00fd\u017ed\u0148ov profesion\u00e1lneho pou\u017e\u00edvania, s pokra\u010duj\u00facim elitn\u00fdm zlep\u0161en\u00edm v priebehu \u010dasu.<\/p>\n<p class=\"my-2 [&#038;+p]:mt-4 [&#038;_strong:has(+br)]:inline-block [&#038;_strong:has(+br)]:pb-2\"><strong>Za\u017eite elitn\u00fa profesion\u00e1lnu anti-aging transform\u00e1ciu s na\u0161\u00edm pr\u00e9miov\u00fdm Egyptsk\u00fdm magick\u00fdm kolag\u00e9nov\u00fdm kr\u00e9mom dnes. Objednajte si svoju pr\u00e9miov\u00fa f\u013ea\u0161u 50 ml teraz a odha\u013ete svoju najluxusnej\u0161iu mladistv\u00fa, \u017eiariv\u00fa poko\u017eku.<\/strong><\/p>\n<p>&nbsp;<\/p>\n<h5 style=\"text-align: center;\">\u010eakujeme za n\u00e1kup v <a href=\"https:\/\/bazaar.express\/sk\/\">Bazaar Express<\/a> \u2013 sme nad\u0161en\u00ed, \u017ee ste tu!<\/h5>\n<h5 style=\"text-align: center;\">Va\u0161a cesta k lep\u0161ej starostlivosti o seba za\u010d\u00edna tu \u2014 s <a href=\"https:\/\/bazaar.express\/sk\/kategoria-produktu\/starostlivost-o-krasu\/\">Starostlivos\u0165ou o kr\u00e1su<\/a>, na ktor\u00fa sa m\u00f4\u017eete spo\u013eahn\u00fa\u0165!<\/h5>\n","protected":false},"excerpt":{"rendered":"<h3>Egyptsk\u00e1 m\u00e1gia Luxusn\u00fd kolag\u00e9nov\u00fd kr\u00e9m 50 ml \u2013 Pr\u00e9miov\u00fd profesion\u00e1lny anti-aging s elitn\u00fdm morsk\u00fdm kolag\u00e9nom. Profesion\u00e1lna lie\u010dba vr\u00e1sok, luxusn\u00e1 egyptsk\u00e1 kr\u00e1sa.<\/h3>\n","protected":false},"featured_media":44022,"comment_status":"open","ping_status":"closed","template":"","meta":[],"product_brand":[],"product_cat":[1160,1169,1161],"product_tag":[1652,1653,1655,1654],"class_list":{"0":"post-44019","1":"product","2":"type-product","3":"status-publish","4":"has-post-thumbnail","6":"product_cat-starostlivost-o-krasu","7":"product_cat-horuce-ponuky","8":"product_cat-terapeuticke-oleje","9":"product_tag-olej","10":"product_tag-prirodny-olej","11":"product_tag-starostlivost-o-krasu","12":"product_tag-starostlivost-o-plet","14":"first","15":"instock","16":"sale","17":"shipping-taxable","18":"purchasable","19":"product-type-simple"},"_links":{"self":[{"href":"https:\/\/bazaar.express\/sk\/wp-json\/wp\/v2\/product\/44019","targetHints":{"allow":["GET"]}}],"collection":[{"href":"https:\/\/bazaar.express\/sk\/wp-json\/wp\/v2\/product"}],"about":[{"href":"https:\/\/bazaar.express\/sk\/wp-json\/wp\/v2\/types\/product"}],"replies":[{"embeddable":true,"href":"https:\/\/bazaar.express\/sk\/wp-json\/wp\/v2\/comments?post=44019"}],"wp:featuredmedia":[{"embeddable":true,"href":"https:\/\/bazaar.express\/sk\/wp-json\/wp\/v2\/media\/44022"}],"wp:attachment":[{"href":"https:\/\/bazaar.express\/sk\/wp-json\/wp\/v2\/media?parent=44019"}],"wp:term":[{"taxonomy":"product_brand","embeddable":true,"href":"https:\/\/bazaar.express\/sk\/wp-json\/wp\/v2\/product_brand?post=44019"},{"taxonomy":"product_cat","embeddable":true,"href":"https:\/\/bazaar.express\/sk\/wp-json\/wp\/v2\/product_cat?post=44019"},{"taxonomy":"product_tag","embeddable":true,"href":"https:\/\/bazaar.express\/sk\/wp-json\/wp\/v2\/product_tag?post=44019"}],"curies":[{"name":"wp","href":"https:\/\/api.w.org\/{rel}","templated":true}]}}