{"id":44039,"date":"2025-11-06T01:31:25","date_gmt":"2025-11-06T01:31:25","guid":{"rendered":"https:\/\/bazaar.express\/product\/goat-milk-soap-2\/"},"modified":"2026-02-20T12:52:27","modified_gmt":"2026-02-20T12:52:27","slug":"goat-milk-soap-2","status":"publish","type":"product","link":"https:\/\/bazaar.express\/sk\/produkt\/goat-milk-soap-2\/","title":{"rendered":"Luxusn\u00e9 mydlo z kozacieho mlieka"},"content":{"rendered":"<h2 id=\"luxury-goat-milk-soap--premium-egyptian-cleansing\" class=\"mb-2 mt-4 font-display font-semimedium text-base first:mt-0 md:text-lg [hr+&#038;]:mt-4\">Luxusn\u00e9 mydlo z kozacieho mlieka \u2013 Pr\u00e9miov\u00e9 egyptsk\u00e9 \u010distenie s profesion\u00e1lnou v\u00fd\u017eivou<\/h2>\n<h3 class=\"mb-2 mt-4 font-display font-semimedium text-base first:mt-0\">Za\u017eite elitn\u00fa starostlivos\u0165 o ple\u0165 s autentick\u00fdm pr\u00e9miov\u00fdm mydlom z kozacieho mlieka a tradi\u010dnou kr\u00e1snou formulou<\/h3>\n<p class=\"my-2 [&#038;+p]:mt-4 [&#038;_strong:has(+br)]:inline-block [&#038;_strong:has(+br)]:pb-2\">Doprajte si vrchol pr\u00edrodnej starostlivosti o ple\u0165 s na\u0161\u00edm exkluz\u00edvnym mydlom z kozacieho mlieka, luxusnou egyptskou \u010distiacou ty\u010dinkou vyvinutou pre n\u00e1ro\u010dn\u00fdch z\u00e1kazn\u00edkov. T\u00e1to jemn\u00e1 luxusn\u00e1 formula sp\u00e1ja autentick\u00e9 kozacie mlieko s botanick\u00fdmi extraktmi, aby poskytla profesion\u00e1lne \u010distenie, intenz\u00edvnu hydrat\u00e1ciu a vidite\u013en\u00e9 zlep\u0161enie pleti. Na\u0161e starostlivo vyvinut\u00e9 mydlo z kozacieho mlieka je ur\u010den\u00e9 pre rafinovan\u00fa starostlivos\u0165 o ple\u0165, poskytuje v\u00fdnimo\u010dn\u00fa hebkos\u0165, zv\u00fd\u0161en\u00fd lesk a vynikaj\u00face zdravie pleti pri ka\u017edom luxusnom pou\u017eit\u00ed.<\/p>\n<h3 class=\"mb-2 mt-4 font-display font-semimedium text-base first:mt-0\">Pre\u010do si vybra\u0165 pr\u00e9miov\u00e9 luxusn\u00e9 mydlo z kozacieho mlieka?<\/h3>\n<p class=\"my-2 [&#038;+p]:mt-4 [&#038;_strong:has(+br)]:inline-block [&#038;_strong:has(+br)]:pb-2\"><strong>Profesion\u00e1lne \u010distenie s pr\u00edrodn\u00fdm kozac\u00edm mliekom:<\/strong>\u00a0Na\u0161e luxusn\u00e9 mydlo z kozacieho mlieka vyu\u017e\u00edva silu autentick\u00e9ho kozacieho mlieka na poskytnutie profesion\u00e1lneho \u010distenia bez drsn\u00fdch chemik\u00e1li\u00ed. T\u00e1to pr\u00e9miov\u00e1 formula odstra\u0148uje ne\u010distoty pri zachovan\u00ed optim\u00e1lnej vlhkostnej rovnov\u00e1hy pleti, \u010d\u00edm zanech\u00e1va ple\u0165 v\u00fdnimo\u010dne osvie\u017een\u00fa, chr\u00e1nen\u00fa a \u017eiarivo transformovan\u00fa s luxusn\u00fdmi v\u00fdsledkami.<\/p>\n<p class=\"my-2 [&#038;+p]:mt-4 [&#038;_strong:has(+br)]:inline-block [&#038;_strong:has(+br)]:pb-2\"><strong>Intenz\u00edvna profesion\u00e1lna hydrat\u00e1cia:<\/strong> Obohaten\u00e9 o pr\u00edrodn\u00fd kokosov\u00fd a ric\u00ednov\u00fd olej, t\u00e1to luxusn\u00e1 ty\u010dinka poskytuje profesion\u00e1lnu vlhkos\u0165, ktor\u00e1 v\u00fdrazne zm\u00e4k\u010duje a kondicionuje ple\u0165. Rafinovan\u00e1 v\u00fd\u017eivn\u00e1 zmes rob\u00ed z tohto mydla z kozacieho mlieka prv\u00fa vo\u013ebu pre denn\u00e9 \u010distenie tv\u00e1re a tela s profesion\u00e1lnymi v\u00fdsledkami.<\/p>\n<p class=\"my-2 [&#038;+p]:mt-4 [&#038;_strong:has(+br)]:inline-block [&#038;_strong:has(+br)]:pb-2\"><strong>Transparentn\u00e1 \u010dist\u00e1 formula:<\/strong>\u00a0Na\u0161a \u010distiaca ty\u010dinka je jemn\u00e1, \u010dist\u00e1 a transparentn\u00e1 \u2013 ukazuje svoju autentick\u00fa kompoz\u00edciu. Profesion\u00e1lna formula \u010dist\u00ed vynikaj\u00faco bez odstra\u0148ovania esenci\u00e1lnej vlhkosti, podporuje vidite\u013ene \u010distej\u0161\u00ed a v\u00fdnimo\u010dne zdrav\u00fd vzh\u013ead pleti.<\/p>\n<p class=\"my-2 [&#038;+p]:mt-4 [&#038;_strong:has(+br)]:inline-block [&#038;_strong:has(+br)]:pb-2\"><strong>Pr\u00e9miov\u00e1 kompatibilita pre rafinovan\u00fa starostlivos\u0165 o ple\u0165:<\/strong>\u00a0Aj ke\u010f m\u00e1te citliv\u00fa, mastn\u00fa, such\u00fa alebo zmie\u0161an\u00fa ple\u0165, na\u0161e luxusn\u00e9 mydlo z kozacieho mlieka poskytuje profesion\u00e1lne v\u00fdsledky n\u00e1dherne. Jemn\u00e9 pr\u00e9miov\u00e9 ty\u010dinky s\u00fa ide\u00e1lne pre rafinovan\u00fa ple\u0165 tv\u00e1re a zv\u00fd\u0161en\u00fa ka\u017edodenn\u00fa starostlivos\u0165, \u010d\u00edm sa st\u00e1vaj\u00fa prvou vo\u013ebou pre ak\u00fako\u013evek sofistikovan\u00fa rutinu starostlivosti o ple\u0165.<\/p>\n<p class=\"my-2 [&#038;+p]:mt-4 [&#038;_strong:has(+br)]:inline-block [&#038;_strong:has(+br)]:pb-2\"><strong>Profesion\u00e1lne zm\u00e4k\u010dovanie a kondicionovanie:<\/strong>\u00a0Bohat\u00e9 o glycer\u00edn a pr\u00edrodn\u00e9 oleje, toto luxusn\u00e9 mydlo zm\u00e4k\u010duje a hydratuje ple\u0165 s presnos\u0165ou. Pr\u00e9miov\u00e9 kondiciona\u010dn\u00e9 vlastnosti pom\u00e1haj\u00fa obnovi\u0165 prirodzen\u00fd lesk pleti a poskytuj\u00fa vynikaj\u00face zlep\u0161enie text\u00fary pri pravidelnom pou\u017e\u00edvan\u00ed.<\/p>\n<h3 class=\"mb-2 mt-4 font-display font-semimedium text-base first:mt-0\">V\u00fdnimo\u010dn\u00e9 v\u00fdhody pr\u00e9miov\u00e9ho luxusn\u00e9ho mydla z kozacieho mlieka<\/h3>\n<ul class=\"marker:text-quiet list-disc\">\n<li class=\"py-0 my-0 prose-p:pt-0 prose-p:mb-2 prose-p:my-0 [&#038;>p]:pt-0 [&#038;>p]:mb-2 [&#038;>p]:my-0&#8243;>\n<p class=\"my-2 [&#038;+p]:mt-4 [&#038;_strong:has(+br)]:inline-block [&#038;_strong:has(+br)]:pb-2\">Pr\u00e9miov\u00e1, profesion\u00e1lna \u010distiaca akcia<\/p>\n<\/li>\n<li class=\"py-0 my-0 prose-p:pt-0 prose-p:mb-2 prose-p:my-0 [&#038;>p]:pt-0 [&#038;>p]:mb-2 [&#038;>p]:my-0&#8243;>\n<p class=\"my-2 [&#038;+p]:mt-4 [&#038;_strong:has(+br)]:inline-block [&#038;_strong:has(+br)]:pb-2\">Obohaten\u00e9 o pr\u00edrodn\u00e9 kokosov\u00e9 a ric\u00ednov\u00e9 oleje<\/p>\n<\/li>\n<li class=\"py-0 my-0 prose-p:pt-0 prose-p:mb-2 prose-p:my-0 [&#038;>p]:pt-0 [&#038;>p]:mb-2 [&#038;>p]:my-0&#8243;>\n<p class=\"my-2 [&#038;+p]:mt-4 [&#038;_strong:has(+br)]:inline-block [&#038;_strong:has(+br)]:pb-2\">Zm\u00e4k\u010duje a profesion\u00e1lne hydratuje ple\u0165<\/p>\n<\/li>\n<li class=\"py-0 my-0 prose-p:pt-0 prose-p:mb-2 prose-p:my-0 [&#038;>p]:pt-0 [&#038;>p]:mb-2 [&#038;>p]:my-0&#8243;>\n<p class=\"my-2 [&#038;+p]:mt-4 [&#038;_strong:has(+br)]:inline-block [&#038;_strong:has(+br)]:pb-2\">Vhodn\u00e9 pre v\u0161etky typy pleti s rafinovan\u00fdmi v\u00fdsledkami<\/p>\n<\/li>\n<li class=\"py-0 my-0 prose-p:pt-0 prose-p:mb-2 prose-p:my-0 [&#038;>p]:pt-0 [&#038;>p]:mb-2 [&#038;>p]:my-0&#8243;>\n<p class=\"my-2 [&#038;+p]:mt-4 [&#038;_strong:has(+br)]:inline-block [&#038;_strong:has(+br)]:pb-2\">Pr\u00edrodn\u00e1, \u010dist\u00e1, transparentn\u00e1 formula<\/p>\n<\/li>\n<li class=\"py-0 my-0 prose-p:pt-0 prose-p:mb-2 prose-p:my-0 [&#038;>p]:pt-0 [&#038;>p]:mb-2 [&#038;>p]:my-0&#8243;>\n<p class=\"my-2 [&#038;+p]:mt-4 [&#038;_strong:has(+br)]:inline-block [&#038;_strong:has(+br)]:pb-2\">Bohat\u00e9 o glycer\u00edn pre intenz\u00edvnu vlhkos\u0165<\/p>\n<\/li>\n<li class=\"py-0 my-0 prose-p:pt-0 prose-p:mb-2 prose-p:my-0 [&#038;>p]:pt-0 [&#038;>p]:mb-2 [&#038;>p]:my-0&#8243;>\n<p class=\"my-2 [&#038;+p]:mt-4 [&#038;_strong:has(+br)]:inline-block [&#038;_strong:has(+br)]:pb-2\">Podporuje v\u00fdnimo\u010dn\u00fd, \u017eiariv\u00fd vzh\u013ead pleti<\/p>\n<\/li>\n<li class=\"py-0 my-0 prose-p:pt-0 prose-p:mb-2 prose-p:my-0 [&#038;>p]:pt-0 [&#038;>p]:mb-2 [&#038;>p]:my-0&#8243;>\n<p class=\"my-2 [&#038;+p]:mt-4 [&#038;_strong:has(+br)]:inline-block [&#038;_strong:has(+br)]:pb-2\">Odstra\u0148uje ne\u010distoty s profesion\u00e1lnou starostlivos\u0165ou<\/p>\n<\/li>\n<\/ul>\n<h3 class=\"mb-2 mt-4 font-display font-semimedium text-base first:mt-0\">\u010co rob\u00ed na\u0161e luxusn\u00e9 mydlo v\u00fdnimo\u010dn\u00fdm?<\/h3>\n<p class=\"my-2 [&#038;+p]:mt-4 [&#038;_strong:has(+br)]:inline-block [&#038;_strong:has(+br)]:pb-2\">Na\u0161e pr\u00e9miov\u00e9 mydlo z kozacieho mlieka sp\u00e1ja silu autentick\u00e9ho kozacieho mlieka s rafinovan\u00fdmi egyptsk\u00fdmi kr\u00e1snymi trad\u00edciami. Starostliv\u00e1 zmes pr\u00edrodnej mydlovej b\u00e1zy, glycer\u00ednu, ric\u00ednov\u00e9ho oleja a kokosov\u00e9ho oleja vytv\u00e1ra v\u00fdnimo\u010dn\u00fd produkt. Ka\u017ed\u00e1 ty\u010dinka n\u00e1\u0161ho mydla z kozacieho mlieka predstavuje n\u00e1\u0161 z\u00e1v\u00e4zok k profesion\u00e1lnej, efekt\u00edvnej luxusnej pr\u00edrodnej starostlivosti o ple\u0165 podlo\u017een\u00fd egyptsk\u00fdm dedi\u010dstvom.<\/p>\n<h3 class=\"mb-2 mt-4 font-display font-semimedium text-base first:mt-0\">Ako pou\u017e\u00edva\u0165 va\u0161e luxusn\u00e9 mydlo<\/h3>\n<p class=\"my-2 [&#038;+p]:mt-4 [&#038;_strong:has(+br)]:inline-block [&#038;_strong:has(+br)]:pb-2\">Navlh\u010dite tv\u00e1r alebo telo teplou vodou a jemne mas\u00edrujte t\u00fato pr\u00e9miov\u00fa ty\u010dinku, k\u00fdm sa nevytvor\u00ed bohat\u00e1 pena. Nechajte mydlo z kozacieho mlieka \u010disti\u0165 s profesion\u00e1lnou presnos\u0165ou, potom opl\u00e1chnite teplou vodou. Pou\u017e\u00edvajte denne pre optim\u00e1lne profesion\u00e1lne \u010distenie a luxusn\u00fa v\u00fd\u017eivu z tejto autentickej egyptskej formul\u00e1cie.<\/p>\n<h3 class=\"mb-2 mt-4 font-display font-semimedium text-base first:mt-0\">In\u0161trukcie na pr\u00e9miov\u00e9 skladovanie a starostlivos\u0165<\/h3>\n<p class=\"my-2 [&#038;+p]:mt-4 [&#038;_strong:has(+br)]:inline-block [&#038;_strong:has(+br)]:pb-2\">Skladujte svoju luxusn\u00fa ty\u010dinku pri izbovej teplote mimo priameho slne\u010dn\u00e9ho svetla pre maxim\u00e1lnu dlhovekos\u0165 a \u00fa\u010dinnos\u0165 jej pr\u00edrodn\u00fdch vlastnost\u00ed a profesion\u00e1lnych ingredienci\u00ed.<\/p>\n<p class=\"my-2 [&#038;+p]:mt-4 [&#038;_strong:has(+br)]:inline-block [&#038;_strong:has(+br)]:pb-2\"><strong>Pozdvihnite svoju ritu\u00e1lu starostlivosti o ple\u0165 s na\u0161\u00edm luxusn\u00fdm mydlom z kozacieho mlieka dnes. Objednajte si svoju pr\u00e9miov\u00fa ty\u010dinku teraz a za\u017eite profesion\u00e1lnu luxusn\u00fa v\u00fd\u017eivn\u00fa silu autentickej egyptskej excelencie v starostlivosti o ple\u0165.<\/strong><\/p>\n<p>&nbsp;<\/p>\n<h5 style=\"text-align: center;\">\u010eakujeme za n\u00e1kup v <a href=\"https:\/\/bazaar.express\/sk\/\">Bazaar Express<\/a> \u2013 sme nad\u0161en\u00ed, \u017ee ste tu!<\/h5>\n<h5 style=\"text-align: center;\">Va\u0161a cesta k lep\u0161ej starostlivosti o seba za\u010d\u00edna tu \u2013 s <a href=\"https:\/\/bazaar.express\/sk\/kategoria-produktu\/starostlivost-o-krasu\/\">Beauty Care<\/a>, na ktor\u00fa sa m\u00f4\u017eete spo\u013eahn\u00fa\u0165!<\/h5>\n","protected":false},"excerpt":{"rendered":"<h3>Luxusn\u00e9 mydlo z kozacieho mlieka \u2013 Pr\u00e9miov\u00e1 profesion\u00e1lna \u010distiaca ty\u010dinka s autentick\u00fdm kozac\u00edm mliekom, kokosov\u00fdm olejom a ric\u00ednov\u00fdm olejom. Luxusn\u00e1 formula pre rafinovan\u00fa starostlivos\u0165 o ple\u0165. Vyroben\u00e9 v Egypte.<\/h3>\n","protected":false},"featured_media":44033,"comment_status":"open","ping_status":"closed","template":"","meta":[],"product_brand":[],"product_cat":[1160,1161],"product_tag":[],"class_list":{"0":"post-44039","1":"product","2":"type-product","3":"status-publish","4":"has-post-thumbnail","6":"product_cat-starostlivost-o-krasu","7":"product_cat-terapeuticke-oleje","9":"first","10":"instock","11":"shipping-taxable","12":"purchasable","13":"product-type-simple"},"_links":{"self":[{"href":"https:\/\/bazaar.express\/sk\/wp-json\/wp\/v2\/product\/44039","targetHints":{"allow":["GET"]}}],"collection":[{"href":"https:\/\/bazaar.express\/sk\/wp-json\/wp\/v2\/product"}],"about":[{"href":"https:\/\/bazaar.express\/sk\/wp-json\/wp\/v2\/types\/product"}],"replies":[{"embeddable":true,"href":"https:\/\/bazaar.express\/sk\/wp-json\/wp\/v2\/comments?post=44039"}],"wp:featuredmedia":[{"embeddable":true,"href":"https:\/\/bazaar.express\/sk\/wp-json\/wp\/v2\/media\/44033"}],"wp:attachment":[{"href":"https:\/\/bazaar.express\/sk\/wp-json\/wp\/v2\/media?parent=44039"}],"wp:term":[{"taxonomy":"product_brand","embeddable":true,"href":"https:\/\/bazaar.express\/sk\/wp-json\/wp\/v2\/product_brand?post=44039"},{"taxonomy":"product_cat","embeddable":true,"href":"https:\/\/bazaar.express\/sk\/wp-json\/wp\/v2\/product_cat?post=44039"},{"taxonomy":"product_tag","embeddable":true,"href":"https:\/\/bazaar.express\/sk\/wp-json\/wp\/v2\/product_tag?post=44039"}],"curies":[{"name":"wp","href":"https:\/\/api.w.org\/{rel}","templated":true}]}}