{"id":44040,"date":"2025-06-19T23:54:29","date_gmt":"2025-06-19T23:54:29","guid":{"rendered":"https:\/\/bazaar.express\/product\/rosemary-oil-2\/"},"modified":"2026-02-20T12:51:51","modified_gmt":"2026-02-20T12:51:51","slug":"rosemary-oil-2","status":"publish","type":"product","link":"https:\/\/bazaar.express\/sk\/produkt\/rosemary-oil-2\/","title":{"rendered":"Rozmar\u00ednov\u00fd olej"},"content":{"rendered":"<h2 data-start=\"298\" data-end=\"357\">O\u017eivte svoju kr\u00e1su pr\u00edrodne s Lotus rozmar\u00ednov\u00fdm olejom<\/h2>\n<h3 data-start=\"359\" data-end=\"401\">Objavte silu botanickej \u010distoty<\/h3>\n<p data-start=\"403\" data-end=\"704\">Lotus rozmar\u00ednov\u00fd olej je viac ne\u017e bylinn\u00fd extrakt \u2013 je to overen\u00fd prostriedok na obnovenie \u017eiaru poko\u017eky a posilnenie vlasov. Extrahovan\u00fd z \u010derstvej rozmar\u00ednovej bylinky, tento univerz\u00e1lny olej je pln\u00fd \u017eiv\u00edn, ktor\u00e9 podporuj\u00fa hlbok\u00fa opravu poko\u017eky, vyva\u017euj\u00fa zdravie poko\u017eky hlavy a podporuj\u00fa prirodzen\u00fd lesk.<\/p>\n<p data-start=\"706\" data-end=\"960\">Vyroben\u00fd v <strong data-start=\"717\" data-end=\"726\">Egypt<\/strong> a d\u00f4veryhodn\u00fd pre t\u00fdch, ktor\u00ed h\u013eadaj\u00fa holistick\u00e9 wellness, tento olej sp\u00e1ja starod\u00e1vnu m\u00fadros\u0165 rastl\u00edn s modernou osobnou starostlivos\u0165ou. \u010ci u\u017e cielite na nudn\u00fa poko\u017eku, redn\u00face vlasy alebo suchos\u0165, tento bohat\u00fd na \u017eiviny olej je v\u00e1\u0161 univerz\u00e1lny posil\u0148ova\u010d kr\u00e1sy.<\/p>\n<h3 data-start=\"967\" data-end=\"1012\">\u010co rob\u00ed Lotus rozmar\u00ednov\u00fd olej tak\u00fd v\u00fdnimo\u010dn\u00fd?<\/h3>\n<p data-start=\"1014\" data-end=\"1178\">Olej je z\u00edskan\u00fd meticul\u00f3znym procesom, ktor\u00fd zachov\u00e1va jeho terapeutick\u00fd potenci\u00e1l. Ka\u017ed\u00e1 kvapka je naplnen\u00e1 spektrom zl\u00fa\u010den\u00edn podporuj\u00facich poko\u017eku a vlasy:<\/p>\n<ul data-start=\"1180\" data-end=\"1648\">\n<li data-start=\"1180\" data-end=\"1278\">\n<p data-start=\"1182\" data-end=\"1278\"><strong data-start=\"1182\" data-end=\"1195\">Vitam\u00edn A<\/strong> \u2013 Podporuje zdrav\u00fa obnovu poko\u017eky a chr\u00e1ni pred pred\u010dasn\u00fdmi znakmi starnutia<\/p>\n<\/li>\n<li data-start=\"1279\" data-end=\"1372\">\n<p data-start=\"1281\" data-end=\"1372\"><strong data-start=\"1281\" data-end=\"1299\">Vitam\u00edny C a E<\/strong> \u2013 Neutralizuj\u00fa vo\u013en\u00e9 radik\u00e1ly a poskytuj\u00fa ochrann\u00e9 antioxidantov\u00e9 v\u00fdhody<\/p>\n<\/li>\n<li data-start=\"1373\" data-end=\"1448\">\n<p data-start=\"1375\" data-end=\"1448\"><strong data-start=\"1375\" data-end=\"1394\">B-komplex skupina<\/strong> \u2013 Podporuje silnej\u0161ie vlasov\u00e9 vl\u00e1kna a odoln\u00fa poko\u017eku<\/p>\n<\/li>\n<li data-start=\"1449\" data-end=\"1558\">\n<p data-start=\"1451\" data-end=\"1558\"><strong data-start=\"1451\" data-end=\"1463\">Miner\u00e1ly<\/strong> \u2013 Zah\u0155\u0148aj\u00face v\u00e1pnik, hor\u010d\u00edk, \u017eelezo, zinok, drasl\u00edk a fosfor na podporu bunkovej opravy<\/p>\n<\/li>\n<li data-start=\"1559\" data-end=\"1648\">\n<p data-start=\"1561\" data-end=\"1648\"><strong data-start=\"1561\" data-end=\"1585\">Pr\u00edrodn\u00e9 antioxidanty<\/strong> \u2013 Ako kyselina listov\u00e1 a beta-karot\u00e9n na hlbok\u00fa regener\u00e1ciu poko\u017eky<\/p>\n<\/li>\n<\/ul>\n<p data-start=\"1650\" data-end=\"1737\">Tieto vlastnosti robia tento esenci\u00e1lny olej cenn\u00fdm doplnkom va\u0161ej dennej starostlivosti.<\/p>\n<h3 data-start=\"1744\" data-end=\"1786\">Starostlivos\u0165 o vlasy premenen\u00e1: Siln\u00e9 a leskl\u00e9 vlasy<\/h3>\n<p data-start=\"1788\" data-end=\"1961\">Lotus rozmar\u00ednov\u00fd olej je zn\u00e1my t\u00fdm, \u017ee zvy\u0161uje prietok krvi do poko\u017eky hlavy, preb\u00fadza spiace folikuly a podporuje zdrav\u00fd rast vlasov. Pri pravidelnom pou\u017e\u00edvan\u00ed pou\u017e\u00edvatelia \u010dasto zaznamen\u00e1vaj\u00fa:<\/p>\n<ul data-start=\"1963\" data-end=\"2106\">\n<li data-start=\"1963\" data-end=\"1992\">\n<p data-start=\"1965\" data-end=\"1992\"><strong data-start=\"1965\" data-end=\"1992\">Zlep\u0161en\u00fa hustotu vlasov<\/strong><\/p>\n<\/li>\n<li data-start=\"1993\" data-end=\"2015\">\n<p data-start=\"1995\" data-end=\"2015\"><strong data-start=\"1995\" data-end=\"2015\">Zn\u00ed\u017een\u00e9 lupiny<\/strong><\/p>\n<\/li>\n<li data-start=\"2016\" data-end=\"2045\">\n<p data-start=\"2018\" data-end=\"2045\"><strong data-start=\"2018\" data-end=\"2045\">Vyv\u00e1\u017een\u00e1 produkcia oleja<\/strong><\/p>\n<\/li>\n<li data-start=\"2046\" data-end=\"2066\">\n<p data-start=\"2048\" data-end=\"2066\"><strong data-start=\"2048\" data-end=\"2066\">Silnej\u0161ie korene<\/strong><\/p>\n<\/li>\n<li data-start=\"2067\" data-end=\"2106\">\n<p data-start=\"2069\" data-end=\"2106\"><strong data-start=\"2069\" data-end=\"2106\">Hodv\u00e1bnej\u0161ia text\u00fara a prirodzen\u00fd lesk<\/strong><\/p>\n<\/li>\n<\/ul>\n<p data-start=\"2108\" data-end=\"2249\">Ako pou\u017ei\u0165: Zahrejte nieko\u013eko kvapiek, jemne mas\u00edrujte do poko\u017eky hlavy a nechajte p\u00f4sobi\u0165 hodinu pred opl\u00e1chnut\u00edm. Pre najlep\u0161ie v\u00fdsledky opakujte 2\u20133 kr\u00e1t t\u00fd\u017edenne.<\/p>\n<h3 data-start=\"2256\" data-end=\"2300\">Ukludnite a regenerujte poko\u017eku pr\u00edrodn\u00fdm sp\u00f4sobom<\/h3>\n<p data-start=\"2302\" data-end=\"2525\">Protiz\u00e1palov\u00e9 a antibakteri\u00e1lne vlastnosti tohto oleja ho robia ide\u00e1lnym pre denn\u00e9 rutiny starostlivosti o poko\u017eku. Pom\u00e1ha upokoji\u0165 podr\u00e1\u017eden\u00fa poko\u017eku, zn\u00ed\u017ei\u0165 v\u00fdrasty a postupne vybledn\u00fa\u0165 drobn\u00e9 nedokonalosti. Pri dennom nan\u00e1\u0161an\u00ed si v\u0161imnete:<\/p>\n<ul data-start=\"2527\" data-end=\"2646\">\n<li data-start=\"2527\" data-end=\"2549\">\n<p data-start=\"2529\" data-end=\"2549\"><strong data-start=\"2529\" data-end=\"2549\">Menej akn\u00e9<\/strong><\/p>\n<\/li>\n<li data-start=\"2550\" data-end=\"2583\">\n<p data-start=\"2552\" data-end=\"2583\"><strong data-start=\"2552\" data-end=\"2583\">Menej za\u010dervenania a podr\u00e1\u017edenia<\/strong><\/p>\n<\/li>\n<li data-start=\"2584\" data-end=\"2604\">\n<p data-start=\"2586\" data-end=\"2604\"><strong data-start=\"2586\" data-end=\"2604\">M\u00e4kk\u0161ia text\u00fara<\/strong><\/p>\n<\/li>\n<li data-start=\"2605\" data-end=\"2646\">\n<p data-start=\"2607\" data-end=\"2646\"><strong data-start=\"2607\" data-end=\"2646\">Jemn\u00e9 hojenie pre poko\u017eku vystaven\u00fa slnku<\/strong><\/p>\n<\/li>\n<\/ul>\n<p data-start=\"2648\" data-end=\"2735\">Jeho \u013eahk\u00e1 konzistencia ho rob\u00ed bezpe\u010dn\u00fdm pre citliv\u00e9, such\u00e9 alebo mastn\u00e9 typy poko\u017eky.<\/p>\n<h3 data-start=\"2742\" data-end=\"2775\">Ako pou\u017e\u00edva\u0165 Lotus rozmar\u00ednov\u00fd olej<\/h3>\n<p data-start=\"2777\" data-end=\"2790\"><strong data-start=\"2777\" data-end=\"2790\">Pre poko\u017eku:<\/strong><\/p>\n<ul data-start=\"2791\" data-end=\"2908\">\n<li data-start=\"2791\" data-end=\"2827\">\n<p data-start=\"2793\" data-end=\"2827\">Naneste 1\u20132 kvapky na \u010dist\u00fa such\u00fa poko\u017eku<\/p>\n<\/li>\n<li data-start=\"2828\" data-end=\"2862\">\n<p data-start=\"2830\" data-end=\"2862\">Jemne mas\u00edrujte smerom nahor<\/p>\n<\/li>\n<li data-start=\"2863\" data-end=\"2908\">\n<p data-start=\"2865\" data-end=\"2908\">Pou\u017e\u00edvajte r\u00e1no a ve\u010der pre \u017eiariv\u00e9 v\u00fdsledky<\/p>\n<\/li>\n<\/ul>\n<p data-start=\"2910\" data-end=\"2923\"><strong data-start=\"2910\" data-end=\"2923\">Pre vlasy:<\/strong><\/p>\n<ul data-start=\"2924\" data-end=\"3068\">\n<li data-start=\"2924\" data-end=\"2959\">\n<p data-start=\"2926\" data-end=\"2959\">Mierne zahrejte olej pred nanesen\u00edm<\/p>\n<\/li>\n<li data-start=\"2960\" data-end=\"2988\">\n<p data-start=\"2962\" data-end=\"2988\">Mas\u00edrujte od poko\u017eky hlavy po konce<\/p>\n<\/li>\n<li data-start=\"2989\" data-end=\"3068\">\n<p data-start=\"2991\" data-end=\"3068\">Nechajte p\u00f4sobi\u0165 60 min\u00fat (alebo cez noc) pod tepl\u00fdm uter\u00e1kom, potom umyte ako zvy\u010dajne<\/p>\n<\/li>\n<\/ul>\n<h3 data-start=\"3075\" data-end=\"3105\">Bezpe\u010dn\u00fd, \u010dist\u00fd a vyroben\u00fd v Egypte<\/h3>\n<p data-start=\"3107\" data-end=\"3370\">Vyroben\u00fd pod\u013ea pr\u00edsnych \u0161tandardov kvality, <strong data-start=\"3152\" data-end=\"3174\">Lotus rozmar\u00ednov\u00fd olej<\/strong> je 100% pr\u00edrodn\u00fd a bez drsn\u00fdch chemik\u00e1li\u00ed. Vhodn\u00fd na vonkaj\u0161ie pou\u017eitie na v\u0161etky typy poko\u017eky a vlasov. V\u017edy vykonajte test na mal\u00fa plochu pred \u00fapln\u00fdm nanesen\u00edm. Skladujte mimo priameho tepla a slnka.<\/p>\n<p data-start=\"3402\" data-end=\"3678\">\n<h3 data-start=\"3685\" data-end=\"3737\">Z\u00e1ver: Pr\u00edrody odpove\u010f na modern\u00fa kr\u00e1su<\/h3>\n<p data-start=\"3739\" data-end=\"4055\">Lotus rozmar\u00ednov\u00fd olej od <strong data-start=\"3763\" data-end=\"3781\">Bazaar Express<\/strong> pon\u00faka inteligentn\u00fa pr\u00edrodn\u00fa alternat\u00edvu pre milovn\u00edkov kr\u00e1sy, ktor\u00ed oce\u0148uj\u00fa jednoduchos\u0165, \u010distotu a \u00fa\u010dinnos\u0165. Vyroben\u00fd v Egypte a obohaten\u00fd o siln\u00e9 rastlinn\u00e9 \u017eiviny, prin\u00e1\u0161a vidite\u013en\u00fa transform\u00e1ciu \u2013 \u010di u\u017e sa sna\u017e\u00edte o hlad\u0161iu ple\u0165 alebo pln\u0161ie, zdrav\u0161ie vlasy.<\/p>\n<p data-start=\"4057\" data-end=\"4157\"><strong data-start=\"4057\" data-end=\"4157\">Prijmite harm\u00f3niu bylinnnej starostlivosti. Vyberte si Lotus rozmar\u00ednov\u00fd olej \u2013 va\u0161a poko\u017eka a vlasy v\u00e1m bud\u00fa v\u010fa\u010dn\u00e9.<\/strong><\/p>\n<p style=\"text-align: center;\">\u010eakujeme za n\u00e1kup v <em data-start=\"415\" data-end=\"431\"><a href=\"https:\/\/bazaar.express\/sk\/\">Bazaar Express<\/a><\/em> \u2013 te\u0161\u00edme sa na v\u00e1s!<\/p>\n<p style=\"text-align: center;\">C\u00edtte silu pr\u00edrody \u2013 \u010dist\u00e9 <a href=\"https:\/\/bazaar.express\/sk\/therapeutic-oils\/\">Terapeutick\u00e9 oleje<\/a> pre ka\u017edodenn\u00e9 wellness.<\/p>\n","protected":false},"excerpt":{"rendered":"<h3 data-start=\"463\" data-end=\"627\">Za\u017eite v\u00fdhody \u010dist\u00e9ho rozmar\u00ednov\u00e9ho oleja pre vlasy a poko\u017eku. Stimuluje rast vlasov, zmier\u0148uje pop\u00e1leniny a chr\u00e1ni pred bakt\u00e9riami \u2013 pr\u00edrodn\u00e1 esencia pre wellness.<\/h3>\n","protected":false},"featured_media":44041,"comment_status":"open","ping_status":"closed","template":"","meta":[],"product_brand":[],"product_cat":[1161,1167,1160],"product_tag":[1652,1664,1653],"class_list":{"0":"post-44040","1":"product","2":"type-product","3":"status-publish","4":"has-post-thumbnail","6":"product_cat-terapeuticke-oleje","7":"product_cat-najlepsie-z-egypta","8":"product_cat-starostlivost-o-krasu","9":"product_tag-olej","10":"product_tag-pokozka","11":"product_tag-prirodny-olej","12":"pa_l-xl-125ml","14":"first","15":"instock","16":"sale","17":"shipping-taxable","18":"purchasable","19":"product-type-simple"},"_links":{"self":[{"href":"https:\/\/bazaar.express\/sk\/wp-json\/wp\/v2\/product\/44040","targetHints":{"allow":["GET"]}}],"collection":[{"href":"https:\/\/bazaar.express\/sk\/wp-json\/wp\/v2\/product"}],"about":[{"href":"https:\/\/bazaar.express\/sk\/wp-json\/wp\/v2\/types\/product"}],"replies":[{"embeddable":true,"href":"https:\/\/bazaar.express\/sk\/wp-json\/wp\/v2\/comments?post=44040"}],"wp:featuredmedia":[{"embeddable":true,"href":"https:\/\/bazaar.express\/sk\/wp-json\/wp\/v2\/media\/44041"}],"wp:attachment":[{"href":"https:\/\/bazaar.express\/sk\/wp-json\/wp\/v2\/media?parent=44040"}],"wp:term":[{"taxonomy":"product_brand","embeddable":true,"href":"https:\/\/bazaar.express\/sk\/wp-json\/wp\/v2\/product_brand?post=44040"},{"taxonomy":"product_cat","embeddable":true,"href":"https:\/\/bazaar.express\/sk\/wp-json\/wp\/v2\/product_cat?post=44040"},{"taxonomy":"product_tag","embeddable":true,"href":"https:\/\/bazaar.express\/sk\/wp-json\/wp\/v2\/product_tag?post=44040"}],"curies":[{"name":"wp","href":"https:\/\/api.w.org\/{rel}","templated":true}]}}