{"id":44051,"date":"2025-04-29T00:40:52","date_gmt":"2025-04-29T00:40:52","guid":{"rendered":"https:\/\/bazaar.express\/product\/natural-pain-relief-cream\/"},"modified":"2026-02-20T12:51:53","modified_gmt":"2026-02-20T12:51:53","slug":"natural-pain-relief-cream","status":"publish","type":"product","link":"https:\/\/bazaar.express\/sk\/produkt\/natural-pain-relief-cream\/","title":{"rendered":"Pr\u00edrodn\u00fd kr\u00e9m na \u00fa\u013eavu od bolesti"},"content":{"rendered":"<h2 class=\"\" data-start=\"419\" data-end=\"480\">Pr\u00edrodn\u00fd kr\u00e9m na \u00fa\u013eavu od bolesti s olejom z \u010dierneho km\u00ednu a kamforom<\/h2>\n<p class=\"\" data-start=\"482\" data-end=\"702\">Za\u017eite r\u00fdchlu a efekt\u00edvnu \u00fa\u013eavu s t\u00fdmto <strong data-start=\"529\" data-end=\"558\">pr\u00edrodn\u00fdm kr\u00e9mom na \u00fa\u013eavu od bolesti<\/strong>, obohaten\u00fdm o <strong data-start=\"574\" data-end=\"604\">olej z \u010dierneho km\u00ednu a kamfor<\/strong> \u2013 overen\u00e9 rie\u0161enie na <strong data-start=\"629\" data-end=\"663\">zmiernenie bolesti, zn\u00ed\u017eenie z\u00e1palu<\/strong> a <strong data-start=\"669\" data-end=\"688\">obnovenie pohodlia<\/strong> v\u00e1\u0161ho tela.<\/p>\n<h3 class=\"\" data-start=\"704\" data-end=\"734\">\u2705 100 % pr\u00edrodn\u00e9 ingrediencie<\/h3>\n<p class=\"\" data-start=\"736\" data-end=\"789\">Vyroben\u00fd s v\u00fdkonnou zmesou <strong data-start=\"772\" data-end=\"788\">pr\u00edrodn\u00fdch olejov<\/strong>:<\/p>\n<ul data-start=\"791\" data-end=\"1255\">\n<li class=\"\" data-start=\"791\" data-end=\"928\">\n<p class=\"\" data-start=\"793\" data-end=\"928\"><strong data-start=\"793\" data-end=\"829\">Olej z \u010dierneho km\u00ednu (Nigella Sativa):<\/strong> Zn\u00e1m\u00fd svojimi <strong data-start=\"844\" data-end=\"884\">protiz\u00e1palov\u00fdmi a analgetick\u00fdmi<\/strong> vlastnos\u0165ami, ide\u00e1lny na <strong data-start=\"909\" data-end=\"927\">reumatick\u00e9 bolesti<\/strong>.<\/p>\n<\/li>\n<li class=\"\" data-start=\"929\" data-end=\"1022\">\n<p class=\"\" data-start=\"931\" data-end=\"1022\"><strong data-start=\"931\" data-end=\"947\">Kamforov\u00fd olej:<\/strong> Podporuje <strong data-start=\"955\" data-end=\"970\">krvn\u00fd obeh<\/strong>, zahrieva poko\u017eku a zmier\u0148uje <strong data-start=\"1001\" data-end=\"1021\">stuhnutos\u0165 svalov<\/strong>.<\/p>\n<\/li>\n<li class=\"\" data-start=\"1023\" data-end=\"1120\">\n<p class=\"\" data-start=\"1025\" data-end=\"1120\"><strong data-start=\"1025\" data-end=\"1039\">Olivov\u00fd olej:<\/strong> Hlboko hydratuje poko\u017eku a pom\u00e1ha <strong data-start=\"1078\" data-end=\"1107\">efekt\u00edvne vstreb\u00e1va\u0165 \u00fa\u010dinn\u00e9 ingrediencie<\/strong>.<\/p>\n<\/li>\n<li class=\"\" data-start=\"1121\" data-end=\"1255\">\n<p class=\"\" data-start=\"1123\" data-end=\"1255\"><strong data-start=\"1123\" data-end=\"1184\">Pr\u00edrodn\u00e9 aromatick\u00e9 extrakty (Karv\u00f3n, Limon\u00e9n, Filagr\u00edn):<\/strong> Podporuj\u00fa <strong data-start=\"1193\" data-end=\"1214\">relax\u00e1ciu svalov<\/strong>, zni\u017euj\u00fa nap\u00e4tie a pom\u00e1haj\u00fa bojova\u0165 proti \u00fanave.<\/p>\n<\/li>\n<\/ul>\n<h2 class=\"\" data-start=\"1262\" data-end=\"1280\">Hlavn\u00e9 v\u00fdhody<\/h2>\n<h3 class=\"\" data-start=\"1282\" data-end=\"1314\">Pr\u00edrodn\u00e1 \u00fa\u013eava od bolesti hlavy<\/h3>\n<p class=\"\" data-start=\"1315\" data-end=\"1430\">Aplikujte na <strong data-start=\"1328\" data-end=\"1352\">\u010delo a sp\u00e1nky<\/strong> na zmiernenie bolesti hlavy, najm\u00e4 t\u00fdch sp\u00f4soben\u00fdch <strong data-start=\"1402\" data-end=\"1429\">prechladnut\u00edm alebo tlakom v s\u00ednusoch<\/strong>.<\/p>\n<h3 class=\"\" data-start=\"1432\" data-end=\"1475\">Zlep\u0161uje flexibilitu chrbtice a k\u013abov<\/h3>\n<p class=\"\" data-start=\"1476\" data-end=\"1594\">Zni\u017euje <strong data-start=\"1484\" data-end=\"1503\">stuhnutos\u0165 k\u013abov<\/strong>, podporuje <strong data-start=\"1514\" data-end=\"1534\">zdravie chrupavky<\/strong> a zlep\u0161uje pohyblivos\u0165 zv\u00fd\u0161en\u00edm <strong data-start=\"1572\" data-end=\"1593\">krvn\u00e9ho obehu<\/strong>.<\/p>\n<h3 class=\"\" data-start=\"1596\" data-end=\"1633\">Zmier\u0148uje svalov\u00e9 a nervov\u00e9 bolesti<\/h3>\n<p class=\"\" data-start=\"1634\" data-end=\"1726\">Cieli na <strong data-start=\"1642\" data-end=\"1658\">bolav\u00e9 svaly<\/strong>, <strong data-start=\"1660\" data-end=\"1672\">i\u0161ias<\/strong> a <strong data-start=\"1678\" data-end=\"1698\">nervov\u00e9 nepohodlie<\/strong> hlbok\u00fdm upokojuj\u00facim \u00fa\u010dinkom.<\/p>\n<h3 class=\"\" data-start=\"1728\" data-end=\"1767\">Podporuje \u00fa\u013eavu od reumatick\u00fdch bolest\u00ed<\/h3>\n<p class=\"\" data-start=\"1768\" data-end=\"1856\">Bojuje proti <strong data-start=\"1776\" data-end=\"1792\">z\u00e1palu<\/strong> a poskytuje dlhotrvaj\u00facu \u00fa\u013eavu od <strong data-start=\"1831\" data-end=\"1855\">reumatick\u00fdch stavov<\/strong>.<\/p>\n<h3 class=\"\" data-start=\"1858\" data-end=\"1888\">Bezpe\u010dn\u00fd a bez chemik\u00e1li\u00ed<\/h3>\n<p class=\"\" data-start=\"1889\" data-end=\"2008\">Bez <strong data-start=\"1899\" data-end=\"1932\">parab\u00e9nov, syntetick\u00fdch pr\u00edsad<\/strong> a <strong data-start=\"1938\" data-end=\"1957\">agres\u00edvnych chemik\u00e1li\u00ed<\/strong>. <strong data-start=\"1959\" data-end=\"2007\">Certifikovan\u00fd Egyptsk\u00fdm ministerstvom zdravotn\u00edctva<\/strong>.<\/p>\n<h2 class=\"\" data-start=\"2015\" data-end=\"2033\">Ako to funguje<\/h2>\n<p class=\"\" data-start=\"2035\" data-end=\"2087\">Tento pr\u00edrodn\u00fd kr\u00e9m prenik\u00e1 hlboko do poko\u017eky, aby:<\/p>\n<ul data-start=\"2089\" data-end=\"2263\">\n<li class=\"\" data-start=\"2089\" data-end=\"2134\">\n<p class=\"\" data-start=\"2091\" data-end=\"2134\"><strong data-start=\"2091\" data-end=\"2115\">Stimuloval krvn\u00fd obeh<\/strong> v problematick\u00fdch oblastiach<\/p>\n<\/li>\n<li class=\"\" data-start=\"2135\" data-end=\"2174\">\n<p class=\"\" data-start=\"2137\" data-end=\"2174\">Zn\u00ed\u017eil <strong data-start=\"2144\" data-end=\"2172\">pocity chladu a vlhkosti<\/strong><\/p>\n<\/li>\n<li class=\"\" data-start=\"2175\" data-end=\"2216\">\n<p class=\"\" data-start=\"2177\" data-end=\"2216\">Uvo\u013enil <strong data-start=\"2184\" data-end=\"2214\">stuhnut\u00e9 k\u013aby a stavce<\/strong><\/p>\n<\/li>\n<li class=\"\" data-start=\"2217\" data-end=\"2263\">\n<p class=\"\" data-start=\"2219\" data-end=\"2263\">Upokojil <strong data-start=\"2226\" data-end=\"2244\">svalov\u00e9 nap\u00e4tie<\/strong> a <strong data-start=\"2249\" data-end=\"2263\">nervov\u00fa boles\u0165<\/strong><\/p>\n<\/li>\n<\/ul>\n<p class=\"\" data-start=\"2265\" data-end=\"2377\">U\u017e\u00edvajte si <strong data-start=\"2271\" data-end=\"2307\">r\u00fdchlo p\u00f4sobiacu a dlhodob\u00fa \u00fa\u013eavu<\/strong>, poh\u00e1\u0148an\u00fa pr\u00edrodou \u2013 bez ved\u013eaj\u0161\u00edch \u00fa\u010dinkov umel\u00fdch produktov.<\/p>\n<h2 class=\"\" data-start=\"2384\" data-end=\"2400\">Ako pou\u017e\u00edva\u0165<\/h2>\n<ol data-start=\"2402\" data-end=\"2648\">\n<li class=\"\" data-start=\"2402\" data-end=\"2447\">\n<p class=\"\" data-start=\"2405\" data-end=\"2447\">Aplikujte mal\u00e9 mno\u017estvo na postihnut\u00fa oblas\u0165.<\/p>\n<\/li>\n<li class=\"\" data-start=\"2448\" data-end=\"2487\">\n<p class=\"\" data-start=\"2451\" data-end=\"2487\">Jemne mas\u00edrujte, k\u00fdm sa \u00faplne nevstreb\u00e1.<\/p>\n<\/li>\n<li class=\"\" data-start=\"2488\" data-end=\"2532\">\n<p class=\"\" data-start=\"2491\" data-end=\"2532\">Pou\u017e\u00edvajte <strong data-start=\"2495\" data-end=\"2514\">2\u20133 kr\u00e1t denne<\/strong> pre najlep\u0161ie v\u00fdsledky.<\/p>\n<\/li>\n<li class=\"\" data-start=\"2533\" data-end=\"2579\">\n<p class=\"\" data-start=\"2536\" data-end=\"2579\">Vhodn\u00e9 pre: <strong data-start=\"2550\" data-end=\"2578\">hlavu, chrb\u00e1t, nohy, k\u013aby<\/strong>.<\/p>\n<\/li>\n<li class=\"\" data-start=\"2580\" data-end=\"2648\">\n<p class=\"\" data-start=\"2583\" data-end=\"2648\">Na bolesti hlavy: aplikujte na <strong data-start=\"2607\" data-end=\"2631\">\u010delo a sp\u00e1nky<\/strong>, jemne mas\u00edrujte.<\/p>\n<\/li>\n<\/ol>\n<h2 class=\"\" data-start=\"2834\" data-end=\"2865\">Pre\u010do si tento kr\u00e9m zamilujete<\/h2>\n<ul data-start=\"2867\" data-end=\"3116\">\n<li class=\"\" data-start=\"2867\" data-end=\"2907\">\n<p class=\"\" data-start=\"2869\" data-end=\"2907\"><strong data-start=\"2869\" data-end=\"2907\">Vyroben\u00fd zo 100 % pr\u00edrodn\u00fdch ingredienci\u00ed<\/strong><\/p>\n<\/li>\n<li class=\"\" data-start=\"2908\" data-end=\"2985\">\n<p class=\"\" data-start=\"2910\" data-end=\"2985\">Efekt\u00edvny na <strong data-start=\"2924\" data-end=\"2985\">bolesti hlavy, svalov\u00e9 bolesti, nervov\u00e9 probl\u00e9my a stuhnutos\u0165 k\u013abov<\/strong><\/p>\n<\/li>\n<li class=\"\" data-start=\"2986\" data-end=\"3028\">\n<p class=\"\" data-start=\"2988\" data-end=\"3028\"><strong data-start=\"2988\" data-end=\"3010\">Netukov\u00e1 text\u00fara<\/strong> a r\u00fdchlo sa vstreb\u00e1va<\/p>\n<\/li>\n<li class=\"\" data-start=\"3029\" data-end=\"3054\">\n<p class=\"\" data-start=\"3031\" data-end=\"3054\"><strong data-start=\"3031\" data-end=\"3054\">Bylinn\u00e1, svie\u017ea v\u00f4\u0148a<\/strong><\/p>\n<\/li>\n<li class=\"\" data-start=\"3055\" data-end=\"3116\">\n<p class=\"\" data-start=\"3057\" data-end=\"3116\"><strong data-start=\"3057\" data-end=\"3079\">Vyroben\u00e9 v Egypte \ud83c\uddea\ud83c\uddec<\/strong>, certifikovan\u00e9 ministerstvom zdravotn\u00edctva<\/p>\n<\/li>\n<\/ul>\n<p class=\"\" data-start=\"3123\" data-end=\"3293\">Prevezmite kontrolu nad svojou boles\u0165ou \u2013 <strong data-start=\"3155\" data-end=\"3170\">pr\u00edrodn\u00fdm sp\u00f4sobom<\/strong>, s t\u00fdmto efekt\u00edvnym bylinn\u00fdm kr\u00e9mom na \u00fa\u013eavu od bolesti.<\/p>\n<p style=\"text-align: center;\">\u010eakujeme za n\u00e1kup v <em data-start=\"415\" data-end=\"431\"><a href=\"https:\/\/bazaar.express\/sk\/\">Bazaar Express<\/a><\/em> \u2013 te\u0161\u00edme sa na v\u00e1s!<\/p>\n<p style=\"text-align: center;\">Va\u0161a cesta k lep\u0161ej starostlivosti o seba za\u010d\u00edna tu \u2013 s <a href=\"https:\/\/bazaar.express\/product-category\/beauty-care\/\">Beauty &#038; Care<\/a>, na ktor\u00fa sa m\u00f4\u017eete spo\u013eahn\u00fa\u0165.<\/p>\n","protected":false},"excerpt":{"rendered":"<h3 data-start=\"481\" data-end=\"678\">100 % pr\u00edrodn\u00fd kr\u00e9m obohaten\u00fd o <strong data-start=\"516\" data-end=\"534\">olej z \u010dierneho km\u00ednu<\/strong>, <strong data-start=\"536\" data-end=\"547\">kamfor<\/strong> a <strong data-start=\"553\" data-end=\"566\">olivov\u00fd olej<\/strong> \u2013 navrhnut\u00fd na zmiernenie bolesti hlavy, bolesti k\u013abov a svalov\u00e9ho nap\u00e4tia. Bezpe\u010dn\u00fd, r\u00fdchlo sa vstreb\u00e1vaj\u00faci a bez chemik\u00e1li\u00ed.<\/h3>\n","protected":false},"featured_media":44054,"comment_status":"open","ping_status":"closed","template":"","meta":[],"product_brand":[],"product_cat":[1160],"product_tag":[1660,1652,1655,1654],"class_list":{"0":"post-44051","1":"product","2":"type-product","3":"status-publish","4":"has-post-thumbnail","6":"product_cat-starostlivost-o-krasu","7":"product_tag-masaz","8":"product_tag-olej","9":"product_tag-starostlivost-o-krasu","10":"product_tag-starostlivost-o-plet","12":"first","13":"instock","14":"shipping-taxable","15":"purchasable","16":"product-type-simple"},"_links":{"self":[{"href":"https:\/\/bazaar.express\/sk\/wp-json\/wp\/v2\/product\/44051","targetHints":{"allow":["GET"]}}],"collection":[{"href":"https:\/\/bazaar.express\/sk\/wp-json\/wp\/v2\/product"}],"about":[{"href":"https:\/\/bazaar.express\/sk\/wp-json\/wp\/v2\/types\/product"}],"replies":[{"embeddable":true,"href":"https:\/\/bazaar.express\/sk\/wp-json\/wp\/v2\/comments?post=44051"}],"wp:featuredmedia":[{"embeddable":true,"href":"https:\/\/bazaar.express\/sk\/wp-json\/wp\/v2\/media\/44054"}],"wp:attachment":[{"href":"https:\/\/bazaar.express\/sk\/wp-json\/wp\/v2\/media?parent=44051"}],"wp:term":[{"taxonomy":"product_brand","embeddable":true,"href":"https:\/\/bazaar.express\/sk\/wp-json\/wp\/v2\/product_brand?post=44051"},{"taxonomy":"product_cat","embeddable":true,"href":"https:\/\/bazaar.express\/sk\/wp-json\/wp\/v2\/product_cat?post=44051"},{"taxonomy":"product_tag","embeddable":true,"href":"https:\/\/bazaar.express\/sk\/wp-json\/wp\/v2\/product_tag?post=44051"}],"curies":[{"name":"wp","href":"https:\/\/api.w.org\/{rel}","templated":true}]}}