{"id":44165,"date":"2025-07-15T23:26:17","date_gmt":"2025-07-15T23:26:17","guid":{"rendered":"https:\/\/bazaar.express\/product\/collagen-cream-3\/"},"modified":"2026-02-20T17:10:28","modified_gmt":"2026-02-20T17:10:28","slug":"collagen-cream-3","status":"publish","type":"product","link":"https:\/\/bazaar.express\/sk\/produkt\/collagen-cream-3\/","title":{"rendered":"Kollag\u00e9nov\u00fd kr\u00e9m"},"content":{"rendered":"<h2 data-start=\"319\" data-end=\"400\">Orgakera Kollag\u00e9nov\u00fd kr\u00e9m \u2013 Pokro\u010dil\u00e1 starostlivos\u0165 o ple\u0165 pre mladistv\u00fd, \u017eiariv\u00fd vzh\u013ead<\/h2>\n<h3 data-start=\"402\" data-end=\"457\">Va\u0161a denn\u00e1 ritu\u00e1l starostlivosti o ple\u0165 proti starnutiu za\u010d\u00edna tu<\/h3>\n<p data-start=\"459\" data-end=\"837\">Objavte luxusn\u00fd z\u00e1\u017eitok s <strong data-start=\"496\" data-end=\"523\">kollag\u00e9nov\u00fdm kr\u00e9mom Orgakera<\/strong>, bohatou a hlboko vy\u017eivuj\u00facou lie\u010dbou proti starnutiu navrhnutou na transform\u00e1ciu va\u0161ej pleti. Naplnen\u00fd silnou zmesou <strong data-start=\"639\" data-end=\"651\">kolag\u00e9nu<\/strong>, <strong data-start=\"653\" data-end=\"668\">niacinamidu<\/strong> a <strong data-start=\"674\" data-end=\"696\">pr\u00edrodn\u00fdch byl\u00edn<\/strong>, tento intenz\u00edvny kr\u00e9m poskytuje dlhotrvaj\u00facu hydrat\u00e1ciu, zlep\u0161uje elasticitu a pom\u00e1ha dosiahnu\u0165 vidite\u013ene hlad\u0161iu, jasnej\u0161iu ple\u0165.<\/p>\n<p data-start=\"839\" data-end=\"989\">Vytvoren\u00fd pre v\u0161etky typy pleti \u2013 najm\u00e4 pre tie, ktor\u00e9 sa zaoberaj\u00fa znakmi starnutia \u2013 tento nevyhnutn\u00fd prostriedok starostlivosti o ple\u0165 prin\u00e1\u0161a \u017eiaru salonovej kvality do va\u0161ej dennej rutiny.<\/p>\n<h3 data-start=\"996\" data-end=\"1045\">Pre\u010do si tento kr\u00e9m s kolag\u00e9nom zamilujete<\/h3>\n<h4 data-start=\"1047\" data-end=\"1089\">\u00a0Hlad\u00ed vr\u00e1sky a spev\u0148uje ple\u0165<\/h4>\n<p data-start=\"1090\" data-end=\"1277\">Hydrolyzovan\u00fd kolag\u00e9n prenik\u00e1 hlboko, aby zlep\u0161il text\u00faru a elasticitu pleti. Jemn\u00e9 linky a vr\u00e1sky sa stan\u00fa menej vidite\u013en\u00fdmi pri pravidelnom pou\u017e\u00edvan\u00ed, odha\u013euj\u00fac pevnej\u0161\u00ed, pln\u0161\u00ed vzh\u013ead.<\/p>\n<h4 data-start=\"1279\" data-end=\"1321\">\u00a0Rozjas\u0148uje a obnovuje rovnomern\u00fd t\u00f3n<\/h4>\n<p data-start=\"1322\" data-end=\"1482\">Niacinamid pom\u00e1ha vybledn\u00fa\u0165 tmav\u00e9 \u0161kvrny a sfarbenie, pri\u010dom zu\u017euje p\u00f3ry a poskytuje \u017eiariv\u00fd, rovnomern\u00fd t\u00f3n. \u013dahko sa rozl\u00fa\u010dte s nudnos\u0165ou a nerovnou ple\u0165ou!<\/p>\n<h4 data-start=\"1484\" data-end=\"1530\">\u00a0Intenz\u00edvna hydrat\u00e1cia bez mastnoty<\/h4>\n<p data-start=\"1531\" data-end=\"1728\">Formulovan\u00fd s <strong data-start=\"1547\" data-end=\"1561\">jojobov\u00fdm olejom<\/strong>, <strong data-start=\"1563\" data-end=\"1576\">arganov\u00fdm olejom<\/strong>, <strong data-start=\"1578\" data-end=\"1593\">maslom shea<\/strong> a <strong data-start=\"1599\" data-end=\"1612\">aloe vera<\/strong>, tento kr\u00e9m obnovuje vlhkostn\u00fa bari\u00e9ru pleti bez upch\u00e1vania p\u00f3rov \u2013 ide\u00e1lny pre such\u00fa, zmie\u0161an\u00fa alebo mastn\u00fa ple\u0165.<\/p>\n<h4 data-start=\"1730\" data-end=\"1777\">\u00a0Antioxidantov\u00e1 obrana pre zdrav\u00fa ple\u0165<\/h4>\n<p data-start=\"1778\" data-end=\"1967\"><strong data-start=\"1778\" data-end=\"1791\">Vitam\u00edn E<\/strong>, <strong data-start=\"1793\" data-end=\"1806\">vitam\u00edn A<\/strong> a <strong data-start=\"1812\" data-end=\"1824\">kofe\u00edn<\/strong> p\u00f4sobia ako ochrann\u00e9 l\u00e1tky, chr\u00e1nia va\u0161u ple\u0165 pred zne\u010disten\u00edm, stresom a skor\u00fdmi znakmi starnutia, pri\u010dom podporuj\u00fa obnovu buniek a opravu pleti.<\/p>\n<h4 data-start=\"1969\" data-end=\"2010\">\u00a0Rovnov\u00e1ha bez lesku pre mastn\u00fa ple\u0165<\/h4>\n<p data-start=\"2011\" data-end=\"2167\">\u013dahk\u00fd, no hlboko vy\u017eivuj\u00faci, tento kr\u00e9m absorbuje prebyto\u010dn\u00fd olej, pri\u010dom udr\u017eiava optim\u00e1lnu vlhkos\u0165, \u010d\u00edm va\u0161a ple\u0165 z\u00edska hladk\u00fd, matn\u00fd fini\u0161 po cel\u00fd de\u0148.<\/p>\n<h3 data-start=\"2174\" data-end=\"2196\">Hlavn\u00e9 ingrediencie<\/h3>\n<ul data-start=\"2198\" data-end=\"2686\">\n<li data-start=\"2198\" data-end=\"2266\">\n<p data-start=\"2200\" data-end=\"2266\"><strong data-start=\"2200\" data-end=\"2223\">Hydrolyzovan\u00fd kolag\u00e9n<\/strong> \u2013 Podporuje elasticitu, zlep\u0161uje pevnos\u0165<\/p>\n<\/li>\n<li data-start=\"2267\" data-end=\"2333\">\n<p data-start=\"2269\" data-end=\"2333\"><strong data-start=\"2269\" data-end=\"2297\">Niacinamid (vitam\u00edn B3)<\/strong> \u2013 Rozjas\u0148uje ple\u0165, zdokona\u013euje text\u00faru<\/p>\n<\/li>\n<li data-start=\"2334\" data-end=\"2398\">\n<p data-start=\"2336\" data-end=\"2398\"><strong data-start=\"2336\" data-end=\"2359\">Jojobov\u00fd a arganov\u00fd olej<\/strong> \u2013 Hlboko hydratuje a obnovuje rovnov\u00e1hu<\/p>\n<\/li>\n<li data-start=\"2399\" data-end=\"2460\">\n<p data-start=\"2401\" data-end=\"2460\"><strong data-start=\"2401\" data-end=\"2428\">Maslo shea a aloe vera<\/strong> \u2013 Uklud\u0148uje, zm\u00e4k\u010duje a vy\u017eivuje<\/p>\n<\/li>\n<li data-start=\"2461\" data-end=\"2528\">\n<p data-start=\"2463\" data-end=\"2528\"><strong data-start=\"2463\" data-end=\"2481\">Vitam\u00edny A a E<\/strong> \u2013 Siln\u00e9 antioxidanty na ochranu a obnovu<\/p>\n<\/li>\n<li data-start=\"2529\" data-end=\"2601\">\n<p data-start=\"2531\" data-end=\"2601\"><strong data-start=\"2531\" data-end=\"2553\">Kofe\u00edn a v\u010del\u00ed vosk<\/strong> \u2013 Tonizuje a chr\u00e1ni, pri\u010dom uzatv\u00e1ra hydrat\u00e1ciu<\/p>\n<\/li>\n<li data-start=\"2602\" data-end=\"2686\">\n<p data-start=\"2604\" data-end=\"2686\"><strong data-start=\"2604\" data-end=\"2656\">Glycer\u00edn, propyl\u00e9nglykol, polyvinylpyrrolid\u00f3n<\/strong> \u2013 Udr\u017eiava trval\u00fa vlhkos\u0165<\/p>\n<\/li>\n<\/ul>\n<h3 data-start=\"2693\" data-end=\"2711\">Ako aplikova\u0165<\/h3>\n<ol data-start=\"2713\" data-end=\"3007\">\n<li data-start=\"2713\" data-end=\"2747\">\n<p data-start=\"2716\" data-end=\"2747\">Za\u010dnite s \u010distou, suchou tv\u00e1rou.<\/p>\n<\/li>\n<li data-start=\"2748\" data-end=\"2810\">\n<p data-start=\"2751\" data-end=\"2810\">Aplikujte stredn\u00e9 mno\u017estvo rovnomerne na tv\u00e1r a krk.<\/p>\n<\/li>\n<li data-start=\"2811\" data-end=\"2876\">\n<p data-start=\"2814\" data-end=\"2876\">Nechajte p\u00f4sobi\u0165 <strong data-start=\"2830\" data-end=\"2847\">15\u201320 min\u00fat<\/strong>, aby umo\u017enilo hlbok\u00fa penetr\u00e1ciu.<\/p>\n<\/li>\n<li data-start=\"2877\" data-end=\"2943\">\n<p data-start=\"2880\" data-end=\"2943\">Jemne odstr\u00e1\u0148te alebo vmas\u00edrujte zvy\u0161n\u00fd produkt do pleti.<\/p>\n<\/li>\n<li data-start=\"2944\" data-end=\"3007\">\n<p data-start=\"2947\" data-end=\"3007\">Pre najlep\u0161ie v\u00fdsledky pou\u017e\u00edvajte <strong data-start=\"2969\" data-end=\"2984\">dvakr\u00e1t denne<\/strong> \u2013 r\u00e1no a ve\u010der.<\/p>\n<\/li>\n<\/ol>\n<h3 data-start=\"3014\" data-end=\"3040\">D\u00f4le\u017eit\u00e9 tipy na pou\u017eitie<\/h3>\n<ul data-start=\"3042\" data-end=\"3305\">\n<li data-start=\"3042\" data-end=\"3071\">\n<p data-start=\"3044\" data-end=\"3071\">Len <strong data-start=\"3048\" data-end=\"3069\">na vonkaj\u0161ie pou\u017eitie<\/strong><\/p>\n<\/li>\n<li data-start=\"3072\" data-end=\"3099\">\n<p data-start=\"3074\" data-end=\"3099\">Vyhnite sa kontaktu s o\u010dami<\/p>\n<\/li>\n<li data-start=\"3100\" data-end=\"3140\">\n<p data-start=\"3102\" data-end=\"3140\">Preru\u0161te pou\u017eitie, ak d\u00f4jde k podr\u00e1\u017edeniu<\/p>\n<\/li>\n<li data-start=\"3141\" data-end=\"3201\">\n<p data-start=\"3143\" data-end=\"3201\">Skladujte na <strong data-start=\"3154\" data-end=\"3173\">chladnom, suchom mieste<\/strong> mimo priameho slne\u010dn\u00e9ho \u017eiarenia<\/p>\n<\/li>\n<li data-start=\"3202\" data-end=\"3235\">\n<p data-start=\"3204\" data-end=\"3235\">Uchov\u00e1vajte mimo dosahu det\u00ed<\/p>\n<\/li>\n<li data-start=\"3236\" data-end=\"3305\">\n<p data-start=\"3238\" data-end=\"3305\">Pred pou\u017eit\u00edm vykonajte test na citlivej alebo alergickej pleti<\/p>\n<\/li>\n<\/ul>\n<p data-start=\"3657\" data-end=\"3887\">Nech <strong data-start=\"3661\" data-end=\"3688\">kollag\u00e9nov\u00fd kr\u00e9m Orgakera<\/strong> bude va\u0161\u00edm z\u00e1kladn\u00fdm krokom k dosiahnutiu mladistvej, hydratovanej a \u017eiarivej pleti. T\u00e1to pokro\u010dil\u00e1 formula je viac ne\u017e lie\u010dba \u2013 je to kompletn\u00fd ritu\u00e1l starostlivosti o ple\u0165, ktor\u00fd sa bez probl\u00e9mov zmest\u00ed do va\u0161ej dennej rutiny.<\/p>\n<p data-start=\"3889\" data-end=\"3964\">\u013dahko sa rozl\u00fa\u010dte s unavenou, nudnou ple\u0165ou a vitajte svie\u017eej\u0161ej, sebavedomej\u0161ej v\u00e1s.<\/p>\n<p style=\"text-align: center;\">\u010eakujeme za n\u00e1kup v <em data-start=\"415\" data-end=\"431\"><a href=\"https:\/\/bazaar.express\/sk\/\">Bazaar Express<\/a><\/em> \u2013 te\u0161\u00edme sa na v\u00e1s!<\/p>\n<p style=\"text-align: center;\">Va\u0161a cesta k lep\u0161ej starostlivosti o seba za\u010d\u00edna tu \u2013 s <a href=\"https:\/\/bazaar.express\/product-category\/beauty-care\/\">Starostlivos\u0165ou o kr\u00e1su<\/a>, na ktor\u00fa sa m\u00f4\u017eete spo\u013eahn\u00fa\u0165.<\/p>\n","protected":false},"excerpt":{"rendered":"<h3 data-start=\"4282\" data-end=\"4465\">Kollag\u00e9nov\u00fd kr\u00e9m Orgakera je luxusn\u00e1 lie\u010dba proti starnutiu kombinuj\u00faca kolag\u00e9n, niacinamid a vy\u017eivuj\u00face oleje na hydrat\u00e1ciu, spevnenie a rozjasnenie pleti pre vidite\u013ene mladistv\u00fd lesk.<\/h3>\n","protected":false},"featured_media":44166,"comment_status":"open","ping_status":"closed","template":"","meta":[],"product_brand":[],"product_cat":[1160,1167],"product_tag":[1653,1655,1654],"class_list":{"0":"post-44165","1":"product","2":"type-product","3":"status-publish","4":"has-post-thumbnail","6":"product_cat-starostlivost-o-krasu","7":"product_cat-najlepsie-z-egypta","8":"product_tag-prirodny-olej","9":"product_tag-starostlivost-o-krasu","10":"product_tag-starostlivost-o-plet","12":"first","13":"instock","14":"sale","15":"shipping-taxable","16":"purchasable","17":"product-type-simple"},"_links":{"self":[{"href":"https:\/\/bazaar.express\/sk\/wp-json\/wp\/v2\/product\/44165","targetHints":{"allow":["GET"]}}],"collection":[{"href":"https:\/\/bazaar.express\/sk\/wp-json\/wp\/v2\/product"}],"about":[{"href":"https:\/\/bazaar.express\/sk\/wp-json\/wp\/v2\/types\/product"}],"replies":[{"embeddable":true,"href":"https:\/\/bazaar.express\/sk\/wp-json\/wp\/v2\/comments?post=44165"}],"wp:featuredmedia":[{"embeddable":true,"href":"https:\/\/bazaar.express\/sk\/wp-json\/wp\/v2\/media\/44166"}],"wp:attachment":[{"href":"https:\/\/bazaar.express\/sk\/wp-json\/wp\/v2\/media?parent=44165"}],"wp:term":[{"taxonomy":"product_brand","embeddable":true,"href":"https:\/\/bazaar.express\/sk\/wp-json\/wp\/v2\/product_brand?post=44165"},{"taxonomy":"product_cat","embeddable":true,"href":"https:\/\/bazaar.express\/sk\/wp-json\/wp\/v2\/product_cat?post=44165"},{"taxonomy":"product_tag","embeddable":true,"href":"https:\/\/bazaar.express\/sk\/wp-json\/wp\/v2\/product_tag?post=44165"}],"curies":[{"name":"wp","href":"https:\/\/api.w.org\/{rel}","templated":true}]}}