{"id":44207,"date":"2025-01-25T23:15:15","date_gmt":"2025-01-25T23:15:15","guid":{"rendered":"https:\/\/bazaar.express\/product\/vase-3\/"},"modified":"2026-02-27T14:29:09","modified_gmt":"2026-02-27T14:29:09","slug":"vase-3","status":"publish","type":"product","link":"https:\/\/bazaar.express\/sk\/produkt\/vase-3\/","title":{"rendered":"V\u00e1zy"},"content":{"rendered":"<h2 data-start=\"268\" data-end=\"330\">V\u00e1za s nad\u010dasovou egyptskou eleganciou \u2013 Ru\u010dne vyroben\u00e9 alabastrov\u00e9 umenie<\/h2>\n<h3 data-start=\"332\" data-end=\"395\">Objavte kr\u00e1su ru\u010dne vyroben\u00fdch egyptsk\u00fdch alabastrov\u00fdch v\u00e1z<\/h3>\n<p data-start=\"397\" data-end=\"790\">Prineste ducha starovek\u00e9ho Egypta do svojho domova s touto <strong data-start=\"456\" data-end=\"483\">ru\u010dne vyrobenou alabastrovou v\u00e1zou<\/strong>, jedine\u010dn\u00fdm umeleck\u00fdm dielom vyrezan\u00fdm zru\u010dn\u00fdmi egyptsk\u00fdmi remeseln\u00edkmi. Vyroben\u00e1 zo 100 % pr\u00edrodn\u00e9ho alabastrov\u00e9ho kame\u0148a, ka\u017ed\u00e1 v\u00e1za je skuto\u010dn\u00fdm majstrovsk\u00fdm dielom \u2013 vytvoren\u00e1 s presnos\u0165ou, hist\u00f3riou a hrdos\u0165ou. \u010ci u\u017e ju pou\u017eijete ako stredobod, dar\u010dek alebo dekorat\u00edvny prvok, t\u00e1to elegantn\u00e1 v\u00e1za dod\u00e1 ak\u00e9muko\u013evek priestoru nad\u010dasov\u00fa sofistikovanos\u0165.<\/p>\n<h3 data-start=\"792\" data-end=\"833\">Dedi\u010dstvo remeselnej zru\u010dnosti a kult\u00fary<\/h3>\n<p data-start=\"835\" data-end=\"1225\">Slovo \u201ealabaster\u201c poch\u00e1dza z starovek\u00e9ho egyptsk\u00e9ho mesta <strong data-start=\"896\" data-end=\"910\">Alabastron<\/strong>, kde bol tento kr\u00e1sny priesvitn\u00fd kame\u0148 prv\u00fdkr\u00e1t \u0165a\u017een\u00fd. Pou\u017e\u00edvan\u00fd od fara\u00f3nskych \u010dias bol alabaster vysoko cenen\u00fd pre svoju hladk\u00fa text\u00faru a tepl\u00fd lesk. Dnes remeseln\u00edci v okol\u00ed <strong data-start=\"1087\" data-end=\"1110\">\u00dadolia kr\u00e1\u013eov<\/strong> pokra\u010duj\u00fa v tejto \u010dasom overenej trad\u00edcii a premie\u0148aj\u00fa surov\u00fd kame\u0148 na \u00fachvatn\u00e9 v\u00e1zy, ktor\u00e9 zachov\u00e1vaj\u00fa umeleck\u00e9 dedi\u010dstvo Egypta.<\/p>\n<p data-start=\"1227\" data-end=\"1431\">Ka\u017ed\u00e1 v\u00e1za je ru\u010dne vyrez\u00e1van\u00e1 a le\u0161ten\u00e1 nieko\u013eko dn\u00ed, \u010d\u00edm sa zv\u00fdraz\u0148uj\u00fa jedine\u010dn\u00e9 pr\u00edrodn\u00e9 \u017eilky a farebn\u00e9 vari\u00e1cie kame\u0148a. \u017diadne dve nie s\u00fa rovnak\u00e9 \u2013 va\u0161a v\u00e1za je preto rovnako v\u00fdnimo\u010dn\u00e1 ako hist\u00f3ria, ktor\u00fa predstavuje.<\/p>\n<h3 data-start=\"1433\" data-end=\"1468\">Pre\u010do si vybra\u0165 t\u00fato alabastrov\u00fa v\u00e1zu?<\/h3>\n<ul data-start=\"1470\" data-end=\"2084\">\n<li data-start=\"1470\" data-end=\"1594\">\n<p data-start=\"1472\" data-end=\"1594\"><strong data-start=\"1472\" data-end=\"1505\">100 % pr\u00edrodn\u00fd alabastrov\u00fd kame\u0148:<\/strong> Zodpovedne z\u00edskan\u00fd z egyptsk\u00fdch h\u00f4r a vyroben\u00fd bez syntetick\u00fdch materi\u00e1lov.<\/p>\n<\/li>\n<li data-start=\"1595\" data-end=\"1730\">\n<p data-start=\"1597\" data-end=\"1730\"><strong data-start=\"1597\" data-end=\"1624\">Autenticky ru\u010dne vyroben\u00e1:<\/strong> Ka\u017ed\u00fd k\u00fasok je ru\u010dne vyrez\u00e1van\u00fd pomocou tradi\u010dn\u00fdch met\u00f3d odovzd\u00e1van\u00fdch gener\u00e1ciami egyptsk\u00fdch remeseln\u00edkov.<\/p>\n<\/li>\n<li data-start=\"1731\" data-end=\"1844\">\n<p data-start=\"1733\" data-end=\"1844\"><strong data-start=\"1733\" data-end=\"1756\">Jedine\u010dne kr\u00e1sna:<\/strong> Pr\u00edrodn\u00e9 pruhy a v\u00edry v alabastre robia z ka\u017edej v\u00e1zy individu\u00e1lne umeleck\u00e9 dielo.<\/p>\n<\/li>\n<li data-start=\"1845\" data-end=\"1979\">\n<p data-start=\"1847\" data-end=\"1979\"><strong data-start=\"1847\" data-end=\"1875\">Dekorat\u00edvna a funk\u010dn\u00e1:<\/strong> Pou\u017eite ju na kvetinov\u00e9 aran\u017em\u00e1ny, ako soch\u00e1rsky stredobod alebo jednoducho na pozdvihnutie v\u00e1\u0161ho interi\u00e9rov\u00e9ho dizajnu.<\/p>\n<\/li>\n<li data-start=\"1980\" data-end=\"2084\">\n<p data-start=\"1982\" data-end=\"2084\"><strong data-start=\"1982\" data-end=\"2009\">Pr\u00edbeh v ka\u017edej krivke:<\/strong> Nie je to len v\u00e1za \u2013 je to kus kult\u00farneho dedi\u010dstva o\u017eiven\u00fd.<\/p>\n<\/li>\n<\/ul>\n<h3 data-start=\"2086\" data-end=\"2145\">Dostupn\u00e9 ve\u013ekosti \u2013 Vyberte si perfektn\u00fd fit pre v\u00e1\u0161 priestor<\/h3>\n<div class=\"_tableContainer_16hzy_1\">\n<div class=\"_tableWrapper_16hzy_14 group flex w-fit flex-col-reverse\" tabindex=\"-1\">\n<table class=\"w-fit min-w-(--thread-content-width)\" data-start=\"2147\" data-end=\"2482\">\n<thead data-start=\"2147\" data-end=\"2194\">\n<tr data-start=\"2147\" data-end=\"2194\">\n<th data-start=\"2147\" data-end=\"2167\" data-col-size=\"sm\">Ve\u013ekos\u0165<\/th>\n<th data-start=\"2167\" data-end=\"2184\" data-col-size=\"sm\">Pribli\u017en\u00e1 hmotnos\u0165<\/th>\n<th data-start=\"2184\" data-end=\"2194\" data-col-size=\"sm\">V\u00fd\u0161ka<\/th>\n<\/tr>\n<\/thead>\n<tbody data-start=\"2243\" data-end=\"2482\">\n<tr data-start=\"2243\" data-end=\"2290\">\n<td data-start=\"2243\" data-end=\"2263\" data-col-size=\"sm\">Extra ve\u013ek\u00e1<\/td>\n<td data-start=\"2263\" data-end=\"2280\" data-col-size=\"sm\">2495 gm<\/td>\n<td data-start=\"2280\" data-end=\"2290\" data-col-size=\"sm\">25 cm<\/td>\n<\/tr>\n<tr data-start=\"2291\" data-end=\"2338\">\n<td data-start=\"2291\" data-end=\"2311\" data-col-size=\"sm\">Ve\u013ek\u00e1<\/td>\n<td data-start=\"2311\" data-end=\"2328\" data-col-size=\"sm\">1380 gm<\/td>\n<td data-start=\"2328\" data-end=\"2338\" data-col-size=\"sm\">20 cm<\/td>\n<\/tr>\n<tr data-start=\"2339\" data-end=\"2386\">\n<td data-start=\"2339\" data-end=\"2359\" data-col-size=\"sm\">Stredn\u00e1 \u0161irok\u00e1<\/td>\n<td data-start=\"2359\" data-end=\"2376\" data-col-size=\"sm\">832 gm<\/td>\n<td data-start=\"2376\" data-end=\"2386\" data-col-size=\"sm\">14 cm<\/td>\n<\/tr>\n<tr data-start=\"2387\" data-end=\"2434\">\n<td data-start=\"2387\" data-end=\"2407\" data-col-size=\"sm\">Stredn\u00e1 \u0161t\u00edhla<\/td>\n<td data-start=\"2407\" data-end=\"2424\" data-col-size=\"sm\">590 gm<\/td>\n<td data-start=\"2424\" data-end=\"2434\" data-col-size=\"sm\">14 cm<\/td>\n<\/tr>\n<tr data-start=\"2435\" data-end=\"2482\">\n<td data-start=\"2435\" data-end=\"2455\" data-col-size=\"sm\">Mal\u00e1<\/td>\n<td data-start=\"2455\" data-end=\"2472\" data-col-size=\"sm\">365 gm<\/td>\n<td data-start=\"2472\" data-end=\"2482\" data-col-size=\"sm\">12 cm<\/td>\n<\/tr>\n<\/tbody>\n<\/table>\n<div class=\"sticky end-(--thread-content-margin) h-0 self-end select-none\">\n<div class=\"absolute end-0 flex items-end\"><\/div>\n<\/div>\n<\/div>\n<\/div>\n<p data-start=\"2484\" data-end=\"2612\">\u010ci u\u017e ju vystav\u00edte na polici, krbe alebo stole, t\u00e1to v\u00e1za vytvor\u00ed ohnisko, ktor\u00e9 sp\u00e1ja pr\u00edrodn\u00fa eleganciu s kult\u00farnou h\u013abkou.<\/p>\n<h3 data-start=\"2614\" data-end=\"2645\">Ide\u00e1lny dar\u010dek na ak\u00fako\u013evek pr\u00edle\u017eitos\u0165<\/h3>\n<p data-start=\"2647\" data-end=\"2951\">H\u013ead\u00e1te <strong data-start=\"2661\" data-end=\"2691\">premyslen\u00fd a jedine\u010dn\u00fd dar\u010dek<\/strong>? T\u00e1to alabastrov\u00e1 v\u00e1za je perfektn\u00fdm darom na svadby, s\u0165ahovanie do nov\u00e9ho domu, v\u00fdro\u010dia alebo ak\u00fako\u013evek pr\u00edle\u017eitos\u0165, ktor\u00e1 si zasl\u00fa\u017ei nie\u010do skuto\u010dne v\u00fdnimo\u010dn\u00e9. Elegantn\u00e1, v\u0161estrann\u00e1 a presiaknut\u00e1 dedi\u010dstvom \u2013 je to zmyslupln\u00e1 vo\u013eba pre t\u00fdch, ktor\u00ed oce\u0148uj\u00fa kvalitu a umenie.<\/p>\n<h2 data-start=\"3470\" data-end=\"3503\">Urobte z hist\u00f3rie s\u00fa\u010das\u0165 svojho domova<\/h2>\n<p data-start=\"3505\" data-end=\"3755\">Nechajte svoj domov rozpr\u00e1va\u0165 pr\u00edbeh s touto ru\u010dne vyrobenou egyptskou alabastrovou v\u00e1zou. Ka\u017ed\u00fd detail odr\u00e1\u017ea storo\u010dia trad\u00edcie a remeselnej zru\u010dnosti. Pridajte ju do svojej v\u00fdzdoby dnes a prive\u010fte teplo, \u0161arm a autentickos\u0165 starovek\u00e9ho Egypta do v\u00e1\u0161ho modern\u00e9ho \u017eivota.<\/p>\n<p style=\"text-align: center;\">\u010eakujeme za n\u00e1kup v <em data-start=\"415\" data-end=\"431\"><a href=\"https:\/\/bazaar.express\/sk\/\">Bazaar Express<\/a><\/em> \u2013 te\u0161\u00edme sa, \u017ee ste tu!<\/p>\n<p style=\"text-align: center;\">Za\u017eite \u0161arm starovek\u00e9ho umenia s na\u0161ou zbierkou <a href=\"https:\/\/bazaar.express\/product-category\/egyptian-treasures\/\">Egyptsk\u00e9 poklady<\/a>.<\/p>\n","protected":false},"excerpt":{"rendered":"<h3>Pozdvihnite svoju v\u00fdzdobu touto ru\u010dne vyrobenou egyptskou alabastrovou v\u00e1zou, vyrobenou zo 100 % pr\u00edrodn\u00e9ho kame\u0148a. Ka\u017ed\u00fd k\u00fasok je jedine\u010dn\u00fd, bohat\u00fd na hist\u00f3riu a dostupn\u00fd v piatich ve\u013ekostiach \u2013 ide\u00e1lny pre ak\u00fako\u013evek miestnos\u0165 alebo \u0161peci\u00e1lny dar\u010dek.<\/h3>\n","protected":false},"featured_media":44214,"comment_status":"open","ping_status":"closed","template":"","meta":[],"product_brand":[],"product_cat":[1165],"product_tag":[1685,1684],"class_list":{"0":"post-44207","1":"product","2":"type-product","3":"status-publish","4":"has-post-thumbnail","6":"product_cat-egyptske-poklady","7":"product_tag-darceky","8":"product_tag-suveniry","10":"first","11":"instock","12":"shipping-taxable","13":"purchasable","14":"product-type-variable"},"_links":{"self":[{"href":"https:\/\/bazaar.express\/sk\/wp-json\/wp\/v2\/product\/44207","targetHints":{"allow":["GET"]}}],"collection":[{"href":"https:\/\/bazaar.express\/sk\/wp-json\/wp\/v2\/product"}],"about":[{"href":"https:\/\/bazaar.express\/sk\/wp-json\/wp\/v2\/types\/product"}],"replies":[{"embeddable":true,"href":"https:\/\/bazaar.express\/sk\/wp-json\/wp\/v2\/comments?post=44207"}],"wp:featuredmedia":[{"embeddable":true,"href":"https:\/\/bazaar.express\/sk\/wp-json\/wp\/v2\/media\/44214"}],"wp:attachment":[{"href":"https:\/\/bazaar.express\/sk\/wp-json\/wp\/v2\/media?parent=44207"}],"wp:term":[{"taxonomy":"product_brand","embeddable":true,"href":"https:\/\/bazaar.express\/sk\/wp-json\/wp\/v2\/product_brand?post=44207"},{"taxonomy":"product_cat","embeddable":true,"href":"https:\/\/bazaar.express\/sk\/wp-json\/wp\/v2\/product_cat?post=44207"},{"taxonomy":"product_tag","embeddable":true,"href":"https:\/\/bazaar.express\/sk\/wp-json\/wp\/v2\/product_tag?post=44207"}],"curies":[{"name":"wp","href":"https:\/\/api.w.org\/{rel}","templated":true}]}}