{"id":44261,"date":"2025-01-20T17:22:09","date_gmt":"2025-01-20T17:22:09","guid":{"rendered":"https:\/\/bazaar.express\/product\/flax-seed-oil\/"},"modified":"2025-01-20T17:22:09","modified_gmt":"2025-01-20T17:22:09","slug":"flax-seed-oil","status":"publish","type":"product","link":"https:\/\/bazaar.express\/sk\/produkt\/flax-seed-oil\/","title":{"rendered":"Organick\u00fd \u013eanov\u00fd olej"},"content":{"rendered":"<h2 data-pm-slice=\"1 1 []\">Organick\u00fd \u013eanov\u00fd olej \u2013 El Baraka: Najlep\u0161\u00ed rastlinn\u00fd zdroj zdravia<\/h2>\n<h3>Za\u017eite silu studenovylisovan\u00e9ho organick\u00e9ho zdravia<\/h3>\n<p><strong>Organick\u00fd \u013eanov\u00fd olej<\/strong> od El Baraka je vysoko kvalitn\u00fd studenovylisovan\u00fd olej z najlep\u0161\u00edch \u013eanov\u00fdch semien, ktor\u00fd je ur\u010den\u00fd na zlep\u0161enie v\u00e1\u0161ho zdravia zvn\u00fatra aj zvonku. Tento olej je pln\u00fd esenci\u00e1lnych mastn\u00fdch kysel\u00edn omega-3 a omega-6, \u010do z neho rob\u00ed jeden z najsilnej\u0161\u00edch pr\u00edrodn\u00fdch podporovate\u013eov zdravia. \u013danov\u00fd olej sa vyzna\u010duje t\u00fdm, \u017ee obsahuje takmer dvojn\u00e1sobok nenas\u00fdten\u00fdch mastn\u00fdch kysel\u00edn v porovnan\u00ed s ryb\u00edm olejom. To z neho rob\u00ed ide\u00e1lnu vo\u013ebu pre \u013eud\u00ed, ktor\u00ed h\u013eadaj\u00fa \u010dist\u00fa rastlinn\u00fa alternat\u00edvu.<\/p>\n<p>V\u00fdskum ukazuje, \u017ee denn\u00e9 u\u017e\u00edvanie \u013eanov\u00e9ho oleja m\u00f4\u017ee zn\u00ed\u017ei\u0165 riziko m\u0155tvice a\u017e o 40 %. To dokazuje jeho hodnotu ako dennej s\u00fa\u010das\u0165 stravy pre zdrav\u00e9 srdce a mozog. \u010ci u\u017e chcete podpori\u0165 tr\u00e1venie, posilni\u0165 srdce alebo zlep\u0161i\u0165 vzh\u013ead poko\u017eky, <strong>organick\u00fd \u013eanov\u00fd olej od El Baraka<\/strong> poskytuje dlhodob\u00e9 \u00fa\u010dinky.<\/p>\n<h3>Pln\u00fd \u017eiv\u00edn a k\u013e\u00fa\u010dov\u00fdch mastn\u00fdch kysel\u00edn<\/h3>\n<p>Ka\u017ed\u00fd mililiter \u013eanov\u00e9ho oleja od El Baraka obsahuje d\u00f4le\u017eit\u00e9 \u017eiviny, ktor\u00e9 telo potrebuje, ale samo si ich nevie vytvori\u0165. Olej obsahuje:<\/p>\n<ul>\n<li><strong>Omega-3 (alfa-linol\u00e9nov\u00e1 kyselina)<\/strong><\/li>\n<li><strong>Omega-6 (linolov\u00e1 kyselina)<\/strong><\/li>\n<li><strong>Vitam\u00edn E \u2013 \u201eVitam\u00edn mladosti\u201c<\/strong><\/li>\n<li><strong>Vitam\u00edn F \u2013 Na vyv\u00e1\u017eenie cholesterolu a metabolizmus tukov<\/strong><\/li>\n<li><strong>Vitam\u00edn A \u2013 Na \u017eiariv\u00fa poko\u017eku a rast vlasov<\/strong><\/li>\n<li><strong>Vitam\u00edny skupiny B \u2013 Na podporu nervov\u00e9ho syst\u00e9mu a zdrav\u00e9 nechty<\/strong><\/li>\n<\/ul>\n<p>Tieto \u017eiviny spolo\u010dne pom\u00e1haj\u00fa telu vstreb\u00e1va\u0165 \u017eiviny, posil\u0148uj\u00fa imunitn\u00fd syst\u00e9m a prirodzene zlep\u0161uj\u00fa zdravie poko\u017eky a vlasov.<\/p>\n<h3>Ako \u013eanov\u00fd olej podporuje va\u0161e zdravie<\/h3>\n<h4>Podpora srdca a krvn\u00e9ho obehu<\/h4>\n<p>Tento olej pom\u00e1ha zni\u017eova\u0165 zl\u00fd cholesterol, zabra\u0148uje tvorbe krvn\u00fdch zrazen\u00edn a zni\u017euje riziko srdcov\u00fdch ochoren\u00ed a ztuhnut\u00fdch tepien. Pom\u00e1ha udr\u017eiava\u0165 dobr\u00fd krvn\u00fd obeh a regulova\u0165 krvn\u00fd tlak.<\/p>\n<h4>Tr\u00e1venie a zdravie pe\u010dene<\/h4>\n<p>Organick\u00fd \u013eanov\u00fd olej od El Baraka je \u0161etrn\u00fd k \u017eal\u00fadku. P\u00f4sob\u00ed ako mierne pr\u00edrodn\u00e9 preh\u00e1\u0148adlo a pom\u00e1ha pri probl\u00e9moch ako gastrit\u00edda, vredy a z\u00e1pcha. Tie\u017e podporuje zdravie pe\u010dene a pom\u00e1ha predch\u00e1dza\u0165 tukovej pe\u010deni, hepatit\u00edde a \u017el\u010dov\u00fdm kame\u0148om.<\/p>\n<h4>Spr\u00e1va hmotnosti a metabolizmus tukov<\/h4>\n<p>Tento olej pom\u00e1ha regulova\u0165 metabolizmus tukov, \u010do ho rob\u00ed skvel\u00fdm doplnkom do akejko\u013evek di\u00e9tnej strat\u00e9gie. Navodzuje pocit s\u00fdtosti, vyva\u017euje horm\u00f3ny a pom\u00e1ha telu spa\u013eova\u0165 nas\u00fdten\u00e9 tuky.<\/p>\n<h4>Oblas\u0165 poko\u017eky a vlasov<\/h4>\n<p>Vysok\u00e9 hladiny vitam\u00ednov E a F maj\u00fa revitaliza\u010dn\u00fd \u00fa\u010dinok na nudn\u00fa poko\u017eku, zmier\u0148uj\u00fa podr\u00e1\u017edenie a vyhladzuj\u00fa vr\u00e1sky. \u013danov\u00fd olej podporuje zdrav\u00fd rast vlasov, zni\u017euje suchos\u0165 a dod\u00e1va poko\u017eke mladistv\u00fd lesk, \u010di u\u017e sa aplikuje na ko\u017eu alebo sa u\u017e\u00edva \u00fastne.<\/p>\n<h4>Vyv\u00e1\u017eenie horm\u00f3nov a imunitn\u00e9ho syst\u00e9mu<\/h4>\n<p>Pom\u00e1ha regulova\u0165 funkciu \u0161t\u00edtnej \u017e\u013eazy, ovplyv\u0148uje hormon\u00e1lnu rovnov\u00e1hu a posil\u0148uje schopnos\u0165 imunitn\u00e9ho syst\u00e9mu bojova\u0165 proti infekci\u00e1m a chronickej \u00fanave.<\/p>\n<h4>Protiz\u00e1palov\u00e1 podpora a poopera\u010dn\u00e1 starostlivos\u0165<\/h4>\n<p>Jeho protiz\u00e1palov\u00e9 a hojiv\u00e9 vlastnosti ho robia vhodnou vo\u013ebou na lie\u010dbu hemoroidov, rekt\u00e1lnej z\u00e1palu a podporu hojenia po oper\u00e1cii.<\/p>\n<h3>Ako pou\u017e\u00edva\u0165 organick\u00fd \u013eanov\u00fd olej El Baraka<\/h3>\n<p><strong>U\u017e\u00edvanie zvn\u00fatra:<\/strong> U\u017eite 1 \u010dajov\u00fa ly\u017ei\u010dku 2\u20133-kr\u00e1t 20 min\u00fat pred jedlom. Na \u00fa\u013eavu od z\u00e1pchy vezmite 1\u20132 \u010dajov\u00e9 ly\u017ei\u010dky na la\u010dno. Na podporu funkcie pe\u010dene a \u017el\u010dn\u00edka u\u017eite s jedlom.<\/p>\n<p><strong>Vonkaj\u0161ie pou\u017eitie:<\/strong> Naneste na such\u00fa alebo podr\u00e1\u017eden\u00fa poko\u017eku alebo zmie\u0161ajte 1:1 s v\u00e1pencovou vodou na lie\u010dbu pop\u00e1len\u00edn. Pou\u017eite ako pr\u00edrodn\u00fa klyzmu (1\u20132 \u010dajov\u00e9 ly\u017ei\u010dky) na starostlivos\u0165 o rekt\u00e1lnu oblas\u0165 alebo aplikujte na vatov\u00fa ty\u010dinku ako vagin\u00e1lny tamp\u00f3n na gynekologick\u00e9 v\u00fdhody.<\/p>\n<h3>Pre\u010do si vybra\u0165 studenovylisovan\u00fd organick\u00fd \u013eanov\u00fd olej El Baraka?<\/h3>\n<ul>\n<li><strong>Studenovylisovan\u00fd pre zachovanie \u010distoty:<\/strong> Proces zachov\u00e1va v\u0161etky \u017eiviny bez pou\u017eitia tepla alebo chemik\u00e1li\u00ed.<\/li>\n<li><strong>100 % organick\u00fd a bez pr\u00edsad:<\/strong> Nen\u00e1jdete v \u0148om \u017eiadne umel\u00e9 konzervanty alebo plniv\u00e1.<\/li>\n<li><strong>Viac\u00fa\u010delov\u00e9 pou\u017eitie:<\/strong> Vynikaj\u00faco podporuje celkov\u00e9 zdravie, starostlivos\u0165 o poko\u017eku a vlasy a detoxik\u00e1ciu tela.<\/li>\n<\/ul>\n<h3>Z\u00e1ver: Skuto\u010dn\u00e9 superpotravina pre va\u0161e celkov\u00e9 zdravie<\/h3>\n<p><strong>Organick\u00fd \u013eanov\u00fd olej<\/strong> od El Baraka je viac ne\u017e len olej \u2013 je to v\u00e1\u0161 denn\u00fd spolo\u010dn\u00edk pre zdravie. \u010ci u\u017e chcete posilni\u0165 srdce, rie\u0161i\u0165 tr\u00e1viace probl\u00e9my, vyv\u00e1\u017ei\u0165 horm\u00f3ny alebo zlep\u0161i\u0165 poko\u017eku a vlasy, tento olej dok\u00e1\u017ee prirodzene zmeni\u0165 va\u0161e zdravie.<\/p>\n<p><strong>Pridajte organick\u00fd \u013eanov\u00fd olej El Baraka do svojej dennej rutiny \u2013 a v\u0161imnite si rozdiel u\u017e od prvej kvapky.<\/strong><\/p>\n<p>&nbsp;<\/p>\n<p style=\"text-align: center;\">\u010eakujeme za n\u00e1kup v <em data-start=\"415\" data-end=\"431\"><a href=\"https:\/\/bazaar.express\/sk\/\">Bazaar Express<\/a><\/em> \u2013 te\u0161\u00edme sa na v\u00e1s!<\/p>\n<p style=\"text-align: center;\">Za\u017eite silu pr\u00edrody \u2014 \u010dist\u00e9 <a href=\"https:\/\/bazaar.express\/sk\/therapeutic-oils\/\">terapeutick\u00e9 oleje<\/a> pre ka\u017edodenn\u00e9 zdravie.<\/p>\n","protected":false},"excerpt":{"rendered":"<h3>Organick\u00fd \u013eanov\u00fd olej El Baraka je studenovylisovan\u00fd, \u017eivinami bohat\u00fd olej pln\u00fd omega-3, omega-6 a esenci\u00e1lnych vitam\u00ednov. Vynikaj\u00faci na posilnenie zdravia srdca, podporu tr\u00e1venia, zlep\u0161enie poko\u017eky a vlasov a celkov\u00e9 zdravie. 100 % \u010dist\u00fd bez pr\u00edsad.<\/h3>\n","protected":false},"featured_media":44262,"comment_status":"open","ping_status":"closed","template":"","meta":[],"product_brand":[],"product_cat":[1170,1160,1161],"product_tag":[1652,1653,1654,1667],"class_list":{"0":"post-44261","1":"product","2":"type-product","3":"status-publish","4":"has-post-thumbnail","6":"product_cat-prirodne-oleje-el-baraka","7":"product_cat-starostlivost-o-krasu","8":"product_cat-terapeuticke-oleje","9":"product_tag-olej","10":"product_tag-prirodny-olej","11":"product_tag-starostlivost-o-plet","12":"product_tag-zdravy","13":"pa_l-xl-250ml","15":"first","16":"instock","17":"shipping-taxable","18":"purchasable","19":"product-type-simple"},"_links":{"self":[{"href":"https:\/\/bazaar.express\/sk\/wp-json\/wp\/v2\/product\/44261","targetHints":{"allow":["GET"]}}],"collection":[{"href":"https:\/\/bazaar.express\/sk\/wp-json\/wp\/v2\/product"}],"about":[{"href":"https:\/\/bazaar.express\/sk\/wp-json\/wp\/v2\/types\/product"}],"replies":[{"embeddable":true,"href":"https:\/\/bazaar.express\/sk\/wp-json\/wp\/v2\/comments?post=44261"}],"wp:featuredmedia":[{"embeddable":true,"href":"https:\/\/bazaar.express\/sk\/wp-json\/wp\/v2\/media\/44262"}],"wp:attachment":[{"href":"https:\/\/bazaar.express\/sk\/wp-json\/wp\/v2\/media?parent=44261"}],"wp:term":[{"taxonomy":"product_brand","embeddable":true,"href":"https:\/\/bazaar.express\/sk\/wp-json\/wp\/v2\/product_brand?post=44261"},{"taxonomy":"product_cat","embeddable":true,"href":"https:\/\/bazaar.express\/sk\/wp-json\/wp\/v2\/product_cat?post=44261"},{"taxonomy":"product_tag","embeddable":true,"href":"https:\/\/bazaar.express\/sk\/wp-json\/wp\/v2\/product_tag?post=44261"}],"curies":[{"name":"wp","href":"https:\/\/api.w.org\/{rel}","templated":true}]}}