{"id":44296,"date":"2025-01-18T00:55:21","date_gmt":"2025-01-18T00:55:21","guid":{"rendered":"https:\/\/bazaar.express\/product\/sea-sponge\/"},"modified":"2026-02-27T14:28:20","modified_gmt":"2026-02-27T14:28:20","slug":"sea-sponge","status":"publish","type":"product","link":"https:\/\/bazaar.express\/sk\/produkt\/sea-sponge\/","title":{"rendered":"Morsk\u00e1 huba \u2013 100% pr\u00edrodn\u00e1"},"content":{"rendered":"<h2 data-start=\"143\" data-end=\"230\">Pr\u00edrodn\u00e1 morsk\u00e1 huba All Over Seas \u2013 100% ekologick\u00e1 a jemn\u00e1 pre v\u0161etky typy poko\u017eky<\/h2>\n<h3 data-start=\"232\" data-end=\"299\">Luxusn\u00fd pr\u00edrodn\u00fd z\u00e1\u017eitok z k\u00fapania in\u0161pirovan\u00fd morom<\/h3>\n<p data-start=\"301\" data-end=\"722\">Doprajte svojej poko\u017eke jemn\u00e9, ekologicky uvedomel\u00e9 \u010distenie s <strong data-start=\"361\" data-end=\"389\">morskou hubou All Over Seas<\/strong> \u2013 100% pr\u00edrodnou, biologicky odb\u00farate\u013enou a ekologicky \u0161etrnou hubkou, ru\u010dne zbieranou z tepl\u00fdch, \u010dist\u00fdch v\u00f4d Stredomoria. Na rozdiel od syntetick\u00fdch hubiek s\u00fa na\u0161e morsk\u00e9 hubky udr\u017eate\u013ene z\u00edskan\u00e9 a prirodzene obohaten\u00e9 miner\u00e1lmi, \u010d\u00edm pon\u00fakaj\u00fa m\u00e4kk\u00e9, sav\u00e9 a neirituj\u00face rie\u0161enie pre va\u0161u ka\u017edodenn\u00fa starostlivos\u0165 o telo.<\/p>\n<p data-start=\"724\" data-end=\"1059\">Tieto pr\u00edrodn\u00e9 poklady s\u00fa ide\u00e1lne pre ka\u017ed\u00e9ho, kto chce prinies\u0165 luxusn\u00fd pocit z k\u00fape\u013eov do svojej k\u00fape\u013ene. \u010ci u\u017e jemne \u010dist\u00edte citliv\u00fa poko\u017eku, um\u00fdvate die\u0165a, alebo jednoducho h\u013ead\u00e1te ekologickej\u0161iu rutinu kr\u00e1sy, morsk\u00e1 huba All Over Seas pon\u00faka neprekonate\u013en\u00fa m\u00e4kkos\u0165, odolnos\u0165 a pokoj mysle pri ka\u017edom pou\u017eit\u00ed.<\/p>\n<h3 data-start=\"1066\" data-end=\"1115\"><strong data-start=\"1070\" data-end=\"1115\">Hlavn\u00e9 v\u00fdhody morsk\u00fdch hubiek All Over Seas<\/strong><\/h3>\n<ul data-start=\"1117\" data-end=\"2022\">\n<li data-start=\"1117\" data-end=\"1248\">\n<p data-start=\"1119\" data-end=\"1248\"><strong data-start=\"1122\" data-end=\"1144\">M\u00e4kk\u00e1 a \u0161etrn\u00e1 k poko\u017eke<\/strong> \u2013 Stane sa luxusne m\u00e4kkou a jemnou po navlh\u010den\u00ed. Ide\u00e1lna pre jemn\u00fa, citliv\u00fa alebo alergick\u00fa poko\u017eku.<\/p>\n<\/li>\n<li data-start=\"1249\" data-end=\"1374\">\n<p data-start=\"1251\" data-end=\"1374\"><strong data-start=\"1254\" data-end=\"1284\">Ekologick\u00e1 a udr\u017eate\u013en\u00e1<\/strong> \u2013 100% biologicky odb\u00farate\u013en\u00e1 a z\u00edskavan\u00e1 sp\u00f4sobom, ktor\u00fd podporuje morsk\u00e9 ekosyst\u00e9my a regener\u00e1ciu.<\/p>\n<\/li>\n<li data-start=\"1375\" data-end=\"1508\">\n<p data-start=\"1377\" data-end=\"1508\"><strong data-start=\"1380\" data-end=\"1410\">H\u013abkov\u00e9 \u010distenie a savos\u0165<\/strong> \u2013 Vstreb\u00e1va vodu a dobre pen\u00ed s mydlom alebo \u010distiacim prostriedkom, \u010d\u00edm poskytuje upokojuj\u00face celotelov\u00e9 \u010distenie.<\/p>\n<\/li>\n<li data-start=\"1509\" data-end=\"1638\">\n<p data-start=\"1511\" data-end=\"1638\"><strong data-start=\"1514\" data-end=\"1548\">Hypoalerg\u00e9nna a bez chemik\u00e1li\u00ed<\/strong> \u2013 \u017diadne umel\u00e9 farbiv\u00e1, pr\u00edsady alebo drsn\u00e9 chemik\u00e1lie. Len \u010dist\u00e1 pr\u00edroda sa dot\u00fdka va\u0161ej poko\u017eky.<\/p>\n<\/li>\n<li data-start=\"1639\" data-end=\"1761\">\n<p data-start=\"1641\" data-end=\"1761\"><strong data-start=\"1644\" data-end=\"1677\">Dlhotrvaj\u00faca s riadnou starostlivos\u0165ou<\/strong> \u2013 Pri minim\u00e1lnej \u00fadr\u017ebe m\u00f4\u017eu morsk\u00e9 hubky pre\u017ei\u0165 syntetick\u00e9 mnohon\u00e1sobne.<\/p>\n<\/li>\n<li data-start=\"1762\" data-end=\"1889\">\n<p data-start=\"1764\" data-end=\"1889\"><strong data-start=\"1767\" data-end=\"1784\">Viacn\u00e1sobn\u00e9 pou\u017eitie<\/strong> \u2013 Ide\u00e1lna na tv\u00e1r, telo, starostlivos\u0165 o die\u0165a, odstra\u0148ovanie make-upu, ritu\u00e1ly v spa alebo dokonca ekologick\u00e9 upratovanie v dom\u00e1cnosti.<\/p>\n<\/li>\n<li data-start=\"1890\" data-end=\"2022\">\n<p data-start=\"1892\" data-end=\"2022\"><strong data-start=\"1895\" data-end=\"1919\">Dostupn\u00e1 v 6 ve\u013ekostiach<\/strong> \u2013 Vyberte si ve\u013ekosti 1 a\u017e 6 pod\u013ea va\u0161ich \u0161pecifick\u00fdch potrieb \u2013 mal\u00e1 na tv\u00e1r, ve\u013ek\u00e1 na telo alebo k\u00fape\u013e.<\/p>\n<\/li>\n<\/ul>\n<h3 data-start=\"2029\" data-end=\"2063\"><strong data-start=\"2033\" data-end=\"2063\">Ako pou\u017e\u00edva\u0165 va\u0161u morsk\u00fa hubu<\/strong><\/h3>\n<ol data-start=\"2065\" data-end=\"2359\">\n<li data-start=\"2065\" data-end=\"2110\">\n<p data-start=\"2068\" data-end=\"2110\">Namo\u010dte hubku do vody, k\u00fdm zm\u00e4kne.<\/p>\n<\/li>\n<li data-start=\"2111\" data-end=\"2146\">\n<p data-start=\"2114\" data-end=\"2146\">Jemne vy\u017em\u00fdkajte prebyto\u010dn\u00fa vodu.<\/p>\n<\/li>\n<li data-start=\"2147\" data-end=\"2217\">\n<p data-start=\"2150\" data-end=\"2217\">Pou\u017eite s mydlom, sprchov\u00fdm g\u00e9lom alebo \u010distiacim prostriedkom na tv\u00e1r v k\u00fapeli alebo sprche.<\/p>\n<\/li>\n<li data-start=\"2218\" data-end=\"2290\">\n<p data-start=\"2221\" data-end=\"2290\">Po pou\u017eit\u00ed d\u00f4kladne opl\u00e1chnite pod \u010distou vodou, aby ste odstr\u00e1nili zvy\u0161ky mydla.<\/p>\n<\/li>\n<li data-start=\"2291\" data-end=\"2359\">\n<p data-start=\"2294\" data-end=\"2359\">Nechajte ju v suchom, vetranej oblasti, aby sa medzi pou\u017eitiami \u00faplne vysu\u0161ila.<\/p>\n<\/li>\n<\/ol>\n<h3 data-start=\"2366\" data-end=\"2411\"><strong data-start=\"2370\" data-end=\"2411\">Pre\u010do si vybra\u0165 morsk\u00e9 hubky All Over Seas?<\/strong><\/h3>\n<p data-start=\"2413\" data-end=\"2823\">Vo\u013eba <strong data-start=\"2422\" data-end=\"2439\">All Over Seas<\/strong> znamen\u00e1 vo\u013ebu pr\u00edrody, kvality a starostlivosti. Na\u0161e hubky s\u00fa nie len \u0161etrn\u00e9 k va\u0161ej poko\u017eke, ale aj k \u017eivotn\u00e9mu prostrediu. Zodpovedne z\u00edskan\u00e9 v Stredomor\u00ed je ka\u017ed\u00e1 hubka prirodzene obnovite\u013en\u00fd produkt, ktor\u00fd podporuje va\u0161u starostlivos\u0165 o poko\u017eku aj plan\u00e9tu. A\u017e za\u017eijete m\u00e4kkos\u0165, odolnos\u0165 a \u010dist\u00fd pocit skuto\u010dnej morskej hubky, u\u017e nebudete chcie\u0165 sp\u00e4\u0165 k syntetick\u00fdm.<\/p>\n<h3 data-start=\"2830\" data-end=\"2853\"><strong data-start=\"2834\" data-end=\"2853\">Podrobnosti o produkte<\/strong><\/h3>\n<ul data-start=\"2855\" data-end=\"3214\">\n<li data-start=\"2855\" data-end=\"2883\">\n<p data-start=\"2857\" data-end=\"2883\"><strong data-start=\"2857\" data-end=\"2866\">Zna\u010dka<\/strong>: All Over Seas<\/p>\n<\/li>\n<li data-start=\"2884\" data-end=\"2916\">\n<p data-start=\"2886\" data-end=\"2916\"><strong data-start=\"2886\" data-end=\"2894\">Typ<\/strong>: Pr\u00edrodn\u00e1 morsk\u00e1 huba<\/p>\n<\/li>\n<li data-start=\"2917\" data-end=\"2952\">\n<p data-start=\"2919\" data-end=\"2952\"><strong data-start=\"2919\" data-end=\"2928\">Farba<\/strong>: Pr\u00edrodn\u00e1 \u017elt\u00e1\/be\u017eov\u00e1<\/p>\n<\/li>\n<li data-start=\"2953\" data-end=\"2984\">\n<p data-start=\"2955\" data-end=\"2984\"><strong data-start=\"2955\" data-end=\"2974\">Dostupn\u00e9 ve\u013ekosti<\/strong>: 1 a\u017e 6<\/p>\n<\/li>\n<li data-start=\"2985\" data-end=\"3026\">\n<p data-start=\"2987\" data-end=\"3026\"><strong data-start=\"2987\" data-end=\"2999\">Materi\u00e1l<\/strong>: 100% pr\u00edrodn\u00e1 morsk\u00e1 huba<\/p>\n<\/li>\n<li data-start=\"3027\" data-end=\"3108\">\n<p data-start=\"3029\" data-end=\"3108\"><strong data-start=\"3029\" data-end=\"3036\">Pou\u017eitie<\/strong>: K\u00fapanie, starostlivos\u0165 o telo, \u010distenie tv\u00e1re, odstra\u0148ovanie make-upu, upratovanie v dom\u00e1cnosti<\/p>\n<\/li>\n<li data-start=\"3109\" data-end=\"3130\">\n<p data-start=\"3111\" data-end=\"3130\"><strong data-start=\"3111\" data-end=\"3121\">P\u00f4vod<\/strong>: Egypt<\/p>\n<\/li>\n<li data-start=\"3131\" data-end=\"3214\">\n<p data-start=\"3133\" data-end=\"3214\"><strong data-start=\"3133\" data-end=\"3146\">Balenie<\/strong>: Dod\u00e1va sa v praktickej sie\u0165ovanej ta\u0161ke alebo puzdre pre jednoduch\u00e9 skladovanie a cestovanie<\/p>\n<\/li>\n<\/ul>\n<h5 style=\"text-align: left;\">\u0160peci\u00e1lne vlastnosti skuto\u010dn\u00fdch morsk\u00fdch hubiek ich robia skvel\u00fdmi pre ka\u017ed\u00e9ho, kto chce dlhotrvaj\u00faci a vynikaj\u00faci \u010das v k\u00fapeli.<\/h5>\n<p>&nbsp;<\/p>\n<p style=\"text-align: center;\">\u010eakujeme za n\u00e1kup v <em data-start=\"415\" data-end=\"431\"><a href=\"https:\/\/bazaar.express\/sk\/\">Bazaar Express<\/a><\/em> \u2013 te\u0161\u00edme sa, \u017ee ste tu!<\/p>\n<p style=\"text-align: center;\">Va\u0161a cesta k lep\u0161ej starostlivosti o seba za\u010d\u00edna tu \u2013 s <a href=\"https:\/\/bazaar.express\/product-category\/beauty-care\/\">Beauty &#038; Care<\/a>, na ktor\u00fa sa m\u00f4\u017eete spo\u013eahn\u00fa\u0165.<\/p>\n<h4 style=\"text-align: center;\"><\/h4>\n","protected":false},"excerpt":{"rendered":"<h3 data-start=\"3890\" data-end=\"4046\">100% pr\u00edrodn\u00e1 morsk\u00e1 huba, jemn\u00e1 k poko\u017eke a \u0161etrn\u00e1 k plan\u00e9te. Ide\u00e1lna na denn\u00e9 k\u00fapanie, um\u00fdvanie tv\u00e1re alebo ritu\u00e1ly v spa. Hypoalerg\u00e9nna a biologicky odb\u00farate\u013en\u00e1.<\/h3>\n","protected":false},"featured_media":9430,"comment_status":"open","ping_status":"closed","template":"","meta":[],"product_brand":[],"product_cat":[1160,1167],"product_tag":[1655,1654],"class_list":{"0":"post-44296","1":"product","2":"type-product","3":"status-publish","4":"has-post-thumbnail","6":"product_cat-starostlivost-o-krasu","7":"product_cat-najlepsie-z-egypta","8":"product_tag-starostlivost-o-krasu","9":"product_tag-starostlivost-o-plet","11":"first","12":"instock","13":"shipping-taxable","14":"purchasable","15":"product-type-variable"},"_links":{"self":[{"href":"https:\/\/bazaar.express\/sk\/wp-json\/wp\/v2\/product\/44296","targetHints":{"allow":["GET"]}}],"collection":[{"href":"https:\/\/bazaar.express\/sk\/wp-json\/wp\/v2\/product"}],"about":[{"href":"https:\/\/bazaar.express\/sk\/wp-json\/wp\/v2\/types\/product"}],"replies":[{"embeddable":true,"href":"https:\/\/bazaar.express\/sk\/wp-json\/wp\/v2\/comments?post=44296"}],"wp:featuredmedia":[{"embeddable":true,"href":"https:\/\/bazaar.express\/sk\/wp-json\/wp\/v2\/media\/9430"}],"wp:attachment":[{"href":"https:\/\/bazaar.express\/sk\/wp-json\/wp\/v2\/media?parent=44296"}],"wp:term":[{"taxonomy":"product_brand","embeddable":true,"href":"https:\/\/bazaar.express\/sk\/wp-json\/wp\/v2\/product_brand?post=44296"},{"taxonomy":"product_cat","embeddable":true,"href":"https:\/\/bazaar.express\/sk\/wp-json\/wp\/v2\/product_cat?post=44296"},{"taxonomy":"product_tag","embeddable":true,"href":"https:\/\/bazaar.express\/sk\/wp-json\/wp\/v2\/product_tag?post=44296"}],"curies":[{"name":"wp","href":"https:\/\/api.w.org\/{rel}","templated":true}]}}