{"id":44324,"date":"2025-01-17T16:18:46","date_gmt":"2025-01-17T16:18:46","guid":{"rendered":"https:\/\/bazaar.express\/?post_type=product&#038;p=44324"},"modified":"2026-04-06T02:02:32","modified_gmt":"2026-04-06T02:02:32","slug":"shea-butter-shampoo-cleopatra","status":"publish","type":"product","link":"https:\/\/bazaar.express\/sk\/produkt\/shea-butter-shampoo-cleopatra\/","title":{"rendered":"\u0160amp\u00f3n s maslom shea \u2013 Cleopatra | pre zdrav\u00e9, siln\u00e9 vlasy"},"content":{"rendered":"<div data-type=\"horizontalRule\">\n<hr \/>\n<\/div>\n<div data-type=\"horizontalRule\">\n<hr \/>\n<\/div>\n<h2><strong>\u0160amp\u00f3n Cleopatra s maslom shea: Najlep\u0161\u00ed produkt na starostlivos\u0165 o vlasy<\/strong><\/h2>\n<p>\u0160amp\u00f3n Cleopatra s maslom shea je najlep\u0161ou vo\u013ebou na udr\u017eanie zdrav\u00fdch, leskl\u00fdch a siln\u00fdch vlasov. Tento bohat\u00fd \u0161amp\u00f3n obsahuje pr\u00edrodn\u00e9 maslo shea, ktor\u00e9 dod\u00e1va vlasom hlbok\u00fa hydrat\u00e1ciu, podporuje ich rast a vracia prirodzen\u00fa kr\u00e1su. Ak m\u00e1te such\u00e9, po\u0161koden\u00e9 alebo slab\u00e9 vlasy, \u0161amp\u00f3n Cleopatra s maslom shea p\u00f4sob\u00ed na vlasy t\u00fdm, \u017ee im poskytne v\u00fd\u017eivu a starostlivos\u0165, ktor\u00fa potrebuj\u00fa.<\/p>\n<h2><strong>K\u013e\u00fa\u010dov\u00e9 ingrediencie \u0161amp\u00f3nu Cleopatra s maslom shea<\/strong><\/h2>\n<p>Maslo shea je hlavnou zlo\u017ekou \u0161amp\u00f3nu Cleopatra. Tento pr\u00edrodn\u00fd produkt p\u00f4sob\u00ed na vlasy svojimi hydrata\u010dn\u00fdmi a hojacimi vlastnos\u0165ami. Maslo shea pom\u00e1ha obnovi\u0165 such\u00e9 vlasy, zn\u00ed\u017ei\u0165 l\u00e1mavos\u0165 a zabr\u00e1ni\u0165 roz\u0161tiepen\u00fdm koncom, \u010do vedie k silnej\u0161\u00edm a zdrav\u0161\u00edm vlasom.<\/p>\n<p>\u0160amp\u00f3n obsahuje aj <strong>Vitam\u00edn E<\/strong>, antioxidant, ktor\u00fd chr\u00e1ni vlasov\u00e9 bunky pred environment\u00e1lnym po\u0161koden\u00edm a podporuje zdrav\u00fd rast vlasov. \u010eal\u0161ou k\u013e\u00fa\u010dovou ingredienciou je <strong>Vitam\u00edn A<\/strong>, ktor\u00fd zabezpe\u010duje hlbok\u00fa hydrat\u00e1ciu, hladk\u00fd pocit a lep\u0161\u00ed lesk.<\/p>\n<h2><strong>V\u00fdhody \u0161amp\u00f3nu Cleopatra s maslom shea<\/strong><\/h2>\n<ul>\n<li><strong>Hydrat\u00e1cia a zvlh\u010denie<\/strong>: Maslo shea m\u00e1 hlbok\u00fd hydrata\u010dn\u00fd \u00fa\u010dinok na such\u00e9 vlasy, rob\u00ed ich m\u00e4kk\u00fdmi, hladk\u00fdmi a bez krepovit\u00e9ho efektu.<\/li>\n<li><strong>Podpora zdrav\u00e9ho rastu vlasov<\/strong>: \u0160amp\u00f3n je bohat\u00fd na vitam\u00edny a mastn\u00e9 kyseliny, ktor\u00e9 vy\u017eivuj\u00fa poko\u017eku hlavy a pom\u00e1haj\u00fa vlasom r\u00e1s\u0165 lep\u0161ie.<\/li>\n<li><strong>Zni\u017euje l\u00e1mavos\u0165 vlasov a roz\u0161tiepen\u00e9 konce<\/strong>: Pom\u00e1ha zn\u00ed\u017ei\u0165 l\u00e1mavos\u0165 vlasov, roz\u0161tiepen\u00e9 konce a po\u0161kodenie, \u010d\u00edm udr\u017euje vlasy siln\u00e9 a odoln\u00e9.<\/li>\n<li><strong>Posil\u0148uje vlasy a zlep\u0161uje text\u00faru<\/strong>: Pravideln\u00e9 pou\u017e\u00edvanie pom\u00e1ha zahusti\u0165 vlasy, posilni\u0165 korienky a celkovo zlep\u0161i\u0165 pocit vlasov.<\/li>\n<li><strong>Obnovuje lesk a \u017eiaru<\/strong>: \u0160peci\u00e1lna zmes vitam\u00ednov a \u017eiv\u00edn dod\u00e1va vlasom zdrav\u00fd, \u017eiariv\u00fd lesk.<\/li>\n<\/ul>\n<h2><strong>Ako pou\u017e\u00edva\u0165 \u0161amp\u00f3n Cleopatra s maslom shea<\/strong><\/h2>\n<ol>\n<li>Namo\u010dte vlasy od korienkov po konce.<\/li>\n<li>Naneste dostato\u010dn\u00e9 mno\u017estvo \u0161amp\u00f3nu Cleopatra na vlasy a rozotrite ho po celej d\u013a\u017eke.<\/li>\n<li>Mas\u00edrujte \u0161amp\u00f3n do poko\u017eky hlavy kr\u00fa\u017eiv\u00fdmi pohybmi najmenej p\u00e4\u0165 min\u00fat. To podporuje prekrvenie a umo\u017e\u0148uje hlbok\u00fa absorpciu prospe\u0161n\u00fdch l\u00e1tok.<\/li>\n<li>Opsha\u0165 teplou vodou. Uistite sa, \u017ee odstr\u00e1nite v\u0161etky zvy\u0161ky \u0161amp\u00f3nu.<\/li>\n<\/ol>\n<h2><strong>Pre\u010do si vybra\u0165 produkty Cleopatra s maslom shea?<\/strong><\/h2>\n<p>Produkty Cleopatra menia svet starostlivosti o vlasy. Tieto produkty obsahuj\u00fa maslo shea, ktor\u00e9 poskytuje hlbok\u00fa hydrat\u00e1ciu, v\u00fd\u017eivu a ochranu pre v\u0161etky typy vlasov. Ich bohat\u00e1 zmes mastn\u00fdch kysel\u00edn a k\u013e\u00fa\u010dov\u00fdch \u017eiv\u00edn pom\u00e1ha:<\/p>\n<ul>\n<li>Urobi\u0165 vlasy zdrav\u0161\u00edmi a silnej\u0161\u00edmi.<\/li>\n<li>Opravi\u0165 po\u0161koden\u00e9 korienky vlasov a stimulova\u0165 nov\u00fd rast.<\/li>\n<li>Zn\u00ed\u017ei\u0165 krepovitos\u0165, roz\u0161tiepen\u00e9 konce a l\u00e1mavos\u0165 vlasov.<\/li>\n<\/ul>\n<p>Produkty Cleopatra funguj\u00fa tak dobre, preto\u017ee maslo shea m\u00e1 schopnos\u0165 opravova\u0165 a vy\u017eivova\u0165 vlasy, \u010d\u00edm ich nech\u00e1va m\u00e4kk\u00e9, leskl\u00e9 a \u013eahko upravite\u013en\u00e9.<\/p>\n<h3><strong>V\u0161eobecn\u00e9 inform\u00e1cie o produkte:<\/strong><\/h3>\n<ul>\n<li><strong>Zna\u010dka<\/strong>: Cleopatra<\/li>\n<li><strong>Produkt<\/strong>: \u0160amp\u00f3n<\/li>\n<li><strong>Objem<\/strong>: 500 ml<\/li>\n<li><strong>Cie\u013eov\u00e1 skupina<\/strong>: Unisex<\/li>\n<li><strong>V\u00fdroben\u00e9 v<\/strong>: Egypt<\/li>\n<\/ul>\n<h5>\u0160amp\u00f3n Cleopatra s maslom shea poskytuje va\u0161im vlasom potrebn\u00fa starostlivos\u0165.<\/h5>\n<p style=\"text-align: center;\">\u010eakujeme za n\u00e1kup v <em data-start=\"415\" data-end=\"431\"><a href=\"https:\/\/bazaar.express\/sk\/\">Bazaar Express<\/a><\/em> \u2013 te\u0161\u00edme sa na v\u00e1s!<\/p>\n<p style=\"text-align: center;\">Va\u0161a cesta k lep\u0161ej starostlivosti o seba za\u010d\u00edna tu \u2013 s <a href=\"https:\/\/bazaar.express\/sk\/kategoria-produktu\/starostlivost-o-krasu\/\">Beauty &#038; Care<\/a>, na ktor\u00fa sa m\u00f4\u017eete spo\u013eahn\u00fa\u0165.<\/p>\n","protected":false},"excerpt":{"rendered":"<h3>\u0160amp\u00f3n Cleopatra s maslom shea poskytuje va\u0161im vlasom potrebn\u00fa starostlivos\u0165. Tento vy\u017eivuj\u00faci \u0161amp\u00f3n pom\u00e1ha pri such\u00fdch, po\u0161koden\u00fdch alebo tenk\u00fdch vlasoch. Cie\u013eom je urobi\u0165 va\u0161e vlasy silnej\u0161ie, lesklej\u0161ie a zdrav\u0161ie. Pou\u017e\u00edvajte \u0161amp\u00f3n Cleopatra denne na dosiahnutie kr\u00e1snych, \u017eiariv\u00fdch vlasov. M\u00f4\u017ee odomkn\u00fa\u0165 tajomstv\u00e1 pre skvel\u00fd vzh\u013ead vlasov!<\/h3>\n","protected":false},"featured_media":44325,"comment_status":"open","ping_status":"closed","template":"","meta":[],"product_brand":[],"product_cat":[1160,1167],"product_tag":[1664,1655],"class_list":{"0":"post-44324","1":"product","2":"type-product","3":"status-publish","4":"has-post-thumbnail","6":"product_cat-starostlivost-o-krasu","7":"product_cat-najlepsie-z-egypta","8":"product_tag-pokozka","9":"product_tag-starostlivost-o-krasu","10":"pa_l-xl-500ml","12":"first","13":"outofstock","14":"shipping-taxable","15":"product-type-simple"},"_links":{"self":[{"href":"https:\/\/bazaar.express\/sk\/wp-json\/wp\/v2\/product\/44324","targetHints":{"allow":["GET"]}}],"collection":[{"href":"https:\/\/bazaar.express\/sk\/wp-json\/wp\/v2\/product"}],"about":[{"href":"https:\/\/bazaar.express\/sk\/wp-json\/wp\/v2\/types\/product"}],"replies":[{"embeddable":true,"href":"https:\/\/bazaar.express\/sk\/wp-json\/wp\/v2\/comments?post=44324"}],"wp:featuredmedia":[{"embeddable":true,"href":"https:\/\/bazaar.express\/sk\/wp-json\/wp\/v2\/media\/44325"}],"wp:attachment":[{"href":"https:\/\/bazaar.express\/sk\/wp-json\/wp\/v2\/media?parent=44324"}],"wp:term":[{"taxonomy":"product_brand","embeddable":true,"href":"https:\/\/bazaar.express\/sk\/wp-json\/wp\/v2\/product_brand?post=44324"},{"taxonomy":"product_cat","embeddable":true,"href":"https:\/\/bazaar.express\/sk\/wp-json\/wp\/v2\/product_cat?post=44324"},{"taxonomy":"product_tag","embeddable":true,"href":"https:\/\/bazaar.express\/sk\/wp-json\/wp\/v2\/product_tag?post=44324"}],"curies":[{"name":"wp","href":"https:\/\/api.w.org\/{rel}","templated":true}]}}