{"id":44338,"date":"2025-01-16T16:26:27","date_gmt":"2025-01-16T16:26:27","guid":{"rendered":"https:\/\/bazaar.express\/product\/rose-cream-horus\/"},"modified":"2025-01-16T16:26:27","modified_gmt":"2025-01-16T16:26:27","slug":"rose-cream-horus","status":"publish","type":"product","link":"https:\/\/bazaar.express\/sk\/produkt\/rose-cream-horus\/","title":{"rendered":"Ru\u017eov\u00fd kr\u00e9m &#8211; Horus"},"content":{"rendered":"<h2 data-start=\"208\" data-end=\"294\">Horus Ru\u017eov\u00fd kr\u00e9m \u2013 Luxusn\u00fd hydrata\u010dn\u00fd kr\u00e9m pre tv\u00e1r a telo s extraktmi z ru\u017ee<\/h2>\n<h3 data-start=\"296\" data-end=\"348\">O\u017eivte svoju ple\u0165 silou ru\u017e\u00ed<\/h3>\n<p data-start=\"350\" data-end=\"682\">Rozmazn\u00e1vajte svoju ple\u0165 jemn\u00fdm dotykom <strong data-start=\"393\" data-end=\"413\">Horus Ru\u017eov\u00e9ho kr\u00e9mu<\/strong>, luxusn\u00e9ho hydrata\u010dn\u00e9ho kr\u00e9mu navrhnut\u00e9ho na hydrat\u00e1ciu, upokojenie a rozjasnenie pleti od hlavy po p\u00e4ty. Obohaten\u00fd o \u010dist\u00e9 <strong data-start=\"530\" data-end=\"547\">extrakty z ru\u017ee<\/strong>, tento bohat\u00fd vzorec poskytuje hlbok\u00fa hydrat\u00e1ciu, podporuje \u017eiariv\u00fd vzh\u013ead pleti a pom\u00e1ha zni\u017eova\u0165 vidite\u013enos\u0165 jemn\u00fdch liniek a vr\u00e1sok.<\/p>\n<p data-start=\"684\" data-end=\"976\">\u010ci je va\u0161a ple\u0165 such\u00e1, nudn\u00e1, podr\u00e1\u017eden\u00e1 alebo jednoducho potrebuje denn\u00fd starostlivos\u0165, Horus Ru\u017eov\u00fd kr\u00e9m poskytuje hladk\u00e9, hodv\u00e1bne rie\u0161enie, ktor\u00e9 v\u00e1s nech\u00e1 \u017eiari\u0165. \u013dahk\u00fd, no intenz\u00edvne v\u00fd\u017eivn\u00fd, bez probl\u00e9mov sa za\u010dlen\u00ed do va\u0161ej rutiny starostlivosti o ple\u0165 pre skuto\u010dne elegantn\u00fa a efekt\u00edvnu kr\u00e1snu sk\u00fasenos\u0165.<\/p>\n<h3 data-start=\"983\" data-end=\"1034\">Hlavn\u00e9 v\u00fdhody extraktu z ru\u017ee pre va\u0161u ple\u0165<\/h3>\n<h4 data-start=\"1036\" data-end=\"1084\"><strong data-start=\"1044\" data-end=\"1084\">Intenz\u00edvna hydrat\u00e1cia a vyv\u00e1\u017een\u00e1 vlhkos\u0165<\/strong><\/h4>\n<p data-start=\"1085\" data-end=\"1305\">Extrakty z ru\u017ee s\u00fa prirodzene pln\u00e9 \u017eiv\u00edn prospe\u0161n\u00fdch pre ple\u0165, ktor\u00e9 poskytuj\u00fa <strong data-start=\"1160\" data-end=\"1178\">hlbok\u00fa hydrat\u00e1ciu<\/strong>. Horus Ru\u017eov\u00fd kr\u00e9m obnovuje prirodzen\u00fa \u00farove\u0148 vlhkosti va\u0161ej pleti a nech\u00e1va ju <strong data-start=\"1254\" data-end=\"1291\">hladk\u00fa, m\u00e4kk\u00fa a svie\u017eu na dotyk<\/strong> cel\u00fd de\u0148.<\/p>\n<h4 data-start=\"1307\" data-end=\"1347\"><strong data-start=\"1315\" data-end=\"1347\">Upokojuje podr\u00e1\u017edenie a za\u010dervenanie<\/strong><\/h4>\n<p data-start=\"1348\" data-end=\"1568\">Ide\u00e1lny pre <strong data-start=\"1358\" data-end=\"1389\">citliv\u00fa alebo podr\u00e1\u017eden\u00fa ple\u0165<\/strong>, extrakt z ru\u017ee m\u00e1 protiz\u00e1palov\u00e9 vlastnosti, ktor\u00e9 pom\u00e1haj\u00fa upokoji\u0165 a vyv\u00e1\u017ei\u0165 va\u0161u ple\u0165. Pou\u017e\u00edvajte ho po vystaven\u00ed slnku, holen\u00ed alebo drsnom po\u010das\u00ed na zn\u00ed\u017eenie za\u010dervenania a osvie\u017eenie pleti.<\/p>\n<h4 data-start=\"1570\" data-end=\"1612\"><strong data-start=\"1577\" data-end=\"1612\">Zlep\u0161uje lesk a vyrovn\u00e1va t\u00f3n pleti<\/strong><\/h4>\n<p data-start=\"1613\" data-end=\"1798\">Tento kr\u00e9m zlep\u0161uje v\u00e1\u0161 prirodzen\u00fd lesk t\u00fdm, \u017ee <strong data-start=\"1654\" data-end=\"1677\">zlep\u0161uje t\u00f3n pleti<\/strong> a vyva\u017euje pigment\u00e1ciu. Jemne zdokona\u013euje text\u00faru pleti a poskytuje v\u00e1m <strong data-start=\"1751\" data-end=\"1783\">jasnej\u0161\u00ed, mladistvej\u0161\u00ed vzh\u013ead<\/strong> s ka\u017ed\u00fdm pou\u017eit\u00edm.<\/p>\n<h4 data-start=\"1800\" data-end=\"1834\"><strong data-start=\"1807\" data-end=\"1834\">Antioxida\u010dn\u00e9 l\u00e1tky proti starnutiu<\/strong><\/h4>\n<p data-start=\"1835\" data-end=\"2044\">Extrakt z ru\u017ee je bohat\u00fd na <strong data-start=\"1859\" data-end=\"1875\">antioxidanty<\/strong>, ktor\u00e9 chr\u00e1nia pred environment\u00e1lnym po\u0161koden\u00edm a spoma\u013euj\u00fa proces starnutia. Pom\u00e1ha <strong data-start=\"1955\" data-end=\"1994\">zn\u00ed\u017ei\u0165 vidite\u013enos\u0165 jemn\u00fdch liniek<\/strong> a podporuje elasticitu a pevnos\u0165 va\u0161ej pleti.<\/p>\n<h3 data-start=\"2051\" data-end=\"2086\">Ako pou\u017e\u00edva\u0165 Horus Ru\u017eov\u00fd kr\u00e9m<\/h3>\n<ol data-start=\"2088\" data-end=\"2347\">\n<li data-start=\"2088\" data-end=\"2141\">\n<p data-start=\"2091\" data-end=\"2141\">Pred aplik\u00e1ciou d\u00f4kladne vy\u010distite ple\u0165.<\/p>\n<\/li>\n<li data-start=\"2142\" data-end=\"2232\">\n<p data-start=\"2145\" data-end=\"2232\">Aplikujte mal\u00e9 mno\u017estvo na <strong data-start=\"2174\" data-end=\"2191\">tv\u00e1r a telo<\/strong> jemn\u00fdmi, nahor kruhov\u00fdmi pohybmi.<\/p>\n<\/li>\n<li data-start=\"2233\" data-end=\"2285\">\n<p data-start=\"2236\" data-end=\"2285\">S\u00fastre\u010fte sa na such\u00e9 alebo nudn\u00e9 oblasti pre extra hydrat\u00e1ciu.<\/p>\n<\/li>\n<li data-start=\"2286\" data-end=\"2347\">\n<p data-start=\"2289\" data-end=\"2347\">Pou\u017e\u00edvajte denne pre najlep\u0161ie v\u00fdsledky a dlhodob\u00e9 zdravie pleti.<\/p>\n<\/li>\n<\/ol>\n<h3 data-start=\"2354\" data-end=\"2390\">Pre\u010do si vybra\u0165 Horus Ru\u017eov\u00fd kr\u00e9m?<\/h3>\n<ul data-start=\"2392\" data-end=\"2825\">\n<li data-start=\"2392\" data-end=\"2518\">\n<p data-start=\"2394\" data-end=\"2518\"><strong data-start=\"2397\" data-end=\"2423\">\u010cist\u00fd a pr\u00edrodn\u00fd vzorec<\/strong> \u2013 Vyroben\u00fd s <strong data-start=\"2439\" data-end=\"2461\">skuto\u010dn\u00fdmi extraktmi z ru\u017ee<\/strong>, vhodn\u00fd pre v\u0161etky typy pleti vr\u00e1tane citlivej.<\/p>\n<\/li>\n<li data-start=\"2519\" data-end=\"2630\">\n<p data-start=\"2521\" data-end=\"2630\"><strong data-start=\"2524\" data-end=\"2552\">Hlbok\u00e1 vlhkos\u0165 bez mastnoty<\/strong> \u2013 Hydratuje bez \u0165a\u017ekosti, r\u00fdchlo sa vstreb\u00e1va a nech\u00e1va zamatov\u00fd fini\u0161.<\/p>\n<\/li>\n<li data-start=\"2631\" data-end=\"2730\">\n<p data-start=\"2633\" data-end=\"2730\"><strong data-start=\"2636\" data-end=\"2653\">V\u0161estrann\u00e9 pou\u017eitie<\/strong> \u2013 Ide\u00e1lny pre <strong data-start=\"2668\" data-end=\"2685\">tv\u00e1r a telo<\/strong>, kompletn\u00e9 rie\u0161enie v jednej kr\u00e1snej n\u00e1dobe.<\/p>\n<\/li>\n<li data-start=\"2731\" data-end=\"2825\">\n<p data-start=\"2733\" data-end=\"2825\"><strong data-start=\"2738\" data-end=\"2755\">Vyroben\u00e9 v Egypte<\/strong> \u2013 Vytvoren\u00e9 s starostlivos\u0165ou od <strong data-start=\"2779\" data-end=\"2788\">Horus<\/strong>, d\u00f4veryhodn\u00e9ho mena v pr\u00edrodnej starostlivosti o ple\u0165.<\/p>\n<\/li>\n<\/ul>\n<h3 data-start=\"2832\" data-end=\"2855\">Podrobnosti o produkte<\/h3>\n<ul data-start=\"2857\" data-end=\"3168\">\n<li data-start=\"2857\" data-end=\"2895\">\n<p data-start=\"2859\" data-end=\"2895\"><strong data-start=\"2859\" data-end=\"2875\">N\u00e1zov produktu<\/strong>: Horus Ru\u017eov\u00fd kr\u00e9m<\/p>\n<\/li>\n<li data-start=\"2896\" data-end=\"2933\">\n<p data-start=\"2898\" data-end=\"2933\"><strong data-start=\"2898\" data-end=\"2906\">Typ<\/strong>: Hydrata\u010dn\u00fd kr\u00e9m pre tv\u00e1r a telo<\/p>\n<\/li>\n<li data-start=\"2934\" data-end=\"2958\">\n<p data-start=\"2936\" data-end=\"2958\"><strong data-start=\"2936\" data-end=\"2948\">Kapacita<\/strong>: 330 ml<\/p>\n<\/li>\n<li data-start=\"2959\" data-end=\"2996\">\n<p data-start=\"2961\" data-end=\"2996\"><strong data-start=\"2961\" data-end=\"2980\">Hlavn\u00e1 zlo\u017eka<\/strong>: Extrakt z ru\u017ee<\/p>\n<\/li>\n<li data-start=\"2997\" data-end=\"3024\">\n<p data-start=\"2999\" data-end=\"3024\"><strong data-start=\"2999\" data-end=\"3015\">V\u00fdrobca<\/strong>: Horus<\/p>\n<\/li>\n<li data-start=\"3025\" data-end=\"3047\">\n<p data-start=\"3027\" data-end=\"3047\"><strong data-start=\"3027\" data-end=\"3038\">Vyroben\u00e9 v<\/strong>: Egypt<\/p>\n<\/li>\n<li data-start=\"3048\" data-end=\"3095\">\n<p data-start=\"3050\" data-end=\"3095\"><strong data-start=\"3050\" data-end=\"3062\">Najlep\u0161ie pre<\/strong>: Such\u00fa, citliv\u00fa alebo starn\u00facu ple\u0165<\/p>\n<\/li>\n<li data-start=\"3096\" data-end=\"3130\">\n<p data-start=\"3098\" data-end=\"3130\"><strong data-start=\"3098\" data-end=\"3109\">Text\u00fara<\/strong>: \u013dahk\u00fd kr\u00e9m<\/p>\n<\/li>\n<li data-start=\"3131\" data-end=\"3168\">\n<p data-start=\"3133\" data-end=\"3168\"><strong data-start=\"3133\" data-end=\"3140\">Pou\u017eitie<\/strong>: Denn\u00e9, dopoludnie\/odpoludnie na \u010dist\u00fa ple\u0165<\/p>\n<\/li>\n<\/ul>\n<h2 data-start=\"5085\" data-end=\"5141\">Za\u017eite luxus starostlivosti o ple\u0165 s inf\u00faziou ru\u017ee<\/h2>\n<p data-start=\"5143\" data-end=\"5467\">Doprajte si kr\u00e1su a v\u00fdhody <strong data-start=\"5188\" data-end=\"5208\">Horus Ru\u017eov\u00e9ho kr\u00e9mu<\/strong> \u2013 ultim\u00e1tny hydrata\u010dn\u00fd kr\u00e9m pre denn\u00e9 rozmazn\u00e1vanie. \u010ci u\u017e h\u013ead\u00e1te upokojenie, v\u00fd\u017eivu alebo obnovu pleti, tento kr\u00e9m prin\u00e1\u0161a eleganciu pr\u00edrody do va\u0161ej rutiny. \u010eakajte nudnosti a vitajte <strong data-start=\"5415\" data-end=\"5447\">hodv\u00e1bnej, \u017eiarivej, zdravej pleti<\/strong> \u2013 ka\u017ed\u00fd de\u0148.<\/p>\n<p data-start=\"5469\" data-end=\"5523\"><strong data-start=\"5469\" data-end=\"5520\">C\u00edtite lesk. Milujte m\u00e4kkos\u0165. Vyberte Horus.<\/strong><\/p>\n<p style=\"text-align: center;\">\u010eakujeme za n\u00e1kup v <em data-start=\"415\" data-end=\"431\"><a href=\"https:\/\/bazaar.express\/sk\/\">Bazaar Express<\/a><\/em> \u2013 te\u0161\u00edme sa na v\u00e1s!<\/p>\n<p style=\"text-align: center;\">Va\u0161a cesta k lep\u0161ej starostlivosti o seba za\u010d\u00edna tu \u2013 s <a href=\"https:\/\/bazaar.express\/product-category\/beauty-care\/\">Beauty &#038; Care<\/a>, na ktor\u00fa sa m\u00f4\u017eete spo\u013eahn\u00fa\u0165.<\/p>\n","protected":false},"excerpt":{"rendered":"<h3>Horus Ru\u017eov\u00fd kr\u00e9m je luxusn\u00fd hydrata\u010dn\u00fd kr\u00e9m pre tv\u00e1r a telo s extraktmi z ru\u017ee na hydrat\u00e1ciu, upokojenie podr\u00e1\u017edenia a podporu mladistv\u00e9ho lesku.<\/h3>\n<h3><\/h3>\n","protected":false},"featured_media":9443,"comment_status":"open","ping_status":"closed","template":"","meta":[],"product_brand":[],"product_cat":[1160,1167],"product_tag":[1652,1655,1654],"class_list":{"0":"post-44338","1":"product","2":"type-product","3":"status-publish","4":"has-post-thumbnail","6":"product_cat-starostlivost-o-krasu","7":"product_cat-najlepsie-z-egypta","8":"product_tag-olej","9":"product_tag-starostlivost-o-krasu","10":"product_tag-starostlivost-o-plet","11":"pa_l-xl-330ml","13":"first","14":"instock","15":"sale","16":"shipping-taxable","17":"purchasable","18":"product-type-simple"},"_links":{"self":[{"href":"https:\/\/bazaar.express\/sk\/wp-json\/wp\/v2\/product\/44338","targetHints":{"allow":["GET"]}}],"collection":[{"href":"https:\/\/bazaar.express\/sk\/wp-json\/wp\/v2\/product"}],"about":[{"href":"https:\/\/bazaar.express\/sk\/wp-json\/wp\/v2\/types\/product"}],"replies":[{"embeddable":true,"href":"https:\/\/bazaar.express\/sk\/wp-json\/wp\/v2\/comments?post=44338"}],"wp:featuredmedia":[{"embeddable":true,"href":"https:\/\/bazaar.express\/sk\/wp-json\/wp\/v2\/media\/9443"}],"wp:attachment":[{"href":"https:\/\/bazaar.express\/sk\/wp-json\/wp\/v2\/media?parent=44338"}],"wp:term":[{"taxonomy":"product_brand","embeddable":true,"href":"https:\/\/bazaar.express\/sk\/wp-json\/wp\/v2\/product_brand?post=44338"},{"taxonomy":"product_cat","embeddable":true,"href":"https:\/\/bazaar.express\/sk\/wp-json\/wp\/v2\/product_cat?post=44338"},{"taxonomy":"product_tag","embeddable":true,"href":"https:\/\/bazaar.express\/sk\/wp-json\/wp\/v2\/product_tag?post=44338"}],"curies":[{"name":"wp","href":"https:\/\/api.w.org\/{rel}","templated":true}]}}