{"id":44342,"date":"2025-01-16T14:23:58","date_gmt":"2025-01-16T14:23:58","guid":{"rendered":"https:\/\/bazaar.express\/product\/olive-oil\/"},"modified":"2025-01-16T14:23:58","modified_gmt":"2025-01-16T14:23:58","slug":"olive-oil","status":"publish","type":"product","link":"https:\/\/bazaar.express\/sk\/produkt\/olive-oil\/","title":{"rendered":"Kr\u00e9m na tv\u00e1r a telo s olivov\u00fdm olejom"},"content":{"rendered":"<h2 data-start=\"307\" data-end=\"394\">Horus Kr\u00e9m na tv\u00e1r a telo s olivov\u00fdm olejom \u2013 Hlbok\u00e1 v\u00fd\u017eiva s pr\u00edrodnou olivovou silou<\/h2>\n<h3 data-start=\"396\" data-end=\"444\">Luxusn\u00e1 hydrat\u00e1cia in\u0161pirovan\u00e1 pr\u00edrodou<\/h3>\n<p data-start=\"446\" data-end=\"732\">Nech va\u0161a poko\u017eka u\u017e\u00edva bohat\u00fa, pr\u00edrodn\u00fa starostlivos\u0165 <strong data-start=\"494\" data-end=\"531\">Horus Kr\u00e9m na tv\u00e1r a telo s olivov\u00fdm olejom<\/strong>. Vyroben\u00fd z \u010dist\u00e9ho <strong data-start=\"551\" data-end=\"564\">olivov\u00e9ho oleja<\/strong> a <strong data-start=\"569\" data-end=\"584\">olivov\u00e9ho kr\u00e9mu<\/strong>, tento hlboko hydratuj\u00faci vzorec pon\u00faka va\u0161ej poko\u017eke omladzuj\u00faci boost, uzamyk\u00e1 vlhkos\u0165 a nech\u00e1va ju c\u00edti\u0165 sa <strong data-start=\"698\" data-end=\"731\">hedv\u00e1bne, \u017eiarivo a vy\u017eivene<\/strong>.<\/p>\n<p data-start=\"734\" data-end=\"1026\">\u010ci u\u017e bojujete so suchos\u0165ou, nudnos\u0165ou, alebo jednoducho chcete poskytn\u00fa\u0165 svojej poko\u017eke denn\u00fa starostlivos\u0165, ktor\u00e1 sa c\u00edti ako k\u00fape\u013en\u00fd ritu\u00e1l, tento kr\u00e9m je va\u0161e ide\u00e1lne rie\u0161enie. Navrhnut\u00fd pre <strong data-start=\"911\" data-end=\"928\">tv\u00e1r aj telo<\/strong>, kr\u00e9m Horus s olivov\u00fdm olejom je vhodn\u00fd pre <strong data-start=\"968\" data-end=\"986\">v\u0161etky typy poko\u017eky<\/strong> a dostato\u010dne jemn\u00fd na <strong data-start=\"1009\" data-end=\"1025\">ka\u017edodenn\u00e9 pou\u017eitie<\/strong>.<\/p>\n<h3 data-start=\"1033\" data-end=\"1099\">Olivov\u00fd olej a olivov\u00fd kr\u00e9m: Dokonal\u00e1 dvojica pre zdravie poko\u017eky<\/h3>\n<h4 data-start=\"1101\" data-end=\"1152\"><strong data-start=\"1109\" data-end=\"1152\">Olivov\u00fd olej \u2013 Hydrat\u00e1cia a zosilnenie \u017eiarivosti<\/strong><\/h4>\n<p data-start=\"1154\" data-end=\"1416\">Olivov\u00fd olej je pln\u00fd \u017eiv\u00edn prospe\u0161n\u00fdch pre poko\u017eku, ako s\u00fa <strong data-start=\"1206\" data-end=\"1233\">vitam\u00edny A, D, E a K<\/strong>, ako aj <strong data-start=\"1246\" data-end=\"1271\">esenci\u00e1lne mastn\u00e9 kyseliny<\/strong>, ktor\u00e9 hlboko hydratuj\u00fa, chr\u00e1nia a rozjas\u0148uj\u00fa va\u0161u poko\u017eku. Pom\u00e1ha obnovi\u0165 m\u00e4kkos\u0165 a \u017eiarivos\u0165, pri\u010dom bojuje proti environment\u00e1lnemu po\u0161kodeniu.<\/p>\n<h4 data-start=\"1418\" data-end=\"1469\"><strong data-start=\"1426\" data-end=\"1469\">Olivov\u00fd kr\u00e9m \u2013 V\u00fd\u017eiva poko\u017eky a ochrana<\/strong><\/h4>\n<p data-start=\"1471\" data-end=\"1696\">Olivov\u00fd kr\u00e9m je obohaten\u00fd o <strong data-start=\"1500\" data-end=\"1537\">pr\u00edrodn\u00e9 antioxidanty a miner\u00e1ly<\/strong>, ktor\u00e9 chr\u00e1nia va\u0161u poko\u017eku pred suchos\u0165ou a znakmi starnutia. Posil\u0148uje bari\u00e9ru poko\u017eky, zlep\u0161uje elasticitu a dod\u00e1va va\u0161ej poko\u017eke <strong data-start=\"1672\" data-end=\"1695\">hladk\u00fd, pru\u017en\u00fd pocit<\/strong>.<\/p>\n<h3 data-start=\"1703\" data-end=\"1755\">Ako pou\u017e\u00edva\u0165 kr\u00e9m Horus na tv\u00e1r a telo s olivov\u00fdm olejom<\/h3>\n<ul data-start=\"1757\" data-end=\"2016\">\n<li data-start=\"1757\" data-end=\"1889\">\n<p data-start=\"1759\" data-end=\"1889\"><strong data-start=\"1759\" data-end=\"1767\">Tv\u00e1r<\/strong>: Po vy\u010disten\u00ed naneste mal\u00e9 mno\u017estvo na tv\u00e1r a jemne mas\u00edrujte pohybmi zdola nahor v kruhu. Pou\u017e\u00edvajte r\u00e1no a ve\u010der.<\/p>\n<\/li>\n<li data-start=\"1890\" data-end=\"2016\">\n<p data-start=\"1892\" data-end=\"2016\"><strong data-start=\"1892\" data-end=\"1900\">Telo<\/strong>: Vmas\u00edrujte kr\u00e9m do such\u00fdch oblast\u00ed ako lakte, kolen\u00e1 a ruky. Ide\u00e1lne na pou\u017eitie po sprche na uzamknutie vlhkosti.<\/p>\n<\/li>\n<\/ul>\n<h3 data-start=\"2023\" data-end=\"2064\">Pre\u010do si vybra\u0165 kr\u00e9m Horus s olivov\u00fdm olejom?<\/h3>\n<ul data-start=\"2066\" data-end=\"2437\">\n<li data-start=\"2066\" data-end=\"2178\">\n<p data-start=\"2068\" data-end=\"2178\"><strong data-start=\"2071\" data-end=\"2090\">Pr\u00edrodn\u00fd vzorec<\/strong> \u2013 Kombinuje hydrata\u010dn\u00fa silu olivov\u00e9ho oleja a olivov\u00e9ho kr\u00e9mu na hlbok\u00fa v\u00fd\u017eivu poko\u017eky.<\/p>\n<\/li>\n<li data-start=\"2179\" data-end=\"2259\">\n<p data-start=\"2181\" data-end=\"2259\"><strong data-start=\"2184\" data-end=\"2205\">Denn\u00e1 \u017eiarivos\u0165<\/strong> \u2013 Udr\u017euje va\u0161u poko\u017eku m\u00e4kk\u00fa, zdrav\u00fa a \u017eiariv\u00fa cel\u00fd de\u0148.<\/p>\n<\/li>\n<li data-start=\"2260\" data-end=\"2352\">\n<p data-start=\"2262\" data-end=\"2352\"><strong data-start=\"2267\" data-end=\"2292\">S hrdos\u0165ou vyroben\u00e9 v Egypte<\/strong> \u2013 Vyroben\u00e9 s starostlivos\u0165ou z vysoko kvalitn\u00fdch pr\u00edrodn\u00fdch ingredienci\u00ed.<\/p>\n<\/li>\n<li data-start=\"2353\" data-end=\"2437\">\n<p data-start=\"2355\" data-end=\"2437\"><strong data-start=\"2358\" data-end=\"2386\">Jemn\u00e9 na v\u0161etky typy poko\u017eky<\/strong> \u2013 Ide\u00e1lne pre citliv\u00fa, such\u00fa alebo zmie\u0161an\u00fa poko\u017eku.<\/p>\n<\/li>\n<\/ul>\n<h3 data-start=\"2444\" data-end=\"2467\">Podrobnosti o produkte<\/h3>\n<ul data-start=\"2469\" data-end=\"2776\">\n<li data-start=\"2469\" data-end=\"2524\">\n<p data-start=\"2471\" data-end=\"2524\"><strong data-start=\"2471\" data-end=\"2487\">N\u00e1zov produktu<\/strong>: Horus Kr\u00e9m na tv\u00e1r a telo s olivov\u00fdm olejom<\/p>\n<\/li>\n<li data-start=\"2525\" data-end=\"2569\">\n<p data-start=\"2527\" data-end=\"2569\"><strong data-start=\"2527\" data-end=\"2535\">Typ<\/strong>: Univerz\u00e1lny hydrata\u010dn\u00fd kr\u00e9m<\/p>\n<\/li>\n<li data-start=\"2570\" data-end=\"2594\">\n<p data-start=\"2572\" data-end=\"2594\"><strong data-start=\"2572\" data-end=\"2584\">Objem<\/strong>: 330 ml<\/p>\n<\/li>\n<li data-start=\"2595\" data-end=\"2642\">\n<p data-start=\"2597\" data-end=\"2642\"><strong data-start=\"2597\" data-end=\"2616\">K\u013e\u00fa\u010dov\u00e9 ingrediencie<\/strong>: Olivov\u00fd olej, Olivov\u00fd kr\u00e9m<\/p>\n<\/li>\n<li data-start=\"2643\" data-end=\"2670\">\n<p data-start=\"2645\" data-end=\"2670\"><strong data-start=\"2645\" data-end=\"2661\">V\u00fdrobca<\/strong>: Horus<\/p>\n<\/li>\n<li data-start=\"2671\" data-end=\"2693\">\n<p data-start=\"2673\" data-end=\"2693\"><strong data-start=\"2673\" data-end=\"2684\">Vyroben\u00e9 v<\/strong>: Egypt<\/p>\n<\/li>\n<li data-start=\"2694\" data-end=\"2776\">\n<p data-start=\"2696\" data-end=\"2776\"><strong data-start=\"2696\" data-end=\"2708\">Najlep\u0161ie pre<\/strong>: Denn\u00fa hydrat\u00e1ciu, opravu suchej poko\u017eky, zm\u00e4k\u010denie a podporu proti starnutiu<\/p>\n<\/li>\n<\/ul>\n<h2 data-start=\"3113\" data-end=\"3163\">C\u00edtte stredomorsk\u00fd dotyk na svojej poko\u017eke<\/h2>\n<p data-start=\"3165\" data-end=\"3395\">Dajte svojej poko\u017eke <strong data-start=\"3184\" data-end=\"3215\">luxus pr\u00edrodn\u00e9ho olivov\u00e9ho oleja<\/strong> s kr\u00e9mom, ktor\u00fd rozmazn\u00e1va, chr\u00e1ni a revitalizuje. <strong data-start=\"3271\" data-end=\"3308\">Horus Kr\u00e9m na tv\u00e1r a telo s olivov\u00fdm olejom<\/strong> je viac ne\u017e len hydrata\u010dn\u00fd prostriedok \u2013 je to denn\u00fd p\u00f4\u017eitok z m\u00e4kkosti, sily a lesku.<\/p>\n<p data-start=\"3397\" data-end=\"3544\">Za\u017eite upokojuj\u00face objatie pr\u00edrody. <strong data-start=\"3440\" data-end=\"3453\">Objednajte si teraz<\/strong> a objavte poko\u017eku, ktor\u00e1 nie je len hydratovan\u00e1, ale skuto\u010dne <strong data-start=\"3511\" data-end=\"3543\">\u017eiariv\u00e1, hladk\u00e1 a svietiaca<\/strong>.<\/p>\n<p style=\"text-align: center;\">\u010eakujeme za n\u00e1kup v <em data-start=\"415\" data-end=\"431\"><a href=\"https:\/\/bazaar.express\/sk\/\">Bazaar Express<\/a><\/em> \u2013 te\u0161\u00edme sa na v\u00e1s!<\/p>\n<p style=\"text-align: center;\">Va\u0161a cesta k lep\u0161ej starostlivosti o seba za\u010d\u00edna tu \u2013 s <a href=\"https:\/\/bazaar.express\/product-category\/beauty-care\/\">Beauty &#038; Care<\/a>, na ktor\u00fa sa m\u00f4\u017eete spo\u013eahn\u00fa\u0165.<\/p>\n","protected":false},"excerpt":{"rendered":"<h3 data-start=\"425\" data-end=\"631\">Za\u017eite bohat\u00fa hydrat\u00e1ciu s kr\u00e9mom Horus na tv\u00e1r a telo s olivov\u00fdm olejom. Naplnen\u00fd olivov\u00fdm olejom a olivov\u00fdm kr\u00e9mom na hydrat\u00e1ciu, zm\u00e4k\u010denie a ochranu poko\u017eky pred suchos\u0165ou. Vhodn\u00fd na tv\u00e1r a telo. Vyroben\u00fd v Egypte.<\/h3>\n<p>&nbsp;<\/p>\n","protected":false},"featured_media":9447,"comment_status":"open","ping_status":"closed","template":"","meta":[],"product_brand":[],"product_cat":[1160],"product_tag":[1652,1655,1654],"class_list":{"0":"post-44342","1":"product","2":"type-product","3":"status-publish","4":"has-post-thumbnail","6":"product_cat-starostlivost-o-krasu","7":"product_tag-olej","8":"product_tag-starostlivost-o-krasu","9":"product_tag-starostlivost-o-plet","10":"pa_l-xl-330ml","12":"first","13":"instock","14":"sale","15":"shipping-taxable","16":"purchasable","17":"product-type-simple"},"_links":{"self":[{"href":"https:\/\/bazaar.express\/sk\/wp-json\/wp\/v2\/product\/44342","targetHints":{"allow":["GET"]}}],"collection":[{"href":"https:\/\/bazaar.express\/sk\/wp-json\/wp\/v2\/product"}],"about":[{"href":"https:\/\/bazaar.express\/sk\/wp-json\/wp\/v2\/types\/product"}],"replies":[{"embeddable":true,"href":"https:\/\/bazaar.express\/sk\/wp-json\/wp\/v2\/comments?post=44342"}],"wp:featuredmedia":[{"embeddable":true,"href":"https:\/\/bazaar.express\/sk\/wp-json\/wp\/v2\/media\/9447"}],"wp:attachment":[{"href":"https:\/\/bazaar.express\/sk\/wp-json\/wp\/v2\/media?parent=44342"}],"wp:term":[{"taxonomy":"product_brand","embeddable":true,"href":"https:\/\/bazaar.express\/sk\/wp-json\/wp\/v2\/product_brand?post=44342"},{"taxonomy":"product_cat","embeddable":true,"href":"https:\/\/bazaar.express\/sk\/wp-json\/wp\/v2\/product_cat?post=44342"},{"taxonomy":"product_tag","embeddable":true,"href":"https:\/\/bazaar.express\/sk\/wp-json\/wp\/v2\/product_tag?post=44342"}],"curies":[{"name":"wp","href":"https:\/\/api.w.org\/{rel}","templated":true}]}}