{"id":44344,"date":"2025-01-15T03:11:25","date_gmt":"2025-01-15T03:11:25","guid":{"rendered":"https:\/\/bazaar.express\/product\/mango-cream\/"},"modified":"2026-02-27T14:28:28","modified_gmt":"2026-02-27T14:28:28","slug":"mango-cream","status":"publish","type":"product","link":"https:\/\/bazaar.express\/sk\/produkt\/mango-cream\/","title":{"rendered":"Mango Kr\u00e9m na tv\u00e1r a telo"},"content":{"rendered":"<h2 data-start=\"177\" data-end=\"263\">Horus Mango Kr\u00e9m na tv\u00e1r a telo \u2013 Hlbok\u00e1 hydrat\u00e1cia s mangom, bambuck\u00fdm maslom a kokosov\u00fdm olejom<\/h2>\n<p data-start=\"265\" data-end=\"742\">\u017divte svoju poko\u017eku denne bohatou hydrat\u00e1ciou <strong data-start=\"316\" data-end=\"349\">Horus Mango Kr\u00e9mu na tv\u00e1r a telo<\/strong> \u2014 bohatou, kr\u00e9movou formulou naplnenou pr\u00edrodn\u00fdm extraktom z manga, bambuck\u00fdm maslom, kokosov\u00fdm olejom a vitam\u00ednom E. Navrhnut\u00fd na poskytnutie intenz\u00edvnej hydrat\u00e1cie a hebkosti, tento kr\u00e9m revitalizuje unaven\u00fa, such\u00fa a nudn\u00fa poko\u017eku, obnovuje jej \u017eiaru a pru\u017enos\u0165. \u010ci u\u017e chcete zmierni\u0165 hrub\u00e9 oblasti, zv\u00fd\u0161i\u0165 \u017eiarivos\u0165 alebo da\u0165 svojej poko\u017eke tropick\u00fa starostlivos\u0165, tento kr\u00e9m je ide\u00e1lnym rie\u0161en\u00edm pre tv\u00e1r a telo.<\/p>\n<h3 data-start=\"749\" data-end=\"791\"> Sila extraktu z manga pre poko\u017eku<\/h3>\n<p data-start=\"793\" data-end=\"916\">Extrakt z manga je pr\u00edrodn\u00e1 superpotravina pre poko\u017eku. Bohat\u00fd na vitam\u00edny A, C a E, spolu s antioxidantmi a mastn\u00fdmi kyselinami, pom\u00e1ha:<\/p>\n<ul data-start=\"918\" data-end=\"1114\">\n<li data-start=\"918\" data-end=\"971\">\n<p data-start=\"920\" data-end=\"971\"><strong data-start=\"920\" data-end=\"938\">Hlboko hydratova\u0165<\/strong> poko\u017eku a uzamkn\u00fa\u0165 vlhkos\u0165.<\/p>\n<\/li>\n<li data-start=\"972\" data-end=\"1045\">\n<p data-start=\"974\" data-end=\"1045\"><strong data-start=\"974\" data-end=\"1000\">Obnovi\u0165 nudn\u00fa, such\u00fa poko\u017eku<\/strong>, aby vyzerala jasnej\u0161ia a \u017eiv\u0161ia.<\/p>\n<\/li>\n<li data-start=\"1046\" data-end=\"1114\">\n<p data-start=\"1048\" data-end=\"1114\"><strong data-start=\"1048\" data-end=\"1069\">Uvo\u013eni\u0165 podr\u00e1\u017edenie<\/strong> a prinies\u0165 jemn\u00fa \u017eiaru na va\u0161u tv\u00e1r a telo.<\/p>\n<\/li>\n<\/ul>\n<h3 data-start=\"1121\" data-end=\"1165\"> Bambuck\u00e9 maslo: Najlep\u0161\u00ed hydrata\u010dn\u00fd prostriedok<\/h3>\n<p data-start=\"1167\" data-end=\"1207\">Bambuck\u00e9 maslo je zn\u00e1me svojou schopnos\u0165ou:<\/p>\n<ul data-start=\"1209\" data-end=\"1388\">\n<li data-start=\"1209\" data-end=\"1264\">\n<p data-start=\"1211\" data-end=\"1264\"><strong data-start=\"1211\" data-end=\"1233\">Opravi\u0165 a chr\u00e1ni\u0165<\/strong> such\u00fa, popraskan\u00fa alebo \u0161upinat\u00fa poko\u017eku.<\/p>\n<\/li>\n<li data-start=\"1265\" data-end=\"1318\">\n<p data-start=\"1267\" data-end=\"1318\"><strong data-start=\"1267\" data-end=\"1294\">Obnovi\u0165 pru\u017enos\u0165 poko\u017eky<\/strong> a zn\u00ed\u017ei\u0165 hrubos\u0165.<\/p>\n<\/li>\n<li data-start=\"1319\" data-end=\"1388\">\n<p data-start=\"1321\" data-end=\"1388\"><strong data-start=\"1321\" data-end=\"1350\">Vytvori\u0165 vlhkostn\u00fa bari\u00e9ru<\/strong> na udr\u017eanie poko\u017eky hebkej a pru\u017enej cel\u00fd de\u0148.<\/p>\n<\/li>\n<\/ul>\n<h3 data-start=\"1395\" data-end=\"1437\"> Vitam\u00edn E: Denn\u00fd \u0161t\u00edt va\u0161ej poko\u017eky<\/h3>\n<p data-start=\"1439\" data-end=\"1474\">Vitam\u00edn E zohr\u00e1va v\u00fdznamn\u00fa \u00falohu v:<\/p>\n<ul data-start=\"1476\" data-end=\"1696\">\n<li data-start=\"1476\" data-end=\"1549\">\n<p data-start=\"1478\" data-end=\"1549\"><strong data-start=\"1478\" data-end=\"1523\">Chr\u00e1nen\u00ed poko\u017eky pred environment\u00e1lnym po\u0161koden\u00edm<\/strong> ako slnko a zne\u010distenie.<\/p>\n<\/li>\n<li data-start=\"1550\" data-end=\"1612\">\n<p data-start=\"1552\" data-end=\"1612\"><strong data-start=\"1552\" data-end=\"1586\">Zosvet\u013eovan\u00ed jaziev a stri\u00ed<\/strong>, vyrovn\u00e1vanie t\u00f3nu poko\u017eky.<\/p>\n<\/li>\n<li data-start=\"1613\" data-end=\"1696\">\n<p data-start=\"1615\" data-end=\"1696\"><strong data-start=\"1615\" data-end=\"1642\">\u017divnut\u00ed a obnoven\u00ed<\/strong> prirodzenej bari\u00e9ry poko\u017eky pre mladistv\u00fd vzh\u013ead.<\/p>\n<\/li>\n<\/ul>\n<h3 data-start=\"1703\" data-end=\"1752\"> Kokosov\u00fd olej: Hedv\u00e1bna, hladk\u00e1 poko\u017eka zaka\u017ed\u00fdm<\/h3>\n<p data-start=\"1754\" data-end=\"1800\">Kokosov\u00fd olej prid\u00e1va upokojuj\u00faci dotyk, ktor\u00fd pom\u00e1ha:<\/p>\n<ul data-start=\"1802\" data-end=\"1990\">\n<li data-start=\"1802\" data-end=\"1838\">\n<p data-start=\"1804\" data-end=\"1838\"><strong data-start=\"1804\" data-end=\"1835\">Zm\u00e4kn\u00fa\u0165 tvrd\u00e9 alebo such\u00e9 miesta<\/strong>.<\/p>\n<\/li>\n<li data-start=\"1839\" data-end=\"1916\">\n<p data-start=\"1841\" data-end=\"1916\"><strong data-start=\"1841\" data-end=\"1864\">Ukludni\u0165 podr\u00e1\u017eden\u00fa poko\u017eku<\/strong>, najm\u00e4 po holen\u00ed alebo vystaven\u00ed slnku.<\/p>\n<\/li>\n<li data-start=\"1917\" data-end=\"1990\">\n<p data-start=\"1919\" data-end=\"1990\"><strong data-start=\"1919\" data-end=\"1960\">Zanecha\u0165 hedv\u00e1bny, nelepiv\u00fd pocit<\/strong> s prirodzene sladkou v\u00f4\u0148ou.<\/p>\n<\/li>\n<\/ul>\n<h3 data-start=\"1997\" data-end=\"2044\"> Ako pou\u017e\u00edva\u0165 Horus Mango Kr\u00e9m na tv\u00e1r a telo<\/h3>\n<p data-start=\"2046\" data-end=\"2194\"><strong data-start=\"2046\" data-end=\"2059\">Pre tv\u00e1r:<\/strong><br data-start=\"2059\" data-end=\"2062\" \/>Aplikujte mal\u00e9 mno\u017estvo na \u010dist\u00fa poko\u017eku. Jemne mas\u00edrujte kr\u00fa\u017eiv\u00fdmi pohybmi, k\u00fdm sa \u00faplne nevstreb\u00e1. Pou\u017e\u00edvajte r\u00e1no a ve\u010der pre najlep\u0161ie v\u00fdsledky.<\/p>\n<p data-start=\"2196\" data-end=\"2346\"><strong data-start=\"2196\" data-end=\"2209\">Pre telo:<\/strong><br data-start=\"2209\" data-end=\"2212\" \/>Hojne mas\u00edrujte do tela, najm\u00e4 na such\u00e9 oblasti ako lakte, kolen\u00e1 a p\u00e4ty. Vychutnajte si hebk\u00fa, \u017eiariv\u00fa poko\u017eku po\u010das cel\u00e9ho d\u0148a.<\/p>\n<h3 data-start=\"2353\" data-end=\"2389\"> Pre\u010do si vybra\u0165 Horus Mango Kr\u00e9m?<\/h3>\n<ul data-start=\"2391\" data-end=\"2688\">\n<li data-start=\"2391\" data-end=\"2487\">\n<p data-start=\"2393\" data-end=\"2487\">\u2705 <strong data-start=\"2395\" data-end=\"2418\">Pr\u00edrodn\u00e9 ingrediencie<\/strong> \u2013 Obsahuje extrakt z manga, bambuck\u00e9 maslo, vitam\u00edn E a kokosov\u00fd olej.<\/p>\n<\/li>\n<li data-start=\"2488\" data-end=\"2553\">\n<p data-start=\"2490\" data-end=\"2553\">\u2705 <strong data-start=\"2492\" data-end=\"2521\">Viac\u00fa\u010delov\u00fd hydrata\u010dn\u00fd prostriedok<\/strong> \u2013 Vhodn\u00fd pre tv\u00e1r a telo.<\/p>\n<\/li>\n<li data-start=\"2554\" data-end=\"2615\">\n<p data-start=\"2556\" data-end=\"2615\">\u2705 <strong data-start=\"2558\" data-end=\"2578\">R\u00fdchle vstreb\u00e1vanie<\/strong> \u2013 Bohat\u00e1 text\u00fara, nelepiv\u00fd fini\u0161.<\/p>\n<\/li>\n<li data-start=\"2616\" data-end=\"2688\">\n<p data-start=\"2618\" data-end=\"2688\">\u2705 <strong data-start=\"2620\" data-end=\"2637\">Vyroben\u00e9 v Egypte<\/strong> \u2013 Kvalitn\u00e1 egyptsk\u00e1 formul\u00e1cia, ktorej m\u00f4\u017eete veri\u0165.<\/p>\n<\/li>\n<\/ul>\n<h3 data-start=\"3003\" data-end=\"3026\"> Podrobnosti o produkte:<\/h3>\n<ul data-start=\"3028\" data-end=\"3103\">\n<li data-start=\"3028\" data-end=\"3052\">\n<p data-start=\"3030\" data-end=\"3052\"><strong data-start=\"3030\" data-end=\"3043\">Objem:<\/strong> 330 ml<\/p>\n<\/li>\n<li data-start=\"3053\" data-end=\"3080\">\n<p data-start=\"3055\" data-end=\"3080\"><strong data-start=\"3055\" data-end=\"3072\">V\u00fdrobca:<\/strong> Horus<\/p>\n<\/li>\n<li data-start=\"3081\" data-end=\"3103\">\n<p data-start=\"3083\" data-end=\"3103\"><strong data-start=\"3083\" data-end=\"3095\">Vyroben\u00e9 v:<\/strong> Egypt<\/p>\n<\/li>\n<\/ul>\n<h2 data-start=\"3110\" data-end=\"3137\">\u017diarte prirodzene ka\u017ed\u00fd de\u0148<\/h2>\n<p data-start=\"3139\" data-end=\"3459\">Nechte tropick\u00fa silu manga a bohatos\u0165 bambuck\u00e9ho masla spolupracova\u0165 v dokonalom s\u00falade, aby va\u0161a poko\u017eka dostala v\u0161etko, \u010do potrebuje na \u017eiaru. <strong data-start=\"3287\" data-end=\"3320\">Horus Mango Kr\u00e9m na tv\u00e1r a telo<\/strong> je v\u00e1\u0161 z\u00e1kladn\u00fd produkt pre vy\u017eiven\u00fa, hydratovan\u00fa a \u017eiariv\u00fa poko\u017eku. Urobte z neho s\u00fa\u010das\u0165 va\u0161ej dennej starostlivosti o poko\u017eku \u2014 va\u0161a poko\u017eka v\u00e1m bude v\u010fa\u010dn\u00e1.<\/p>\n<p style=\"text-align: center;\">\u010eakujeme za n\u00e1kup v <em data-start=\"415\" data-end=\"431\"><a href=\"https:\/\/bazaar.express\/sk\/\">Bazaar Express<\/a><\/em> \u2013 te\u0161\u00edme sa na v\u00e1s!<\/p>\n<p style=\"text-align: center;\">Va\u0161a cesta k lep\u0161ej starostlivosti o seba za\u010d\u00edna tu \u2014 s <a href=\"https:\/\/bazaar.express\/product-category\/beauty-care\/\">Beauty &#038; Care<\/a>, na ktor\u00fa sa m\u00f4\u017eete spo\u013eahn\u00fa\u0165.<\/p>\n","protected":false},"excerpt":{"rendered":"<h3>Horus Mango Kr\u00e9m na tv\u00e1r a telo je bohat\u00fd, vy\u017eivuj\u00faci hydrata\u010dn\u00fd prostriedok vyroben\u00fd z extraktu z manga, bambuck\u00e9ho masla, kokosov\u00e9ho oleja a vitam\u00ednu E. Ide\u00e1lny na denn\u00e9 pou\u017eitie, hydratuje such\u00fa poko\u017eku, obnovuje \u017eiaru a zanech\u00e1va va\u0161u tv\u00e1r a telo hladk\u00fa a osvie\u017een\u00fa.<\/h3>\n","protected":false},"featured_media":9448,"comment_status":"open","ping_status":"closed","template":"","meta":[],"product_brand":[],"product_cat":[1160,1167],"product_tag":[1652,1655,1654],"class_list":{"0":"post-44344","1":"product","2":"type-product","3":"status-publish","4":"has-post-thumbnail","6":"product_cat-starostlivost-o-krasu","7":"product_cat-najlepsie-z-egypta","8":"product_tag-olej","9":"product_tag-starostlivost-o-krasu","10":"product_tag-starostlivost-o-plet","11":"pa_l-xl-330ml","13":"first","14":"instock","15":"sale","16":"shipping-taxable","17":"purchasable","18":"product-type-simple"},"_links":{"self":[{"href":"https:\/\/bazaar.express\/sk\/wp-json\/wp\/v2\/product\/44344","targetHints":{"allow":["GET"]}}],"collection":[{"href":"https:\/\/bazaar.express\/sk\/wp-json\/wp\/v2\/product"}],"about":[{"href":"https:\/\/bazaar.express\/sk\/wp-json\/wp\/v2\/types\/product"}],"replies":[{"embeddable":true,"href":"https:\/\/bazaar.express\/sk\/wp-json\/wp\/v2\/comments?post=44344"}],"wp:featuredmedia":[{"embeddable":true,"href":"https:\/\/bazaar.express\/sk\/wp-json\/wp\/v2\/media\/9448"}],"wp:attachment":[{"href":"https:\/\/bazaar.express\/sk\/wp-json\/wp\/v2\/media?parent=44344"}],"wp:term":[{"taxonomy":"product_brand","embeddable":true,"href":"https:\/\/bazaar.express\/sk\/wp-json\/wp\/v2\/product_brand?post=44344"},{"taxonomy":"product_cat","embeddable":true,"href":"https:\/\/bazaar.express\/sk\/wp-json\/wp\/v2\/product_cat?post=44344"},{"taxonomy":"product_tag","embeddable":true,"href":"https:\/\/bazaar.express\/sk\/wp-json\/wp\/v2\/product_tag?post=44344"}],"curies":[{"name":"wp","href":"https:\/\/api.w.org\/{rel}","templated":true}]}}