{"id":44348,"date":"2025-01-15T02:33:45","date_gmt":"2025-01-15T02:33:45","guid":{"rendered":"https:\/\/bazaar.express\/product\/camel-milk-cream-3\/"},"modified":"2026-02-27T14:28:30","modified_gmt":"2026-02-27T14:28:30","slug":"camel-milk-cream-3","status":"publish","type":"product","link":"https:\/\/bazaar.express\/sk\/produkt\/camel-milk-cream-3\/","title":{"rendered":"Kr\u00e9m z \u0165avej mlieka a kokosov\u00e9ho kr\u00e9mu &#8211; Horus"},"content":{"rendered":"<h2 data-start=\"211\" data-end=\"293\">Kr\u00e9m Horus z \u0165avej mlieka a kokosov\u00e9ho kr\u00e9mu: Dokonal\u00e1 hydrat\u00e1cia pre prirodzene \u017eiariv\u00fa poko\u017eku<\/h2>\n<p data-start=\"295\" data-end=\"758\">Rozmazn\u00e1vajte svoju poko\u017eku kr\u00e9mom Horus z \u0165avej mlieka a kokosov\u00e9ho kr\u00e9mu, hlboko v\u00fd\u017eivnou formulou, ktor\u00e1 sp\u00e1ja dve najsilnej\u0161ie pr\u00edrodn\u00e9 ingrediencie pre poko\u017eku \u2013 \u0165avie mlieko a kokosov\u00fd olej. \u0160peci\u00e1lne navrhnut\u00fd na obnovu, hydrat\u00e1ciu a ochranu va\u0161ej poko\u017eky, tento luxusn\u00fd kr\u00e9m poskytuje hladk\u00fd, \u017eiariv\u00fd fini\u0161 pri ka\u017edom nanesen\u00ed. \u010ci u\u017e bojujete s suchos\u0165ou, po\u0161koden\u00edm od slnka alebo h\u013ead\u00e1te denn\u00fd starostlivos\u0165, tento kr\u00e9m je va\u0161\u00edm ide\u00e1lnym spolo\u010dn\u00edkom pre \u017eiariv\u00fa, mladistv\u00fa poko\u017eku.<\/p>\n<h3 data-start=\"760\" data-end=\"817\">\u00a0\u010co rob\u00ed kr\u00e9m z \u0165avej mlieka a kokosov\u00e9ho kr\u00e9mu tak \u00fa\u010dinn\u00fdm?<\/h3>\n<h4 data-start=\"819\" data-end=\"848\">Hlbok\u00e1, trval\u00e1 hydrat\u00e1cia<\/h4>\n<p data-start=\"849\" data-end=\"1066\">\u0164avie mlieko a kokosov\u00fd kr\u00e9m s\u00fa pln\u00e9 esenci\u00e1lnych mastn\u00fdch kysel\u00edn a vitam\u00ednov, ktor\u00e9 prenikaj\u00fa hlboko do poko\u017eky. Pom\u00e1haj\u00fa uzamkn\u00fa\u0165 vlhkos\u0165, zn\u00ed\u017ei\u0165 suchos\u0165 a vytvori\u0165 trval\u00fd m\u00e4kk\u00fd, pru\u017en\u00fd pocit, ktor\u00fd vydr\u017e\u00ed cel\u00fd de\u0148.<\/p>\n<h4 data-start=\"1068\" data-end=\"1097\">Prirodzene \u017eiariv\u00e1 poko\u017eka<\/h4>\n<p data-start=\"1098\" data-end=\"1325\">Dovidenia nudnej poko\u017eke! T\u00e1to bohat\u00e1 formula o\u017eivuje prirodzen\u00fd lesk va\u0161ej poko\u017eky a vyrovn\u00e1va t\u00f3n. Zosvet\u013eovacie vlastnosti \u0165avieho mlieka spolupracuj\u00fa s kokosov\u00fdm olejom na obnovenie vitality a nechaj\u00fa va\u0161u poko\u017eku svie\u017eu a \u017eiariv\u00fa.<\/p>\n<h4 data-start=\"1327\" data-end=\"1366\">\u00da\u013eava od sp\u00e1lenia slnkom a upokojenie poko\u017eky<\/h4>\n<p data-start=\"1367\" data-end=\"1577\">Str\u00e1vili ste pr\u00edli\u0161 ve\u013ea \u010dasu na slnku? Prirodzen\u00e9 protiz\u00e1palov\u00e9 vlastnosti \u0165avieho mlieka a kokosov\u00e9ho oleja pom\u00e1haj\u00fa ochladi\u0165 sp\u00e1len\u00fa poko\u017eku, zn\u00ed\u017ei\u0165 za\u010dervenanie a ur\u00fdchli\u0165 hojiv\u00fd proces \u2013 \u010do ho rob\u00ed ide\u00e1lnym na starostlivos\u0165 po slnku.<\/p>\n<h4 data-start=\"1579\" data-end=\"1621\">Zosvetlenie tmav\u00fdch \u0161kv\u0155n a vyhladenie jemn\u00fdch vr\u00e1sok<\/h4>\n<p data-start=\"1622\" data-end=\"1833\">Pravideln\u00e9 pou\u017e\u00edvanie tohto kr\u00e9mu podporuje regener\u00e1ciu ko\u017en\u00fdch buniek, pom\u00e1ha zn\u00ed\u017ei\u0165 vzh\u013ead tmav\u00fdch \u0161kv\u0155n, jemn\u00fdch vr\u00e1sok a vr\u00e1sok. Zjem\u0148uje text\u00faru a zlep\u0161uje t\u00f3n pre hlad\u0161iu, mladistvej\u0161iu vyzeraj\u00facu poko\u017eku.<\/p>\n<h4 data-start=\"1835\" data-end=\"1874\">Upokojuj\u00faca starostlivos\u0165 pre citliv\u00fa poko\u017eku<\/h4>\n<p data-start=\"1875\" data-end=\"2038\">T\u00e1to kr\u00e9mov\u00e1 zmes okam\u017eite upokojuje podr\u00e1\u017edenie, \u010do ju rob\u00ed ide\u00e1lnou pre citliv\u00fa alebo vystresovan\u00fa poko\u017eku. Jemn\u00e1, no \u00fa\u010dinn\u00e1, prin\u00e1\u0161a okam\u017eit\u00e9 pohodlie a dlhodob\u00fa starostlivos\u0165.<\/p>\n<h3 data-start=\"2045\" data-end=\"2095\">\u00a0Ako pou\u017e\u00edva\u0165 kr\u00e9m Horus z \u0165avej mlieka a kokosov\u00e9ho kr\u00e9mu<\/h3>\n<ul data-start=\"2097\" data-end=\"2285\">\n<li data-start=\"2097\" data-end=\"2154\">\n<p data-start=\"2099\" data-end=\"2154\"><strong data-start=\"2099\" data-end=\"2110\">Krok 1:<\/strong> Naneste ve\u013ekorys\u00e9 mno\u017estvo na \u010dist\u00fa, such\u00fa poko\u017eku.<\/p>\n<\/li>\n<li data-start=\"2155\" data-end=\"2225\">\n<p data-start=\"2157\" data-end=\"2225\"><strong data-start=\"2157\" data-end=\"2168\">Krok 2:<\/strong> Jemne mas\u00edrujte kr\u00fa\u017eiv\u00fdmi pohybmi, k\u00fdm sa plne nevstreb\u00e1.<\/p>\n<\/li>\n<li data-start=\"2226\" data-end=\"2285\">\n<p data-start=\"2228\" data-end=\"2285\"><strong data-start=\"2228\" data-end=\"2239\">Krok 3:<\/strong> Pou\u017e\u00edvajte denne \u2013 r\u00e1no a ve\u010der \u2013 pre najlep\u0161ie v\u00fdsledky.<\/p>\n<\/li>\n<\/ul>\n<p data-start=\"2287\" data-end=\"2393\">Za\u010dle\u0148te ho do svojho denn\u00e9ho ritu\u00e1lu starostlivosti o poko\u017eku, aby ste udr\u017eali hladk\u00fa, zdrav\u00fa, \u017eiariv\u00fa poko\u017eku od hlavy po p\u00e4ty.<\/p>\n<h3 data-start=\"2400\" data-end=\"2450\">\u00a0Pre\u010do si vybra\u0165 kr\u00e9m Horus z \u0165avej mlieka a kokosov\u00e9ho kr\u00e9mu?<\/h3>\n<ul data-start=\"2452\" data-end=\"2718\">\n<li data-start=\"2452\" data-end=\"2549\">\n<p data-start=\"2454\" data-end=\"2549\"><strong data-start=\"2454\" data-end=\"2477\">Pr\u00edrodn\u00e9 ingrediencie<\/strong>: Obohaten\u00fd o \u0165avie mlieko a kokosov\u00fd olej pre dokonal\u00fa v\u00fd\u017eivu poko\u017eky.<\/p>\n<\/li>\n<li data-start=\"2550\" data-end=\"2625\">\n<p data-start=\"2552\" data-end=\"2625\"><strong data-start=\"2552\" data-end=\"2581\">Jemn\u00e9 pre v\u0161etky typy poko\u017eky<\/strong>: Bezpe\u010dn\u00e9 a upokojuj\u00face \u2013 dokonca aj pre citliv\u00fa poko\u017eku.<\/p>\n<\/li>\n<li data-start=\"2626\" data-end=\"2718\">\n<p data-start=\"2628\" data-end=\"2718\"><strong data-start=\"2628\" data-end=\"2645\">Vyroben\u00e9 v Egypte<\/strong>: Vyroben\u00e9 lok\u00e1lne s pr\u00e9miov\u00fdmi ingredienciami a d\u00f4veryhodnou starostlivos\u0165ou Horus.<\/p>\n<\/li>\n<\/ul>\n<p data-start=\"2720\" data-end=\"2742\"><strong data-start=\"2720\" data-end=\"2740\">Podrobnosti o produkte:<\/strong><\/p>\n<ul data-start=\"2743\" data-end=\"2817\">\n<li data-start=\"2743\" data-end=\"2763\">\n<p data-start=\"2745\" data-end=\"2763\"><strong data-start=\"2745\" data-end=\"2754\">Ve\u013ekos\u0165:<\/strong> 330 ml<\/p>\n<\/li>\n<li data-start=\"2764\" data-end=\"2784\">\n<p data-start=\"2766\" data-end=\"2784\"><strong data-start=\"2766\" data-end=\"2776\">Zna\u010dka:<\/strong> Horus<\/p>\n<\/li>\n<li data-start=\"2785\" data-end=\"2817\">\n<p data-start=\"2787\" data-end=\"2817\"><strong data-start=\"2787\" data-end=\"2809\">Krajina p\u00f4vodu:<\/strong> Egypt<\/p>\n<\/li>\n<\/ul>\n<h2 data-start=\"3159\" data-end=\"3219\">\u00a0Rozmaznajte svoju poko\u017eku bohatstvom z \u0165avej mlieka a kokosu<\/h2>\n<p data-start=\"3221\" data-end=\"3423\">Nechajte svoju poko\u017eku \u017eiarivo s prirodzenou hydrat\u00e1ciou a m\u00e4kkou, zdravou starostlivos\u0165ou. Kr\u00e9m Horus z \u0165avej mlieka a kokosov\u00e9ho kr\u00e9mu je va\u0161ou ka\u017edodennou esenciou starostlivosti o poko\u017eku \u2013 prin\u00e1\u0161a v\u00e1m m\u00e4kkos\u0165, ochranu a lesk, ktor\u00fd va\u0161a poko\u017eka zasl\u00fa\u017ei.<\/p>\n<p data-start=\"3425\" data-end=\"3495\"><strong data-start=\"3425\" data-end=\"3495\">Vysk\u00fa\u0161ajte ho dnes a u\u017eite si upokojuj\u00faci dotyk pr\u00edrody v ka\u017edej kvapke.<\/strong><\/p>\n<p style=\"text-align: center;\">\u010eakujeme za n\u00e1kup v <em data-start=\"415\" data-end=\"431\"><a href=\"https:\/\/bazaar.express\/sk\/\">Bazaar Express<\/a><\/em> \u2013 te\u0161\u00edme sa na v\u00e1s!<\/p>\n<p style=\"text-align: center;\">Va\u0161a cesta k lep\u0161ej starostlivosti o seba sa za\u010d\u00edna tu \u2013 s <a href=\"https:\/\/bazaar.express\/product-category\/beauty-care\/\">Beauty &#038; Care<\/a>, na ktor\u00fa sa m\u00f4\u017eete spo\u013eahn\u00fa\u0165.<\/p>\n","protected":false},"excerpt":{"rendered":"<h3 data-start=\"430\" data-end=\"687\">Kr\u00e9m Horus z \u0165avej mlieka a kokosov\u00e9ho kr\u00e9mu poskytuje hlbok\u00fa hydrat\u00e1ciu, upokojuje podr\u00e1\u017edenie a podporuje \u017eiariv\u00fa, zdrav\u00fa poko\u017eku. Ide\u00e1lny pre denn\u00fa starostlivos\u0165 o tv\u00e1r a telo, tento luxusn\u00fd kr\u00e9m 330 ml je obohaten\u00fd o \u0165avie mlieko a kokosov\u00fd olej pre prirodzene \u017eiariv\u00fd vzh\u013ead.<\/h3>\n","protected":false},"featured_media":9452,"comment_status":"open","ping_status":"closed","template":"","meta":[],"product_brand":[],"product_cat":[1160,1169,1167],"product_tag":[1672,1653,1654],"class_list":{"0":"post-44348","1":"product","2":"type-product","3":"status-publish","4":"has-post-thumbnail","6":"product_cat-starostlivost-o-krasu","7":"product_cat-horuce-ponuky","8":"product_cat-najlepsie-z-egypta","9":"product_tag-mlieko-tave-pre-pokozku","10":"product_tag-prirodny-olej","11":"product_tag-starostlivost-o-plet","12":"pa_l-xl-330ml","14":"first","15":"instock","16":"sale","17":"shipping-taxable","18":"purchasable","19":"product-type-simple"},"_links":{"self":[{"href":"https:\/\/bazaar.express\/sk\/wp-json\/wp\/v2\/product\/44348","targetHints":{"allow":["GET"]}}],"collection":[{"href":"https:\/\/bazaar.express\/sk\/wp-json\/wp\/v2\/product"}],"about":[{"href":"https:\/\/bazaar.express\/sk\/wp-json\/wp\/v2\/types\/product"}],"replies":[{"embeddable":true,"href":"https:\/\/bazaar.express\/sk\/wp-json\/wp\/v2\/comments?post=44348"}],"wp:featuredmedia":[{"embeddable":true,"href":"https:\/\/bazaar.express\/sk\/wp-json\/wp\/v2\/media\/9452"}],"wp:attachment":[{"href":"https:\/\/bazaar.express\/sk\/wp-json\/wp\/v2\/media?parent=44348"}],"wp:term":[{"taxonomy":"product_brand","embeddable":true,"href":"https:\/\/bazaar.express\/sk\/wp-json\/wp\/v2\/product_brand?post=44348"},{"taxonomy":"product_cat","embeddable":true,"href":"https:\/\/bazaar.express\/sk\/wp-json\/wp\/v2\/product_cat?post=44348"},{"taxonomy":"product_tag","embeddable":true,"href":"https:\/\/bazaar.express\/sk\/wp-json\/wp\/v2\/product_tag?post=44348"}],"curies":[{"name":"wp","href":"https:\/\/api.w.org\/{rel}","templated":true}]}}