{"id":44356,"date":"2025-01-14T15:11:46","date_gmt":"2025-01-14T15:11:46","guid":{"rendered":"https:\/\/bazaar.express\/product\/black-seed-honey\/"},"modified":"2025-01-14T15:11:46","modified_gmt":"2025-01-14T15:11:46","slug":"black-seed-honey","status":"publish","type":"product","link":"https:\/\/bazaar.express\/sk\/produkt\/black-seed-honey\/","title":{"rendered":"Pr\u00edrodn\u00fd med z \u010dierneho semienka | 100% \u010dist\u00fd"},"content":{"rendered":"<h2 data-start=\"231\" data-end=\"323\">Pr\u00edrodn\u00fd med z \u010dierneho semienka \u2013 El-Baraka: 100% \u010dist\u00fd, surov\u00fd a pr\u00edrodn\u00fd med na posilnenie v\u00e1\u0161ho zdravia<\/h2>\n<h3 data-start=\"325\" data-end=\"383\">Zlat\u00fd dar od pr\u00edrody \u2013 Med z \u010dierneho semienka El-Baraka<\/h3>\n<p data-start=\"385\" data-end=\"842\">Objavte neprekonate\u013en\u00e9 zdravotn\u00e9 benefity <strong data-start=\"427\" data-end=\"470\">pr\u00edrodn\u00e9ho medu z \u010dierneho semienka od El-Baraka<\/strong>, skuto\u010dn\u00fd surov\u00fd a nespracovan\u00fd poklad priamo od pr\u00edrody. Vyroben\u00fd v\u010delami, ktor\u00e9 zbieraj\u00fa nekt\u00e1r z kvetov rastliny \u010dierneho semienka, tento med zachov\u00e1va ka\u017ed\u00fa kvapku nutri\u010dnej sily \u2013 bez filtrovania, bez pasteriz\u00e1cie, len skuto\u010dn\u00fd produkt. S ka\u017edou ly\u017ei\u010dkou nielen ochutn\u00e1vate med \u2013 vy\u017eivujete svoje telo, posil\u0148ujete imunitu a \u017eiv\u00edte du\u0161u.<\/p>\n<h3 data-start=\"844\" data-end=\"894\">Pre\u010do si vybra\u0165 pr\u00edrodn\u00fd med z \u010dierneho semienka El-Baraka?<\/h3>\n<h4 data-start=\"896\" data-end=\"957\">\u00a0100% surov\u00fd a \u010dist\u00fd \u2013 Ni\u010d nepridan\u00e9, ni\u010d neodobran\u00e9<\/h4>\n<p data-start=\"958\" data-end=\"1225\">Na rozdiel od spracovan\u00e9ho medu si med z \u010dierneho semienka El-Baraka zachov\u00e1va <strong data-start=\"1017\" data-end=\"1068\">ka\u017ed\u00fd pr\u00edrodn\u00fd enz\u00fdm, antioxidant a \u017eivinu<\/strong>. Chladom extrahovan\u00fd a nedotknut\u00fd teplom alebo chemik\u00e1liami, prin\u00e1\u0161a bohat\u00fa, hust\u00fa konzistenciu s hlbokou kvetinovou-zemitou pr\u00edchu\u0165ou jedine\u010dnou pre rastlinu \u010dierneho semienka.<\/p>\n<h4 data-start=\"1227\" data-end=\"1284\">\u00a0Bohat\u00fd na antioxidanty \u2013 Sila pre va\u0161e bunky<\/h4>\n<p data-start=\"1285\" data-end=\"1493\">Tento med je <strong data-start=\"1299\" data-end=\"1331\">sila antioxidantov<\/strong>, pom\u00e1ha bojova\u0165 proti vo\u013en\u00fdm radik\u00e1lom, spoma\u013euje starnutie a chr\u00e1ni bunky v\u00e1\u0161ho tela. Prirodzene podporuje v\u00e1\u0161 imunitn\u00fd syst\u00e9m a zvy\u0161uje celkov\u00fa energiu a vitalitu.<\/p>\n<h4 data-start=\"1495\" data-end=\"1550\">\u00a0Prirodzen\u00e1 antibakteri\u00e1lna a antifung\u00e1lna ochrana<\/h4>\n<p data-start=\"1551\" data-end=\"1763\">Med z \u010dierneho semienka El-Baraka je <strong data-start=\"1583\" data-end=\"1615\">prirodzen\u00fd \u0161t\u00edt proti bakt\u00e9ri\u00e1m<\/strong>. V\u010faka svojim antifung\u00e1lnym a antibakteri\u00e1lnym vlastnostiam pom\u00e1ha chr\u00e1ni\u0165 telo pred be\u017en\u00fdmi infekciami \u2013 rob\u00ed ho va\u0161\u00edm ka\u017edodenn\u00fdm prirodzen\u00fdm liekom.<\/p>\n<h4 data-start=\"1765\" data-end=\"1816\">\u00a0Podporuje hojenie ko\u017ee a zni\u017euje podr\u00e1\u017edenie<\/h4>\n<p data-start=\"1817\" data-end=\"1991\">Aplikujte ho lok\u00e1lne na <strong data-start=\"1839\" data-end=\"1887\">hojenie r\u00e1n, pop\u00e1len\u00edn a suchej alebo zap\u00e1lenej ko\u017ee<\/strong>. Jeho antibakteri\u00e1lna povaha pom\u00e1ha predch\u00e1dza\u0165 infekci\u00e1m, zatia\u013e \u010do jeho zvlh\u010duj\u00face vlastnosti vy\u017eivuj\u00fa a upokojuj\u00fa.<\/p>\n<h4 data-start=\"1993\" data-end=\"2037\">\u00a0Zlep\u0161uje tr\u00e1venie a zdravie \u010driev<\/h4>\n<p data-start=\"2038\" data-end=\"2189\">Dajte zbohom nafukovaniu a tr\u00e1viacim probl\u00e9mom. Med z \u010dierneho semienka je zn\u00e1my t\u00fdm, \u017ee <strong data-start=\"2108\" data-end=\"2137\">podporuje zdrav\u00e9 tr\u00e1venie<\/strong>, upokojuje \u017eal\u00fadok a zlep\u0161uje vstreb\u00e1vanie \u017eiv\u00edn.<\/p>\n<h4 data-start=\"2191\" data-end=\"2240\">\u00a0Prirodzene upokojuje bolestiv\u00e9 hrdlo a ka\u0161e\u013e<\/h4>\n<p data-start=\"2241\" data-end=\"2446\">\u010ci u\u017e ho beriete ly\u017ei\u010dkou alebo zmie\u0161an\u00fd v teplej \u010daji, tento med <strong data-start=\"2306\" data-end=\"2342\">zmier\u0148uje bolestiv\u00e9 hrdlo a ka\u0161e\u013e<\/strong>.<\/p>\n<p data-start=\"2241\" data-end=\"2446\">Jeho protiz\u00e1palov\u00e9 a upokojuj\u00face vlastnosti ho robia prirodzenou alternat\u00edvou k vo\u013enopredajn\u00fdm sirupom.<\/p>\n<h3 data-start=\"2453\" data-end=\"2497\">Sp\u00f4soby, ako si vychutna\u0165 med z \u010dierneho semienka El-Baraka<\/h3>\n<ul data-start=\"2499\" data-end=\"2923\">\n<li data-start=\"2499\" data-end=\"2588\">\n<p data-start=\"2501\" data-end=\"2588\"><strong data-start=\"2501\" data-end=\"2526\">Denn\u00fd ritu\u00e1l wellness<\/strong>: Vezmite ly\u017ei\u010dku na pr\u00e1zdny \u017eal\u00fadok, aby ste prebudili imunitu.<\/p>\n<\/li>\n<li data-start=\"2589\" data-end=\"2680\">\n<p data-start=\"2591\" data-end=\"2680\"><strong data-start=\"2591\" data-end=\"2609\">V tepl\u00fdch n\u00e1pojoch<\/strong>: Pridajte do \u010daju, bylinn\u00fdch n\u00e1levov alebo citr\u00f3novej vody pre upokojuj\u00faci komfort.<\/p>\n<\/li>\n<li data-start=\"2681\" data-end=\"2753\">\n<p data-start=\"2683\" data-end=\"2753\"><strong data-start=\"2683\" data-end=\"2703\">Na bolestiv\u00e9 hrdlo<\/strong>: Zmie\u0161ajte s teplou vodou alebo citr\u00f3nom pre prirodzen\u00fa \u00fa\u013eavu.<\/p>\n<\/li>\n<li data-start=\"2754\" data-end=\"2834\">\n<p data-start=\"2756\" data-end=\"2834\"><strong data-start=\"2756\" data-end=\"2791\">V smoothies a zdrav\u00fdch dezertoch<\/strong>: Pridajte sladk\u00fa, v\u00fd\u017eivn\u00fa d\u00e1vku do receptov.<\/p>\n<\/li>\n<li data-start=\"2835\" data-end=\"2923\">\n<p data-start=\"2837\" data-end=\"2923\"><strong data-start=\"2837\" data-end=\"2860\">Lok\u00e1lna aplik\u00e1cia<\/strong>: Aplikujte na rezy, drobn\u00e9 pop\u00e1leniny alebo such\u00fa ko\u017eu pre hojiv\u00e9 benefity.<\/p>\n<\/li>\n<\/ul>\n<h3 data-start=\"2930\" data-end=\"2971\">\u010co rob\u00ed med El-Baraka v\u00fdnimo\u010dn\u00fdm?<\/h3>\n<p data-start=\"2973\" data-end=\"3266\">V El-Baraka je <strong data-start=\"2987\" data-end=\"3012\">\u010distota n\u00e1\u0161 s\u013eub<\/strong>. N\u00e1\u0161 med z \u010dierneho semienka je zbieran\u00fd s starostlivos\u0165ou, nikdy nemenn\u00fd a v\u017edy balen\u00fd s integritou. Kombinuje <strong data-start=\"3120\" data-end=\"3147\">storo\u010dia star\u00fa trad\u00edciu<\/strong> s modern\u00fdmi zdravotn\u00fdmi potrebami \u2013 ide\u00e1lny pre t\u00fdch, ktor\u00ed chc\u00fa prirodzen\u00fd a efekt\u00edvny sp\u00f4sob posilnenia tela a wellness.<\/p>\n<p data-start=\"3268\" data-end=\"3444\">\u010ci u\u017e h\u013ead\u00e1te <strong data-start=\"3294\" data-end=\"3373\">posilnenie imunitn\u00e9ho syst\u00e9mu, prirodzen\u00e9 hojenie alebo vychutnanie si jedine\u010dnej chutnej poch\u00fa\u0165ky<\/strong>, pr\u00edrodn\u00fd med z \u010dierneho semienka El-Baraka je v\u00e1\u0161 ultim\u00e1tny zdravotn\u00fd spolo\u010dn\u00edk.<\/p>\n<h3 data-start=\"3838\" data-end=\"3891\">Urobte z pr\u00edrody svojho ka\u017edodenn\u00e9ho spojenca \u2013 Vysk\u00fa\u0161ajte El-Baraka dnes<\/h3>\n<p data-start=\"3893\" data-end=\"4132\"><strong data-start=\"3893\" data-end=\"3931\">Pr\u00edrodn\u00fd med z \u010dierneho semienka El-Baraka<\/strong> nie je len \u010fal\u0161\u00ed sladidlo \u2013 je to z\u00e1klad wellness. Od pomoci pri tr\u00e1ven\u00ed a imunite po hojenie ko\u017ee a zmiernenie bolesti hrdla, t\u00e1to n\u00e1doba zlat\u00e9ho dobra je ultim\u00e1tny dar od pr\u00edrody.<\/p>\n<p data-start=\"4134\" data-end=\"4245\"><strong data-start=\"4134\" data-end=\"4147\">Objednajte si teraz<\/strong> a nech ka\u017ed\u00e1 ly\u017ei\u010dka prin\u00e1\u0161a zdravie, trad\u00edciu a chu\u0165 \u2013 priamo z \u00fa\u013ea do v\u00e1\u0161ho domova.<\/p>\n<p style=\"text-align: center;\">\u010eakujeme za n\u00e1kup v <em data-start=\"415\" data-end=\"431\"><a href=\"https:\/\/bazaar.express\/sk\/\">Bazaar Express<\/a><\/em> \u2013 te\u0161\u00edme sa, \u017ee ste tu!<\/p>\n<p style=\"text-align: center;\">Ochutnajte trad\u00edciu s na\u0161ou ru\u010dne vybranou selekciou <a href=\"https:\/\/bazaar.express\/product-category\/egyptian-flavors\/\">Egyptsk\u00fdch chut\u00ed<\/a> a koren\u00edn.<\/p>\n","protected":false},"excerpt":{"rendered":"<h3 data-start=\"414\" data-end=\"642\">Pr\u00edrodn\u00fd med z \u010dierneho semienka El-Baraka je 100% surov\u00fd a nefiltrovan\u00fd, zbieran\u00fd od v\u010diel k\u0155mnych na kvetoch \u010dierneho semienka. Bohat\u00fd na antioxidanty a enz\u00fdmy, podporuje tr\u00e1venie, imunitu a zdravie ko\u017ee. Skuto\u010dn\u00e9 superpotravina od pr\u00edrody.<\/h3>\n","protected":false},"featured_media":44357,"comment_status":"open","ping_status":"closed","template":"","meta":[],"product_brand":[],"product_cat":[1163,1167,1170],"product_tag":[1694,1667],"class_list":{"0":"post-44356","1":"product","2":"type-product","3":"status-publish","4":"has-post-thumbnail","6":"product_cat-egyptske-chute","7":"product_cat-najlepsie-z-egypta","8":"product_cat-prirodne-oleje-el-baraka","9":"product_tag-prirodne-prichute","10":"product_tag-zdravy","11":"pa_l-xl-1000ml","12":"pa_l-xl-500ml","14":"first","15":"instock","16":"sale","17":"shipping-taxable","18":"purchasable","19":"product-type-variable"},"_links":{"self":[{"href":"https:\/\/bazaar.express\/sk\/wp-json\/wp\/v2\/product\/44356","targetHints":{"allow":["GET"]}}],"collection":[{"href":"https:\/\/bazaar.express\/sk\/wp-json\/wp\/v2\/product"}],"about":[{"href":"https:\/\/bazaar.express\/sk\/wp-json\/wp\/v2\/types\/product"}],"replies":[{"embeddable":true,"href":"https:\/\/bazaar.express\/sk\/wp-json\/wp\/v2\/comments?post=44356"}],"wp:featuredmedia":[{"embeddable":true,"href":"https:\/\/bazaar.express\/sk\/wp-json\/wp\/v2\/media\/44357"}],"wp:attachment":[{"href":"https:\/\/bazaar.express\/sk\/wp-json\/wp\/v2\/media?parent=44356"}],"wp:term":[{"taxonomy":"product_brand","embeddable":true,"href":"https:\/\/bazaar.express\/sk\/wp-json\/wp\/v2\/product_brand?post=44356"},{"taxonomy":"product_cat","embeddable":true,"href":"https:\/\/bazaar.express\/sk\/wp-json\/wp\/v2\/product_cat?post=44356"},{"taxonomy":"product_tag","embeddable":true,"href":"https:\/\/bazaar.express\/sk\/wp-json\/wp\/v2\/product_tag?post=44356"}],"curies":[{"name":"wp","href":"https:\/\/api.w.org\/{rel}","templated":true}]}}