{"id":44361,"date":"2025-01-14T14:16:51","date_gmt":"2025-01-14T14:16:51","guid":{"rendered":"https:\/\/bazaar.express\/product\/nature-olive-oil\/"},"modified":"2025-01-14T14:16:51","modified_gmt":"2025-01-14T14:16:51","slug":"nature-olive-oil","status":"publish","type":"product","link":"https:\/\/bazaar.express\/sk\/produkt\/nature-olive-oil\/","title":{"rendered":"Pr\u00edrodn\u00fd olivov\u00fd olej \u2013 El Baraka"},"content":{"rendered":"<h2 data-start=\"262\" data-end=\"354\"><strong data-start=\"265\" data-end=\"354\">El Baraka Pr\u00edrodn\u00fd olivov\u00fd olej \u2013 Chladom lisovan\u00e1 dokonalos\u0165 pre zdravie, kr\u00e1su a pohodu<\/strong><\/h2>\n<h3 data-start=\"356\" data-end=\"403\"><strong data-start=\"360\" data-end=\"403\">\u010cist\u00e1, chladom lisovan\u00e1 dobrota z pr\u00edrody<\/strong><\/h3>\n<p data-start=\"404\" data-end=\"713\">Za\u017eite silu pr\u00edrody s <strong data-start=\"440\" data-end=\"470\">El Baraka Pr\u00edrodn\u00fd olivov\u00fd olej<\/strong> \u2013 pr\u00e9miov\u00fdm, chladom lisovan\u00fdm olejom zn\u00e1mym svojou \u010distotou, bohatos\u0165ou a nespo\u010detn\u00fdmi zdravotn\u00fdmi pr\u00ednosmi. \u010ci u\u017e chcete vylep\u0161i\u0165 varenie, vy\u017eivi\u0165 ple\u0165 alebo posilni\u0165 telo zvn\u00fatra, tento pr\u00edrodn\u00fd olej prin\u00e1\u0161a skuto\u010dn\u00e9 v\u00fdsledky.<\/p>\n<h3 data-start=\"715\" data-end=\"754\"><strong data-start=\"719\" data-end=\"754\">Pre\u010do si vybra\u0165 olivov\u00fd olej El Baraka?<\/strong><\/h3>\n<h4 data-start=\"756\" data-end=\"797\"><strong data-start=\"761\" data-end=\"797\">Chladom lisovan\u00fd pre maxim\u00e1lnu \u00fa\u010dinnos\u0165<\/strong><\/h4>\n<p data-start=\"798\" data-end=\"994\">N\u00e1\u0161 olej je z\u00edskan\u00fd z oliv najvy\u0161\u0161ej kvality pomocou techn\u00edk chladn\u00e9ho lisovania, ktor\u00e9 zachov\u00e1vaj\u00fa v\u0161etky \u017eiviny, antioxidanty a chu\u0165. \u017diadne chemik\u00e1lie. \u017diadne teplo. Len \u010dist\u00e1, pr\u00edrodn\u00e1 dobrota v ka\u017edej kvapke.<\/p>\n<h4 data-start=\"996\" data-end=\"1033\"><strong data-start=\"1001\" data-end=\"1033\">Siln\u00e9 tajomstvo proti starnutiu<\/strong><\/h4>\n<p data-start=\"1034\" data-end=\"1260\">Bohat\u00fd na <strong data-start=\"1042\" data-end=\"1055\">vitam\u00edn E<\/strong> a <strong data-start=\"1060\" data-end=\"1084\">pr\u00edrodn\u00e9 antioxidanty<\/strong>, olivov\u00fd olej El Baraka pom\u00e1ha chr\u00e1ni\u0165 va\u0161u ple\u0165 pred znakmi starnutia. Bojuje proti vr\u00e1skam, obnovuje elasticitu a zanech\u00e1va ple\u0165 \u017eiariv\u00fa, hydratovan\u00fa a mladistvej\u0161iu v priebehu \u010dasu.<\/p>\n<h4 data-start=\"1262\" data-end=\"1309\"><strong data-start=\"1267\" data-end=\"1309\">Hlbok\u00e1 hydrat\u00e1cia pre citliv\u00fa ple\u0165<\/strong><\/h4>\n<p data-start=\"1310\" data-end=\"1498\">Ide\u00e1lny pre t\u00fdch s suchou, citlivou alebo \u013eahko podr\u00e1\u017edenou ple\u0165ou. Tento olej jemne hydratuje a upokojuje ple\u0165, zlep\u0161uje hydrat\u00e1ciu a funkciu ko\u017enej bari\u00e9ry, najm\u00e4 v drsnom po\u010das\u00ed.<\/p>\n<h4 data-start=\"1500\" data-end=\"1532\"><strong data-start=\"1505\" data-end=\"1532\">\u017diviny prospe\u0161n\u00e9 pre srdce<\/strong><\/h4>\n<p data-start=\"1533\" data-end=\"1755\">Napl\u043d\u0435\u043d\u00fd <strong data-start=\"1545\" data-end=\"1559\">kyselina olejov\u00e1<\/strong>, jednoducho nenas\u00fdten\u00fd tuk zn\u00e1my podporou kardiovaskul\u00e1rneho zdravia, olivov\u00fd olej El Baraka pom\u00e1ha zni\u017eova\u0165 zl\u00fd cholesterol (LDL) a zvy\u0161ova\u0165 dobr\u00fd cholesterol (HDL), \u010d\u00edm zni\u017euje riziko srdcov\u00fdch ochoren\u00ed.<\/p>\n<h4 data-start=\"1757\" data-end=\"1800\"><strong data-start=\"1762\" data-end=\"1800\">Zlep\u0161uje tr\u00e1venie a zdravie kost\u00ed<\/strong><\/h4>\n<p data-start=\"1801\" data-end=\"1976\">Tento olej podporuje tr\u00e1viace zdravie, pom\u00e1ha pri absorpcii tukov a poskytuje miner\u00e1ly nevyhnutn\u00e9 pre siln\u00e9 kosti a k\u013aby \u2013 najm\u00e4 prospe\u0161n\u00e9 pre seniorov a rast\u00face deti.<\/p>\n<h4 data-start=\"1978\" data-end=\"2007\"><strong data-start=\"1983\" data-end=\"2007\">Ide\u00e1lny pre v\u0161etky vekov\u00e9 skupiny<\/strong><\/h4>\n<p data-start=\"2008\" data-end=\"2170\">Od det\u00ed po seniorov podporuje El Baraka Pr\u00edrodn\u00fd olivov\u00fd olej pohodu v ka\u017edej f\u00e1ze \u017eivota. Je to pr\u00edrodn\u00fd sp\u00f4sob, ako posilni\u0165 vitalitu, imunitu a dlhodob\u00e9 zdravie.<\/p>\n<h3 data-start=\"2172\" data-end=\"2212\"><strong data-start=\"2176\" data-end=\"2212\">Nesporn\u00e9 v\u00fdhody v ka\u017edej kvapke<\/strong><\/h3>\n<ul data-start=\"2213\" data-end=\"2429\">\n<li data-start=\"2213\" data-end=\"2249\">\n<p data-start=\"2215\" data-end=\"2249\"><strong data-start=\"2218\" data-end=\"2249\">Vy\u017eivuje a chr\u00e1ni ple\u0165<\/strong><\/p>\n<\/li>\n<li data-start=\"2250\" data-end=\"2280\">\n<p data-start=\"2252\" data-end=\"2280\"><strong data-start=\"2255\" data-end=\"2280\">Podporuje zdravie srdca<\/strong><\/p>\n<\/li>\n<li data-start=\"2281\" data-end=\"2318\">\n<p data-start=\"2283\" data-end=\"2318\"><strong data-start=\"2286\" data-end=\"2318\">Posil\u0148uje kosti a k\u013aby<\/strong><\/p>\n<\/li>\n<li data-start=\"2319\" data-end=\"2371\">\n<p data-start=\"2321\" data-end=\"2371\"><strong data-start=\"2325\" data-end=\"2371\">Podporuje tr\u00e1venie a absorpciu \u017eiv\u00edn<\/strong><\/p>\n<\/li>\n<li data-start=\"2372\" data-end=\"2429\">\n<p data-start=\"2374\" data-end=\"2429\"><strong data-start=\"2377\" data-end=\"2429\">Bohat\u00fd na vitam\u00edny, antioxidanty a zdrav\u00e9 tuky<\/strong><\/p>\n<\/li>\n<\/ul>\n<h3 data-start=\"2431\" data-end=\"2488\"><strong data-start=\"2435\" data-end=\"2488\">Stredomorsk\u00fd tajomstvo zdrav\u0161ieho \u017eivotn\u00e9ho \u0161t\u00fdlu<\/strong><\/h3>\n<p data-start=\"2489\" data-end=\"2714\">Olivov\u00fd olej je st\u00e1licou stredomorsk\u00e9ho \u017eivota po storo\u010dia. S El Baraka si prin\u00e1\u0161ate domov rovnak\u00e9 overen\u00e9 zdravotn\u00e9 trad\u00edcie \u2013 \u010di u\u017e ho pou\u017e\u00edvate na varenie, starostlivos\u0165 o ple\u0165 alebo ako s\u00fa\u010das\u0165 dennej zdravotnej rutiny.<\/p>\n<h3 data-start=\"2721\" data-end=\"2774\"><strong data-start=\"2725\" data-end=\"2774\">Pre\u010do je El Baraka Pr\u00edrodn\u00fd olivov\u00fd olej nevyhnutnos\u0165ou<\/strong><\/h3>\n<h4 data-start=\"2776\" data-end=\"2809\">\u2705 100 % \u010dist\u00fd a chladom lisovan\u00fd<\/h4>\n<p data-start=\"2810\" data-end=\"2882\">\u017diadne pr\u00edsady, \u017eiadne teplo \u2013 len \u010dist\u00fd, zdrav\u00fd olivov\u00fd olej z pr\u00e9miov\u00fdch ol\u00edv.<\/p>\n<h4 data-start=\"2884\" data-end=\"2910\">\u2705 Bohat\u00e1, v\u00fdrazn\u00e1 chu\u0165<\/h4>\n<p data-start=\"2911\" data-end=\"2986\">Prid\u00e1va h\u013abku a bohatos\u0165 do \u0161al\u00e1tov, pe\u010den\u00fdch zelen\u00edn, marin\u00e1d a \u010fal\u0161\u00edch.<\/p>\n<h4 data-start=\"2988\" data-end=\"3021\">\u2705 Viacer\u00e9 zdravotn\u00e9 v\u00fdhody<\/h4>\n<p data-start=\"3022\" data-end=\"3095\">Od podpory srdca po \u017eiariv\u00fa ple\u0165, toto je holistick\u00e9 rie\u0161enie pre pohodu.<\/p>\n<h4 data-start=\"3097\" data-end=\"3132\">\u2705 Udr\u017eate\u013en\u00fd a ekologick\u00fd<\/h4>\n<p data-start=\"3133\" data-end=\"3197\">Z\u00edskan\u00fd zodpovedne na ochranu Zeme a bud\u00facich gener\u00e1ci\u00ed.<\/p>\n<h2 data-start=\"3539\" data-end=\"3592\"><strong data-start=\"3542\" data-end=\"3592\">Z\u00e1ver: Pr\u00edrodn\u00fd dar pre va\u0161e zdravie<\/strong><\/h2>\n<p data-start=\"3594\" data-end=\"3664\">Vyberte si pohodu. Vyberte si \u010distotu. Vyberte si <strong data-start=\"3633\" data-end=\"3663\">El Baraka Pr\u00edrodn\u00fd olivov\u00fd olej<\/strong>.<\/p>\n<p data-start=\"3666\" data-end=\"3904\">Tento v\u00fdnimo\u010dn\u00fd olej je viac ne\u017e len kuchynskou z\u00e1kladnou \u2013 je va\u0161\u00edm pr\u00edrodn\u00fdm partnerom v zdrav\u00ed a kr\u00e1se. S neprekonate\u013enou kvalitou, bohatou chu\u0165ou a siln\u00fdmi \u017eivinami je to m\u00fadra vo\u013eba pre kohoko\u013evek, kto sa sna\u017e\u00ed o zdrav\u00fd, \u017eiariv\u00fd \u017eivotn\u00fd \u0161t\u00fdl.<\/p>\n<p data-start=\"3906\" data-end=\"4006\">\ud83d\udc49 <strong data-start=\"3909\" data-end=\"3922\">Objednajte si teraz<\/strong> a nechajte pr\u00edrodn\u00fa m\u00e1giu El Baraka transformova\u0165 v\u00e1\u0161 ka\u017edodenn\u00fd \u017eivot \u2013 zvn\u00fatra aj zvonku.<\/p>\n<p style=\"text-align: center;\">\u010eakujeme za n\u00e1kup v <em data-start=\"415\" data-end=\"431\"><a href=\"https:\/\/bazaar.express\/sk\/\">Bazaar Express<\/a><\/em> \u2013 te\u0161\u00edme sa, \u017ee ste tu!<\/p>\n<p style=\"text-align: center;\">C\u00edtite silu pr\u00edrody \u2013 \u010dist\u00e9 <a href=\"https:\/\/bazaar.express\/sk\/therapeutic-oils\/\">terapeutick\u00e9 oleje<\/a> pre ka\u017edodenn\u00fa pohodu.<\/p>\n","protected":false},"excerpt":{"rendered":"<h3>Za\u017eite pr\u00edrodn\u00fa silu <strong data-start=\"439\" data-end=\"469\">El Baraka Pr\u00edrodn\u00fd olivov\u00fd olej<\/strong> \u2013 chladom lisovan\u00fd, \u017eivinami bohat\u00fd olej ide\u00e1lny na varenie, starostlivos\u0165 o ple\u0165, zdravie srdca a \u010fal\u0161ie. Naplnen\u00fd antioxidantmi, je to va\u0161e univerz\u00e1lne pr\u00edrodn\u00e9 rie\u0161enie pre pohodu a kr\u00e1su.<\/h3>\n","protected":false},"featured_media":44362,"comment_status":"open","ping_status":"closed","template":"","meta":[],"product_brand":[],"product_cat":[1161,1163,1167,1170],"product_tag":[1652,1694,1653,1667],"class_list":{"0":"post-44361","1":"product","2":"type-product","3":"status-publish","4":"has-post-thumbnail","6":"product_cat-terapeuticke-oleje","7":"product_cat-egyptske-chute","8":"product_cat-najlepsie-z-egypta","9":"product_cat-prirodne-oleje-el-baraka","10":"product_tag-olej","11":"product_tag-prirodne-prichute","12":"product_tag-prirodny-olej","13":"product_tag-zdravy","14":"pa_l-xl-1000ml","15":"pa_l-xl-250ml","16":"pa_l-xl-500ml","18":"first","19":"instock","20":"sale","21":"shipping-taxable","22":"purchasable","23":"product-type-variable"},"_links":{"self":[{"href":"https:\/\/bazaar.express\/sk\/wp-json\/wp\/v2\/product\/44361","targetHints":{"allow":["GET"]}}],"collection":[{"href":"https:\/\/bazaar.express\/sk\/wp-json\/wp\/v2\/product"}],"about":[{"href":"https:\/\/bazaar.express\/sk\/wp-json\/wp\/v2\/types\/product"}],"replies":[{"embeddable":true,"href":"https:\/\/bazaar.express\/sk\/wp-json\/wp\/v2\/comments?post=44361"}],"wp:featuredmedia":[{"embeddable":true,"href":"https:\/\/bazaar.express\/sk\/wp-json\/wp\/v2\/media\/44362"}],"wp:attachment":[{"href":"https:\/\/bazaar.express\/sk\/wp-json\/wp\/v2\/media?parent=44361"}],"wp:term":[{"taxonomy":"product_brand","embeddable":true,"href":"https:\/\/bazaar.express\/sk\/wp-json\/wp\/v2\/product_brand?post=44361"},{"taxonomy":"product_cat","embeddable":true,"href":"https:\/\/bazaar.express\/sk\/wp-json\/wp\/v2\/product_cat?post=44361"},{"taxonomy":"product_tag","embeddable":true,"href":"https:\/\/bazaar.express\/sk\/wp-json\/wp\/v2\/product_tag?post=44361"}],"curies":[{"name":"wp","href":"https:\/\/api.w.org\/{rel}","templated":true}]}}