{"id":44369,"date":"2025-01-14T01:12:09","date_gmt":"2025-01-14T01:12:09","guid":{"rendered":"https:\/\/bazaar.express\/product\/egyptian-tea\/"},"modified":"2025-01-14T01:12:09","modified_gmt":"2025-01-14T01:12:09","slug":"egyptian-tea","status":"publish","type":"product","link":"https:\/\/bazaar.express\/sk\/produkt\/egyptian-tea\/","title":{"rendered":"Egyptsk\u00fd \u010daj"},"content":{"rendered":"<h2 data-start=\"270\" data-end=\"338\">Objavte pr\u00edrodn\u00fa silu Desert Eagle lie\u010div\u00e9ho egyptsk\u00e9ho \u010daju<\/h2>\n<h3 data-start=\"340\" data-end=\"383\"> Starod\u00e1vna egyptsk\u00e1 m\u00fadros\u0165 v ka\u017edom d\u00fa\u0161ku<\/h3>\n<p data-start=\"385\" data-end=\"723\">Odomknite zdravotn\u00e9 tajomstv\u00e1 starovek\u00e9ho Egypta s <strong data-start=\"433\" data-end=\"474\">lie\u010div\u00fdm egyptsk\u00fdm \u010dajom Desert Eagle<\/strong> \u2013 starostlivo vybran\u00fdm bylinn\u00fdm liekom vyroben\u00fdm z najlep\u0161\u00edch pr\u00edrodn\u00fdch surov\u00edn. Ide\u00e1lny pre v\u0161etk\u00fdch, ktor\u00ed h\u013eadaj\u00fa holistick\u00e9 wellness, zlep\u0161en\u00fa imunitu alebo prirodzen\u00fa \u00fa\u013eavu od stresu, tento \u010daj sp\u00e1ja autentick\u00e9 egyptsk\u00e9 bylinky so storo\u010dn\u00fdmi lie\u010div\u00fdmi trad\u00edciami.<\/p>\n<p data-start=\"725\" data-end=\"889\">\u010ci sa sna\u017e\u00edte uvo\u013eni\u0165 po upon\u00e1h\u013eanom dni, podpori\u0165 metabolizmus alebo posilni\u0165 imunitn\u00fd syst\u00e9m, tento \u010daj v\u00e1m prinesie upokojuj\u00facu \u0161\u00e1lku pokoja a vitality.<\/p>\n<h3 data-start=\"896\" data-end=\"952\"> Pre\u010do si vybra\u0165 Desert Eagle lie\u010div\u00fd egyptsk\u00fd \u010daj?<\/h3>\n<p data-start=\"954\" data-end=\"1223\">V <strong data-start=\"957\" data-end=\"973\">Desert Eagle<\/strong> sa hrd\u00edme v\u00fdrobou pr\u00e9miov\u00fdch wellness \u010dajov z najbohat\u0161\u00edch bylinn\u00fdch zdrojov Egypta. Na\u0161e \u010daje nie s\u00fa len chutn\u00e9 \u2013 s\u00fa funk\u010dn\u00e9. Ka\u017ed\u00e1 zmes je navrhnut\u00e1 tak, aby pon\u00fakala <strong data-start=\"1148\" data-end=\"1172\">skuto\u010dn\u00e9 zdravotn\u00e9 v\u00fdhody<\/strong>, zakorenen\u00e9 v m\u00fadrosti egyptskej bylinnnej medic\u00edny.<\/p>\n<ul data-start=\"1225\" data-end=\"1488\">\n<li data-start=\"1225\" data-end=\"1319\">\n<p data-start=\"1227\" data-end=\"1319\"><strong data-start=\"1227\" data-end=\"1265\">Zdroj z \u00farodnej egyptskej p\u00f4dy:<\/strong> Pestovan\u00e9 na \u017eivinami bohat\u00fdch p\u00f4dach a zberan\u00e9 s starostlivos\u0165ou.<\/p>\n<\/li>\n<li data-start=\"1320\" data-end=\"1426\">\n<p data-start=\"1322\" data-end=\"1426\"><strong data-start=\"1322\" data-end=\"1347\">Vyroben\u00e9 s \u00famyslom:<\/strong> Ka\u017ed\u00e9 balenie \u010daju 160 g je premyslene zmie\u0161an\u00e9 na podporu va\u0161ich ka\u017edodenn\u00fdch zdravotn\u00fdch potrieb.<\/p>\n<\/li>\n<li data-start=\"1427\" data-end=\"1488\">\n<p data-start=\"1429\" data-end=\"1488\"><strong data-start=\"1429\" data-end=\"1459\">Bez chemik\u00e1li\u00ed alebo pr\u00edsad:<\/strong> Len \u010dist\u00e1 pr\u00edrodn\u00e1 dobrota.<\/p>\n<\/li>\n<\/ul>\n<h3 data-start=\"1495\" data-end=\"1544\"> K\u013e\u00fa\u010dov\u00e9 zdravotn\u00e9 v\u00fdhody bylinn\u00e9ho egyptsk\u00e9ho \u010daju<\/h3>\n<h4 data-start=\"1546\" data-end=\"1578\"> Posilnite imunitn\u00fd syst\u00e9m<\/h4>\n<p data-start=\"1579\" data-end=\"1701\">Bohat\u00e9 na antioxidanty a \u017eiviny, na\u0161e lie\u010div\u00e9 \u010daje pom\u00e1haj\u00fa telu bojova\u0165 proti ochoreniam a zosta\u0165 odoln\u00e9 cel\u00fd rok.<\/p>\n<h4 data-start=\"1703\" data-end=\"1742\"> \u00da\u013eava od stresu a lep\u0161\u00ed sp\u00e1nok<\/h4>\n<p data-start=\"1743\" data-end=\"1849\">U\u017e\u00edvajte upokojuj\u00face bylinky, ktor\u00e9 podporuj\u00fa relax\u00e1ciu a zni\u017euj\u00fa \u00fazkos\u0165, pom\u00e1haj\u00fa v\u00e1m uvo\u013eni\u0165 sa a spa\u0165 pokojnej\u0161ie.<\/p>\n<h4 data-start=\"1851\" data-end=\"1881\"> Zv\u00fd\u0161te energiu a s\u00fastredenie<\/h4>\n<p data-start=\"1882\" data-end=\"1991\">Niektor\u00e9 zmesi s\u00fa \u0161peci\u00e1lne navrhnut\u00e9 na zv\u00fd\u0161enie bd\u0438\u0442\u0435\u043b\u044c\u043d\u043e\u0441\u0442\u0438 a ment\u00e1lnej jasnosti \u2013 bez p\u00e1du kofe\u00ednu.<\/p>\n<h4 data-start=\"1993\" data-end=\"2031\"> Podpora tr\u00e1venia a zdravia \u010driev<\/h4>\n<p data-start=\"2032\" data-end=\"2147\">Bylinn\u00e9 inf\u00fazie ako an\u00edz, fenikel a m\u00e4ta robia z\u00e1zraky pri u\u013eah\u010den\u00ed nad\u00favania, upokojen\u00ed \u017eal\u00fadka a podpore tr\u00e1venia.<\/p>\n<h4 data-start=\"2149\" data-end=\"2182\"> Prirodzen\u00e9 riadenie hmotnosti<\/h4>\n<p data-start=\"2183\" data-end=\"2297\">Vybran\u00e9 bylinn\u00e9 kombin\u00e1cie pom\u00e1haj\u00fa stimulova\u0165 metabolizmus a podporova\u0165 spa\u013eovanie tukov \u2013 ide\u00e1lne pre va\u0161e ciele chudnutia.<\/p>\n<h3 data-start=\"2304\" data-end=\"2329\"> \u010co n\u00e1s odli\u0161uje<\/h3>\n<p data-start=\"2331\" data-end=\"2546\">Lie\u010div\u00fd egyptsk\u00fd \u010daj Desert Eagle nie je len produkt \u2013 je to <strong data-start=\"2397\" data-end=\"2419\">ritu\u00e1l wellness<\/strong>. \u010ci ste nov\u00fd v bylinnom \u010daji alebo dlhoro\u010dn\u00fd nad\u0161enec, na\u0161e zmesi pon\u00fakaj\u00fa bohat\u00fa, aromatick\u00fa a na zdravie zameran\u00fa sk\u00fasenos\u0165.<\/p>\n<ul data-start=\"2548\" data-end=\"2680\">\n<li data-start=\"2548\" data-end=\"2566\">\n<p data-start=\"2550\" data-end=\"2566\"><strong data-start=\"2550\" data-end=\"2561\">Hmotnos\u0165:<\/strong> 160g<\/p>\n<\/li>\n<li data-start=\"2567\" data-end=\"2594\">\n<p data-start=\"2569\" data-end=\"2594\"><strong data-start=\"2569\" data-end=\"2580\">P\u00f4vod:<\/strong> Vyroben\u00e9 v Egypte<\/p>\n<\/li>\n<li data-start=\"2595\" data-end=\"2680\">\n<p data-start=\"2597\" data-end=\"2680\"><strong data-start=\"2597\" data-end=\"2611\">Ide\u00e1lne pre:<\/strong> Milovn\u00edkov wellness, nad\u0161encov \u010daju a t\u00fdch, ktor\u00ed h\u013eadaj\u00fa pr\u00edrodn\u00e9 lieky<\/p>\n<\/li>\n<\/ul>\n<h3 data-start=\"3070\" data-end=\"3110\"> Objavte wellness po egyptsky<\/h3>\n<p data-start=\"3112\" data-end=\"3354\">S <strong data-start=\"3117\" data-end=\"3158\">lie\u010div\u00fdm egyptsk\u00fdm \u010dajom Desert Eagle<\/strong> nepijete len \u010daj \u2013 sp\u00e1jate sa so storo\u010diami bylinnnej m\u00fadrosti. Objavte prirodzen\u00fd, bezkofe\u00ednov\u00fd sp\u00f4sob, ako sa c\u00edti\u0165 lep\u0161ie, \u017ei\u0165 \u010distej\u0161ie a podporova\u0165 potreby tela \u0161\u00e1lka po \u0161\u00e1lke.<\/p>\n<p data-start=\"3356\" data-end=\"3425\"><strong data-start=\"3356\" data-end=\"3425\">K\u00fapte si teraz a za\u017eite lie\u010div\u00fa esenciu Egypta v ka\u017edom d\u00fa\u0161ku.<\/strong><\/p>\n<p style=\"text-align: center;\">\u010eakujeme za n\u00e1kup v <em data-start=\"415\" data-end=\"431\"><a href=\"https:\/\/bazaar.express\/sk\/\">Bazaar Express<\/a><\/em> \u2013 te\u0161\u00edme sa na v\u00e1s!<\/p>\n<p style=\"text-align: center;\">Ochutnajte trad\u00edciu s na\u0161ou ru\u010dne vybranou selekciou <a href=\"https:\/\/bazaar.express\/product-category\/egyptian-flavors\/\">Egyptsk\u00fdch chut\u00ed<\/a> a koren\u00edn.<\/p>\n","protected":false},"excerpt":{"rendered":"<h3 data-start=\"518\" data-end=\"775\">Desert Eagle lie\u010div\u00fd egyptsk\u00fd \u010daj pon\u00faka pr\u00e9miov\u00fa selekciu 100% pr\u00edrodn\u00fdch bylinn\u00fdch zmes\u00ed zakorenen\u00fdch v starovekej egyptskej trad\u00edcii. Bohat\u00fd na antioxidanty a \u017eiviny, podporuje imunitu, tr\u00e1venie, \u00fa\u013eavu od stresu a celkov\u00e9 wellness. Vyroben\u00e9 v Egypte, 160g.<\/h3>\n<h3><\/h3>\n","protected":false},"featured_media":9470,"comment_status":"open","ping_status":"closed","template":"","meta":[],"product_brand":[],"product_cat":[1163,1167],"product_tag":[],"class_list":{"0":"post-44369","1":"product","2":"type-product","3":"status-publish","4":"has-post-thumbnail","6":"product_cat-egyptske-chute","7":"product_cat-najlepsie-z-egypta","9":"first","10":"instock","11":"sale","12":"shipping-taxable","13":"purchasable","14":"product-type-simple"},"_links":{"self":[{"href":"https:\/\/bazaar.express\/sk\/wp-json\/wp\/v2\/product\/44369","targetHints":{"allow":["GET"]}}],"collection":[{"href":"https:\/\/bazaar.express\/sk\/wp-json\/wp\/v2\/product"}],"about":[{"href":"https:\/\/bazaar.express\/sk\/wp-json\/wp\/v2\/types\/product"}],"replies":[{"embeddable":true,"href":"https:\/\/bazaar.express\/sk\/wp-json\/wp\/v2\/comments?post=44369"}],"wp:featuredmedia":[{"embeddable":true,"href":"https:\/\/bazaar.express\/sk\/wp-json\/wp\/v2\/media\/9470"}],"wp:attachment":[{"href":"https:\/\/bazaar.express\/sk\/wp-json\/wp\/v2\/media?parent=44369"}],"wp:term":[{"taxonomy":"product_brand","embeddable":true,"href":"https:\/\/bazaar.express\/sk\/wp-json\/wp\/v2\/product_brand?post=44369"},{"taxonomy":"product_cat","embeddable":true,"href":"https:\/\/bazaar.express\/sk\/wp-json\/wp\/v2\/product_cat?post=44369"},{"taxonomy":"product_tag","embeddable":true,"href":"https:\/\/bazaar.express\/sk\/wp-json\/wp\/v2\/product_tag?post=44369"}],"curies":[{"name":"wp","href":"https:\/\/api.w.org\/{rel}","templated":true}]}}