{"id":44372,"date":"2025-01-14T00:45:19","date_gmt":"2025-01-14T00:45:19","guid":{"rendered":"https:\/\/bazaar.express\/product\/egyptian-dates\/"},"modified":"2025-01-14T00:45:19","modified_gmt":"2025-01-14T00:45:19","slug":"egyptian-dates","status":"publish","type":"product","link":"https:\/\/bazaar.express\/sk\/produkt\/egyptian-dates\/","title":{"rendered":"Pr\u00e9miov\u00e9 egyptsk\u00e9 d\u00e1ta"},"content":{"rendered":"<h2 data-start=\"245\" data-end=\"313\">Egyptsk\u00e9 d\u00e1ta \u2013 Pr\u00e9miov\u00e1 egyptsk\u00e1 sladkos\u0165 so zdrav\u00fdm n\u00e1dychom<\/h2>\n<h3 data-start=\"315\" data-end=\"366\">Pr\u00edrodn\u00fd poklad z egyptsk\u00e9ho srdca<\/h3>\n<p data-start=\"368\" data-end=\"795\">Za\u017eite zdrav\u00fa chu\u0165 a zdravotn\u00e9 v\u00fdhody <strong data-start=\"422\" data-end=\"437\">d\u00e1tumov Ajwan<\/strong>, jedn\u00e9ho z najlep\u0161\u00edch pr\u00edrodn\u00fdch produktov Egypta. Vypestovan\u00e9 pod tepl\u00fdm slnkom a bohatou p\u00f4dou Egypta, tieto d\u00e1ta s\u00fa dostupn\u00e9 v <strong data-start=\"554\" data-end=\"579\">such\u00fdch aj mokr\u00fdch variet\u00e1ch<\/strong>, ka\u017ed\u00e1 zn\u00e1ma svojou jedine\u010dnou text\u00farou, dlhou trvanlivos\u0165ou a neodolate\u013enou chu\u0165ou. S charakteristick\u00fdm ov\u00e1lnym tvarom a \u0161picat\u00fdmi koncami dozrievaj\u00fa d\u00e1ta Ajwan z \u017eltej do \u010derveno-\u017eltej farby, \u010do ozna\u010duje ich vrcholn\u00fa sladkos\u0165 a zrelos\u0165.<\/p>\n<p data-start=\"797\" data-end=\"978\">\u010ci u\u017e potrebujete v\u00fd\u017eivn\u00fa ma\u0161krtu, pr\u00edrodn\u00e9 sladidlo alebo premyslen\u00fd dar\u010dek, <strong data-start=\"877\" data-end=\"930\">d\u00e1ta Ajwan poskytuj\u00fa kvalitu, hodnotu a zdravie<\/strong> \u2013 priamo z egyptsk\u00fdch fariem na v\u00e1\u0161 st\u00f4l.<\/p>\n<h3 data-start=\"985\" data-end=\"1016\">Pre\u010do si vybra\u0165 d\u00e1ta Ajwan?<\/h3>\n<h4 data-start=\"1018\" data-end=\"1049\">\u2705 <strong data-start=\"1025\" data-end=\"1049\">Prirodzene v\u00fd\u017eivn\u00e9<\/strong><\/h4>\n<p data-start=\"1050\" data-end=\"1281\">D\u00e1ta Ajwan s\u00fa pln\u00e9 esenci\u00e1lnych \u017eiv\u00edn, \u010do z nich rob\u00ed skvel\u00fa ma\u0161krtu pre deti aj dospel\u00fdch. Bohat\u00e9 na <strong data-start=\"1159\" data-end=\"1199\">vitam\u00edny, miner\u00e1ly a antioxidanty<\/strong>, podporuj\u00fa tr\u00e1venie, zlep\u0161uj\u00fa zdravie poko\u017eky a prispievaj\u00fa k celkov\u00e9mu blahu.<\/p>\n<h4 data-start=\"1283\" data-end=\"1321\">\u2705 <strong data-start=\"1290\" data-end=\"1321\">Sladkos\u0165 priate\u013esk\u00e1 k diabetikom<\/strong><\/h4>\n<p data-start=\"1322\" data-end=\"1504\">H\u013ead\u00e1te inteligentn\u00fa alternat\u00edvu k cukru? D\u00e1ta Ajwan pon\u00fakaj\u00fa prirodzen\u00fa sladkos\u0165 bez prudk\u00e9ho n\u00e1rastu hladiny cukru v krvi \u2013 \u010do z nich rob\u00ed lep\u0161iu vo\u013ebu pre t\u00fdch, ktor\u00ed riadia diabetes.<\/p>\n<h4 data-start=\"1506\" data-end=\"1548\">\u2705 <strong data-start=\"1513\" data-end=\"1548\">Vysok\u00fd obsah vl\u00e1kniny pre zdravie tr\u00e1venia<\/strong><\/h4>\n<p data-start=\"1549\" data-end=\"1681\">V\u010faka vysok\u00e9mu obsahu vl\u00e1kniny pom\u00e1haj\u00fa d\u00e1ta Ajwan podporova\u0165 zdravie \u010driev, regulova\u0165 pohyby \u010driev a udr\u017eiava\u0165 pocit s\u00fdtosti dlh\u0161ie.<\/p>\n<h4 data-start=\"1683\" data-end=\"1716\">\u2705 <strong data-start=\"1690\" data-end=\"1716\">Milovan\u00e9 po celom svete<\/strong><\/h4>\n<p data-start=\"1717\" data-end=\"1926\">Od USA a Saudskej Ar\u00e1bie po Indiu a \u010falej s\u00fa d\u00e1ta Ajwan ob\u013e\u00fabenou vo\u013ebou pre rodiny a zdraviu vedom\u00fdch jedincov. Ich rovnov\u00e1ha <strong data-start=\"1856\" data-end=\"1893\">pr\u00e9miovej kvality a dostupnosti<\/strong> z nich rob\u00ed svetov\u00fd favorit.<\/p>\n<h4 data-start=\"1928\" data-end=\"1972\">\u2705 <strong data-start=\"1935\" data-end=\"1972\">Dlh\u00e1 trvanlivos\u0165 a vynikaj\u00faca chu\u0165<\/strong><\/h4>\n<p data-start=\"1973\" data-end=\"2148\">D\u00e1ta Ajwan obsahuj\u00fa menej vlhkosti ako in\u00e9 typy, \u010do nielen zvy\u0161uje ich chu\u0165, ale aj znamen\u00e1, \u017ee zost\u00e1vaj\u00fa \u010derstv\u00e9 dlh\u0161ie \u2013 \u010do z nich rob\u00ed ide\u00e1lne pre dlhodob\u00e9 skladovanie alebo cestovanie.<\/p>\n<h3 data-start=\"2155\" data-end=\"2178\">Podrobnosti o produkte<\/h3>\n<ul data-start=\"2179\" data-end=\"2356\">\n<li data-start=\"2179\" data-end=\"2212\">\n<p data-start=\"2181\" data-end=\"2212\"><strong data-start=\"2181\" data-end=\"2196\">\u010cist\u00e1 hmotnos\u0165:<\/strong> 700 g na balenie<\/p>\n<\/li>\n<li data-start=\"2213\" data-end=\"2303\">\n<p data-start=\"2215\" data-end=\"2303\"><strong data-start=\"2215\" data-end=\"2229\">Balenie:<\/strong> Starostlivo zabalen\u00e9 v Egypte na zachovanie \u010derstvosti, text\u00fary a \u017eiv\u00edn<\/p>\n<\/li>\n<li data-start=\"2304\" data-end=\"2356\">\n<p data-start=\"2306\" data-end=\"2356\"><strong data-start=\"2306\" data-end=\"2318\">Varieta:<\/strong> Dostupn\u00e9 v such\u00fdch aj mokr\u00fdch form\u00e1ch<\/p>\n<\/li>\n<\/ul>\n<h2 data-start=\"2688\" data-end=\"2740\">Z\u00e1vern\u00e9 my\u0161lienky \u2013 Ochutnajte sladkos\u0165 Egypta<\/h2>\n<p data-start=\"2742\" data-end=\"3133\">D\u00e1ta Ajwan nie s\u00fa len ma\u0161krtou \u2013 s\u00fa <strong data-start=\"2784\" data-end=\"2814\">s\u00fastoom egyptskej trad\u00edcie<\/strong>, odovzd\u00e1van\u00fdm po gener\u00e1cie. Kombinuj\u00fa <strong data-start=\"2862\" data-end=\"2886\">chu\u0165 p\u00fa\u0161te<\/strong> s <strong data-start=\"2892\" data-end=\"2915\">s\u00fa\u010dasn\u00fdm blaho<\/strong>, \u010d\u00edm v\u00e1m poskytuj\u00fa poch\u00fa\u0165ku, ktor\u00e1 je lahodn\u00e1, zdrav\u00e1 a pln\u00e1 kult\u00fary. \u010ci u\u017e darujete priate\u013eovi, \u017eiv\u00edte rodinu alebo nab\u00edjate svoj de\u0148, <strong data-start=\"3059\" data-end=\"3096\">d\u00e1ta Ajwan s\u00fa va\u0161a vo\u013eba<\/strong> pre prirodzen\u00fa sladkos\u0165 a v\u00fd\u017eivu.<\/p>\n<p data-start=\"3135\" data-end=\"3203\">\ud83d\udc49 <strong data-start=\"3138\" data-end=\"3203\">K\u00fapte teraz a u\u017e\u00edvajte si autentick\u00fa chu\u0165 Egypta v ka\u017edom s\u00faste!<\/strong><\/p>\n<p style=\"text-align: center;\">\u010eakujeme za n\u00e1kup v <em data-start=\"415\" data-end=\"431\"><a href=\"https:\/\/bazaar.express\/sk\/\">Bazaar Express<\/a><\/em> \u2013 te\u0161\u00edme sa, \u017ee ste tu!<\/p>\n<p style=\"text-align: center;\">Ochutnajte trad\u00edciu s na\u0161ou ru\u010dne vybranou selekciou <a href=\"https:\/\/bazaar.express\/product-category\/egyptian-flavors\/\">Egyptsk\u00fdch chut\u00ed<\/a> a koren\u00edn.<\/p>\n","protected":false},"excerpt":{"rendered":"<h3 data-start=\"475\" data-end=\"738\">D\u00e1ta Ajwan s\u00fa pr\u00e9miov\u00e9 egyptsk\u00e9 d\u00e1ta zn\u00e1me svojou prirodzenou sladkos\u0165ou, n\u00edzkou vlhkos\u0165ou a dlhou trvanlivos\u0165ou. Dostupn\u00e9 v such\u00fdch aj mokr\u00fdch form\u00e1ch, s\u00fa pln\u00e9 vl\u00e1kniny, vitam\u00ednov a antioxidantov. Ide\u00e1lne pre zdrav\u00e9 ma\u0161krtenie, prirodzen\u00e9 sladenie alebo darovanie.<\/h3>\n<h3><\/h3>\n","protected":false},"featured_media":9473,"comment_status":"open","ping_status":"closed","template":"","meta":[],"product_brand":[],"product_cat":[1163,1167],"product_tag":[1694,1667],"class_list":{"0":"post-44372","1":"product","2":"type-product","3":"status-publish","4":"has-post-thumbnail","6":"product_cat-egyptske-chute","7":"product_cat-najlepsie-z-egypta","8":"product_tag-prirodne-prichute","9":"product_tag-zdravy","11":"first","12":"instock","13":"sale","14":"shipping-taxable","15":"purchasable","16":"product-type-simple"},"_links":{"self":[{"href":"https:\/\/bazaar.express\/sk\/wp-json\/wp\/v2\/product\/44372","targetHints":{"allow":["GET"]}}],"collection":[{"href":"https:\/\/bazaar.express\/sk\/wp-json\/wp\/v2\/product"}],"about":[{"href":"https:\/\/bazaar.express\/sk\/wp-json\/wp\/v2\/types\/product"}],"replies":[{"embeddable":true,"href":"https:\/\/bazaar.express\/sk\/wp-json\/wp\/v2\/comments?post=44372"}],"wp:featuredmedia":[{"embeddable":true,"href":"https:\/\/bazaar.express\/sk\/wp-json\/wp\/v2\/media\/9473"}],"wp:attachment":[{"href":"https:\/\/bazaar.express\/sk\/wp-json\/wp\/v2\/media?parent=44372"}],"wp:term":[{"taxonomy":"product_brand","embeddable":true,"href":"https:\/\/bazaar.express\/sk\/wp-json\/wp\/v2\/product_brand?post=44372"},{"taxonomy":"product_cat","embeddable":true,"href":"https:\/\/bazaar.express\/sk\/wp-json\/wp\/v2\/product_cat?post=44372"},{"taxonomy":"product_tag","embeddable":true,"href":"https:\/\/bazaar.express\/sk\/wp-json\/wp\/v2\/product_tag?post=44372"}],"curies":[{"name":"wp","href":"https:\/\/api.w.org\/{rel}","templated":true}]}}