{"id":44375,"date":"2025-01-14T00:14:23","date_gmt":"2025-01-14T00:14:23","guid":{"rendered":"https:\/\/bazaar.express\/product\/dates-with-almonds\/"},"modified":"2025-01-14T00:14:23","modified_gmt":"2025-01-14T00:14:23","slug":"dates-with-almonds","status":"publish","type":"product","link":"https:\/\/bazaar.express\/sk\/produkt\/dates-with-almonds\/","title":{"rendered":"D\u00e1ta s mand\u013eami z Egypta"},"content":{"rendered":"<h2 data-start=\"288\" data-end=\"356\">D\u00e1ta s mand\u013eami z Egypta \u2013 Pr\u00edrodn\u00e1, energizuj\u00faca lah\u00f4dka<\/h2>\n<h3 data-start=\"358\" data-end=\"415\">Autentick\u00e1 egyptsk\u00e1 poch\u00fa\u0165ka pln\u00e1 v\u00fd\u017eivy<\/h3>\n<p data-start=\"417\" data-end=\"831\">Objavte bohat\u00fa chu\u0165 a siln\u00e9 zdravotn\u00e9 v\u00fdhody <strong data-start=\"474\" data-end=\"507\">d\u00e1t s mand\u013eami z Egypta<\/strong>, pr\u00e9miovej organickej poch\u00fa\u0165ky, ktor\u00e1 sp\u00e1ja to najlep\u0161ie z pr\u00edrody. T\u00e1to uspokojuj\u00faca kombin\u00e1cia m\u00e4kk\u00fdch, prirodzene sladk\u00fdch d\u00e1t a chrumkav\u00fdch mandl\u00ed dod\u00e1va energiu, v\u00fd\u017eivu a p\u00f4\u017eitok \u2013 v\u0161etko v jednom s\u00faste. Poch\u00e1dzaj\u00faca z \u00farodn\u00fdch egyptsk\u00fdch p\u00f4d, je t\u00e1to poch\u00fa\u0165ka nielen chutn\u00e1, ale aj hlboko zakorenen\u00e1 v trad\u00edcii a wellness.<\/p>\n<h3 data-start=\"838\" data-end=\"887\">Pre\u010do si vybra\u0165 d\u00e1ta s mand\u013eami z Egypta?<\/h3>\n<h4 data-start=\"889\" data-end=\"927\">\u2705 <strong data-start=\"896\" data-end=\"927\">V\u00fd\u017eivn\u00e1 sila<\/strong><\/h4>\n<p data-start=\"928\" data-end=\"1195\">Na\u0161e egyptsk\u00e9 d\u00e1ta s\u00fa nabit\u00e9 <strong data-start=\"963\" data-end=\"992\">vitam\u00ednmi, miner\u00e1lmi, vl\u00e1kninou<\/strong> a <strong data-start=\"998\" data-end=\"1014\">antioxidantmi<\/strong>, zatia\u013e \u010do mandle poskytuj\u00fa <strong data-start=\"1038\" data-end=\"1078\">zdrav\u00e9 tuky a rastlinn\u00fd prote\u00edn<\/strong>. Spolo\u010dne vytv\u00e1raj\u00fa vyv\u00e1\u017een\u00fa poch\u00fa\u0165ku, ktor\u00e1 podporuje va\u0161e zdravie, dod\u00e1va telu energiu a uspokojuje chu\u0165ov\u00e9 poh\u00e1rky.<\/p>\n<h4 data-start=\"1197\" data-end=\"1236\">\u2705 <strong data-start=\"1204\" data-end=\"1236\">Posil\u0148uje imunitu a zdravie<\/strong><\/h4>\n<p data-start=\"1237\" data-end=\"1479\">Bohat\u00e9 na <strong data-start=\"1245\" data-end=\"1269\">vitam\u00edny A, B a C<\/strong>, t\u00e1to v\u00fd\u017eivn\u00e1 poch\u00fa\u0165ka m\u00f4\u017ee pom\u00f4c\u0165 posilni\u0165 imunitn\u00fd syst\u00e9m, zlep\u0161i\u0165 zdravie poko\u017eky a podpori\u0165 tr\u00e1venie. Pravideln\u00e1 konzum\u00e1cia m\u00f4\u017ee prispie\u0165 k lep\u0161ej odolnosti vo\u010di be\u017en\u00fdm ochoreniam a celkov\u00e9mu blahu.<\/p>\n<h4 data-start=\"1481\" data-end=\"1525\">\u2705 <strong data-start=\"1488\" data-end=\"1525\">Ide\u00e1lny pr\u00edrodn\u00fd zdroj energie<\/strong><\/h4>\n<p data-start=\"1526\" data-end=\"1748\">S prirodzen\u00fdmi cukrami v d\u00e1tach a udr\u017euj\u00facimi tukmi v mandliach pon\u00faka t\u00e1to poch\u00fa\u0165ka <strong data-start=\"1618\" data-end=\"1653\">okam\u017eit\u00fa aj dlhotrvaj\u00facu energiu<\/strong>. Je ide\u00e1lna na r\u00fdchly ra\u0148aj\u010d\u00ed s\u00fasto, polud\u0148aj\u0161\u00ed povzbudenie alebo palivo pred alebo po tr\u00e9ningu.<\/p>\n<h4 data-start=\"1750\" data-end=\"1788\">\u2705 <strong data-start=\"1757\" data-end=\"1788\">Premyslen\u00fd a zdrav\u00fd dar\u010dek<\/strong><\/h4>\n<p data-start=\"1789\" data-end=\"1996\">H\u013ead\u00e1te zdrav\u00fd, elegantn\u00fd dar\u010dek? D\u00e1ta s mand\u013eami nie s\u00fa len vizu\u00e1lne pr\u00ed\u0165a\u017eliv\u00e9, ale aj nes\u00fa posolstvo <strong data-start=\"1909\" data-end=\"1945\">starostlivosti, zdravia a sofistikovanosti<\/strong> \u2013 ide\u00e1lne na sviatky, Ramad\u00e1n alebo ak\u00fako\u013evek oslavu.<\/p>\n<h3 data-start=\"2003\" data-end=\"2038\">Zdravotn\u00e9 v\u00fdhody na prv\u00fd poh\u013ead<\/h3>\n<ul data-start=\"2040\" data-end=\"2442\">\n<li data-start=\"2040\" data-end=\"2170\">\n<p data-start=\"2042\" data-end=\"2170\"><strong data-start=\"2045\" data-end=\"2071\">Podporuje zdravie srdca:<\/strong> Mandle pom\u00e1haj\u00fa regulova\u0165 cholesterol, zatia\u013e \u010do d\u00e1ta obsahuj\u00fa drasl\u00edk, ktor\u00fd podporuje srdcov\u00fa funkciu.<\/p>\n<\/li>\n<li data-start=\"2171\" data-end=\"2284\">\n<p data-start=\"2173\" data-end=\"2284\"><strong data-start=\"2176\" data-end=\"2199\">Podporuje tr\u00e1venie:<\/strong> Vysok\u00fd obsah vl\u00e1kniny, t\u00e1to poch\u00fa\u0165ka pom\u00e1ha pri pravideln\u00fdch pohyboch \u010driev a podporuje zdrav\u00fd \u010drevn\u00fd syst\u00e9m.<\/p>\n<\/li>\n<li data-start=\"2285\" data-end=\"2442\">\n<p data-start=\"2287\" data-end=\"2442\"><strong data-start=\"2291\" data-end=\"2316\">Bohat\u00e9 na antioxidanty:<\/strong> Oba ingrediencie s\u00fa prirodzene pln\u00e9 antioxidantov, ktor\u00e9 pom\u00e1haj\u00fa chr\u00e1ni\u0165 telo pred oxida\u010dn\u00fdm stresom a z\u00e1palmi.<\/p>\n<\/li>\n<\/ul>\n<h3 data-start=\"2449\" data-end=\"2472\">Podrobnosti o produkte<\/h3>\n<ul data-start=\"2473\" data-end=\"2648\">\n<li data-start=\"2473\" data-end=\"2529\">\n<p data-start=\"2475\" data-end=\"2529\"><strong data-start=\"2475\" data-end=\"2492\">Typ produktu:<\/strong> Organick\u00e9 d\u00e1ta plnen\u00e9 mand\u013eami<\/p>\n<\/li>\n<li data-start=\"2530\" data-end=\"2554\">\n<p data-start=\"2532\" data-end=\"2554\"><strong data-start=\"2532\" data-end=\"2547\">\u010cist\u00e1 hmotnos\u0165:<\/strong> 700g<\/p>\n<\/li>\n<li data-start=\"2555\" data-end=\"2576\">\n<p data-start=\"2557\" data-end=\"2576\"><strong data-start=\"2557\" data-end=\"2568\">P\u00f4vod:<\/strong> Egypt<\/p>\n<\/li>\n<li data-start=\"2577\" data-end=\"2648\">\n<p data-start=\"2579\" data-end=\"2648\"><strong data-start=\"2579\" data-end=\"2593\">Balenie:<\/strong> Hygienicky zabalen\u00e9 na zachovanie svie\u017eosti a chuti<\/p>\n<\/li>\n<\/ul>\n<h2 data-start=\"3002\" data-end=\"3056\">Z\u00e1vern\u00e9 my\u0161lienky \u2013 Ochutnajte wellness v ka\u017edom s\u00faste<\/h2>\n<p data-start=\"3058\" data-end=\"3377\">Nech najlep\u0161ie z pr\u00edrody sa postar\u00e1 o va\u0161e chute a zdravie. S <strong data-start=\"3125\" data-end=\"3157\">d\u00e1tami a mand\u013eami z Egypta<\/strong> si nevyber\u00e1te len poch\u00fa\u0165ku \u2013 obj\u00edmate \u017eivotn\u00fd \u0161t\u00fdl <strong data-start=\"3224\" data-end=\"3252\">\u010distej, pr\u00edrodnej v\u00fd\u017eivy<\/strong> zabalen\u00fd v neuverite\u013enej chuti. \u010ci u\u017e pre osobn\u00e9 pote\u0161enie alebo zmyslupln\u00fd dar\u010dek, t\u00e1to zdrav\u00e1 poch\u00fa\u0165ka sa hod\u00ed do ka\u017edej chv\u00edle.<\/p>\n<p data-start=\"3379\" data-end=\"3471\">\ud83d\udc49 <strong data-start=\"3382\" data-end=\"3471\">Objednajte si teraz a za\u017eite skuto\u010dn\u00fa chu\u0165 Egypta \u2013 \u010dist\u00fa, v\u00fd\u017eivn\u00fa a nezabudnute\u013en\u00fa.<\/strong><\/p>\n<p style=\"text-align: center;\">\u010eakujeme za n\u00e1kup v <em data-start=\"415\" data-end=\"431\"><a href=\"https:\/\/bazaar.express\/sk\/\">Bazaar Express<\/a><\/em> \u2013 te\u0161\u00edme sa na v\u00e1s!<\/p>\n<p style=\"text-align: center;\">Ochutnajte trad\u00edciu s na\u0161ou ru\u010dne vybranou selekciou <a href=\"https:\/\/bazaar.express\/product-category\/egyptian-flavors\/\">Egyptsk\u00fdch chut\u00ed<\/a> a koren\u00edn.<\/p>\n","protected":false},"excerpt":{"rendered":"<h3 data-start=\"409\" data-end=\"593\">U\u017e\u00edvajte si perfektn\u00fa zmes sladk\u00fdch egyptsk\u00fdch d\u00e1t a chrumkav\u00fdch mandl\u00ed. T\u00e1to zdrav\u00e1, organick\u00e1 poch\u00fa\u0165ka je bohat\u00e1 na vitam\u00edny, vl\u00e1kninu a antioxidanty \u2013 ide\u00e1lna na energiu, zdravie a darovanie.<\/h3>\n","protected":false},"featured_media":9476,"comment_status":"open","ping_status":"closed","template":"","meta":[],"product_brand":[],"product_cat":[1163,1167],"product_tag":[1694,1667],"class_list":{"0":"post-44375","1":"product","2":"type-product","3":"status-publish","4":"has-post-thumbnail","6":"product_cat-egyptske-chute","7":"product_cat-najlepsie-z-egypta","8":"product_tag-prirodne-prichute","9":"product_tag-zdravy","11":"first","12":"instock","13":"sale","14":"shipping-taxable","15":"purchasable","16":"product-type-simple"},"_links":{"self":[{"href":"https:\/\/bazaar.express\/sk\/wp-json\/wp\/v2\/product\/44375","targetHints":{"allow":["GET"]}}],"collection":[{"href":"https:\/\/bazaar.express\/sk\/wp-json\/wp\/v2\/product"}],"about":[{"href":"https:\/\/bazaar.express\/sk\/wp-json\/wp\/v2\/types\/product"}],"replies":[{"embeddable":true,"href":"https:\/\/bazaar.express\/sk\/wp-json\/wp\/v2\/comments?post=44375"}],"wp:featuredmedia":[{"embeddable":true,"href":"https:\/\/bazaar.express\/sk\/wp-json\/wp\/v2\/media\/9476"}],"wp:attachment":[{"href":"https:\/\/bazaar.express\/sk\/wp-json\/wp\/v2\/media?parent=44375"}],"wp:term":[{"taxonomy":"product_brand","embeddable":true,"href":"https:\/\/bazaar.express\/sk\/wp-json\/wp\/v2\/product_brand?post=44375"},{"taxonomy":"product_cat","embeddable":true,"href":"https:\/\/bazaar.express\/sk\/wp-json\/wp\/v2\/product_cat?post=44375"},{"taxonomy":"product_tag","embeddable":true,"href":"https:\/\/bazaar.express\/sk\/wp-json\/wp\/v2\/product_tag?post=44375"}],"curies":[{"name":"wp","href":"https:\/\/api.w.org\/{rel}","templated":true}]}}