{"id":44385,"date":"2025-02-09T02:59:41","date_gmt":"2025-02-09T02:59:41","guid":{"rendered":"https:\/\/bazaar.express\/product\/cartouche-5\/"},"modified":"2025-02-09T02:59:41","modified_gmt":"2025-02-09T02:59:41","slug":"cartouche-5","status":"publish","type":"product","link":"https:\/\/bazaar.express\/sk\/produkt\/cartouche-5\/","title":{"rendered":"Strieborn\u00fd n\u00e1hrdeln\u00edk s kart\u00fa\u0161ou"},"content":{"rendered":"<h2 data-start=\"322\" data-end=\"404\"><strong data-start=\"326\" data-end=\"404\">Strieborn\u00fd n\u00e1hrdeln\u00edk s kart\u00fa\u0161ou \u2013 Personalizovan\u00fd staroegyptsk\u00fd \u0161perk<\/strong><\/h2>\n<p data-start=\"406\" data-end=\"734\">Preme\u0148te svoje meno na staroegyptsk\u00e9 hieroglyfy s t\u00fdmto \u00fa\u017easn\u00fdm <strong data-start=\"479\" data-end=\"530\">dvojstrann\u00fdm strieborn\u00fdm n\u00e1hrdeln\u00edkom s kart\u00fa\u0161ou<\/strong>, ru\u010dne vyroben\u00fdm v K\u00e1hire v Egypte. \u010ci u\u017e ste milovn\u00edkom starovekej hist\u00f3rie, egyptskej symboliky alebo personalizovan\u00fdch \u0161perkov, tento <strong data-start=\"648\" data-end=\"681\">925 strieborn\u00fd kart\u00fa\u0161<\/strong> prin\u00e1\u0161a mystiku fara\u00f3nov do va\u0161ich r\u00fak.<\/p>\n<p data-start=\"736\" data-end=\"1002\">Ka\u017ed\u00fd k\u00fasok je <strong data-start=\"750\" data-end=\"786\">vyroben\u00fd na objedn\u00e1vku expertmi remeseln\u00edkmi<\/strong> v ikonickom <strong data-start=\"801\" data-end=\"827\">Khan El Khalili Bazaar<\/strong>, s pou\u017eit\u00edm tradi\u010dn\u00fdch techn\u00edk odovzd\u00e1van\u00fdch gener\u00e1ciami. Tento personalizovan\u00fd n\u00e1hrdeln\u00edk je viac ne\u017e len doplnok \u2013 je to spojenie s 5000-ro\u010dnou civiliz\u00e1ciou.<\/p>\n<h3 data-start=\"1009\" data-end=\"1037\"><strong data-start=\"1013\" data-end=\"1037\">\u010co je kart\u00fa\u0161a?<\/strong><\/h3>\n<p data-start=\"1039\" data-end=\"1297\">V starovekom Egypte bola <strong data-start=\"1059\" data-end=\"1072\">kart\u00fa\u0161a<\/strong> (z franc\u00fazskeho slova pre \u201en\u00e1boj\u201c) <strong data-start=\"1119\" data-end=\"1163\">ovalov\u00fd symbol obklopuj\u00faci kr\u00e1\u013eovsk\u00e9 men\u00e1<\/strong> nap\u00edsan\u00e9 hieroglyfmi. Jej slu\u010dkovit\u00fd dizajn \u2013 odvoden\u00fd od <strong data-start=\"1225\" data-end=\"1240\">\u201eshen kr\u00fa\u017eku\u201c<\/strong> \u2013 symbolizoval <strong data-start=\"1254\" data-end=\"1296\">ve\u010dnos\u0165, ochranu a bo\u017esk\u00fa moc<\/strong>.<\/p>\n<p data-start=\"1299\" data-end=\"1580\">P\u00f4vodne pou\u017e\u00edvan\u00e1 egyptsk\u00fdmi fara\u00f3nmi, kart\u00fa\u0161a sl\u00fa\u017eila ako <strong data-start=\"1366\" data-end=\"1389\">ochrann\u00fd amulet<\/strong> aj ako reprezent\u00e1cia kr\u00e1\u013eovskej bo\u017eskej identity. Tradi\u00edcia siaha a\u017e do <strong data-start=\"1474\" data-end=\"1489\">2. dynastie<\/strong>, z\u00edskala \u0161irok\u00e9 pou\u017eitie po\u010das vl\u00e1dy <strong data-start=\"1534\" data-end=\"1553\">fara\u00f3na Sneferu<\/strong> v <strong data-start=\"1561\" data-end=\"1579\">\u0160tvrtej dynastii<\/strong>.<\/p>\n<p data-start=\"1582\" data-end=\"1752\"><strong data-start=\"1582\" data-end=\"1595\">Zauj\u00edmavos\u0165:<\/strong> Ke\u010f Napole\u00f3novi u\u010denci uvideli tento ov\u00e1lny symbol po\u010das jeho egyptskej exped\u00edcie v roku 1798, mysleli si, \u017ee pripom\u00edna n\u00e1boj z gu\u013eky, odtial poch\u00e1dza n\u00e1zov \u201ekart\u00fa\u0161a\u201c.<\/p>\n<h3 data-start=\"1759\" data-end=\"1796\"><strong data-start=\"1763\" data-end=\"1796\">Personalizovan\u00e9 hieroglyfick\u00e9 grav\u00edrovanie<\/strong><\/h3>\n<p data-start=\"1798\" data-end=\"1921\">V\u00e1\u0161 pr\u00edvesok s kart\u00fa\u0161ou bude grav\u00edrovan\u00fd va\u0161\u00edm vybran\u00fdm <strong data-start=\"1855\" data-end=\"1871\">menom alebo slovom<\/strong> s pou\u017eit\u00edm <strong data-start=\"1878\" data-end=\"1920\">autentick\u00fdch staroegyptsk\u00fdch hieroglyfov<\/strong>.<\/p>\n<p data-start=\"1923\" data-end=\"2175\">Na\u0161i kvalifikovan\u00ed remeseln\u00edci s\u00fa vy\u0161kolen\u00ed v <strong data-start=\"1959\" data-end=\"1987\">preklade hieroglyfov<\/strong> a p\u00edsan\u00ed kart\u00fa\u0161, aby zabezpe\u010dili <strong data-start=\"2020\" data-end=\"2071\">presn\u00e9 a kult\u00farne re\u0161pektuj\u00face n\u00e1pisy<\/strong>. \u010ci u\u017e je va\u0161e meno v angli\u010dtine alebo arab\u010dine, presne ho prelo\u017e\u00edme do <strong data-start=\"2150\" data-end=\"2174\">hieroglyfick\u00fdch symbolov<\/strong>.<\/p>\n<p data-start=\"2177\" data-end=\"2213\"><strong data-start=\"2177\" data-end=\"2213\">Mo\u017enosti ve\u013ekost\u00ed a limit po\u010dtu znakov:<\/strong><\/p>\n<ul data-start=\"2214\" data-end=\"2376\">\n<li data-start=\"2214\" data-end=\"2252\">\n<p data-start=\"2216\" data-end=\"2252\"><strong data-start=\"2216\" data-end=\"2232\">Mal\u00fd (1.5&#8243;)<\/strong> \u2013 A\u017e 3 symboly<\/p>\n<\/li>\n<li data-start=\"2253\" data-end=\"2293\">\n<p data-start=\"2255\" data-end=\"2293\"><strong data-start=\"2255\" data-end=\"2273\">Stredn\u00fd (1.75&#8243;)<\/strong> \u2013 A\u017e 5 symbolov<\/p>\n<\/li>\n<li data-start=\"2294\" data-end=\"2330\">\n<p data-start=\"2296\" data-end=\"2330\"><strong data-start=\"2296\" data-end=\"2310\">Ve\u013ek\u00fd (2&#8243;)<\/strong> \u2013 A\u017e 7 symbolov<\/p>\n<\/li>\n<li data-start=\"2331\" data-end=\"2376\">\n<p data-start=\"2333\" data-end=\"2376\"><strong data-start=\"2333\" data-end=\"2356\">Extra ve\u013ek\u00fd (2.25&#8243;)<\/strong> \u2013 A\u017e 9 symbolov<\/p>\n<\/li>\n<\/ul>\n<blockquote data-start=\"2378\" data-end=\"2527\">\n<p data-start=\"2380\" data-end=\"2527\">Na personaliz\u00e1ciu jednoducho uve\u010fte svoje meno pri pokladni. N\u00e1\u0161 t\u00edm zvl\u00e1dne zvy\u0161ok a zabezpe\u010d\u00ed, aby va\u0161a kart\u00fa\u0161a bola kr\u00e1sne a spr\u00e1vne vygrav\u00edrovan\u00e1.<\/p>\n<\/blockquote>\n<h3 data-start=\"2534\" data-end=\"2564\"><strong data-start=\"2538\" data-end=\"2564\">\u0160pecifik\u00e1cie produktu<\/strong><\/h3>\n<ul data-start=\"2566\" data-end=\"2966\">\n<li data-start=\"2566\" data-end=\"2638\">\n<p data-start=\"2568\" data-end=\"2638\"><strong data-start=\"2568\" data-end=\"2581\">Materi\u00e1l:<\/strong> 925 Sterling Silver (Ofici\u00e1lna egyptsk\u00e1 vl\u00e1dna pe\u010da\u0165)<\/p>\n<\/li>\n<li data-start=\"2639\" data-end=\"2701\">\n<p data-start=\"2641\" data-end=\"2701\"><strong data-start=\"2641\" data-end=\"2652\">\u00daprava:<\/strong> Le\u0161ten\u00e9 striebro s volite\u013en\u00fdmi oxidovan\u00fdmi detailmi<\/p>\n<\/li>\n<li data-start=\"2702\" data-end=\"2782\">\n<p data-start=\"2704\" data-end=\"2782\"><strong data-start=\"2704\" data-end=\"2724\">Personaliz\u00e1cia:<\/strong> Dvojstrann\u00e9 grav\u00edrovanie (Hieroglyfy \/ Arab\u010dina \/ Angli\u010dtina)<\/p>\n<\/li>\n<li data-start=\"2783\" data-end=\"2845\">\n<p data-start=\"2785\" data-end=\"2845\"><strong data-start=\"2785\" data-end=\"2804\">D\u013a\u017eka pr\u00edvesku:<\/strong> Na z\u00e1klade po\u010dtu znakov a vybranej ve\u013ekosti<\/p>\n<\/li>\n<li data-start=\"2846\" data-end=\"2900\">\n<p data-start=\"2848\" data-end=\"2900\"><strong data-start=\"2848\" data-end=\"2865\">D\u013a\u017eka retiazky:<\/strong> 18&#8243; Strieborn\u00e1 retiazka v cene<\/p>\n<\/li>\n<li data-start=\"2901\" data-end=\"2966\">\n<p data-start=\"2903\" data-end=\"2966\"><strong data-start=\"2903\" data-end=\"2917\">Balenie:<\/strong> Elegantn\u00e1 zamatov\u00e1 \u0161perkovnica \u2013 ide\u00e1lna na darovanie<\/p>\n<\/li>\n<\/ul>\n<h3 data-start=\"3201\" data-end=\"3226\"><strong data-start=\"3205\" data-end=\"3226\">N\u00e1vod na starostlivos\u0165<\/strong><\/h3>\n<p data-start=\"3228\" data-end=\"3301\">Aby ste udr\u017eali kr\u00e1su a dlhovekos\u0165 v\u00e1\u0161ho egyptsk\u00e9ho n\u00e1hrdeln\u00edka s kart\u00fa\u0161ou:<\/p>\n<ul data-start=\"3303\" data-end=\"3492\">\n<li data-start=\"3303\" data-end=\"3351\">\n<p data-start=\"3305\" data-end=\"3351\">Sujte pred sprchovan\u00edm, pl\u00e1van\u00edm alebo span\u00edm<\/p>\n<\/li>\n<li data-start=\"3352\" data-end=\"3404\">\n<p data-start=\"3354\" data-end=\"3404\">Vyhnite sa kontaktu s kr\u00e9mami, parfumami a chemik\u00e1liami<\/p>\n<\/li>\n<li data-start=\"3405\" data-end=\"3449\">\n<p data-start=\"3407\" data-end=\"3449\">\u010cistite jemne miernym mydlom a teplou vodou<\/p>\n<\/li>\n<li data-start=\"3450\" data-end=\"3492\">\n<p data-start=\"3452\" data-end=\"3492\">Skladujte such\u00e9 v m\u00e4kkom puzdre alebo \u0161perkovnici<\/p>\n<\/li>\n<\/ul>\n<h3 data-start=\"3499\" data-end=\"3535\"><strong data-start=\"3503\" data-end=\"3535\">V\u00fdznamn\u00fd dar\u010dek z Egypta<\/strong><\/h3>\n<p data-start=\"3537\" data-end=\"3809\">Ka\u017ed\u00fd n\u00e1hrdeln\u00edk prich\u00e1dza v <strong data-start=\"3562\" data-end=\"3585\">luxusnom balen\u00ed<\/strong>, pripraven\u00fd na darovanie bl\u00edzkej osobe \u2013 alebo sebe! \u010ci u\u017e ide o <strong data-start=\"3649\" data-end=\"3661\">narodeniny<\/strong>, <strong data-start=\"3663\" data-end=\"3678\">v\u00fdro\u010die<\/strong>, <strong data-start=\"3680\" data-end=\"3694\">absolvovanie<\/strong>, alebo <strong data-start=\"3699\" data-end=\"3715\">len tak<\/strong>, tento pr\u00edvesok s kart\u00fa\u0161ou je nad\u010dasov\u00fd k\u00fasok personalizovan\u00e9ho \u0161perku s hlbok\u00fdmi kult\u00farnymi kore\u0148mi.<\/p>\n<p data-start=\"3811\" data-end=\"3990\">Nie je to len n\u00e1hrdeln\u00edk \u2013 je to <strong data-start=\"3845\" data-end=\"3867\">p\u00fatav\u00fd k\u00fasok<\/strong>, <strong data-start=\"3871\" data-end=\"3894\">historick\u00fd artefakt<\/strong> a <strong data-start=\"3902\" data-end=\"3947\">symbol ochrany, identity a moci<\/strong> odovzdan\u00fd z \u010dias fara\u00f3nov.<\/p>\n<h3 data-start=\"3997\" data-end=\"4019\"><strong data-start=\"4001\" data-end=\"4019\">Pre\u010do si vybra\u0165 n\u00e1s?<\/strong><\/h3>\n<ul data-start=\"4021\" data-end=\"4280\">\n<li data-start=\"4021\" data-end=\"4066\">\n<p data-start=\"4023\" data-end=\"4066\"><strong data-start=\"4026\" data-end=\"4047\">Ru\u010dne vyroben\u00e9 v Egypte<\/strong> expertmi \u0161perk\u00e1rom<\/p>\n<\/li>\n<li data-start=\"4067\" data-end=\"4110\">\n<p data-start=\"4069\" data-end=\"4110\"><strong data-start=\"4072\" data-end=\"4110\">Autentick\u00fd preklad hieroglyfov<\/strong><\/p>\n<\/li>\n<li data-start=\"4111\" data-end=\"4164\">\n<p data-start=\"4113\" data-end=\"4164\"><strong data-start=\"4117\" data-end=\"4164\">Kult\u00farne presn\u00e9 a historicky in\u0161pirovan\u00e9<\/strong><\/p>\n<\/li>\n<li data-start=\"4165\" data-end=\"4201\">\n<p data-start=\"4167\" data-end=\"4201\"><strong data-start=\"4170\" data-end=\"4201\">Podlo\u017een\u00e9 egyptsk\u00fdm dedi\u010dstvom<\/strong><\/p>\n<\/li>\n<li data-start=\"4202\" data-end=\"4234\">\n<p data-start=\"4204\" data-end=\"4234\"><strong data-start=\"4207\" data-end=\"4234\">Balenie pripraven\u00e9 na darovanie<\/strong><\/p>\n<\/li>\n<li data-start=\"4235\" data-end=\"4280\">\n<p data-start=\"4237\" data-end=\"4280\"><strong data-start=\"4240\" data-end=\"4280\">Respons\u00edvna podpora pre personalizovan\u00e9 objedn\u00e1vky<\/strong><\/p>\n<\/li>\n<\/ul>\n<p data-start=\"4287\" data-end=\"4430\"><strong data-start=\"4287\" data-end=\"4430\">Noste svoje meno ako fara\u00f3ni. Objednajte si dnes svoj personalizovan\u00fd strieborn\u00fd n\u00e1hrdeln\u00edk s kart\u00fa\u0161ou a vlastnite k\u00fasok staroegyptskej hist\u00f3rie.<\/strong><\/p>\n<p style=\"text-align: center;\">\u010eakujeme za n\u00e1kup v <em data-start=\"415\" data-end=\"431\"><a href=\"https:\/\/bazaar.express\/sk\/\">Bazaar Express<\/a><\/em> \u2013 te\u0161\u00edme sa na v\u00e1s!<\/p>\n<p style=\"text-align: center;\">Za\u017eite k\u00fazlo starovek\u00e9ho umenia s na\u0161ou kolekciou <a href=\"https:\/\/bazaar.express\/product-category\/egyptian-treasures\/\">Egyptsk\u00e9 poklady<\/a>.<\/p>\n","protected":false},"excerpt":{"rendered":"<h3 data-start=\"528\" data-end=\"697\">Noste svoje meno ako fara\u00f3n s t\u00fdmto personalizovan\u00fdm strieborn\u00fdm n\u00e1hrdeln\u00edkom s kart\u00fa\u0161ou, ru\u010dne vyroben\u00fdm v K\u00e1hire s autentick\u00fdmi staroegyptsk\u00fdmi hieroglyfmi. Nad\u010dasov\u00fd a symbolick\u00fd dar\u010dek.<\/h3>\n","protected":false},"featured_media":9242,"comment_status":"open","ping_status":"closed","template":"","meta":[],"product_brand":[],"product_cat":[1165],"product_tag":[1684],"class_list":{"0":"post-44385","1":"product","2":"type-product","3":"status-publish","4":"has-post-thumbnail","6":"product_cat-egyptske-poklady","7":"product_tag-suveniry","8":"pa_l-xl-l","9":"pa_l-xl-m","10":"pa_l-xl-s","11":"pa_l-xl-xl","13":"first","14":"instock","15":"sale","16":"shipping-taxable","17":"purchasable","18":"product-type-variable"},"_links":{"self":[{"href":"https:\/\/bazaar.express\/sk\/wp-json\/wp\/v2\/product\/44385","targetHints":{"allow":["GET"]}}],"collection":[{"href":"https:\/\/bazaar.express\/sk\/wp-json\/wp\/v2\/product"}],"about":[{"href":"https:\/\/bazaar.express\/sk\/wp-json\/wp\/v2\/types\/product"}],"replies":[{"embeddable":true,"href":"https:\/\/bazaar.express\/sk\/wp-json\/wp\/v2\/comments?post=44385"}],"wp:featuredmedia":[{"embeddable":true,"href":"https:\/\/bazaar.express\/sk\/wp-json\/wp\/v2\/media\/9242"}],"wp:attachment":[{"href":"https:\/\/bazaar.express\/sk\/wp-json\/wp\/v2\/media?parent=44385"}],"wp:term":[{"taxonomy":"product_brand","embeddable":true,"href":"https:\/\/bazaar.express\/sk\/wp-json\/wp\/v2\/product_brand?post=44385"},{"taxonomy":"product_cat","embeddable":true,"href":"https:\/\/bazaar.express\/sk\/wp-json\/wp\/v2\/product_cat?post=44385"},{"taxonomy":"product_tag","embeddable":true,"href":"https:\/\/bazaar.express\/sk\/wp-json\/wp\/v2\/product_tag?post=44385"}],"curies":[{"name":"wp","href":"https:\/\/api.w.org\/{rel}","templated":true}]}}