{"id":44393,"date":"2025-02-08T00:25:51","date_gmt":"2025-02-08T00:25:51","guid":{"rendered":"https:\/\/bazaar.express\/product\/flowers-marsa-alam\/"},"modified":"2026-02-27T14:28:40","modified_gmt":"2026-02-27T14:28:40","slug":"flowers-marsa-alam","status":"publish","type":"product","link":"https:\/\/bazaar.express\/sk\/produkt\/flowers-marsa-alam\/","title":{"rendered":"Doru\u010denie kvetov dnes v Marsa Alam"},"content":{"rendered":"<h2 data-start=\"277\" data-end=\"374\"><strong>Doru\u010denie kvetov dnes v Marsa Alam \u2013 Doru\u010denie \u010derven\u00fdch ru\u017e\u00ed v ten ist\u00fd de\u0148 pre romantick\u00e9 pr\u00edle\u017eitosti<\/strong><\/h2>\n<p data-start=\"376\" data-end=\"779\">H\u013ead\u00e1te perfektn\u00fd sp\u00f4sob, ako niekomu rozjasni\u0165 de\u0148 v Marsa Alam? Na\u0161a slu\u017eba <strong data-start=\"445\" data-end=\"473\">doru\u010denia kvetov v ten ist\u00fd de\u0148<\/strong> prinesie dychber\u00faci buket <strong data-start=\"515\" data-end=\"539\">15 pr\u00e9miov\u00fdch \u010derven\u00fdch ru\u017e\u00ed<\/strong> priamo k dver\u00e1m v\u00e1\u0161ho milovan\u00e9ho \u2013 \u010derstv\u00e9, elegantn\u00e9 a pln\u00e9 l\u00e1sky. \u010ci u\u017e ide o prekvapenie na Valent\u00ednsky de\u0148, romantick\u00e9 v\u00fdro\u010die alebo len tak, tento modern\u00fd kvetinov\u00fd aran\u017em\u00e1n je navrhnut\u00fd tak, aby urobil siln\u00fd a nezabudnute\u013en\u00fd dojem.<\/p>\n<h3 data-start=\"786\" data-end=\"837\"><strong data-start=\"790\" data-end=\"837\">Pre\u010do si vybra\u0165 15 \u010derven\u00fdch ru\u017e\u00ed ako romantick\u00fd dar\u010dek?<\/strong><\/h3>\n<p data-start=\"839\" data-end=\"1131\">\u010cerven\u00e9 ru\u017ee s\u00fa dlho univerz\u00e1lnym symbolom hlbokej l\u00e1sky a v\u00e1\u0161ne. Buket z 15 kusov nesie extra v\u00fdznam \u2013 symbolizuje ospravedlnenie, obdiv a oddanos\u0165. N\u00e1\u0161 expertne vybran\u00fd aran\u017em\u00e1n, prezentovan\u00fd v <strong data-start=\"1044\" data-end=\"1068\">\u010distom bielom balen\u00ed<\/strong>, dod\u00e1va elegantn\u00fd a modern\u00fd n\u00e1dych nad\u010dasov\u00e9mu romantick\u00e9mu gestu.<\/p>\n<h3 data-start=\"1138\" data-end=\"1197\"><strong data-start=\"1142\" data-end=\"1197\">\u010co je zahrnut\u00e9 v doru\u010den\u00ed kvetov v Marsa Alam?<\/strong><\/h3>\n<ul data-start=\"1199\" data-end=\"1560\">\n<li data-start=\"1199\" data-end=\"1271\">\n<p data-start=\"1201\" data-end=\"1271\"><strong data-start=\"1201\" data-end=\"1223\">Typ \u010derstv\u00fdch kvetov:<\/strong> Dlhostebeln\u00e9, ru\u010dne vybran\u00e9 pr\u00e9miov\u00e9 \u010derven\u00e9 ru\u017ee<\/p>\n<\/li>\n<li data-start=\"1272\" data-end=\"1329\">\n<p data-start=\"1274\" data-end=\"1329\"><strong data-start=\"1274\" data-end=\"1287\">Mno\u017estvo:<\/strong> 15 \u017eiariv\u00fdch kvetov, kr\u00e1sne usporiadan\u00fdch<\/p>\n<\/li>\n<li data-start=\"1330\" data-end=\"1404\">\n<p data-start=\"1332\" data-end=\"1404\"><strong data-start=\"1332\" data-end=\"1349\">Prezenta\u010dn\u00e9 balenie:<\/strong> Zabalenie do elegantn\u00e9ho bieleho papiera v minimalistickom \u0161t\u00fdle<\/p>\n<\/li>\n<li data-start=\"1405\" data-end=\"1509\">\n<p data-start=\"1407\" data-end=\"1509\"><strong data-start=\"1407\" data-end=\"1423\">Ide\u00e1lne pre:<\/strong> Romantick\u00e9 gest\u00e1, v\u00fdro\u010dia, sn\u00fabenia, narodeniny alebo len na vyjadrenie \u201eMilujem \u0165a\u201c<\/p>\n<\/li>\n<li data-start=\"1510\" data-end=\"1560\">\n<p data-start=\"1512\" data-end=\"1560\"><strong data-start=\"1512\" data-end=\"1526\">Trvanlivos\u0165:<\/strong> Vydr\u017e\u00ed 5\u20137 dn\u00ed pri spr\u00e1vnej starostlivosti<\/p>\n<\/li>\n<\/ul>\n<h3 data-start=\"1567\" data-end=\"1637\"><strong data-start=\"1571\" data-end=\"1637\">Doru\u010denie kvetov v ten ist\u00fd de\u0148 v Marsa Alam \u2013 R\u00fdchle, bezplatn\u00e9 a spo\u013eahliv\u00e9<\/strong><\/h3>\n<p data-start=\"1639\" data-end=\"1890\">Ch\u00e1peme, \u017ee <strong data-start=\"1658\" data-end=\"1676\">\u010dasovanie je d\u00f4le\u017eit\u00e9<\/strong> pri vyjadrovan\u00ed l\u00e1sky. Preto pon\u00fakame <strong data-start=\"1719\" data-end=\"1758\">doru\u010denie v ten ist\u00fd de\u0148 po celej Marsa Alam<\/strong> \u2013 zadarmo. \u010ci ste v meste alebo prekvapujete niekoho z dia\u013eky, v\u00e1\u0161 buket pr\u00edde \u010derstv\u00fd a v\u010das, zaru\u010dene.<\/p>\n<ul data-start=\"1892\" data-end=\"2082\">\n<li data-start=\"1892\" data-end=\"1943\">\n<p data-start=\"1894\" data-end=\"1943\"><strong data-start=\"1897\" data-end=\"1923\">Bezplatn\u00e1 doprava v ten ist\u00fd de\u0148<\/strong> v r\u00e1mci Marsa Alam<\/p>\n<\/li>\n<li data-start=\"1944\" data-end=\"1999\">\n<p data-start=\"1946\" data-end=\"1999\"><strong data-start=\"1949\" data-end=\"1972\">Lok\u00e1lne ru\u010dn\u00e9 doru\u010denie<\/strong> od profesion\u00e1lnych kvetin\u00e1rov<\/p>\n<\/li>\n<li data-start=\"2000\" data-end=\"2082\">\n<p data-start=\"2002\" data-end=\"2082\"><strong data-start=\"2005\" data-end=\"2023\">\u010cas uz\u00e1vierky objedn\u00e1vok:<\/strong> Doru\u010denie v ten ist\u00fd de\u0148 je dostupn\u00e9 pre objedn\u00e1vky podan\u00e9 pred 16:00<\/p>\n<\/li>\n<\/ul>\n<h3 data-start=\"2089\" data-end=\"2131\"><strong data-start=\"2093\" data-end=\"2131\">Tipy na starostlivos\u0165 pre dlh\u0161ie trvaj\u00face ru\u017ee<\/strong><\/h3>\n<p data-start=\"2133\" data-end=\"2170\">Aby va\u0161e ru\u017ee zostali \u017eiariv\u00e9 a \u010derstv\u00e9:<\/p>\n<ul data-start=\"2172\" data-end=\"2400\">\n<li data-start=\"2172\" data-end=\"2247\">\n<p data-start=\"2174\" data-end=\"2247\">Ore\u017ete stonky diagon\u00e1lne pod te\u010d\u00facou vodou pred umiestnen\u00edm do v\u00e1zy<\/p>\n<\/li>\n<li data-start=\"2248\" data-end=\"2280\">\n<p data-start=\"2250\" data-end=\"2280\">Vymie\u0148ajte vodu ka\u017ed\u00e9 1\u20132 dni<\/p>\n<\/li>\n<li data-start=\"2281\" data-end=\"2346\">\n<p data-start=\"2283\" data-end=\"2346\">Udr\u017eujte ich na chladnom mieste, mimo priameho slne\u010dn\u00e9ho \u017eiarenia a tepla<\/p>\n<\/li>\n<li data-start=\"2347\" data-end=\"2400\">\n<p data-start=\"2349\" data-end=\"2400\">Odstra\u0148ujte v\u00e4dn\u00face okvetn\u00e9 l\u00edstky, aby ostatn\u00e9 kvitli dlh\u0161ie<\/p>\n<\/li>\n<\/ul>\n<h3 data-start=\"2407\" data-end=\"2457\"><strong data-start=\"2411\" data-end=\"2457\">Pridajte osobn\u00fd dotyk s vlastnou spr\u00e1vou<\/strong><\/h3>\n<p data-start=\"2459\" data-end=\"2674\">Ka\u017ed\u00e9 doru\u010denie kvetov zah\u0155\u0148a <strong data-start=\"2492\" data-end=\"2514\">zdarma pozdravov\u00fa kartu<\/strong>. Pridajte osobn\u00fa l\u00e1skypln\u00fa pozn\u00e1mku alebo srde\u010dn\u00fa spr\u00e1vu \u2013 n\u00e1\u0161 t\u00edm ju pekne vytla\u010d\u00ed a prid\u00e1 k va\u0161ej objedn\u00e1vke. Je to perfektn\u00fd z\u00e1vere\u010dn\u00fd dotyk, ktor\u00fd uk\u00e1\u017ee, \u017ee v\u00e1m z\u00e1le\u017e\u00ed.<\/p>\n<h3 data-start=\"2681\" data-end=\"2723\"><strong data-start=\"2685\" data-end=\"2723\">Ide\u00e1lne pre ka\u017ed\u00fa \u0161peci\u00e1lnu pr\u00edle\u017eitos\u0165<\/strong><\/h3>\n<ul data-start=\"2725\" data-end=\"3014\">\n<li data-start=\"2725\" data-end=\"2780\">\n<p data-start=\"2727\" data-end=\"2780\"><strong data-start=\"2727\" data-end=\"2746\">Valent\u00ednsky de\u0148<\/strong> \u2013 Najlep\u0161\u00ed romantick\u00fd buket<\/p>\n<\/li>\n<li data-start=\"2781\" data-end=\"2843\">\n<p data-start=\"2783\" data-end=\"2843\"><strong data-start=\"2783\" data-end=\"2800\">V\u00fdro\u010dia<\/strong> \u2013 Klasick\u00e9 vyjadrenie trvalej l\u00e1sky<\/p>\n<\/li>\n<li data-start=\"2844\" data-end=\"2888\">\n<p data-start=\"2846\" data-end=\"2888\"><strong data-start=\"2846\" data-end=\"2862\">De\u0148 matiek<\/strong> \u2013 Elegantn\u00e9 a srde\u010dn\u00e9<\/p>\n<\/li>\n<li data-start=\"2889\" data-end=\"2954\">\n<p data-start=\"2891\" data-end=\"2954\"><strong data-start=\"2891\" data-end=\"2904\">Narodeniny<\/strong> \u2013 Pridajte \u0161arm a teplo do niekoho \u0161peci\u00e1lneho d\u0148a<\/p>\n<\/li>\n<li data-start=\"2955\" data-end=\"3014\">\n<p data-start=\"2957\" data-end=\"3014\"><strong data-start=\"2957\" data-end=\"2985\">Ospravedlnenie alebo prekvapenie<\/strong> \u2013 Ke\u010f slov\u00e1 nesta\u010dia<\/p>\n<\/li>\n<\/ul>\n<h3 data-start=\"3021\" data-end=\"3073\"><strong data-start=\"3025\" data-end=\"3073\">Pre\u010do Marsa Alam d\u00f4veruje n\u00e1m pri doru\u010den\u00ed kvetov<\/strong><\/h3>\n<ul data-start=\"3075\" data-end=\"3400\">\n<li data-start=\"3075\" data-end=\"3158\">\n<p data-start=\"3077\" data-end=\"3158\">\u2705 <strong data-start=\"3079\" data-end=\"3099\">Lok\u00e1lna expert\u00edza:<\/strong> P\u00f4sob\u00edme z Marsa Alam s venovan\u00fdm t\u00edmom kvetin\u00e1rov<\/p>\n<\/li>\n<li data-start=\"3159\" data-end=\"3216\">\n<p data-start=\"3161\" data-end=\"3216\">\u2705 <strong data-start=\"3163\" data-end=\"3179\">Najvy\u0161\u0161ia kvalita:<\/strong> Pou\u017e\u00edvame len \u010derstv\u00e9 kvety triedy A<\/p>\n<\/li>\n<li data-start=\"3217\" data-end=\"3304\">\n<p data-start=\"3219\" data-end=\"3304\">\u2705 <strong data-start=\"3221\" data-end=\"3246\">Elegantn\u00e1 prezent\u00e1cia:<\/strong> Ka\u017ed\u00fd buket je zabalen\u00fd s starostlivos\u0165ou pre luxusn\u00fd dojem<\/p>\n<\/li>\n<li data-start=\"3305\" data-end=\"3400\">\n<p data-start=\"3307\" data-end=\"3400\">\u2705 <strong data-start=\"3309\" data-end=\"3332\">Spo\u013eahliv\u00e1 logistika:<\/strong> Od pr\u00edpravy po doru\u010denie k dver\u00e1m zabezpe\u010dujeme plynul\u00fd proces<\/p>\n<\/li>\n<\/ul>\n<h3 data-start=\"3407\" data-end=\"3448\"><strong data-start=\"3411\" data-end=\"3448\">\u010casto kladen\u00e9 ot\u00e1zky (FAQ)<\/strong><\/h3>\n<p data-start=\"3450\" data-end=\"3611\"><strong data-start=\"3450\" data-end=\"3505\">Ot\u00e1zka: M\u00f4\u017eem prida\u0165 \u010dokol\u00e1du alebo dar\u010dek kvetom?<\/strong><br data-start=\"3505\" data-end=\"3508\" \/>Odpove\u010f: \u00c1no! Pon\u00fakame volite\u013en\u00e9 doplnky ako krabice s \u010dokol\u00e1dou, bal\u00f3ny a ply\u0161ov\u00e9 medvede \u2013 sta\u010d\u00ed sa op\u00fdta\u0165 pri pokladni.<\/p>\n<p data-start=\"3613\" data-end=\"3769\"><strong data-start=\"3613\" data-end=\"3659\">Ot\u00e1zka: \u010co ak nie je nikto doma po\u010das doru\u010denia?<\/strong><br data-start=\"3659\" data-end=\"3662\" \/>Odpove\u010f: Kontaktujeme pr\u00edjemcu na koordin\u00e1ciu alebo nech\u00e1me buket v tienistom, bezpe\u010dnom mieste, ak je to povolen\u00e9.<\/p>\n<p data-start=\"3771\" data-end=\"3916\"><strong data-start=\"3771\" data-end=\"3829\">Ot\u00e1zka: Doru\u010dujete do rezortov a hotelov v Marsa Alam?<\/strong><br data-start=\"3829\" data-end=\"3832\" \/>Odpove\u010f: Ur\u010dite. Sta\u010d\u00ed uvies\u0165 \u00fapln\u00fd n\u00e1zov hotela\/rezortu a \u010d\u00edslo izby, ak je k dispoz\u00edcii.<\/p>\n<h3 data-start=\"3923\" data-end=\"3996\"><strong data-start=\"3927\" data-end=\"3996\">Objednajte si svoje romantick\u00e9 ru\u017ee teraz \u2013 Obmedzen\u00e9 sloty na doru\u010denie v ten ist\u00fd de\u0148!<\/strong><\/h3>\n<p data-start=\"3998\" data-end=\"4204\">Osl\u00e1vte l\u00e1sku spr\u00e1vnym sp\u00f4sobom s <strong data-start=\"4032\" data-end=\"4062\">15 nezabudnute\u013en\u00fdmi \u010derven\u00fdmi ru\u017eami<\/strong>, ru\u010dne doru\u010den\u00fdmi v Marsa Alam. Na\u0161i experti na kvety pripravuj\u00fa ka\u017ed\u00fd buket s starostlivos\u0165ou, aby v\u00e1\u0161 dar\u010dek bol rovnako nezabudnute\u013en\u00fd ako moment, ktor\u00fd mu venujete.<\/p>\n<p data-start=\"4206\" data-end=\"4273\"><strong data-start=\"4209\" data-end=\"4273\">Vyjadrite svoju l\u00e1sku kvetmi, ktor\u00e9 hovoria hlasnej\u0161ie ako slov\u00e1.<\/strong><\/p>\n<p data-start=\"4275\" data-end=\"4386\">\u010eakujeme, \u017ee ste si vybrali <strong data-start=\"4298\" data-end=\"4386\">Bazaar Express \u2013 d\u00f4veryhodn\u00e9ho kvetin\u00e1ra v Marsa Alam pre kvalitn\u00e9 kvety a srde\u010dn\u00e9 dar\u010deky.<\/strong><\/p>\n<p data-start=\"4275\" data-end=\"4386\">\n<p style=\"text-align: center;\">\u010eakujeme za n\u00e1kup v <em data-start=\"415\" data-end=\"431\"><a href=\"https:\/\/bazaar.express\/sk\/\">Bazaar Express<\/a><\/em> \u2013 te\u0161\u00edme sa, \u017ee ste tu!<\/p>\n<p style=\"text-align: center;\">Od \u017eiariv\u00fdch po jemn\u00e9 \u2013 objavte <a href=\"https:\/\/bazaar.express\/product-category\/flowers-red-sea-delivery\/\">Kvety<\/a>, ktor\u00e9 hovoria eleganciou.<\/p>\n","protected":false},"excerpt":{"rendered":"<h3 data-start=\"420\" data-end=\"593\">Po\u0161lite 15 pr\u00e9miov\u00fdch \u010derven\u00fdch ru\u017e\u00ed s doru\u010den\u00edm v ten ist\u00fd de\u0148 v Marsa Alam. Zabalene do elegantnej bielej farby a ide\u00e1lne pre romantick\u00e9 gest\u00e1 ako Valent\u00ednsky de\u0148, v\u00fdro\u010die alebo narodeniny.<\/h3>\n<h3><\/h3>\n","protected":false},"featured_media":9246,"comment_status":"open","ping_status":"closed","template":"","meta":[],"product_brand":[],"product_cat":[1164,1173],"product_tag":[],"class_list":{"0":"post-44393","1":"product","2":"type-product","3":"status-publish","4":"has-post-thumbnail","6":"product_cat-dorucenie-kvetov-cervene-more","7":"product_cat-kvety-marsa-alam","9":"first","10":"instock","11":"sale","12":"shipping-taxable","13":"purchasable","14":"product-type-simple"},"_links":{"self":[{"href":"https:\/\/bazaar.express\/sk\/wp-json\/wp\/v2\/product\/44393","targetHints":{"allow":["GET"]}}],"collection":[{"href":"https:\/\/bazaar.express\/sk\/wp-json\/wp\/v2\/product"}],"about":[{"href":"https:\/\/bazaar.express\/sk\/wp-json\/wp\/v2\/types\/product"}],"replies":[{"embeddable":true,"href":"https:\/\/bazaar.express\/sk\/wp-json\/wp\/v2\/comments?post=44393"}],"wp:featuredmedia":[{"embeddable":true,"href":"https:\/\/bazaar.express\/sk\/wp-json\/wp\/v2\/media\/9246"}],"wp:attachment":[{"href":"https:\/\/bazaar.express\/sk\/wp-json\/wp\/v2\/media?parent=44393"}],"wp:term":[{"taxonomy":"product_brand","embeddable":true,"href":"https:\/\/bazaar.express\/sk\/wp-json\/wp\/v2\/product_brand?post=44393"},{"taxonomy":"product_cat","embeddable":true,"href":"https:\/\/bazaar.express\/sk\/wp-json\/wp\/v2\/product_cat?post=44393"},{"taxonomy":"product_tag","embeddable":true,"href":"https:\/\/bazaar.express\/sk\/wp-json\/wp\/v2\/product_tag?post=44393"}],"curies":[{"name":"wp","href":"https:\/\/api.w.org\/{rel}","templated":true}]}}