{"id":44418,"date":"2025-02-16T00:14:59","date_gmt":"2025-02-16T00:14:59","guid":{"rendered":"https:\/\/bazaar.express\/product\/natural-painrelief\/"},"modified":"2026-02-27T14:28:49","modified_gmt":"2026-02-27T14:28:49","slug":"natural-painrelief","status":"publish","type":"product","link":"https:\/\/bazaar.express\/sk\/produkt\/natural-painrelief\/","title":{"rendered":"Pr\u00edrodn\u00e1 \u00fa\u013eava od bolesti k\u0155\u010dov\u00fdch \u017e\u00edl"},"content":{"rendered":"<h2 data-start=\"283\" data-end=\"350\">Pr\u00edrodn\u00e1 \u00fa\u013eava od bolesti k\u0155\u010dov\u00fdch \u017e\u00edl \u2013 Horus Apple Cider Cream<\/h2>\n<p data-start=\"409\" data-end=\"783\">\u00danavn\u00e9 nepohodlie n\u00f4h, opuch a nevzh\u013eadn\u00e9 \u017eily? <strong data-start=\"465\" data-end=\"495\">Horus Varicose Veins Cream<\/strong> pon\u00faka siln\u00e9 pr\u00edrodn\u00e9 rie\u0161enie na upokojenie unaven\u00fdch n\u00f4h, zn\u00ed\u017eenie vidite\u013en\u00fdch \u017e\u00edl a zlep\u0161enie cirkul\u00e1cie. Formulovan\u00fd s <strong data-start=\"616\" data-end=\"639\">jabl\u010dn\u00fdm octom<\/strong>, <strong data-start=\"641\" data-end=\"655\">mand\u013eov\u00fdm olejom<\/strong> a <strong data-start=\"661\" data-end=\"674\">olivov\u00fdm olejom<\/strong>, tento kr\u00e9m je ide\u00e1lny pre v\u0161etk\u00fdch, ktor\u00ed trpia k\u0155\u010dov\u00fdmi \u017eilami, pav\u00fa\u010dinov\u00fdmi \u017eilami alebo zlou cirkul\u00e1ciou v noh\u00e1ch.<\/p>\n<p data-start=\"785\" data-end=\"953\">\u010ci ste cel\u00fd de\u0148 na noh\u00e1ch, \u017eijete s chronick\u00fdmi probl\u00e9mami \u017e\u00edl alebo chcete pr\u00edrodn\u00e9 kozmetick\u00e9 rie\u0161enie, t\u00e1to formula prin\u00e1\u0161a overen\u00e9 v\u00fdsledky s najlep\u0161\u00edmi ingredienciami pr\u00edrody.<\/p>\n<h3 data-start=\"960\" data-end=\"1005\">Pre\u010do sa Horus Varicose Veins Cream vyn\u00edma<\/h3>\n<p data-start=\"1007\" data-end=\"1223\">\u2714 <strong data-start=\"1009\" data-end=\"1043\">Poh\u00e1\u0148an\u00fd pr\u00edrodn\u00fdmi ingredienciami<\/strong> \u2013 N\u00e1\u0161 kr\u00e9m sp\u00e1ja <strong data-start=\"1063\" data-end=\"1086\">jabl\u010dn\u00fd ocot<\/strong> pre cirkul\u00e1ciu, <strong data-start=\"1104\" data-end=\"1116\">kolag\u00e9n<\/strong> na spevnenie poko\u017eky, <strong data-start=\"1131\" data-end=\"1144\">vitam\u00edn K<\/strong> na posilnenie kapil\u00e1r a <strong data-start=\"1176\" data-end=\"1186\">arnicu<\/strong> na zn\u00ed\u017eenie modr\u00edn a z\u00e1palu.<\/p>\n<p data-start=\"1225\" data-end=\"1394\">\u2714 <strong data-start=\"1227\" data-end=\"1257\">Zlep\u0161uje krvn\u00fd obeh<\/strong> \u2013 Podporuje lep\u0161\u00ed prietok krvi zlep\u0161en\u00edm elasticity stien \u017e\u00edl, zni\u017euje opuch a minimalizuje vzh\u013ead \u017e\u00edl v priebehu \u010dasu.<\/p>\n<p data-start=\"1396\" data-end=\"1584\">\u2714 <strong data-start=\"1398\" data-end=\"1424\">Upokojuje nepohodlie n\u00f4h<\/strong> \u2013 Obsah <strong data-start=\"1444\" data-end=\"1458\">mand\u013eov\u00e9ho oleja<\/strong> a <strong data-start=\"1463\" data-end=\"1476\">olivov\u00e9ho oleja<\/strong> poskytuje hlbok\u00fa hydrat\u00e1ciu a pom\u00e1ha zmierni\u0165 \u0165a\u017ekos\u0165, bolestivos\u0165 a \u00fanavu spojen\u00fa s k\u0155\u010dov\u00fdmi \u017eilami.<\/p>\n<p data-start=\"1586\" data-end=\"1745\">\u2714 <strong data-start=\"1588\" data-end=\"1620\">\u013dahk\u00fd a r\u00fdchlo sa vstreb\u00e1vaj\u00faci<\/strong> \u2013 Na\u0161a formula sa r\u00fdchlo vstreb\u00e1va bez mastn\u00e9ho alebo lepkav\u00e9ho zvy\u0161ku. Je ide\u00e1lny na denn\u00e9 pou\u017eitie, dokonca pod oble\u010den\u00edm.<\/p>\n<p data-start=\"1747\" data-end=\"1943\">\u2714 <strong data-start=\"1749\" data-end=\"1776\">Bezpe\u010dn\u00fd pre v\u0161etky typy poko\u017eky<\/strong> \u2013 Jemn\u00fd a neirituj\u00faci, tento kr\u00e9m je vhodn\u00fd pre such\u00fa, mastn\u00fa alebo citliv\u00fa poko\u017eku. D\u00e1 sa pou\u017e\u00edva\u0165 denne ako <strong data-start=\"1889\" data-end=\"1908\">hydrata\u010dn\u00fd kr\u00e9m na nohy<\/strong> a <strong data-start=\"1913\" data-end=\"1942\">pr\u00edrodn\u00fd kr\u00e9m na \u00fa\u013eavu od bolesti<\/strong>.<\/p>\n<h3 data-start=\"1950\" data-end=\"1995\">Ako pou\u017e\u00edva\u0165 Horus Cream na k\u0155\u010dov\u00e9 \u017eily<\/h3>\n<ol data-start=\"1997\" data-end=\"2320\">\n<li data-start=\"1997\" data-end=\"2032\">\n<p data-start=\"2000\" data-end=\"2032\">Vy\u010distite a vysu\u0161te postihnut\u00fa oblas\u0165.<\/p>\n<\/li>\n<li data-start=\"2033\" data-end=\"2076\">\n<p data-start=\"2036\" data-end=\"2076\">Aplikujte tenk\u00fa vrstvu kr\u00e9mu na poko\u017eku.<\/p>\n<\/li>\n<li data-start=\"2077\" data-end=\"2153\">\n<p data-start=\"2080\" data-end=\"2153\">Mas\u00edrujte jemn\u00fdmi kruhov\u00fdmi pohybmi 3\u20135 min\u00fat, k\u00fdm sa plne nevstreb\u00e1.<\/p>\n<\/li>\n<li data-start=\"2154\" data-end=\"2210\">\n<p data-start=\"2157\" data-end=\"2210\">Pou\u017e\u00edvajte dvakr\u00e1t denne (r\u00e1no a ve\u010der) pre najlep\u0161ie v\u00fdsledky.<\/p>\n<\/li>\n<li data-start=\"2211\" data-end=\"2320\">\n<p data-start=\"2214\" data-end=\"2320\">Kombinujte s miernym cvi\u010den\u00edm, hydrat\u00e1ciou a zdvihnut\u00edm n\u00f4h na zlep\u0161enie cirkul\u00e1cie a zv\u00fd\u0161enie \u00fa\u010dinnosti kr\u00e9mu.<\/p>\n<\/li>\n<\/ol>\n<p data-start=\"2322\" data-end=\"2425\"><strong data-start=\"2322\" data-end=\"2330\">Tip:<\/strong> Pre r\u00fdchlej\u0161ie v\u00fdsledky aplikujte po teplom sprchovan\u00ed, ke\u010f s\u00fa p\u00f3ry otvoren\u00e9 a prietok krvi zv\u00fd\u0161en\u00fd.<\/p>\n<h3 data-start=\"2432\" data-end=\"2488\">K\u013e\u00fa\u010dov\u00e9 v\u00fdhody Horus Apple Cider Vinegar Vein Cream<\/h3>\n<ul data-start=\"2490\" data-end=\"2775\">\n<li data-start=\"2490\" data-end=\"2549\">\n<p data-start=\"2492\" data-end=\"2549\">\u2705 Zni\u017euje vzh\u013ead <strong data-start=\"2520\" data-end=\"2549\">k\u0155\u010dov\u00fdch a pav\u00fa\u010dinov\u00fdch \u017e\u00edl<\/strong><\/p>\n<\/li>\n<li data-start=\"2550\" data-end=\"2597\">\n<p data-start=\"2552\" data-end=\"2597\">\u2705 Upokojuje <strong data-start=\"2562\" data-end=\"2597\">opuchnut\u00e9, unaven\u00e9 a bolestiv\u00e9 nohy<\/strong><\/p>\n<\/li>\n<li data-start=\"2598\" data-end=\"2647\">\n<p data-start=\"2600\" data-end=\"2647\">\u2705 Pom\u00e1ha pri <strong data-start=\"2613\" data-end=\"2647\">z\u00e1pale a hromaden\u00ed krvi<\/strong><\/p>\n<\/li>\n<li data-start=\"2648\" data-end=\"2708\">\n<p data-start=\"2650\" data-end=\"2708\">\u2705 Spev\u0148uje a vyhladzuje poko\u017eku s <strong data-start=\"2682\" data-end=\"2708\">kolag\u00e9nom a vitam\u00ednom K<\/strong><\/p>\n<\/li>\n<li data-start=\"2709\" data-end=\"2775\">\n<p data-start=\"2711\" data-end=\"2775\">\u2705 Funguje ako <strong data-start=\"2724\" data-end=\"2775\">pr\u00edrodn\u00e1 alternat\u00edva k invaz\u00edvnym lie\u010dbam \u017e\u00edl<\/strong><\/p>\n<\/li>\n<\/ul>\n<h3 data-start=\"2782\" data-end=\"2801\">Podrobnosti o produkte<\/h3>\n<ul data-start=\"2803\" data-end=\"3024\">\n<li data-start=\"2803\" data-end=\"2851\">\n<p data-start=\"2805\" data-end=\"2851\"><strong data-start=\"2805\" data-end=\"2822\">N\u00e1zov produktu:<\/strong> Horus Varicose Veins Cream<\/p>\n<\/li>\n<li data-start=\"2852\" data-end=\"2870\">\n<p data-start=\"2854\" data-end=\"2870\"><strong data-start=\"2854\" data-end=\"2863\">Ve\u013ekos\u0165:<\/strong> 145g<\/p>\n<\/li>\n<li data-start=\"2871\" data-end=\"2967\">\n<p data-start=\"2873\" data-end=\"2967\"><strong data-start=\"2873\" data-end=\"2893\">K\u013e\u00fa\u010dov\u00e9 ingrediencie:<\/strong> Jabl\u010dn\u00fd ocot, Mand\u013eov\u00fd olej, Olivov\u00fd olej, Kolag\u00e9n, Arnica, Vitam\u00edn K<\/p>\n<\/li>\n<li data-start=\"2968\" data-end=\"2997\">\n<p data-start=\"2970\" data-end=\"2997\"><strong data-start=\"2970\" data-end=\"2981\">P\u00f4vod:<\/strong> Vyroben\u00e9 v Egypte<\/p>\n<\/li>\n<li data-start=\"2998\" data-end=\"3024\">\n<p data-start=\"3000\" data-end=\"3024\"><strong data-start=\"3000\" data-end=\"3008\">Pou\u017eitie:<\/strong> Len externe<\/p>\n<\/li>\n<\/ul>\n<h3 data-start=\"3031\" data-end=\"3083\">Viac ne\u017e len kr\u00e9m \u2013 Kompletn\u00e1 rutina starostlivosti o nohy<\/h3>\n<ul data-start=\"3085\" data-end=\"3437\">\n<li data-start=\"3085\" data-end=\"3156\">\n<p data-start=\"3087\" data-end=\"3156\">\u00a0Pou\u017e\u00edvajte ako <strong data-start=\"3099\" data-end=\"3124\">denn\u00fd hydrata\u010dn\u00fd kr\u00e9m na nohy<\/strong> na udr\u017eanie m\u00e4kk\u00e9ho a zdrav\u00e9ho vzh\u013eadu poko\u017eky<\/p>\n<\/li>\n<li data-start=\"3157\" data-end=\"3224\">\n<p data-start=\"3159\" data-end=\"3224\">\u00a0Pom\u00e1ha <strong data-start=\"3168\" data-end=\"3193\">zakry\u0165 vidite\u013en\u00e9 \u017eily<\/strong> ako vodoodoln\u00fd makeup na nohy<\/p>\n<\/li>\n<li data-start=\"3225\" data-end=\"3275\">\n<p data-start=\"3227\" data-end=\"3275\">\tPodporuje <strong data-start=\"3238\" data-end=\"3253\">blednutie \u017e\u00edl<\/strong> pr\u00edrodn\u00fdm sp\u00f4sobom v priebehu \u010dasu<\/p>\n<\/li>\n<li data-start=\"3276\" data-end=\"3350\">\n<p data-start=\"3278\" data-end=\"3350\">\u00a0Vynikaj\u00faci na <strong data-start=\"3295\" data-end=\"3320\">obnovu po tr\u00e9ningu<\/strong> na zn\u00ed\u017eenie opuchu a bolesti<\/p>\n<\/li>\n<li data-start=\"3351\" data-end=\"3437\">\n<p data-start=\"3353\" data-end=\"3437\">\tZlep\u0161uje va\u0161u <strong data-start=\"3370\" data-end=\"3407\">denn\u00fa rutinu kr\u00e1sy a wellness<\/strong> bez syntetick\u00fdch chemik\u00e1li\u00ed<\/p>\n<\/li>\n<\/ul>\n<h3 data-start=\"3444\" data-end=\"3491\">Z\u00edskajte hlad\u0161ie, zdrav\u0161ie nohy \u2013 Objednajte si dnes!<\/h3>\n<p data-start=\"3493\" data-end=\"3765\">Nenechajte k\u0155\u010dov\u00e9 \u017eily obmedzova\u0165 v\u00e1\u0161 \u017eivotn\u00fd \u0161t\u00fdl alebo sebavedomie. <strong data-start=\"3554\" data-end=\"3588\">Horus Cream pre k\u0155\u010dov\u00e9 \u017eily<\/strong> pon\u00faka siln\u00e9, rastlinn\u00e9 rie\u0161enie na podporu vaskul\u00e1rneho zdravia a pohodlia n\u00f4h. \u010ci stoj\u00edte, chod\u00edte alebo relaxujete \u2013 tento kr\u00e9m v\u00e1s podporuje na ka\u017edom kroku.<\/p>\n<p style=\"text-align: center;\">\u010eakujeme za n\u00e1kup v <em data-start=\"415\" data-end=\"431\"><a href=\"https:\/\/bazaar.express\/sk\/\">Bazaar Express<\/a><\/em> \u2013 te\u0161\u00edme sa na v\u00e1s!<\/p>\n<p style=\"text-align: center;\">Va\u0161a cesta k lep\u0161ej starostlivosti o seba za\u010d\u00edna tu \u2013 s <a href=\"https:\/\/bazaar.express\/product-category\/beauty-care\/\">Beauty &#038; Care<\/a>, na ktor\u00fa sa m\u00f4\u017eete spo\u013eahn\u00fa\u0165.<\/p>\n","protected":false},"excerpt":{"rendered":"<h3 data-start=\"499\" data-end=\"689\">Horus Varicose Veins Cream pon\u00faka pr\u00edrodn\u00fa \u00fa\u013eavu s jabl\u010dn\u00fdm octom, mand\u013eov\u00fdm olejom a vitam\u00ednom K. Zmier\u0148uje boles\u0165 n\u00f4h, zni\u017euje opuch a zlep\u0161uje cirkul\u00e1ciu pre vidite\u013ene zdrav\u0161ie nohy.<\/h3>\n","protected":false},"featured_media":9208,"comment_status":"open","ping_status":"closed","template":"","meta":[],"product_brand":[],"product_cat":[1160],"product_tag":[1660,1652,1653,1654],"class_list":{"0":"post-44418","1":"product","2":"type-product","3":"status-publish","4":"has-post-thumbnail","6":"product_cat-starostlivost-o-krasu","7":"product_tag-masaz","8":"product_tag-olej","9":"product_tag-prirodny-olej","10":"product_tag-starostlivost-o-plet","12":"first","13":"instock","14":"sale","15":"shipping-taxable","16":"purchasable","17":"product-type-simple"},"_links":{"self":[{"href":"https:\/\/bazaar.express\/sk\/wp-json\/wp\/v2\/product\/44418","targetHints":{"allow":["GET"]}}],"collection":[{"href":"https:\/\/bazaar.express\/sk\/wp-json\/wp\/v2\/product"}],"about":[{"href":"https:\/\/bazaar.express\/sk\/wp-json\/wp\/v2\/types\/product"}],"replies":[{"embeddable":true,"href":"https:\/\/bazaar.express\/sk\/wp-json\/wp\/v2\/comments?post=44418"}],"wp:featuredmedia":[{"embeddable":true,"href":"https:\/\/bazaar.express\/sk\/wp-json\/wp\/v2\/media\/9208"}],"wp:attachment":[{"href":"https:\/\/bazaar.express\/sk\/wp-json\/wp\/v2\/media?parent=44418"}],"wp:term":[{"taxonomy":"product_brand","embeddable":true,"href":"https:\/\/bazaar.express\/sk\/wp-json\/wp\/v2\/product_brand?post=44418"},{"taxonomy":"product_cat","embeddable":true,"href":"https:\/\/bazaar.express\/sk\/wp-json\/wp\/v2\/product_cat?post=44418"},{"taxonomy":"product_tag","embeddable":true,"href":"https:\/\/bazaar.express\/sk\/wp-json\/wp\/v2\/product_tag?post=44418"}],"curies":[{"name":"wp","href":"https:\/\/api.w.org\/{rel}","templated":true}]}}