{"id":44440,"date":"2025-02-10T01:54:30","date_gmt":"2025-02-10T01:54:30","guid":{"rendered":"https:\/\/bazaar.express\/product\/cartouche-2\/"},"modified":"2025-02-10T01:54:30","modified_gmt":"2025-02-10T01:54:30","slug":"cartouche-2","status":"publish","type":"product","link":"https:\/\/bazaar.express\/sk\/produkt\/cartouche-2\/","title":{"rendered":"Personalizovan\u00e1 kartu\u0161a"},"content":{"rendered":"<h2 data-start=\"249\" data-end=\"329\">Personalizovan\u00e1 kartu\u0161a \u2013 Pr\u00edvesok z 925 sterling striebra ru\u010dne vyroben\u00fd v Egypte<\/h2>\n<p data-start=\"331\" data-end=\"693\">Za\u017eite nad\u010dasov\u00fa eleganciu starovek\u00e9ho Egypta s na\u0161\u00edm pr\u00edveskom z 925 sterling striebra v tvare personalizovanej kartu\u0161e. Tento ru\u010dne vyroben\u00fd \u0161perk je viac ne\u017e len tabu\u013eka s menom \u2013 je to historick\u00fd symbol identity, ochrany a dedi\u010dstva. Kartu\u0161a, ov\u00e1lny tvar uzatv\u00e1raj\u00faci men\u00e1 fara\u00f3nov, sa pova\u017eovala za ochrann\u00fa du\u0161e a zachovanie mena na ve\u010dnos\u0165.<\/p>\n<p data-start=\"695\" data-end=\"999\">S va\u0161\u00edm menom vygrav\u00edrovan\u00fdm v autentick\u00fdch egyptsk\u00fdch hieroglyfoch, arab\u010dine alebo angli\u010dtine pon\u00faka tento personalizovan\u00fd pr\u00edvesok siln\u00e9 a osobn\u00e9 spojenie so starovekou hist\u00f3riou. \u010ci ho nos\u00edte z m\u00f3dnych, duchovn\u00fdch alebo kult\u00farnych d\u00f4vodov, t\u00e1to kartu\u0161a je symbolom nad\u010dasovej kr\u00e1sy a sily.<\/p>\n<h3 data-start=\"1001\" data-end=\"1025\">\u010co je kartu\u0161a?<\/h3>\n<p data-start=\"1027\" data-end=\"1435\">V starovekom Egypte bola kartu\u0161a (tie\u017e naz\u00fdvan\u00e1 \u201ecartouch\u201c alebo \u201ecartush\u201c) ov\u00e1lny tvar s horizont\u00e1lnou \u010diarou na jednom konci, uzatv\u00e1raj\u00faci meno kr\u00e1\u013eovskej postavy. Symbolizovala ochranu, ve\u010dn\u00fd \u017eivot a bo\u017esk\u00fa moc. Fara\u00f3ni pou\u017e\u00edvali kartu\u0161e na identifik\u00e1ciu seba sam\u00fdch v \u017eivote aj v posmrtnom \u017eivote. Tento posv\u00e4tn\u00fd embl\u00e9m sa veril, \u017ee chr\u00e1ni nosite\u013ea pred zlom a zabezpe\u010d\u00ed, aby jeho meno pre\u017eilo gener\u00e1cie.<\/p>\n<p data-start=\"1437\" data-end=\"1567\">Dnes personalizovan\u00e1 kartu\u0161a pokra\u010duje v tomto dedi\u010dstve \u2013 sp\u00e1ja hist\u00f3riu, symboliku a \u0161t\u00fdl do jedn\u00e9ho zmyslupln\u00e9ho doplnku.<\/p>\n<h3 data-start=\"1569\" data-end=\"1615\">Pre\u010do si vybra\u0165 n\u00e1\u0161 egyptsk\u00fd pr\u00edvesok s kartu\u0161e?<\/h3>\n<ul data-start=\"1617\" data-end=\"2236\">\n<li data-start=\"1617\" data-end=\"1759\">\n<p data-start=\"1619\" data-end=\"1759\"><strong data-start=\"1619\" data-end=\"1655\">Autentick\u00e9 egyptsk\u00e9 remeslo<\/strong>: Ka\u017ed\u00fd pr\u00edvesok je ru\u010dne vyroben\u00fd sk\u00fasen\u00fdmi egyptsk\u00fdmi remeseln\u00edkmi pomocou tradi\u010dn\u00fdch techn\u00edk v\u00fdroby \u0161perkov.<\/p>\n<\/li>\n<li data-start=\"1760\" data-end=\"1863\">\n<p data-start=\"1762\" data-end=\"1863\"><strong data-start=\"1762\" data-end=\"1782\">Pr\u00e9miov\u00fd materi\u00e1l<\/strong>: Vyroben\u00fd z prav\u00e9ho 925 sterling striebra pre odoln\u00fd, elegantn\u00fd povrch, ktor\u00fd vydr\u017e\u00ed.<\/p>\n<\/li>\n<li data-start=\"1864\" data-end=\"2016\">\n<p data-start=\"1866\" data-end=\"2016\"><strong data-start=\"1866\" data-end=\"1892\">Personalizovan\u00e9 grav\u00edrovanie<\/strong>: Prisp\u00f4sobte si svoje meno (a\u017e 9 p\u00edsmen) v hieroglyfoch, arab\u010dine alebo angli\u010dtine \u2013 starostlivo prelo\u017een\u00e9 na\u0161\u00edm expert\u00edzom.<\/p>\n<\/li>\n<li data-start=\"2017\" data-end=\"2131\">\n<p data-start=\"2019\" data-end=\"2131\"><strong data-start=\"2019\" data-end=\"2041\">Symbolick\u00e9 a \u0161t\u00fdlov\u00e9<\/strong>: Modern\u00fd v\u00fdrazn\u00fd k\u00fasok s starovek\u00fdm duchovn\u00fdm v\u00fdznamom \u2013 ide\u00e1lny pre ka\u017ed\u00fa pr\u00edle\u017eitos\u0165.<\/p>\n<\/li>\n<li data-start=\"2132\" data-end=\"2236\">\n<p data-start=\"2134\" data-end=\"2236\"><strong data-start=\"2134\" data-end=\"2155\">Ofici\u00e1lna pe\u010diatka<\/strong>: Ozna\u010den\u00fd egyptskou vl\u00e1dou na z\u00e1ruku autenticity a \u010distoty striebra.<\/p>\n<\/li>\n<\/ul>\n<h3 data-start=\"2238\" data-end=\"2257\">Podrobnosti o produkte<\/h3>\n<ul data-start=\"2259\" data-end=\"2628\">\n<li data-start=\"2259\" data-end=\"2302\">\n<p data-start=\"2261\" data-end=\"2302\"><strong data-start=\"2261\" data-end=\"2273\">Materi\u00e1l<\/strong>: Pevn\u00e9 925 Sterling Striebro<\/p>\n<\/li>\n<li data-start=\"2303\" data-end=\"2384\">\n<p data-start=\"2305\" data-end=\"2384\"><strong data-start=\"2305\" data-end=\"2326\">Mo\u017enosti grav\u00edrovania<\/strong>: Hieroglyfy, arab\u010dina alebo angli\u010dtina (a\u017e 9 znakov)<\/p>\n<\/li>\n<li data-start=\"2385\" data-end=\"2478\">\n<p data-start=\"2387\" data-end=\"2478\"><strong data-start=\"2387\" data-end=\"2403\">Ve\u013ekos\u0165 pr\u00edvesku<\/strong>: Sa l\u00ed\u0161i v z\u00e1vislosti od d\u013a\u017eky v\u00e1\u0161ho mena (priemer 2 palce \/ 5.1 cm)<\/p>\n<\/li>\n<li data-start=\"2479\" data-end=\"2535\">\n<p data-start=\"2481\" data-end=\"2535\"><strong data-start=\"2481\" data-end=\"2491\">Povrchov\u00e1 \u00faprava<\/strong>: Leskl\u00e9 striebro alebo oxidovan\u00e9 (antick\u00fd \u0161t\u00fdl)<\/p>\n<\/li>\n<li data-start=\"2536\" data-end=\"2573\">\n<p data-start=\"2538\" data-end=\"2573\"><strong data-start=\"2538\" data-end=\"2547\">Tvar<\/strong>: Klasick\u00fd ov\u00e1l kartu\u0161e<\/p>\n<\/li>\n<li data-start=\"2574\" data-end=\"2628\">\n<p data-start=\"2576\" data-end=\"2628\"><strong data-start=\"2576\" data-end=\"2586\">Retiazky<\/strong>: Pred\u00e1van\u00e9 samostatne (dostupn\u00e9 v na\u0161om obchode)<\/p>\n<\/li>\n<\/ul>\n<h3 data-start=\"2630\" data-end=\"2667\">Ako personalizova\u0165 svoju kartu\u0161u<\/h3>\n<p data-start=\"2669\" data-end=\"2709\">Pri objedn\u00e1vke jednoducho uve\u010fte:<\/p>\n<ul data-start=\"2710\" data-end=\"2805\">\n<li data-start=\"2710\" data-end=\"2748\">\n<p data-start=\"2712\" data-end=\"2748\">Meno alebo slovo, ktor\u00e9 chcete vygrav\u00edrova\u0165<\/p>\n<\/li>\n<li data-start=\"2749\" data-end=\"2805\">\n<p data-start=\"2751\" data-end=\"2805\">\u017delan\u00fd jazyk: Hieroglyfick\u00fd, arabsk\u00fd alebo anglick\u00fd<\/p>\n<\/li>\n<\/ul>\n<p data-start=\"2807\" data-end=\"3045\">Volite\u013en\u00e9: M\u00f4\u017eete po\u017eiada\u0165 o pridanie starovek\u00fdch egyptsk\u00fdch symbolov ako Ankh (\u017eivot), Skarabeus (znovuzrodenie), Oko H\u00f3ra (ochrana), Kr\u00eddlat\u00e1 Isis (magia), Lotos (\u010distota) alebo Nefertiti (kr\u00e1\u013eovskos\u0165) \u2013 ka\u017ed\u00fd symbol prid\u00e1va hlb\u0161\u00ed v\u00fdznam v\u00e1\u0161mu pr\u00edvesku.<\/p>\n<h3 data-start=\"3467\" data-end=\"3507\">Zmyslupln\u00fd dar s starovekou silou<\/h3>\n<p data-start=\"3509\" data-end=\"3762\">Predstaven\u00fd v elegantnej \u0161perkovnici rob\u00ed tento personalizovan\u00fd kartu\u0161a premyslen\u00fd a symbolick\u00fd dar\u010dek na narodeniny, v\u00fdro\u010die, prom\u00f3cie alebo ak\u00fako\u013evek \u0161peci\u00e1lnu chv\u00ed\u013eu. Je to ide\u00e1lny dar pre kohoko\u013evek, kto je fascinovan\u00fd hist\u00f3riou, mytol\u00f3giou alebo duchovn\u00fdmi \u0161perkami.<\/p>\n<p data-start=\"3764\" data-end=\"4024\">Ov\u00e1lny tvar kartu\u0161e poch\u00e1dza z \u201eshen kr\u00fa\u017eku\u201c, hieroglyfu znamenaj\u00faceho ve\u010dnos\u0165 a celistvos\u0165. Tak ako starovek\u00ed vl\u00e1dci ako Ramses II a Tutancham\u00f3n immortalizovali svoje men\u00e1 v zlate a kameni, m\u00f4\u017eete teraz nosi\u0165 svoju identitu v rovnakom posv\u00e4tnom r\u00e1me.<\/p>\n<p data-start=\"4026\" data-end=\"4100\">Toto nie je len n\u00e1hrdeln\u00edk \u2013 je to nad\u010dasov\u00fd k\u00fasok dedi\u010dstva a sily.<\/p>\n<h3 data-start=\"4102\" data-end=\"4129\">Noste k\u00fasok hist\u00f3rie<\/h3>\n<p data-start=\"4131\" data-end=\"4297\">Nechajte svoje meno vygrav\u00edrova\u0165 v rovnakom tvare, ktor\u00fd kedysi zdobil pamiatky fara\u00f3nov. Personalizovan\u00e1 egyptsk\u00e1 kartu\u0161a je viac ne\u017e m\u00f3dne vyhl\u00e1senie \u2013 je to dedi\u010dstvo.<\/p>\n<p data-start=\"4299\" data-end=\"4400\">Objednajte si dnes svoj personalizovan\u00fd pr\u00edvesok a noste svoju identitu s hrdos\u0165ou, \u0161t\u00fdlom a starovekou silou.<\/p>\n","protected":false},"excerpt":{"rendered":"<h3 data-start=\"440\" data-end=\"716\">Vlastnite nad\u010dasov\u00fd k\u00fasok starovek\u00e9ho Egypta s t\u00fdmto ru\u010dne vyroben\u00fdm pr\u00edveskom z 925 sterling striebra v tvare kartu\u0161e. Personalizovan\u00fd s va\u0161\u00edm menom v hieroglyfoch, arab\u010dine alebo angli\u010dtine, tento jedine\u010dn\u00fd n\u00e1hrdeln\u00edk sp\u00e1ja kult\u00farne dedi\u010dstvo s modern\u00fdm \u0161t\u00fdlom. Vyroben\u00fd v Egypte a ozna\u010den\u00fd pre autentickos\u0165.<\/h3>\n","protected":false},"featured_media":9232,"comment_status":"open","ping_status":"closed","template":"","meta":[],"product_brand":[],"product_cat":[1165,1169,1167],"product_tag":[1684],"class_list":{"0":"post-44440","1":"product","2":"type-product","3":"status-publish","4":"has-post-thumbnail","6":"product_cat-egyptske-poklady","7":"product_cat-horuce-ponuky","8":"product_cat-najlepsie-z-egypta","9":"product_tag-suveniry","11":"first","12":"instock","13":"sale","14":"shipping-taxable","15":"purchasable","16":"product-type-simple"},"_links":{"self":[{"href":"https:\/\/bazaar.express\/sk\/wp-json\/wp\/v2\/product\/44440","targetHints":{"allow":["GET"]}}],"collection":[{"href":"https:\/\/bazaar.express\/sk\/wp-json\/wp\/v2\/product"}],"about":[{"href":"https:\/\/bazaar.express\/sk\/wp-json\/wp\/v2\/types\/product"}],"replies":[{"embeddable":true,"href":"https:\/\/bazaar.express\/sk\/wp-json\/wp\/v2\/comments?post=44440"}],"wp:featuredmedia":[{"embeddable":true,"href":"https:\/\/bazaar.express\/sk\/wp-json\/wp\/v2\/media\/9232"}],"wp:attachment":[{"href":"https:\/\/bazaar.express\/sk\/wp-json\/wp\/v2\/media?parent=44440"}],"wp:term":[{"taxonomy":"product_brand","embeddable":true,"href":"https:\/\/bazaar.express\/sk\/wp-json\/wp\/v2\/product_brand?post=44440"},{"taxonomy":"product_cat","embeddable":true,"href":"https:\/\/bazaar.express\/sk\/wp-json\/wp\/v2\/product_cat?post=44440"},{"taxonomy":"product_tag","embeddable":true,"href":"https:\/\/bazaar.express\/sk\/wp-json\/wp\/v2\/product_tag?post=44440"}],"curies":[{"name":"wp","href":"https:\/\/api.w.org\/{rel}","templated":true}]}}