{"id":44446,"date":"2025-02-02T01:05:57","date_gmt":"2025-02-02T01:05:57","guid":{"rendered":"https:\/\/bazaar.express\/product\/trichup-hair-oil\/"},"modified":"2025-02-02T01:05:57","modified_gmt":"2025-02-02T01:05:57","slug":"trichup-hair-oil","status":"publish","type":"product","link":"https:\/\/bazaar.express\/sk\/produkt\/trichup-hair-oil\/","title":{"rendered":"Trichup Hair Oil"},"content":{"rendered":"<h2 data-start=\"277\" data-end=\"338\">Vlasov\u00fd olej Trichup \u2013 Dlh\u00e9, siln\u00e9 a prirodzene kr\u00e1sne vlasy<\/h2>\n<h3 data-start=\"340\" data-end=\"381\">\u017divte svoje vlasy bylinnou silou<\/h3>\n<p data-start=\"382\" data-end=\"725\">Vlasov\u00fd olej Trichup Long &#038; Strong je va\u0161\u00edm rie\u0161en\u00edm pre silnej\u0161ie, dlh\u0161ie a zdrav\u0161ie vlasy. T\u00e1to v\u00fdkonn\u00e1 zmes <strong data-start=\"501\" data-end=\"549\">sezamov\u00e9ho oleja, kokosov\u00e9ho oleja, aloe vera a neemu<\/strong> poskytuje hlbok\u00fa v\u00fd\u017eivu od kore\u0148ov a\u017e po kon\u010deky. \u010ci u\u017e bojujete s vypad\u00e1van\u00edm vlasov, nudnos\u0165ou alebo suchou poko\u017ekou hlavy, Trichup p\u00f4sob\u00ed jemne, no efekt\u00edvne pre <strong data-start=\"706\" data-end=\"724\">v\u0161etky typy vlasov<\/strong>.<\/p>\n<p data-start=\"727\" data-end=\"910\">Podlo\u017een\u00fd \u00e1jurv\u00e9dskou trad\u00edciou a obohaten\u00fd o esenci\u00e1lne \u017eiviny pom\u00e1ha vlasov\u00fd olej Trichup o\u017eivi\u0165 vlasov\u00e9 folikuly, podpori\u0165 rast vlasov a doda\u0165 prirodzen\u00fd lesk, ktor\u00fd vydr\u017e\u00ed cel\u00fd de\u0148.<\/p>\n<h3 data-start=\"917\" data-end=\"953\">Hlavn\u00e9 v\u00fdhody vlasov\u00e9ho oleja Trichup<\/h3>\n<ul data-start=\"955\" data-end=\"1825\">\n<li data-start=\"955\" data-end=\"1099\">\n<p data-start=\"957\" data-end=\"1099\"><strong data-start=\"957\" data-end=\"983\">Stimuluje rast vlasov<\/strong><br data-start=\"983\" data-end=\"986\" \/>Vlasov\u00fd olej Trichup posil\u0148uje vlasov\u00e9 folikuly a podporuje prirodzen\u00fd rast vlasov, \u010d\u00edm zni\u017euje rednutie a l\u00e1mavos\u0165.<\/p>\n<\/li>\n<li data-start=\"1101\" data-end=\"1250\">\n<p data-start=\"1103\" data-end=\"1250\"><strong data-start=\"1103\" data-end=\"1135\">Hlbok\u00e1 v\u00fd\u017eiva a hydrat\u00e1cia<\/strong><br data-start=\"1135\" data-end=\"1138\" \/>Bohat\u00e1 kombin\u00e1cia <strong data-start=\"1162\" data-end=\"1192\">kokosov\u00e9ho a sezamov\u00e9ho oleja<\/strong> hydratuje poko\u017eku hlavy a udr\u017eiava ju vlhk\u00fa a vy\u017eiven\u00fa.<\/p>\n<\/li>\n<li data-start=\"1252\" data-end=\"1389\">\n<p data-start=\"1254\" data-end=\"1389\"><strong data-start=\"1254\" data-end=\"1288\">Zni\u017euje vypad\u00e1vanie vlasov a roz\u0161tiepen\u00e9 konce<\/strong><br data-start=\"1288\" data-end=\"1291\" \/>Formula opravuje po\u0161koden\u00e9 vl\u00e1kna a uzatv\u00e1ra roz\u0161tiepen\u00e9 konce, \u010d\u00edm pom\u00e1ha zni\u017eova\u0165 stratu vlasov v priebehu \u010dasu.<\/p>\n<\/li>\n<li data-start=\"1391\" data-end=\"1558\">\n<p data-start=\"1393\" data-end=\"1558\"><strong data-start=\"1393\" data-end=\"1427\">Upokojuje a chr\u00e1ni poko\u017eku hlavy<\/strong><br data-start=\"1427\" data-end=\"1430\" \/>Oblahnut\u00fd <strong data-start=\"1445\" data-end=\"1467\">aloe vera a neemom<\/strong> bojuje proti lupin\u00e1m a predch\u00e1dza infekci\u00e1m poko\u017eky hlavy, \u010d\u00edm ju nech\u00e1va \u010dist\u00fa a osvie\u017een\u00fa.<\/p>\n<\/li>\n<li data-start=\"1560\" data-end=\"1688\">\n<p data-start=\"1562\" data-end=\"1688\"><strong data-start=\"1562\" data-end=\"1597\">Dod\u00e1va prirodzen\u00fd lesk a hladkos\u0165<\/strong><br data-start=\"1597\" data-end=\"1600\" \/>Pravideln\u00e9 pou\u017e\u00edvanie vedie k hodv\u00e1bnym, m\u00e4kk\u00fdm a \u013eahko upravite\u013en\u00fdm vlasom s zdrav\u00fdm, leskl\u00fdm fini\u0161om.<\/p>\n<\/li>\n<li data-start=\"1690\" data-end=\"1825\">\n<p data-start=\"1692\" data-end=\"1825\"><strong data-start=\"1692\" data-end=\"1723\">Vhodn\u00fd pre v\u0161etky typy vlasov<\/strong><br data-start=\"1723\" data-end=\"1726\" \/>\u010ci u\u017e m\u00e1te ku\u010derav\u00e9, rovn\u00e9, mastn\u00e9 alebo such\u00e9 vlasy, vlasov\u00fd olej Trichup sa prisp\u00f4sob\u00ed potreb\u00e1m va\u0161ich vlasov.<\/p>\n<\/li>\n<\/ul>\n<h3 data-start=\"1832\" data-end=\"1880\">Ako pou\u017e\u00edva\u0165 vlasov\u00fd olej Trichup pre najlep\u0161ie v\u00fdsledky<\/h3>\n<ol data-start=\"1882\" data-end=\"2180\">\n<li data-start=\"1882\" data-end=\"1925\">\n<p data-start=\"1885\" data-end=\"1925\">Vezmite mal\u00e9 mno\u017estvo oleja do dlane.<\/p>\n<\/li>\n<li data-start=\"1926\" data-end=\"1994\">\n<p data-start=\"1929\" data-end=\"1994\"> Jemne mas\u00edrujte do poko\u017eky hlavy a kore\u0148ov vlasov kruhov\u00fdmi pohybmi.<\/p>\n<\/li>\n<li data-start=\"1995\" data-end=\"2072\">\n<p data-start=\"1998\" data-end=\"2072\">Nechajte p\u00f4sobi\u0165 aspo\u0148 15\u201330 min\u00fat, alebo cez noc pre hlb\u0161iu lie\u010dbu.<\/p>\n<\/li>\n<li data-start=\"2073\" data-end=\"2106\">\n<p data-start=\"2076\" data-end=\"2106\">Opl\u00e1chnite jemn\u00fdm \u0161amp\u00f3nom.<\/p>\n<\/li>\n<li data-start=\"2107\" data-end=\"2180\">\n<p data-start=\"2110\" data-end=\"2180\">Pou\u017e\u00edvajte 2\u20133 kr\u00e1t t\u00fd\u017edenne pre vidite\u013en\u00e9 zlep\u0161enie text\u00fary a objemu.<\/p>\n<\/li>\n<\/ol>\n<h3 data-start=\"2187\" data-end=\"2219\">Pre\u010do si vybra\u0165 vlasov\u00fd olej Trichup?<\/h3>\n<p data-start=\"2221\" data-end=\"2591\">Trichup kombinuje <strong data-start=\"2238\" data-end=\"2289\">bylinn\u00e9 ingrediencie a modern\u00fa vedu o starostlivosti o vlasy<\/strong>, aby v\u00e1m poskytol v\u00fdsledky ako zo sal\u00f3nu doma. Bez parab\u00e9nov, sulf\u00e1tov alebo \u0161kodliv\u00fdch chemik\u00e1li\u00ed pon\u00faka bezpe\u010dn\u00fd, prirodzen\u00fd sp\u00f4sob starostlivosti o vlasy. Pravideln\u00e9 pou\u017e\u00edvanie zlep\u0161uje zdravie vlasov, zni\u017euje ku\u010deravos\u0165 a obnovuje vitalitu \u2013 ide\u00e1lne pre t\u00fdch, ktor\u00ed chc\u00fa <strong data-start=\"2542\" data-end=\"2590\">dlh\u0161ie, silnej\u0161ie a lesklej\u0161ie vlasy prirodzene<\/strong>.<\/p>\n<h3 data-start=\"2953\" data-end=\"2971\">Z\u00e1ver<\/h3>\n<p data-start=\"2973\" data-end=\"3241\">O\u017eivte svoje vlasy s <strong data-start=\"3007\" data-end=\"3041\">vlasov\u00fdm olejom Trichup Long &#038; Strong<\/strong>. \u010ci u\u017e \u010del\u00edte ka\u017edodenn\u00fdm v\u00fdzvam s vlasmi alebo chcete posilni\u0165 svoju rutinu starostlivosti o vlasy, tento olej je nevyhnutnos\u0165ou. Je \u010das vy\u017eivi\u0165, opravi\u0165 a necha\u0165 r\u00e1s\u0165 va\u0161e vlasy s prirodzenou silou Trichupu.<\/p>\n<h4 style=\"text-align: center;\"><\/h4>\n<p style=\"text-align: center;\">\u010eakujeme za n\u00e1kup v <em data-start=\"415\" data-end=\"431\"><a href=\"https:\/\/bazaar.express\/sk\/\">Bazaar Express<\/a><\/em> \u2013 te\u0161\u00edme sa na v\u00e1s!<\/p>\n<p style=\"text-align: center;\">Va\u0161a cesta k lep\u0161ej starostlivosti o seba za\u010d\u00edna tu \u2013 s <a href=\"https:\/\/bazaar.express\/product-category\/beauty-care\/\">Beauty &#038; Care<\/a>, na ktor\u00fa sa m\u00f4\u017eete spo\u013eahn\u00fa\u0165.<\/p>\n","protected":false},"excerpt":{"rendered":"<h3>Vlasov\u00fd olej Trichup Long &#038; Strong je v\u00fdkonn\u00e1 bylinn\u00e1 zmes, ktor\u00e1 posil\u0148uje korienky, zni\u017euje vypad\u00e1vanie vlasov, podporuje rast vlasov a dod\u00e1va lesk. Vyroben\u00fd z pr\u00edrodn\u00fdch ingredienci\u00ed ako kokosov\u00fd olej, sezamov\u00fd olej, aloe vera a neem, je ide\u00e1lny pre denn\u00fa starostlivos\u0165 o vlasy a zdravie poko\u017eky hlavy.<\/h3>\n","protected":false},"featured_media":9267,"comment_status":"open","ping_status":"closed","template":"","meta":[],"product_brand":[],"product_cat":[1160,1167],"product_tag":[1652,1655,1654],"class_list":{"0":"post-44446","1":"product","2":"type-product","3":"status-publish","4":"has-post-thumbnail","6":"product_cat-starostlivost-o-krasu","7":"product_cat-najlepsie-z-egypta","8":"product_tag-olej","9":"product_tag-starostlivost-o-krasu","10":"product_tag-starostlivost-o-plet","11":"pa_l-xl-200ml","13":"first","14":"instock","15":"shipping-taxable","16":"purchasable","17":"product-type-simple"},"_links":{"self":[{"href":"https:\/\/bazaar.express\/sk\/wp-json\/wp\/v2\/product\/44446","targetHints":{"allow":["GET"]}}],"collection":[{"href":"https:\/\/bazaar.express\/sk\/wp-json\/wp\/v2\/product"}],"about":[{"href":"https:\/\/bazaar.express\/sk\/wp-json\/wp\/v2\/types\/product"}],"replies":[{"embeddable":true,"href":"https:\/\/bazaar.express\/sk\/wp-json\/wp\/v2\/comments?post=44446"}],"wp:featuredmedia":[{"embeddable":true,"href":"https:\/\/bazaar.express\/sk\/wp-json\/wp\/v2\/media\/9267"}],"wp:attachment":[{"href":"https:\/\/bazaar.express\/sk\/wp-json\/wp\/v2\/media?parent=44446"}],"wp:term":[{"taxonomy":"product_brand","embeddable":true,"href":"https:\/\/bazaar.express\/sk\/wp-json\/wp\/v2\/product_brand?post=44446"},{"taxonomy":"product_cat","embeddable":true,"href":"https:\/\/bazaar.express\/sk\/wp-json\/wp\/v2\/product_cat?post=44446"},{"taxonomy":"product_tag","embeddable":true,"href":"https:\/\/bazaar.express\/sk\/wp-json\/wp\/v2\/product_tag?post=44446"}],"curies":[{"name":"wp","href":"https:\/\/api.w.org\/{rel}","templated":true}]}}