{"id":44448,"date":"2025-02-02T00:31:48","date_gmt":"2025-02-02T00:31:48","guid":{"rendered":"https:\/\/bazaar.express\/product\/toothpaste\/"},"modified":"2026-05-03T00:45:34","modified_gmt":"2026-05-03T00:45:34","slug":"toothpaste","status":"publish","type":"product","link":"https:\/\/bazaar.express\/sk\/produkt\/toothpaste\/","title":{"rendered":"Zubn\u00e1 pasta s uhl\u00edm"},"content":{"rendered":"<hr data-start=\"200\" data-end=\"203\" \/>\n<h2 data-start=\"205\" data-end=\"276\">Zubn\u00e1 pasta s uhl\u00edm \u2013 Prirodzen\u00e9 bielenie zubov s Dabur Herbal 140 g<\/h2>\n<h3 data-start=\"278\" data-end=\"321\">Prirodzen\u00e9 rie\u0161enie pre jasnej\u0161\u00ed \u00fasmev<\/h3>\n<p data-start=\"323\" data-end=\"682\">H\u013ead\u00e1te \u00fa\u010dinn\u00fd a \u0161etrn\u00fd sp\u00f4sob, ako prirodzene vybieli\u0165 zuby? <strong data-start=\"395\" data-end=\"456\">Zubn\u00e1 pasta Dabur Herbal na bielenie s akt\u00edvnym uhl\u00edm<\/strong> je ide\u00e1lna vo\u013eba. Obohaten\u00e1 o siln\u00e9 bylinn\u00e9 extrakty a akt\u00edvny uhl\u00edk t\u00e1to zubn\u00e1 pasta poskytuje <strong data-start=\"565\" data-end=\"625\">h\u013abkov\u00e9 \u010distenie, odstra\u0148ovanie \u0161kv\u0155n a dlhotrvaj\u00facu svie\u017eos\u0165<\/strong> bez \u0161kodliv\u00fdch chemik\u00e1li\u00ed ako fluorid alebo parab\u00e9ny.<\/p>\n<p data-start=\"684\" data-end=\"905\">\u010ci u\u017e bojujete so \u017eltnut\u00edm z k\u00e1v, \u010daju, faj\u010denia alebo be\u017en\u00e9ho ka\u017edodenn\u00e9ho \u017eivota, t\u00e1to zubn\u00e1 pasta pom\u00e1ha bezpe\u010dne a \u0161etrne obnovi\u0165 prirodzen\u00fa belos\u0165 v\u00e1\u0161ho \u00fasmevu \u2013 \u010do ju rob\u00ed ide\u00e1lnou na ka\u017edodenn\u00e9 pou\u017e\u00edvanie pre cel\u00fa rodinu.<\/p>\n<h3 data-start=\"912\" data-end=\"960\">\u010co rob\u00ed zubn\u00fa pastu s uhl\u00edm tak \u00fa\u010dinnou?<\/h3>\n<p data-start=\"962\" data-end=\"1232\">Akt\u00edvny uhl\u00edk je dobre zn\u00e1my pre svoju <strong data-start=\"1003\" data-end=\"1028\">vysok\u00fa absorp\u010dn\u00fa schopnos\u0165<\/strong>, \u010do ho rob\u00ed k\u013e\u00fa\u010dovou zlo\u017ekou v produktoch na detoxik\u00e1ciu a h\u013abkov\u00e9 \u010distenie. V starostlivosti o \u00fastnu dutinu sa uhl\u00edk via\u017ee na plak, \u010dastice jedla a povrchov\u00e9 \u0161kvrny na zuboch \u2013 \u010d\u00edm ich pom\u00e1ha odstr\u00e1ni\u0165 bez po\u0161kodenia zubnej skloviny.<\/p>\n<p data-start=\"1234\" data-end=\"1398\">V kombin\u00e1cii s <strong data-start=\"1246\" data-end=\"1277\">prirodzen\u00fdmi antibakteri\u00e1lnymi bylinami<\/strong> t\u00e1to zubn\u00e1 pasta ide \u010falej ako len bielenie: <strong data-start=\"1320\" data-end=\"1360\">zlep\u0161uje zdravie \u010fasien, predch\u00e1dza kazom<\/strong> a nech\u00e1va v\u00e1\u0161 dych svie\u017ei cel\u00fd de\u0148.<\/p>\n<h3 data-start=\"1405\" data-end=\"1457\">Hlavn\u00e9 v\u00fdhody zubnej pasty Dabur Herbal s uhl\u00edm<\/h3>\n<h4 data-start=\"1459\" data-end=\"1491\">\u2714 Prirodzen\u00e9 bielenie zubov<\/h4>\n<p data-start=\"1492\" data-end=\"1623\">Uhl\u00edk pom\u00e1ha odstr\u00e1ni\u0165 povrchov\u00e9 \u0161kvrny a rozjasni\u0165 vzh\u013ead zubov, \u010d\u00edm sa v\u00e1\u0161 \u00fasmev stane vidite\u013ene bel\u0161\u00ed bez bieliacich \u010dinidiel.<\/p>\n<h4 data-start=\"1625\" data-end=\"1658\">\u2714 Bojuje proti plaku a bakt\u00e9ri\u00e1m<\/h4>\n<p data-start=\"1659\" data-end=\"1755\">Jej bylinn\u00e1 formula bojuje proti bakt\u00e9ri\u00e1m sp\u00f4sobuj\u00facim z\u00e1pach, zni\u017euje nahromadenie plaku a udr\u017euje \u010fasn\u00e1 zdrav\u00e9.<\/p>\n<h4 data-start=\"1757\" data-end=\"1793\">\u2714 Bez fluoridu, bezpe\u010dn\u00e1 formula<\/h4>\n<p data-start=\"1794\" data-end=\"1941\">Bez fluoridu, parab\u00e9nov a syntetick\u00fdch farb\u00edv \u2013 vhodn\u00e1 pre \u013eud\u00ed s citlivos\u0165ou a t\u00fdch, ktor\u00ed h\u013eadaj\u00fa prirodzenej\u0161\u00ed \u017eivotn\u00fd \u0161t\u00fdl.<\/p>\n<h4 data-start=\"1943\" data-end=\"1968\">\u2714 Bylinn\u00e1 starostlivos\u0165 o \u00fastnu dutinu<\/h4>\n<p data-start=\"1969\" data-end=\"2093\">Obsahuje prospe\u0161n\u00e9 byliny ako klin\u010dekov\u00fd olej, m\u00e4ta a citr\u00f3n na posilnenie zubov, upokojenie \u010fasien a poskytnutie osvie\u017euj\u00facej chuti.<\/p>\n<h4 data-start=\"2095\" data-end=\"2123\">\u2714 Zabra\u0148uje z\u00e1pachu z \u00fast<\/h4>\n<p data-start=\"2124\" data-end=\"2240\">Uhl\u00edk a byliny spolo\u010dne bojuj\u00fa proti halit\u00f3ze (z\u00e1pachu z \u00fast), \u010d\u00edm udr\u017euj\u00fa \u00fasta \u010dist\u00e9 a va\u0161u sebad\u00f4veru vysok\u00fa.<\/p>\n<h4 data-start=\"2242\" data-end=\"2273\">\u2714 Vhodn\u00e1 na denn\u00e9 pou\u017e\u00edvanie<\/h4>\n<p data-start=\"2274\" data-end=\"2372\">Dostato\u010dne bezpe\u010dn\u00e1 a \u0161etrn\u00e1 na pou\u017e\u00edvanie dvakr\u00e1t denne pre dlhodob\u00e9 v\u00fdsledky bez citlivosti zubov.<\/p>\n<h3 data-start=\"2379\" data-end=\"2419\">Ako pou\u017e\u00edva\u0165 zubn\u00fa pastu Dabur s uhl\u00edm<\/h3>\n<ol data-start=\"2421\" data-end=\"2609\">\n<li data-start=\"2421\" data-end=\"2472\">\n<p data-start=\"2424\" data-end=\"2472\"><strong data-start=\"2424\" data-end=\"2452\">Aplikujte mno\u017estvo ve\u013ekosti hr\u00e1\u0161ku<\/strong> na kefku.<\/p>\n<\/li>\n<li data-start=\"2473\" data-end=\"2533\">\n<p data-start=\"2476\" data-end=\"2533\"><strong data-start=\"2476\" data-end=\"2496\">D\u00f4kladne \u010distite<\/strong> kruhov\u00fdmi pohybmi 2\u20133 min\u00faty.<\/p>\n<\/li>\n<li data-start=\"2534\" data-end=\"2609\">\n<p data-start=\"2537\" data-end=\"2609\"><strong data-start=\"2537\" data-end=\"2551\">Dobre vypl\u00e1chnite<\/strong> a u\u017e\u00edvajte si dlhotrvaj\u00facu svie\u017eos\u0165 a vidite\u013ene jasnej\u0161\u00ed \u00fasmev.<\/p>\n<\/li>\n<\/ol>\n<p data-start=\"2611\" data-end=\"2690\">Pou\u017e\u00edvajte dvakr\u00e1t denne \u2013 r\u00e1no a ve\u010der \u2013 pre najlep\u0161ie v\u00fdsledky bielenia a \u010distenia.<\/p>\n<h3 data-start=\"2697\" data-end=\"2719\">Kto by ju mal pou\u017e\u00edva\u0165?<\/h3>\n<ul data-start=\"2721\" data-end=\"3001\">\n<li data-start=\"2721\" data-end=\"2772\">\n<p data-start=\"2723\" data-end=\"2772\">Pij\u00faci k\u00e1vu a \u010daj, ktor\u00ed chc\u00fa zn\u00ed\u017ei\u0165 \u0161kvrny<\/p>\n<\/li>\n<li data-start=\"2773\" data-end=\"2826\">\n<p data-start=\"2775\" data-end=\"2826\">Faj\u010diari, ktor\u00ed chc\u00fa prirodzene rozjasni\u0165 zuby<\/p>\n<\/li>\n<li data-start=\"2827\" data-end=\"2883\">\n<p data-start=\"2829\" data-end=\"2883\">Ktoko\u013evek s citliv\u00fdmi zubami, ktor\u00fd sa vyh\u00fdba drsn\u00fdm chemik\u00e1li\u00e1m<\/p>\n<\/li>\n<li data-start=\"2884\" data-end=\"2939\">\n<p data-start=\"2886\" data-end=\"2939\">Zdravotne uvedomel\u00ed jedinci uprednost\u0148uj\u00faci bylinn\u00fa starostlivos\u0165<\/p>\n<\/li>\n<li data-start=\"2940\" data-end=\"3001\">\n<p data-start=\"2942\" data-end=\"3001\">Dospel\u00ed a t\u00edned\u017eeri (neodpor\u00fa\u010da sa de\u0165om mlad\u0161\u00edm ako 6 rokov)<\/p>\n<\/li>\n<\/ul>\n<h3 data-start=\"3316\" data-end=\"3367\">Pre\u010do si vybra\u0165 zubn\u00fa pastu Dabur na bielenie s uhl\u00edm?<\/h3>\n<p data-start=\"3369\" data-end=\"3686\">Podlo\u017een\u00e1 dlhoro\u010dnou reput\u00e1ciou Dabur v pr\u00edrodnej zdravotnej starostlivosti, t\u00e1to zubn\u00e1 pasta sp\u00e1ja <strong data-start=\"3458\" data-end=\"3514\">starovek\u00fa bylinn\u00fa m\u00fadros\u0165 s modern\u00fdmi potrebami \u00fastnej hygieny<\/strong>. Je to viac ne\u017e len kozmetick\u00fd produkt \u2013 je to kompletn\u00e9 rie\u0161enie dent\u00e1lnej starostlivosti, ktor\u00e9 podporuje <strong data-start=\"3606\" data-end=\"3653\">\u010dist\u00e9 zuby, zdrav\u00e9 \u010fasn\u00e1 a svie\u017ei dych<\/strong> bez kompromisov v bezpe\u010dnosti.<\/p>\n<p data-start=\"3688\" data-end=\"3845\">\u010ci u\u017e za\u010d\u00ednate de\u0148 alebo sa pripravujete na ve\u010der vonku, <strong data-start=\"3751\" data-end=\"3802\">Zubn\u00e1 pasta Dabur Herbal na bielenie s uhl\u00edm<\/strong> v\u00e1m pom\u00e1ha usmieva\u0165 sa s istotou \u2013 prirodzene.<\/p>\n<p style=\"text-align: center;\">\u010eakujeme za n\u00e1kup v <em data-start=\"415\" data-end=\"431\"><a href=\"https:\/\/bazaar.express\/sk\/\">Bazaar Express<\/a><\/em> \u2013 te\u0161\u00edme sa, \u017ee ste tu!<\/p>\n<p style=\"text-align: center;\">Va\u0161a cesta k lep\u0161ej starostlivosti o seba za\u010d\u00edna tu \u2013 s <a href=\"https:\/\/bazaar.express\/product-category\/beauty-care\/\">Beauty &#038; Care<\/a>, na ktor\u00fa sa m\u00f4\u017eete spo\u013eahn\u00fa\u0165.<\/p>\n","protected":false},"excerpt":{"rendered":"<h3>Dosiahnu\u0165 jasnej\u0161\u00ed, svie\u017eej\u0161\u00ed \u00fasmev s zubnou pastou Dabur Herbal s uhl\u00edm. T\u00e1to 140 g formula bez fluoridu pou\u017e\u00edva akt\u00edvny uhl\u00edk a byliny na bielenie zubov, zn\u00ed\u017eenie plaku a nech\u00e1va v\u00e1\u0161 dych \u010dist\u00fd a svie\u017ei \u2013 v\u0161etko bez drsn\u00fdch chemik\u00e1li\u00ed.<\/h3>\n","protected":false},"featured_media":9269,"comment_status":"open","ping_status":"closed","template":"","meta":[],"product_brand":[],"product_cat":[1160,1167],"product_tag":[1655,1654,1667],"class_list":{"0":"post-44448","1":"product","2":"type-product","3":"status-publish","4":"has-post-thumbnail","6":"product_cat-starostlivost-o-krasu","7":"product_cat-najlepsie-z-egypta","8":"product_tag-starostlivost-o-krasu","9":"product_tag-starostlivost-o-plet","10":"product_tag-zdravy","12":"first","13":"instock","14":"shipping-taxable","15":"purchasable","16":"product-type-simple"},"_links":{"self":[{"href":"https:\/\/bazaar.express\/sk\/wp-json\/wp\/v2\/product\/44448","targetHints":{"allow":["GET"]}}],"collection":[{"href":"https:\/\/bazaar.express\/sk\/wp-json\/wp\/v2\/product"}],"about":[{"href":"https:\/\/bazaar.express\/sk\/wp-json\/wp\/v2\/types\/product"}],"replies":[{"embeddable":true,"href":"https:\/\/bazaar.express\/sk\/wp-json\/wp\/v2\/comments?post=44448"}],"wp:featuredmedia":[{"embeddable":true,"href":"https:\/\/bazaar.express\/sk\/wp-json\/wp\/v2\/media\/9269"}],"wp:attachment":[{"href":"https:\/\/bazaar.express\/sk\/wp-json\/wp\/v2\/media?parent=44448"}],"wp:term":[{"taxonomy":"product_brand","embeddable":true,"href":"https:\/\/bazaar.express\/sk\/wp-json\/wp\/v2\/product_brand?post=44448"},{"taxonomy":"product_cat","embeddable":true,"href":"https:\/\/bazaar.express\/sk\/wp-json\/wp\/v2\/product_cat?post=44448"},{"taxonomy":"product_tag","embeddable":true,"href":"https:\/\/bazaar.express\/sk\/wp-json\/wp\/v2\/product_tag?post=44448"}],"curies":[{"name":"wp","href":"https:\/\/api.w.org\/{rel}","templated":true}]}}