{"id":44475,"date":"2025-01-26T18:19:50","date_gmt":"2025-01-26T18:19:50","guid":{"rendered":"https:\/\/bazaar.express\/product\/candle-set\/"},"modified":"2025-01-26T18:19:50","modified_gmt":"2025-01-26T18:19:50","slug":"candle-set","status":"publish","type":"product","link":"https:\/\/bazaar.express\/sk\/produkt\/candle-set\/","title":{"rendered":"Svie\u010dkov\u00e1 sada"},"content":{"rendered":"<h2 data-start=\"225\" data-end=\"311\">Svie\u010dkov\u00e1 sada \u2013 \u010cerven\u00e9 alabastrov\u00e9 pyram\u00eddy Lampy a dr\u017eiaky na svie\u010dky | Ru\u010dne vyroben\u00e1 egyptsk\u00e1 v\u00fdzdoba<\/h2>\n<h3 data-start=\"313\" data-end=\"366\">Osvetlite svoj priestor hist\u00f3riou a eleganciou<\/h3>\n<p data-start=\"367\" data-end=\"712\">Prineste ve\u010dn\u00fa ve\u013ekolepos\u0165 starovek\u00e9ho Egypta do svojho domova s <strong data-start=\"435\" data-end=\"479\">sadou \u010derven\u00fdch pyramidov\u00fdch alabastrov\u00fdch svie\u010dok a l\u00e1mp<\/strong>. Ru\u010dne vyroben\u00e1 v Egypte zru\u010dn\u00fdmi remeseln\u00edkmi, t\u00e1to \u00fa\u017easn\u00e1 trojdielna sada vzd\u00e1va hold legend\u00e1rnym pyramid\u00e1m v G\u00edze \u2013 Chufu, Chafre a Menkaure \u2013 a z\u00e1rove\u0148 pon\u00faka m\u00e4kk\u00fa, \u017eiariv\u00fa atmosf\u00e9ru, ktor\u00e1 dod\u00e1 teplo a sofistikovanos\u0165 ak\u00e9muko\u013evek priestoru.<\/p>\n<p data-start=\"714\" data-end=\"991\">Ka\u017ed\u00e1 lampa je vyroben\u00e1 z pr\u00e9miov\u00e9ho \u010derven\u00e9ho alabastru, cenen\u00e9ho pre svoju jemn\u00fa prieh\u013eadnos\u0165 a prirodzen\u00e9 \u017eilkovanie. \u010ci u\u017e sa pou\u017e\u00edva ako okolit\u00e9 osvetlenie, dr\u017eiaky na svie\u010dky alebo p\u00fatav\u00e9 predmety na rozhovor, tieto pyramidov\u00e9 lampy bez n\u00e1mahy sp\u00e1jaj\u00fa hist\u00f3riu, remeslo a \u0161t\u00fdl.<\/p>\n<h3 data-start=\"998\" data-end=\"1051\">Pre\u010do si vybra\u0165 sadu \u010derven\u00fdch alabastrov\u00fdch pyramidov\u00fdch svie\u010dok?<\/h3>\n<h4 data-start=\"1053\" data-end=\"1096\">In\u0161pirovan\u00e9 starovekou egyptskou ve\u013ekolepos\u0165ou<\/h4>\n<p data-start=\"1097\" data-end=\"1305\">T\u00e1to sada je priamo ovplyvnen\u00e1 ikonickou architekt\u00farou Ve\u013ek\u00fdch pyram\u00edd. Je to symbolick\u00e1 a umeleck\u00e1 pocta jednej z najv\u00e4\u010d\u0161\u00edch civiliz\u00e1ci\u00ed sveta, ktor\u00e1 zachyt\u00e1va formu aj kult\u00farne dedi\u010dstvo.<\/p>\n<h4 data-start=\"1307\" data-end=\"1337\">M\u00e4kk\u00fd, pr\u00edjemn\u00fd \u010derven\u00fd \u017eiar<\/h4>\n<p data-start=\"1338\" data-end=\"1507\">\u010cerven\u00fd alabaster vytv\u00e1ra tepl\u00e9, atmosf\u00e9rick\u00e9 svetlo, ke\u010f je osvetlen\u00fd \u2013 ide\u00e1lne pre \u00fatuln\u00e9 ve\u010dery, romantick\u00e9 ve\u010dere, duchovn\u00e9 priestory alebo jednoducho na skr\u00e1\u0161lenie v\u00fdzdoby v\u00e1\u0161ho domova.<\/p>\n<h4 data-start=\"1509\" data-end=\"1548\">Ru\u010dne vyroben\u00e9 egyptsk\u00fdmi remeseln\u00edkmi<\/h4>\n<p data-start=\"1549\" data-end=\"1736\">Ka\u017ed\u00fd k\u00fasok je starostlivo vyrez\u00e1van\u00fd rukou v Egypte, \u010do rob\u00ed z ka\u017edej lampy jedine\u010dn\u00fd v\u00fdtvor. Remeslo odr\u00e1\u017ea storo\u010dia tradi\u010dn\u00e9ho kamen\u00e1rskeho umenia, odovzd\u00e1van\u00e9ho z gener\u00e1cie na gener\u00e1ciu.<\/p>\n<h4 data-start=\"1738\" data-end=\"1758\">V\u0161estrann\u00e9 pou\u017eitie<\/h4>\n<p data-start=\"1759\" data-end=\"1979\">Pou\u017e\u00edvajte tieto kusy ako okolit\u00e9 lampy, dekorat\u00edvne sochy alebo dr\u017eiaky na svie\u010dky. Vhodn\u00e9 pre domy, k\u00fapele, hotely alebo interi\u00e9ry s tematikou dedi\u010dstva. Ich tepl\u00e9 svetlo a historick\u00e9 k\u00fazlo ich robia funk\u010dn\u00fdmi aj dekorat\u00edvnymi.<\/p>\n<h4 data-start=\"1981\" data-end=\"2005\">Ide\u00e1lny dar\u010dekov\u00fd n\u00e1pad<\/h4>\n<p data-start=\"2006\" data-end=\"2148\">H\u013ead\u00e1te nezabudnute\u013en\u00fd dar\u010dek? T\u00e1to sada je ide\u00e1lnym darom pre milovn\u00edkov hist\u00f3rie, svetov\u00fdch ciest, starovek\u00e9ho umenia alebo jedine\u010dnej ru\u010dne vyrobenej dom\u00e1cej v\u00fdzdoby.<\/p>\n<h3 data-start=\"2155\" data-end=\"2181\">\u0160pecifik\u00e1cie produktu<\/h3>\n<h4 data-start=\"2183\" data-end=\"2209\">\ud83d\udd3a Ve\u013ek\u00e1 pyramidov\u00e1 lampa<\/h4>\n<ul data-start=\"2210\" data-end=\"2299\">\n<li data-start=\"2210\" data-end=\"2240\">\n<p data-start=\"2212\" data-end=\"2240\"><strong data-start=\"2212\" data-end=\"2223\">Hmotnos\u0165:<\/strong> Pribli\u017ene 1018 g<\/p>\n<\/li>\n<li data-start=\"2241\" data-end=\"2262\">\n<p data-start=\"2243\" data-end=\"2262\"><strong data-start=\"2243\" data-end=\"2254\">V\u00fd\u0161ka:<\/strong> 14 cm<\/p>\n<\/li>\n<li data-start=\"2263\" data-end=\"2299\">\n<p data-start=\"2265\" data-end=\"2299\"><strong data-start=\"2265\" data-end=\"2285\">Rozmery z\u00e1kladne:<\/strong> 13 cm x 13 cm<\/p>\n<\/li>\n<\/ul>\n<h4 data-start=\"2301\" data-end=\"2328\">\ud83d\udd3a Stredn\u00e1 pyramidov\u00e1 lampa<\/h4>\n<ul data-start=\"2329\" data-end=\"2417\">\n<li data-start=\"2329\" data-end=\"2358\">\n<p data-start=\"2331\" data-end=\"2358\"><strong data-start=\"2331\" data-end=\"2342\">Hmotnos\u0165:<\/strong> Pribli\u017ene 584 g<\/p>\n<\/li>\n<li data-start=\"2359\" data-end=\"2380\">\n<p data-start=\"2361\" data-end=\"2380\"><strong data-start=\"2361\" data-end=\"2372\">V\u00fd\u0161ka:<\/strong> 12 cm<\/p>\n<\/li>\n<li data-start=\"2381\" data-end=\"2417\">\n<p data-start=\"2383\" data-end=\"2417\"><strong data-start=\"2383\" data-end=\"2403\">Rozmery z\u00e1kladne:<\/strong> 10 cm x 10 cm<\/p>\n<\/li>\n<\/ul>\n<h4 data-start=\"2419\" data-end=\"2445\">\ud83d\udd3a Mal\u00e1 pyramidov\u00e1 lampa<\/h4>\n<ul data-start=\"2446\" data-end=\"2605\">\n<li data-start=\"2446\" data-end=\"2475\">\n<p data-start=\"2448\" data-end=\"2475\"><strong data-start=\"2448\" data-end=\"2459\">Hmotnos\u0165:<\/strong> Pribli\u017ene 395 g<\/p>\n<\/li>\n<li data-start=\"2476\" data-end=\"2497\">\n<p data-start=\"2478\" data-end=\"2497\"><strong data-start=\"2478\" data-end=\"2489\">V\u00fd\u0161ka:<\/strong> 10 cm<\/p>\n<\/li>\n<li data-start=\"2498\" data-end=\"2532\">\n<p data-start=\"2500\" data-end=\"2532\"><strong data-start=\"2500\" data-end=\"2520\">Rozmery z\u00e1kladne:<\/strong> 9 cm x 9 cm<\/p>\n<\/li>\n<li data-start=\"2534\" data-end=\"2575\">\n<p data-start=\"2536\" data-end=\"2575\"><strong data-start=\"2536\" data-end=\"2549\">Materi\u00e1l:<\/strong> Prirodzen\u00fd alabasterov\u00fd kame\u0148<\/p>\n<\/li>\n<li data-start=\"2576\" data-end=\"2605\">\n<p data-start=\"2578\" data-end=\"2605\"><strong data-start=\"2578\" data-end=\"2594\">Ru\u010dne vyroben\u00e9 v:<\/strong> Egypt \ud83c\uddea\ud83c\uddec<\/p>\n<\/li>\n<\/ul>\n<h3 data-start=\"2872\" data-end=\"2912\">Prineste starovek\u00fd Egypt do svojho domova<\/h3>\n<p data-start=\"2913\" data-end=\"3237\"><strong data-start=\"2917\" data-end=\"2961\">Sada \u010derven\u00fdch alabastrov\u00fdch pyramidov\u00fdch svie\u010dok a l\u00e1mp<\/strong> je viac ne\u017e len dom\u00e1cou v\u00fdzdobou \u2013 je to k\u00fasok hist\u00f3rie, ktor\u00fd m\u00f4\u017eete dr\u017ea\u0165 v ruke. Pridajte ju do svojho domova, aby ste si u\u017eili jemn\u00fd \u017eiar a kult\u00farne k\u00fazlo ru\u010dne vyrobenej egyptskej umeleckosti. \u010ci u\u017e pre seba alebo ako premyslen\u00fd dar\u010dek, t\u00e1to sada dod\u00e1 eleganciu, teplo a starovek\u00fa kr\u00e1su ak\u00e9muko\u013evek priestoru.<\/p>\n<p data-start=\"3239\" data-end=\"3305\"><strong data-start=\"3239\" data-end=\"3305\">Objednajte si teraz a osvetlite svoj domov dedi\u010dstvom fara\u00f3nov.<\/strong><\/p>\n<p style=\"text-align: center;\">\u010eakujeme za n\u00e1kup v <em data-start=\"415\" data-end=\"431\"><a href=\"https:\/\/bazaar.express\/sk\/\">Bazaar Express<\/a><\/em> \u2013 te\u0161\u00ed n\u00e1s, \u017ee ste tu!<\/p>\n<p style=\"text-align: center;\">Za\u017eite k\u00fazlo starovek\u00e9ho umenia s na\u0161ou zbierkou <a href=\"https:\/\/bazaar.express\/product-category\/egyptian-treasures\/\">Egyptsk\u00fdch pokladov<\/a>.<\/p>\n","protected":false},"excerpt":{"rendered":"<h3 data-start=\"477\" data-end=\"712\"><strong data-start=\"477\" data-end=\"502\">Milovn\u00edci svie\u010dok sa te\u0161te<\/strong> \u2013 t\u00e1to sada \u010derven\u00fdch alabastrov\u00fdch pyramidov\u00fdch svie\u010dok je viac ne\u017e osvetlenie; je to pocta egyptsk\u00e9mu dedi\u010dstvu. Ru\u010dne vyroben\u00e1 z \u017eiarivo \u010derven\u00e9ho alabastru, ka\u017ed\u00fd k\u00fasok osvetl\u00ed v\u00e1\u0161 priestor teplom, k\u00fazlom a historickou kr\u00e1sou.<\/h3>\n","protected":false},"featured_media":9284,"comment_status":"open","ping_status":"closed","template":"","meta":[],"product_brand":[],"product_cat":[1165],"product_tag":[1685,1684],"class_list":{"0":"post-44475","1":"product","2":"type-product","3":"status-publish","4":"has-post-thumbnail","6":"product_cat-egyptske-poklady","7":"product_tag-darceky","8":"product_tag-suveniry","10":"first","11":"instock","12":"shipping-taxable","13":"purchasable","14":"product-type-simple"},"_links":{"self":[{"href":"https:\/\/bazaar.express\/sk\/wp-json\/wp\/v2\/product\/44475","targetHints":{"allow":["GET"]}}],"collection":[{"href":"https:\/\/bazaar.express\/sk\/wp-json\/wp\/v2\/product"}],"about":[{"href":"https:\/\/bazaar.express\/sk\/wp-json\/wp\/v2\/types\/product"}],"replies":[{"embeddable":true,"href":"https:\/\/bazaar.express\/sk\/wp-json\/wp\/v2\/comments?post=44475"}],"wp:featuredmedia":[{"embeddable":true,"href":"https:\/\/bazaar.express\/sk\/wp-json\/wp\/v2\/media\/9284"}],"wp:attachment":[{"href":"https:\/\/bazaar.express\/sk\/wp-json\/wp\/v2\/media?parent=44475"}],"wp:term":[{"taxonomy":"product_brand","embeddable":true,"href":"https:\/\/bazaar.express\/sk\/wp-json\/wp\/v2\/product_brand?post=44475"},{"taxonomy":"product_cat","embeddable":true,"href":"https:\/\/bazaar.express\/sk\/wp-json\/wp\/v2\/product_cat?post=44475"},{"taxonomy":"product_tag","embeddable":true,"href":"https:\/\/bazaar.express\/sk\/wp-json\/wp\/v2\/product_tag?post=44475"}],"curies":[{"name":"wp","href":"https:\/\/api.w.org\/{rel}","templated":true}]}}