{"id":44479,"date":"2025-01-26T18:00:23","date_gmt":"2025-01-26T18:00:23","guid":{"rendered":"https:\/\/bazaar.express\/product\/candle-set-2\/"},"modified":"2025-01-26T18:00:23","modified_gmt":"2025-01-26T18:00:23","slug":"candle-set-2","status":"publish","type":"product","link":"https:\/\/bazaar.express\/sk\/produkt\/candle-set-2\/","title":{"rendered":"Sada svie\u010dok"},"content":{"rendered":"<h2 data-start=\"301\" data-end=\"367\"><strong>Sada svie\u010dok \u2013 Modr\u00e9 alabastrov\u00e9 pyram\u00eddov\u00e9 lampy ru\u010dne vyroben\u00e9 v Egypte<\/strong><\/h2>\n<h3 data-start=\"369\" data-end=\"424\">Prineste starovek\u00fa kr\u00e1su a modern\u00e9 teplo do v\u00e1\u0161ho domova<\/h3>\n<p data-start=\"426\" data-end=\"872\">Zdvihnite svoj interi\u00e9r s <strong data-start=\"457\" data-end=\"495\">Sadu modr\u00fdch alabastrov\u00fdch pyram\u00eddov\u00fdch svie\u010dok<\/strong>, ru\u010dne vyrobenou zbierkou elegantn\u00fdch pyram\u00eddov\u00fdch l\u00e1mp in\u0161pirovan\u00fdch legend\u00e1rnymi g\u00edzkymi pyramidami Egypta. Navrhnut\u00e9 tak, aby odr\u00e1\u017eali architektonick\u00fa genialitu Chufua, Chafre a Menkaura, tieto jedine\u010dn\u00e9 svie\u010dkov\u00e9 lampy sp\u00e1jaj\u00fa kult\u00farne dedi\u010dstvo s nad\u010dasovou eleganciou. \u010ci u\u017e pou\u017eit\u00e9 ako atmosf\u00e9rick\u00e9 osvetlenie alebo o\u010daruj\u00faci stredobodom, t\u00e1to sada prid\u00e1va teplo, sofistikovanos\u0165 a pr\u00edbeh do ka\u017ed\u00e9ho priestoru.<\/p>\n<h3 data-start=\"874\" data-end=\"921\">Ru\u010dne vyroben\u00e9 z prav\u00e9ho egyptsk\u00e9ho alabastru<\/h3>\n<p data-start=\"923\" data-end=\"1231\">Sk\u00fasen\u00ed egyptsk\u00ed remeseln\u00edci starostlivo vyrez\u00e1vaj\u00fa ka\u017ed\u00fa pyram\u00eddu z vysoko kvalitn\u00e9ho <strong data-start=\"994\" data-end=\"1012\">modr\u00e9ho alabastru<\/strong>, poloprieh\u013eadn\u00e9ho kame\u0148a oce\u0148ovan\u00e9ho pre jeho jemn\u00fd \u017eiar a prirodzen\u00e9 vzory. Ke\u010f je zap\u00e1len\u00e1, svie\u010dka vo vn\u00fatri vy\u017earuje upokojuj\u00face okolit\u00e9 svetlo, ktor\u00e9 okam\u017eite zmierni v\u00e1\u0161 priestor a zv\u00fdrazn\u00ed jedine\u010dn\u00e9 \u017eilky kame\u0148a.<\/p>\n<h3 data-start=\"1233\" data-end=\"1281\">Pre\u010do si vybra\u0165 sadu modr\u00fdch alabastrov\u00fdch pyram\u00eddov\u00fdch svie\u010dkov\u00fdch l\u00e1mp?<\/h3>\n<ul data-start=\"1283\" data-end=\"1939\">\n<li data-start=\"1283\" data-end=\"1408\">\n<p data-start=\"1285\" data-end=\"1408\"><strong data-start=\"1285\" data-end=\"1319\">In\u0161pirovan\u00e9 g\u00edzkymi pyramidami:<\/strong> Tieto dr\u017eiaky na svie\u010dky zachyt\u00e1vaj\u00fa majest\u00e1tnu formu najikonickej\u0161\u00edch starovek\u00fdch pamiatok Egypta.<\/p>\n<\/li>\n<li data-start=\"1409\" data-end=\"1533\">\n<p data-start=\"1411\" data-end=\"1533\"><strong data-start=\"1411\" data-end=\"1439\">Autentick\u00e9 remeslo:<\/strong> Ka\u017ed\u00fd k\u00fasok je ru\u010dne vyroben\u00fd v Egypte remeseln\u00edkmi s hlbok\u00fdmi kore\u0148mi v tradi\u010dnom vyrez\u00e1van\u00ed alabastru.<\/p>\n<\/li>\n<li data-start=\"1534\" data-end=\"1693\">\n<p data-start=\"1536\" data-end=\"1693\"><strong data-start=\"1536\" data-end=\"1567\">Vsestrann\u00e9 osvetlenie a dekor\u00e1cia:<\/strong> Ide\u00e1lne na pou\u017eitie ako dr\u017eiaky na svie\u010dky, akcentn\u00e9 lampy alebo dekorat\u00edvne k\u00fasky pre ob\u00fdva\u010dky, sp\u00e1lne, kancel\u00e1rie alebo \u0161peci\u00e1lne podujatia.<\/p>\n<\/li>\n<li data-start=\"1694\" data-end=\"1817\">\n<p data-start=\"1696\" data-end=\"1817\"><strong data-start=\"1696\" data-end=\"1717\">Elegantn\u00fd modr\u00fd odtie\u0148:<\/strong> Jemne modr\u00e1 farba prid\u00e1va pokoj a \u0161arm, ide\u00e1lna pre s\u00fa\u010dasn\u00e9 aj tradi\u010dn\u00e9 interi\u00e9ry.<\/p>\n<\/li>\n<li data-start=\"1818\" data-end=\"1939\">\n<p data-start=\"1820\" data-end=\"1939\"><strong data-start=\"1820\" data-end=\"1841\">Jedine\u010dn\u00fd n\u00e1pad na dar\u010dek:<\/strong> V\u00fdnimo\u010dn\u00fd dar\u010dek pre milovn\u00edkov hist\u00f3rie, egyptskej kult\u00fary, jemnej dekor\u00e1cie alebo ru\u010dne vyroben\u00e9ho osvetlenia.<\/p>\n<\/li>\n<\/ul>\n<h3 data-start=\"1941\" data-end=\"1967\">\u0160pecifik\u00e1cie produktu<\/h3>\n<h4 data-start=\"1969\" data-end=\"2000\">Ve\u013ek\u00e1 pyram\u00eddov\u00e1 svie\u010dkov\u00e1 lampa:<\/h4>\n<ul data-start=\"2001\" data-end=\"2087\">\n<li data-start=\"2001\" data-end=\"2031\">\n<p data-start=\"2003\" data-end=\"2031\"><strong data-start=\"2003\" data-end=\"2022\">Pribli\u017en\u00e1 hmotnos\u0165:<\/strong> 1023 g<\/p>\n<\/li>\n<li data-start=\"2032\" data-end=\"2053\">\n<p data-start=\"2034\" data-end=\"2053\"><strong data-start=\"2034\" data-end=\"2045\">V\u00fd\u0161ka:<\/strong> 14 cm<\/p>\n<\/li>\n<li data-start=\"2054\" data-end=\"2087\">\n<p data-start=\"2056\" data-end=\"2087\"><strong data-start=\"2056\" data-end=\"2071\">Rozmery:<\/strong> 13 cm x 13 cm<\/p>\n<\/li>\n<\/ul>\n<h4 data-start=\"2089\" data-end=\"2121\">Stredn\u00e1 pyram\u00eddov\u00e1 svie\u010dkov\u00e1 lampa:<\/h4>\n<ul data-start=\"2122\" data-end=\"2207\">\n<li data-start=\"2122\" data-end=\"2151\">\n<p data-start=\"2124\" data-end=\"2151\"><strong data-start=\"2124\" data-end=\"2143\">Pribli\u017en\u00e1 hmotnos\u0165:<\/strong> 509 g<\/p>\n<\/li>\n<li data-start=\"2152\" data-end=\"2173\">\n<p data-start=\"2154\" data-end=\"2173\"><strong data-start=\"2154\" data-end=\"2165\">V\u00fd\u0161ka:<\/strong> 12 cm<\/p>\n<\/li>\n<li data-start=\"2174\" data-end=\"2207\">\n<p data-start=\"2176\" data-end=\"2207\"><strong data-start=\"2176\" data-end=\"2191\">Rozmery:<\/strong> 10 cm x 10 cm<\/p>\n<\/li>\n<\/ul>\n<h4 data-start=\"2209\" data-end=\"2240\">Mal\u00e1 pyram\u00eddov\u00e1 svie\u010dkov\u00e1 lampa:<\/h4>\n<ul data-start=\"2241\" data-end=\"2401\">\n<li data-start=\"2241\" data-end=\"2270\">\n<p data-start=\"2243\" data-end=\"2270\"><strong data-start=\"2243\" data-end=\"2262\">Pribli\u017en\u00e1 hmotnos\u0165:<\/strong> 415 g<\/p>\n<\/li>\n<li data-start=\"2271\" data-end=\"2292\">\n<p data-start=\"2273\" data-end=\"2292\"><strong data-start=\"2273\" data-end=\"2284\">V\u00fd\u0161ka:<\/strong> 10 cm<\/p>\n<\/li>\n<li data-start=\"2293\" data-end=\"2324\">\n<p data-start=\"2295\" data-end=\"2324\"><strong data-start=\"2295\" data-end=\"2310\">Rozmery:<\/strong> 9 cm x 9 cm<\/p>\n<\/li>\n<li data-start=\"2326\" data-end=\"2367\">\n<p data-start=\"2328\" data-end=\"2367\"><strong data-start=\"2328\" data-end=\"2341\">Materi\u00e1l:<\/strong> Pr\u00edrodn\u00fd alabastrov\u00fd kame\u0148<\/p>\n<\/li>\n<li data-start=\"2368\" data-end=\"2401\">\n<p data-start=\"2370\" data-end=\"2401\"><strong data-start=\"2370\" data-end=\"2381\">P\u00f4vod:<\/strong> Ru\u010dne vyroben\u00e9 v Egypte<\/p>\n<\/li>\n<\/ul>\n<h3 data-start=\"2403\" data-end=\"2465\">Svetlo svie\u010dky s hist\u00f3riou \u2013 Prejav umenia a atmosf\u00e9ry<\/h3>\n<p data-start=\"2467\" data-end=\"2799\">Sada <strong data-start=\"2471\" data-end=\"2508\">modr\u00fdch alabastrov\u00fdch pyram\u00eddov\u00fdch svie\u010dok<\/strong> rob\u00ed viac ne\u017e len osvet\u013euje \u2013 transformuje. Ako svetlo svie\u010dky \u017eiari zvn\u00fatra ru\u010dne vyrezan\u00e9ho kame\u0148a, poc\u00edtite spojenie s bohatou egyptskou minulos\u0165ou. \u010ci u\u017e vystaven\u00e9 jednotlivo alebo v skupine, tieto lampy dod\u00e1vaj\u00fa nezabudnute\u013en\u00fa atmosf\u00e9ru, ktor\u00e1 sp\u00e1ja luxus, remeslo a kult\u00farnu h\u013abku.<\/p>\n<h3 data-start=\"156\" data-end=\"206\"><strong data-start=\"160\" data-end=\"206\">Svetlo svie\u010dky, ktor\u00e9 sp\u00e1ja minulos\u0165 a s\u00fa\u010dasnos\u0165<\/strong><\/h3>\n<p data-start=\"208\" data-end=\"573\">Prineste nad\u010dasov\u00fd \u0161arm do v\u00e1\u0161ho priestoru s <strong data-start=\"254\" data-end=\"291\">sadu modr\u00fdch alabastrov\u00fdch pyram\u00eddov\u00fdch svie\u010dok<\/strong> \u2013 ru\u010dne vyroben\u00fdm holdom sl\u00e1vnej egyptskej minulosti a kr\u00e1snym doplnkom modern\u00fdch interi\u00e9rov. \u010ci u\u017e ste milovn\u00edkom jemn\u00e9ho dizajnu, h\u013eadate\u013eom okolit\u00e9ho osvetlenia alebo zberate\u013eom kult\u00farnych k\u00faskov, t\u00e1to jedine\u010dn\u00e1 sada svie\u010dok pon\u00faka eleganciu, teplo a hist\u00f3riu v jednom \u00fa\u017easnom balen\u00ed.<\/p>\n<p data-start=\"575\" data-end=\"737\">Nepreme\u0161kajte pr\u00edle\u017eitos\u0165 vlastni\u0165 k\u00fasok ru\u010dne vyrobenej egyptskej umeleckej tvorby.<br data-start=\"637\" data-end=\"640\" \/><strong data-start=\"640\" data-end=\"679\">Objednajte si svoju sadu pyram\u00eddov\u00fdch svie\u010dok dnes<\/strong> a nechajte svoj dom \u017eiari\u0165 duchom starovekej kr\u00e1sy.<\/p>\n<p style=\"text-align: center;\">\u010eakujeme za n\u00e1kup v <em data-start=\"415\" data-end=\"431\"><a href=\"https:\/\/bazaar.express\/sk\/\">Bazaar Express<\/a><\/em> \u2013 te\u0161\u00ed n\u00e1s, \u017ee ste tu!<\/p>\n<p style=\"text-align: center;\">Za\u017eite \u0161arm starovek\u00e9ho umenia s na\u0161ou zbierkou <a href=\"https:\/\/bazaar.express\/product-category\/egyptian-treasures\/\">Egyptsk\u00fdch pokladov<\/a>.<\/p>\n","protected":false},"excerpt":{"rendered":"<h3 data-start=\"418\" data-end=\"673\">Osvetlite svoj dom sadou modr\u00fdch alabastrov\u00fdch pyram\u00eddov\u00fdch svie\u010dok \u2013 ru\u010dne vyrobenou v Egypte a in\u0161pirovanou ikonick\u00fdmi g\u00edzkymi pyramidami. Vyroben\u00e9 z pr\u00edrodn\u00e9ho modr\u00e9ho alabastru, tieto dr\u017eiaky na svie\u010dky vrhaj\u00fa tepl\u00e9, okolit\u00e9 svetlo, ktor\u00e9 sp\u00e1ja starovek\u00fd \u0161arm s modern\u00fdm \u0161t\u00fdlom.<\/h3>\n","protected":false},"featured_media":9288,"comment_status":"open","ping_status":"closed","template":"","meta":[],"product_brand":[],"product_cat":[1165],"product_tag":[1685,1684],"class_list":{"0":"post-44479","1":"product","2":"type-product","3":"status-publish","4":"has-post-thumbnail","6":"product_cat-egyptske-poklady","7":"product_tag-darceky","8":"product_tag-suveniry","10":"first","11":"instock","12":"shipping-taxable","13":"purchasable","14":"product-type-simple"},"_links":{"self":[{"href":"https:\/\/bazaar.express\/sk\/wp-json\/wp\/v2\/product\/44479","targetHints":{"allow":["GET"]}}],"collection":[{"href":"https:\/\/bazaar.express\/sk\/wp-json\/wp\/v2\/product"}],"about":[{"href":"https:\/\/bazaar.express\/sk\/wp-json\/wp\/v2\/types\/product"}],"replies":[{"embeddable":true,"href":"https:\/\/bazaar.express\/sk\/wp-json\/wp\/v2\/comments?post=44479"}],"wp:featuredmedia":[{"embeddable":true,"href":"https:\/\/bazaar.express\/sk\/wp-json\/wp\/v2\/media\/9288"}],"wp:attachment":[{"href":"https:\/\/bazaar.express\/sk\/wp-json\/wp\/v2\/media?parent=44479"}],"wp:term":[{"taxonomy":"product_brand","embeddable":true,"href":"https:\/\/bazaar.express\/sk\/wp-json\/wp\/v2\/product_brand?post=44479"},{"taxonomy":"product_cat","embeddable":true,"href":"https:\/\/bazaar.express\/sk\/wp-json\/wp\/v2\/product_cat?post=44479"},{"taxonomy":"product_tag","embeddable":true,"href":"https:\/\/bazaar.express\/sk\/wp-json\/wp\/v2\/product_tag?post=44479"}],"curies":[{"name":"wp","href":"https:\/\/api.w.org\/{rel}","templated":true}]}}