{"id":44503,"date":"2025-01-25T16:32:55","date_gmt":"2025-01-25T16:32:55","guid":{"rendered":"https:\/\/bazaar.express\/product\/onyx-vase\/"},"modified":"2025-01-25T16:32:55","modified_gmt":"2025-01-25T16:32:55","slug":"onyx-vase","status":"publish","type":"product","link":"https:\/\/bazaar.express\/sk\/produkt\/onyx-vase\/","title":{"rendered":"Onyxov\u00e1 v\u00e1za"},"content":{"rendered":"<h2 data-start=\"177\" data-end=\"236\">Onyxov\u00e1 v\u00e1za \u2013 Vintage ru\u010dne vyroben\u00e1 stredn\u00e1 onyxov\u00e1 v\u00e1za z Egypta<\/h2>\n<h3 data-start=\"238\" data-end=\"302\">Objavte vz\u00e1cnu kr\u00e1su ru\u010dne vyrobenej egyptskej onyxovej v\u00e1zy<\/h3>\n<p data-start=\"304\" data-end=\"729\">Zdvihnite svoj priestor k\u00fazlo a pr\u00edrodnou eleganciou <strong data-start=\"366\" data-end=\"396\">Vintage ru\u010dne vyrobenej onyxovej v\u00e1zy<\/strong>. T\u00e1to stredne ve\u013ek\u00e1 v\u00e1za je nad\u010dasov\u00fd k\u00fasok egyptskej umeleckosti, ru\u010dne vyroben\u00fd z autentick\u00e9ho onyxov\u00e9ho kame\u0148a. Jej p\u00fatav\u00e1 farebn\u00e1 zmes \u2013 s jasnou bielou, hmlistou hnedou a jemnou zelenou \u2013 jej d\u00e1va jedine\u010dn\u00fa identitu. Starostlivo vyrezan\u00e1 do obd\u013a\u017enikov\u00e9ho kockovan\u00e9ho vzoru, t\u00e1to v\u00e1za nie je len dekorat\u00edvnym predmetom, ale pr\u00edbehom rozpr\u00e1van\u00fdm cez kame\u0148.<\/p>\n<h3 data-start=\"731\" data-end=\"779\">Ru\u010dne vyroben\u00e1 elegancia zo srdca Egypta<\/h3>\n<p data-start=\"781\" data-end=\"1060\">Ka\u017ed\u00e1 <strong data-start=\"786\" data-end=\"799\">onyxov\u00e1 v\u00e1za<\/strong> je vyroben\u00e1 zru\u010dn\u00fdmi egyptsk\u00fdmi remeseln\u00edkmi, ktor\u00ed zdedili tradi\u010dn\u00e9 techniky spracovania kame\u0148a odovzd\u00e1van\u00e9 z gener\u00e1cie na gener\u00e1ciu. T\u00edto remeseln\u00edci pou\u017e\u00edvaj\u00fa osved\u010den\u00e9 met\u00f3dy na rezanie a le\u0161tenie v\u00e1zy, \u010d\u00edm zabezpe\u010duj\u00fa, \u017ee ka\u017ed\u00fd k\u00fasok odr\u00e1\u017ea autentick\u00e9 egyptsk\u00e9 dedi\u010dstvo.<\/p>\n<p data-start=\"1062\" data-end=\"1321\">Preto\u017ee onyx je pr\u00edrodn\u00fd kame\u0148, ka\u017ed\u00e1 v\u00e1za je mierne odli\u0161n\u00e1. Pr\u00edrodn\u00e9 \u017eily, drobn\u00e9 nedokonalosti a jemn\u00e9 vari\u00e1cie v t\u00f3ne robia va\u0161u v\u00e1zu jedine\u010dn\u00fdm v\u00fdtvorom. Tieto detaily nie s\u00fa chybami \u2013 s\u00fa znakmi skuto\u010dn\u00e9ho remeseln\u00e9ho umenia a autenticity.<\/p>\n<h3 data-start=\"1323\" data-end=\"1340\">K\u013e\u00fa\u010dov\u00e9 vlastnosti:<\/h3>\n<ul data-start=\"1341\" data-end=\"1730\">\n<li data-start=\"1341\" data-end=\"1392\">\n<p data-start=\"1343\" data-end=\"1392\"><strong data-start=\"1343\" data-end=\"1372\">Autentick\u00e1 vintage onyxov\u00e1 v\u00e1za<\/strong> \u2013 Ru\u010dne vyroben\u00e1 v Egypte<\/p>\n<\/li>\n<li data-start=\"1393\" data-end=\"1476\">\n<p data-start=\"1395\" data-end=\"1476\"><strong data-start=\"1395\" data-end=\"1431\">Jedine\u010dn\u00fd obd\u013a\u017enikov\u00fd kockovan\u00fd vzor<\/strong> \u2013 Vyroben\u00fd z bieleho, hned\u00e9ho a zelen\u00e9ho onyxu<\/p>\n<\/li>\n<li data-start=\"1477\" data-end=\"1561\">\n<p data-start=\"1479\" data-end=\"1561\"><strong data-start=\"1479\" data-end=\"1505\">Hladk\u00fd le\u0161ten\u00fd povrch<\/strong> \u2013 S pr\u00edrodn\u00fdmi tenk\u00fdmi trhlinami a jemn\u00fdmi detailmi starnutia<\/p>\n<\/li>\n<li data-start=\"1562\" data-end=\"1618\">\n<p data-start=\"1564\" data-end=\"1618\"><strong data-start=\"1564\" data-end=\"1578\">Rozmery<\/strong> \u2013 V\u00fd\u0161ka: 12 cm | Priemer z\u00e1kladne: 7.5 cm<\/p>\n<\/li>\n<li data-start=\"1619\" data-end=\"1648\">\n<p data-start=\"1621\" data-end=\"1648\"><strong data-start=\"1621\" data-end=\"1631\">Hmotnos\u0165<\/strong> \u2013 Pribli\u017ene 665 g<\/p>\n<\/li>\n<li data-start=\"1649\" data-end=\"1730\">\n<p data-start=\"1651\" data-end=\"1730\"><strong data-start=\"1651\" data-end=\"1683\">Vyroben\u00e1 z pr\u00edrodn\u00e9ho onyxov\u00e9ho kame\u0148a<\/strong> \u2013 Odoln\u00e1, elegantn\u00e1 a energeticky vyv\u00e1\u017een\u00e1<\/p>\n<\/li>\n<\/ul>\n<h3 data-start=\"1732\" data-end=\"1767\">Sila a symbolika onyxu<\/h3>\n<p data-start=\"1769\" data-end=\"2050\">Onyx je viac ne\u017e len kr\u00e1sny, ver\u00ed sa, \u017ee nesie siln\u00fa energiu. Mnoh\u00e9 kult\u00fary uzn\u00e1vaj\u00fa jeho upokojuj\u00faci vplyv a schopnos\u0165 absorbova\u0165 a transformova\u0165 negat\u00edvnu energiu. To rob\u00ed <strong data-start=\"1952\" data-end=\"1965\">onyxov\u00fa v\u00e1zu<\/strong> nielen dekorat\u00edvnym kusom, ale prispieva k pokojn\u00e9mu a pozit\u00edvnemu prostrediu.<\/p>\n<p data-start=\"2052\" data-end=\"2238\">\u010ci u\u017e vystaven\u00e1 sama alebo dr\u017e\u00ed su\u0161en\u00e9 kvety, t\u00e1to v\u00e1za sa stane p\u00fatav\u00fdm prvkom v\u0161ade, kde je umiestnen\u00e1 \u2013 \u010di u\u017e na polici v ob\u00fdva\u010dke, no\u010dnom stol\u00edku v sp\u00e1lni alebo v medita\u010dnom k\u00fate.<\/p>\n<h3 data-start=\"2240\" data-end=\"2270\">Pre\u010do si vybra\u0165 t\u00fato onyxov\u00fa v\u00e1zu?<\/h3>\n<h4 data-start=\"2272\" data-end=\"2298\"><strong data-start=\"2280\" data-end=\"2298\">Vz\u00e1cnos\u0165 a hodnota<\/strong><\/h4>\n<p data-start=\"2299\" data-end=\"2463\">Onyx je vz\u00e1cny a drahocenn\u00fd kame\u0148 a jeho vintage verzia je e\u0161te hodnotnej\u0161ia. Vlastn\u00edctvo tak\u00e9hoto kusu nielen obohacuje v\u00e1\u0161 domov, ale aj va\u0161u zbierku umenia.<\/p>\n<h4 data-start=\"2465\" data-end=\"2495\"><strong data-start=\"2473\" data-end=\"2495\">Duchovn\u00e9 v\u00fdhody<\/strong><\/h4>\n<p data-start=\"2496\" data-end=\"2641\">\u013dudia veria, \u017ee onyx podporuje emocion\u00e1lnu stabilitu, silu a uzemnenie. Umiestnite t\u00fato v\u00e1zu do svojho obytn\u00e9ho priestoru na podporu harm\u00f3nie a pokoja.<\/p>\n<h4 data-start=\"2643\" data-end=\"2679\"><strong data-start=\"2652\" data-end=\"2679\">Autentick\u00e9 remeslo<\/strong><\/h4>\n<p data-start=\"2680\" data-end=\"2792\">Ka\u017ed\u00e1 v\u00e1za je ru\u010dne vyroben\u00e1, nie hromadne produkovan\u00e1. To zaru\u010duje kvalitu, odolnos\u0165 a individualitu v ka\u017edom kuse.<\/p>\n<h4 data-start=\"2794\" data-end=\"2830\">\ud83c\udfdb\ufe0f <strong data-start=\"2803\" data-end=\"2830\">Nad\u010dasov\u00fd vintage \u0161arm<\/strong><\/h4>\n<p data-start=\"2831\" data-end=\"2948\">Starnut\u00fd kame\u0148, le\u0161ten\u00fd povrch a pr\u00edrodn\u00e9 trhliny dod\u00e1vaj\u00fa tejto v\u00e1ze vintage charakter, ktor\u00fd sa len zlep\u0161uje \u010dasom.<\/p>\n<h3 data-start=\"2950\" data-end=\"2978\">Hod\u00ed sa do v\u0161etk\u00fdch \u0161t\u00fdlov interi\u00e9ru<\/h3>\n<p data-start=\"2980\" data-end=\"3231\">\u010ci u\u017e v\u00e1\u0161 priestor smeruje k rustik\u00e1lnemu, tradi\u010dn\u00e9mu alebo modern\u00e9mu \u0161t\u00fdlu, <strong data-start=\"3041\" data-end=\"3062\">Vintage onyxov\u00e1 v\u00e1za<\/strong> sa prisp\u00f4sob\u00ed bez n\u00e1mahy. Jej farebn\u00e1 paleta dop\u013a\u0148a ako jasn\u00e9, tak neutr\u00e1lne t\u00f3ny. Je to dokonal\u00fd akcentn\u00fd k\u00fasok pre konzoly, krby, k\u00e1vov\u00e9 stol\u00edky alebo police v kancel\u00e1rii.<\/p>\n<h3 data-start=\"3233\" data-end=\"3260\">Pam\u00e4tn\u00fd dar\u010dek<\/h3>\n<p data-start=\"3262\" data-end=\"3488\">H\u013ead\u00e1te jedine\u010dn\u00fd a elegantn\u00fd dar\u010dek? T\u00e1to v\u00e1za je ide\u00e1lna na s\u0165ahovanie do nov\u00e9ho domu, narodeniny, v\u00fdro\u010dia alebo ako zmyslupln\u00fd dar\u010dek na po\u010fakovanie. Jej energia, kr\u00e1sa a kult\u00farna hodnota z nej robia pam\u00e4tn\u00fd dar\u010dek, ktor\u00fd vydr\u017e\u00ed roky.<\/p>\n<h3 data-start=\"3495\" data-end=\"3518\">Doprava a dodanie<\/h3>\n<p data-start=\"3520\" data-end=\"3815\">\ud83d\ude9a <strong data-start=\"3523\" data-end=\"3552\">Bezplatn\u00e1 doprava v Hurghade<\/strong> \u2013 R\u00fdchla a pohodln\u00e1 doprava a\u017e k va\u0161im dver\u00e1m<br data-start=\"3596\" data-end=\"3599\" \/>\ud83c\udf0d <strong data-start=\"3602\" data-end=\"3634\">Dostupn\u00e1 celosvetov\u00e1 doprava<\/strong> \u2013 Pon\u00fakame bezpe\u010dn\u00fa medzin\u00e1rodn\u00fa dopravu s bezpe\u010dn\u00fdm, ochrann\u00fdm balen\u00edm<br data-start=\"3707\" data-end=\"3710\" \/>\ud83d\udcac <strong data-start=\"3713\" data-end=\"3744\">Reakt\u00edvna podpora z\u00e1kazn\u00edkov<\/strong> \u2013 Kontaktujte n\u00e1s kedyko\u013evek pred alebo po objedn\u00e1vke. Sme tu, aby sme v\u00e1m pomohli!<\/p>\n<h3 data-start=\"3822\" data-end=\"3867\">Pridajte k\u00fasok starovek\u00e9ho Egypta do svojho domova<\/h3>\n<p data-start=\"3869\" data-end=\"4082\">T\u00e1to <strong data-start=\"3874\" data-end=\"3904\">Vintage ru\u010dne vyroben\u00e1 onyxov\u00e1 v\u00e1za<\/strong> nie je len dekor\u00e1cia \u2013 je symbolom trad\u00edcie, kr\u00e1sy a energie. Ru\u010dne vyroben\u00e1 s starostlivos\u0165ou a pln\u00e1 hist\u00f3rie, je pripraven\u00e1 prinies\u0165 trval\u00fa eleganciu a pokoj do v\u00e1\u0161ho priestoru.<\/p>\n<p data-start=\"4084\" data-end=\"4154\"><strong data-start=\"4084\" data-end=\"4154\">Objednajte si svoju dnes a nechajte egyptsk\u00e9 remeslo hovori\u0165 samo za seba.<\/strong><\/p>\n<p style=\"text-align: center;\">\u010eakujeme za n\u00e1kup v <em data-start=\"415\" data-end=\"431\"><a href=\"https:\/\/bazaar.express\/sk\/\">Bazaar Express<\/a><\/em> \u2013 te\u0161\u00edme sa na v\u00e1s!<\/p>\n<p style=\"text-align: center;\">Za\u017eite k\u00fazlo starovek\u00e9ho umenia s na\u0161ou zbierkou <a href=\"https:\/\/bazaar.express\/product-category\/egyptian-treasures\/\">Egyptsk\u00fdch pokladov<\/a>.<\/p>\n","protected":false},"excerpt":{"rendered":"<h3>Pridajte nad\u010dasov\u00fd \u0161arm do svojho domova s touto stredne ve\u013ekou Vintage onyxovou v\u00e1za, ru\u010dne vyrobenou v Egypte z vz\u00e1cneho onyxov\u00e9ho kame\u0148a v bielych, hned\u00fdch a zelen\u00fdch odtie\u0148och. Jej le\u0161ten\u00fd povrch a kockovan\u00fd vzor prin\u00e1\u0161aj\u00fa elegantn\u00fa energiu a autentick\u00e9 remeslo do ka\u017edej miestnosti.<\/h3>\n<h3><\/h3>\n","protected":false},"featured_media":9319,"comment_status":"open","ping_status":"closed","template":"","meta":[],"product_brand":[],"product_cat":[1165],"product_tag":[1685,1684,1722],"class_list":{"0":"post-44503","1":"product","2":"type-product","3":"status-publish","4":"has-post-thumbnail","6":"product_cat-egyptske-poklady","7":"product_tag-darceky","8":"product_tag-suveniry","9":"product_tag-vaza","11":"first","12":"instock","13":"sale","14":"shipping-taxable","15":"purchasable","16":"product-type-simple"},"_links":{"self":[{"href":"https:\/\/bazaar.express\/sk\/wp-json\/wp\/v2\/product\/44503","targetHints":{"allow":["GET"]}}],"collection":[{"href":"https:\/\/bazaar.express\/sk\/wp-json\/wp\/v2\/product"}],"about":[{"href":"https:\/\/bazaar.express\/sk\/wp-json\/wp\/v2\/types\/product"}],"replies":[{"embeddable":true,"href":"https:\/\/bazaar.express\/sk\/wp-json\/wp\/v2\/comments?post=44503"}],"wp:featuredmedia":[{"embeddable":true,"href":"https:\/\/bazaar.express\/sk\/wp-json\/wp\/v2\/media\/9319"}],"wp:attachment":[{"href":"https:\/\/bazaar.express\/sk\/wp-json\/wp\/v2\/media?parent=44503"}],"wp:term":[{"taxonomy":"product_brand","embeddable":true,"href":"https:\/\/bazaar.express\/sk\/wp-json\/wp\/v2\/product_brand?post=44503"},{"taxonomy":"product_cat","embeddable":true,"href":"https:\/\/bazaar.express\/sk\/wp-json\/wp\/v2\/product_cat?post=44503"},{"taxonomy":"product_tag","embeddable":true,"href":"https:\/\/bazaar.express\/sk\/wp-json\/wp\/v2\/product_tag?post=44503"}],"curies":[{"name":"wp","href":"https:\/\/api.w.org\/{rel}","templated":true}]}}