{"id":44543,"date":"2025-01-23T01:02:32","date_gmt":"2025-01-23T01:02:32","guid":{"rendered":"https:\/\/bazaar.express\/product\/bathrobe-set-2\/"},"modified":"2025-01-23T01:02:32","modified_gmt":"2025-01-23T01:02:32","slug":"bathrobe-set-2","status":"publish","type":"product","link":"https:\/\/bazaar.express\/sk\/produkt\/bathrobe-set-2\/","title":{"rendered":"Sada \u017eupanov | 100% egyptsk\u00e1 bavlna"},"content":{"rendered":"<h2 data-start=\"213\" data-end=\"295\">10-dielna sada \u017eupanov | 100% egyptsk\u00e1 bavlna | Kompletn\u00e1 luxusn\u00e1 sada uter\u00e1kov a \u017eupanov<\/h2>\n<h3 data-start=\"297\" data-end=\"365\">Zme\u0148te svoju denn\u00fa rutinu s dokonal\u00fdm k\u00fape\u013en\u00fdm z\u00e1\u017eitkom<\/h3>\n<p data-start=\"366\" data-end=\"680\">Vst\u00fapte do pohodlia a elegancie s 10-dielnou sadou \u017eupanov SIGMA, vyrobenou z 100% \u010distej egyptskej bavlny. Navrhnut\u00e1 na spojenie funk\u010dnosti a \u0161t\u00fdlu, t\u00e1to luxusn\u00e1 sada pon\u00faka m\u00e4kkos\u0165, savos\u0165 a dlhotrvaj\u00facu kvalitu. \u010ci u\u017e na osobn\u00e9 pou\u017eitie, pohostinstvo alebo dar\u010dek, t\u00e1to sada je pr\u00e9miov\u00fdm doplnkom do ka\u017edej dom\u00e1cnosti.<\/p>\n<h3 data-start=\"682\" data-end=\"718\">\u010co obsahuje 10-dielna sada<\/h3>\n<ul data-start=\"719\" data-end=\"1108\">\n<li data-start=\"719\" data-end=\"803\">\n<p data-start=\"721\" data-end=\"803\"><strong data-start=\"721\" data-end=\"737\">2 \u017eupany:<\/strong> Zabali\u0165 sa do tepla a m\u00e4kkosti po ka\u017edom k\u00fapeli alebo sprche<\/p>\n<\/li>\n<li data-start=\"804\" data-end=\"891\">\n<p data-start=\"806\" data-end=\"891\"><strong data-start=\"806\" data-end=\"838\">2 k\u00fape\u013en\u00e9 uter\u00e1ky (70 x 140 cm):<\/strong> Extra sav\u00e9, ve\u013ek\u00e9 uter\u00e1ky na osu\u0161en\u00edm cel\u00e9ho tela<\/p>\n<\/li>\n<li data-start=\"892\" data-end=\"964\">\n<p data-start=\"894\" data-end=\"964\"><strong data-start=\"894\" data-end=\"926\">2 ru\u010dn\u00edky (50 x 100 cm):<\/strong> Ide\u00e1lne na tv\u00e1r, ruky alebo pre host\u00ed<\/p>\n<\/li>\n<li data-start=\"965\" data-end=\"1044\">\n<p data-start=\"967\" data-end=\"1044\"><strong data-start=\"967\" data-end=\"982\">2 papu\u010de:<\/strong> Pohodln\u00e9 bavlnen\u00e9 papu\u010de pre kompletn\u00fd pocit spa doma<\/p>\n<\/li>\n<li data-start=\"1045\" data-end=\"1108\">\n<p data-start=\"1047\" data-end=\"1108\"><strong data-start=\"1047\" data-end=\"1059\">2 p\u00e1sy:<\/strong> Zodpovedaj\u00face p\u00e1sy na \u017eupany pre bezpe\u010dn\u00e9 a \u0161t\u00fdlov\u00e9 nosenie<\/p>\n<\/li>\n<\/ul>\n<h3 data-start=\"1110\" data-end=\"1171\">Pr\u00e9miov\u00e1 egyptsk\u00e1 bavlna \u2013 m\u00e4kk\u00e1, odoln\u00e1 a priedu\u0161n\u00e1<\/h3>\n<p data-start=\"1172\" data-end=\"1412\">Vyroben\u00e1 z 100% certifikovanej egyptskej bavlny, sada poskytuje neprekonate\u013en\u00fa m\u00e4kkos\u0165 a vynikaj\u00facu odolnos\u0165. Vl\u00e1kna egyptskej bavlny s\u00fa dlh\u0161ie a jemnej\u0161ie ako be\u017en\u00e1 bavlna, \u010do vedie k pevnej\u0161ej, hlad\u0161ej tkanine, ktor\u00e1 sa \u010dasom st\u00e1va e\u0161te m\u00e4k\u0161ou.<\/p>\n<h3 data-start=\"1414\" data-end=\"1457\">Vynikaj\u00faca savos\u0165 a r\u00fdchle schnutie<\/h3>\n<p data-start=\"1458\" data-end=\"1658\">V\u010faka prirodzen\u00fdm vlastnostiam egyptskej bavlny a pokro\u010dil\u00fdm technol\u00f3gi\u00e1m tkania tieto uter\u00e1ky a \u017eupany okam\u017eite saj\u00fa vodu a r\u00fdchlo schn\u00fa \u2013 udr\u017euj\u00fa v\u00e1s svie\u017eimi, such\u00fdmi a tepl\u00fdmi po ka\u017edom pou\u017eit\u00ed.<\/p>\n<h3 data-start=\"1660\" data-end=\"1696\">\u017div\u00e9 farby, ktor\u00e9 nevybledn\u00fa<\/h3>\n<p data-start=\"1697\" data-end=\"1919\">T\u00e1to sada pou\u017e\u00edva ekologick\u00fa reakt\u00edvnu technol\u00f3giu farbenia, ktor\u00e1 fixuje farbu pri ka\u017edom pran\u00ed. Aj pri \u010dastom pran\u00ed si va\u0161e uter\u00e1ky a \u017eupany zachov\u00e1vaj\u00fa bohat\u00e9, \u017eiv\u00e9 odtiene, \u010d\u00edm dod\u00e1vaj\u00fa va\u0161ej k\u00fape\u013eni \u010dist\u00fd, luxusn\u00fd vzh\u013ead.<\/p>\n<h3 data-start=\"1921\" data-end=\"1966\">Vyroben\u00e9 v Egypte \u2013 autentick\u00e9 remeslo<\/h3>\n<p data-start=\"1967\" data-end=\"2176\">Ka\u017ed\u00fd predmet v tejto sade je hrdinsky vyroben\u00fd v Egypte, krajine zn\u00e1mej v\u00fdrobou najkvalitnej\u0161ej bavlny na svete. Pozornos\u0165 k detailom, kvalita \u0161itia a dokon\u010denie odr\u00e1\u017eaj\u00fa zru\u010dnos\u0165 expert\u00edznych textiln\u00fdch remeseln\u00edkov.<\/p>\n<h3 data-start=\"2178\" data-end=\"2226\">Ide\u00e1lne na dar\u010dek alebo ka\u017edodenn\u00fd p\u00f4\u017eitok<\/h3>\n<p data-start=\"2227\" data-end=\"2475\">H\u013ead\u00e1te luxusn\u00fd svadobn\u00fd dar, v\u00fdro\u010dn\u00fd dar\u010dek alebo upgrade k\u00fape\u013ene hotelovej kvality? T\u00e1to 10-dielna sada je perfektn\u00e9 rie\u0161enie. Elegantne zabalen\u00e1 a navrhnut\u00e1 pre dlhotrvaj\u00face pohodlie, je ide\u00e1lnym dar\u010dekom pre bl\u00edzkych alebo odmenou pre seba.<\/p>\n<h3 data-start=\"2477\" data-end=\"2526\">Pre\u010do si vybra\u0165 10-dielnu sadu \u017eupanov SIGMA?<\/h3>\n<ul data-start=\"2527\" data-end=\"2945\">\n<li data-start=\"2527\" data-end=\"2613\">\n<p data-start=\"2529\" data-end=\"2613\"><strong data-start=\"2529\" data-end=\"2554\">100% egyptsk\u00e1 bavlna:<\/strong> M\u00e4k\u0161ia, pevnej\u0161ia a dlh\u0161ie vydr\u017e\u00ed ako be\u017en\u00e1 bavlna<\/p>\n<\/li>\n<li data-start=\"2614\" data-end=\"2702\">\n<p data-start=\"2616\" data-end=\"2702\"><strong data-start=\"2616\" data-end=\"2647\">Kompletn\u00e1 sada pre pocit spa doma:<\/strong> Obsahuje v\u0161etko potrebn\u00e9 pre pohodlie po sprche<\/p>\n<\/li>\n<li data-start=\"2703\" data-end=\"2790\">\n<p data-start=\"2705\" data-end=\"2790\"><strong data-start=\"2705\" data-end=\"2737\">Priedu\u0161n\u00e1 a hypoalerg\u00e9nna:<\/strong> Jemn\u00e1 na citliv\u00fa poko\u017eku a ide\u00e1lna pre v\u0161etky ro\u010dn\u00e9 obdobia<\/p>\n<\/li>\n<li data-start=\"2791\" data-end=\"2875\">\n<p data-start=\"2793\" data-end=\"2875\"><strong data-start=\"2793\" data-end=\"2833\">Prate\u013en\u00e1 v pr\u00e1\u010dke a \u013eahk\u00e1 na \u00fadr\u017ebu:<\/strong> Odoln\u00e1 tkanina odol\u00e1 be\u017en\u00e9mu pou\u017e\u00edvaniu<\/p>\n<\/li>\n<li data-start=\"2876\" data-end=\"2945\">\n<p data-start=\"2878\" data-end=\"2945\"><strong data-start=\"2878\" data-end=\"2892\">Viac\u00fa\u010delov\u00e1:<\/strong> Skvel\u00e1 pre domov, hos\u0165ovsk\u00e9 k\u00fape\u013ene, hotely alebo cestovanie<\/p>\n<\/li>\n<\/ul>\n<h3 data-start=\"3246\" data-end=\"3301\">Za\u017eite rozdiel skuto\u010dn\u00e9ho egyptsk\u00e9ho luxusu<\/h3>\n<p data-start=\"3302\" data-end=\"3529\">S 10-dielnou sadou \u017eupanov z egyptskej bavlny SIGMA nekupujete len uter\u00e1ky \u2013 investujete do ka\u017edodenn\u00e9ho luxusn\u00e9ho z\u00e1\u017eitku. Dajte svojej k\u00fape\u013eni kompletn\u00fd upgrade a u\u017e\u00edvajte si pohodlie, kvalitu a eleganciu ka\u017ed\u00fd de\u0148.<\/p>\n<p style=\"text-align: center;\">\u010eakujeme za n\u00e1kup v <em data-start=\"415\" data-end=\"431\"><a href=\"https:\/\/bazaar.express\/sk\/\">Bazaar Express<\/a><\/em> \u2013 te\u0161\u00edme sa na v\u00e1s!<\/p>\n<p style=\"text-align: center;\">Od m\u00e4kkosti po pevnos\u0165 \u2013 ni\u010d sa nevyrovn\u00e1 <a href=\"https:\/\/bazaar.express\/sk\/kategoria-produktu\/premiova-bavlna\/\">pr\u00e9miovej bavlne<\/a>.<\/p>\n","protected":false},"excerpt":{"rendered":"<h3 data-start=\"502\" data-end=\"783\">Za\u017eite skuto\u010dn\u00fd luxus s touto 10-dielnou sadou \u017eupanov vyrobenou z 100% egyptskej bavlny. Obsahuje 2 ply\u0161ov\u00e9 \u017eupany, 2 k\u00fape\u013en\u00e9 uter\u00e1ky, 2 ru\u010dn\u00edky, 2 papu\u010de a 2 p\u00e1sy \u2013 t\u00e1to sada poskytuje m\u00e4kkos\u0165, vysok\u00fa savos\u0165 a dlhotrvaj\u00facu kvalitu. Ide\u00e1lna na ka\u017edodenn\u00e9 pou\u017eitie alebo elegantn\u00fd dar\u010dek.<\/h3>\n","protected":false},"featured_media":9351,"comment_status":"open","ping_status":"closed","template":"","meta":[],"product_brand":[],"product_cat":[1168,1169,1167],"product_tag":[1682],"class_list":{"0":"post-44543","1":"product","2":"type-product","3":"status-publish","4":"has-post-thumbnail","6":"product_cat-premiova-bavlna","7":"product_cat-horuce-ponuky","8":"product_cat-najlepsie-z-egypta","9":"product_tag-bavlna","11":"first","12":"instock","13":"sale","14":"shipping-taxable","15":"purchasable","16":"product-type-simple"},"_links":{"self":[{"href":"https:\/\/bazaar.express\/sk\/wp-json\/wp\/v2\/product\/44543","targetHints":{"allow":["GET"]}}],"collection":[{"href":"https:\/\/bazaar.express\/sk\/wp-json\/wp\/v2\/product"}],"about":[{"href":"https:\/\/bazaar.express\/sk\/wp-json\/wp\/v2\/types\/product"}],"replies":[{"embeddable":true,"href":"https:\/\/bazaar.express\/sk\/wp-json\/wp\/v2\/comments?post=44543"}],"wp:featuredmedia":[{"embeddable":true,"href":"https:\/\/bazaar.express\/sk\/wp-json\/wp\/v2\/media\/9351"}],"wp:attachment":[{"href":"https:\/\/bazaar.express\/sk\/wp-json\/wp\/v2\/media?parent=44543"}],"wp:term":[{"taxonomy":"product_brand","embeddable":true,"href":"https:\/\/bazaar.express\/sk\/wp-json\/wp\/v2\/product_brand?post=44543"},{"taxonomy":"product_cat","embeddable":true,"href":"https:\/\/bazaar.express\/sk\/wp-json\/wp\/v2\/product_cat?post=44543"},{"taxonomy":"product_tag","embeddable":true,"href":"https:\/\/bazaar.express\/sk\/wp-json\/wp\/v2\/product_tag?post=44543"}],"curies":[{"name":"wp","href":"https:\/\/api.w.org\/{rel}","templated":true}]}}