{"id":44546,"date":"2025-01-23T00:40:13","date_gmt":"2025-01-23T00:40:13","guid":{"rendered":"https:\/\/bazaar.express\/product\/bathrobe-2\/"},"modified":"2025-01-23T00:40:13","modified_gmt":"2025-01-23T00:40:13","slug":"bathrobe-2","status":"publish","type":"product","link":"https:\/\/bazaar.express\/sk\/produkt\/bathrobe-2\/","title":{"rendered":"Sada \u017eupanov"},"content":{"rendered":"<h2 data-start=\"194\" data-end=\"267\">10-dielna sada \u017eupanov | Sada uter\u00e1kov z 100% egyptskej bavlny \u2013 Vyroben\u00e9 v Egypte<\/h2>\n<h3 data-start=\"269\" data-end=\"328\">Za\u017eite v\u00fdnimo\u010dn\u00fd luxus a pohodlie v ka\u017edom detaile<\/h3>\n<p data-start=\"330\" data-end=\"794\">Vylep\u0161ite svoju denn\u00fa rutinu s <strong data-start=\"366\" data-end=\"397\">10-dielnou sadou \u017eupanov SIGMA<\/strong>, pr\u00e9miovou kolekciou vyrobenou z 100% egyptskej bavlny. Navrhnut\u00e1 na poskytnutie vynikaj\u00facej m\u00e4kkosti, savosti a odolnosti, t\u00e1to deluxe sada je va\u0161\u00edm univerz\u00e1lnym rie\u0161en\u00edm pre dom\u00e1ce k\u00fape\u013en\u00e9 z\u00e1\u017eitky. \u010ci u\u017e vych\u00e1dzate z teplej sprchy alebo si u\u017e\u00edvate leniv\u00fa v\u00edkendov\u00fa rann\u00fa, t\u00e1to sada v\u00e1s obal\u00ed v \u010distom pohodl\u00ed s rafinovan\u00fdm dotykom elegancie \u2013 priamo z Egypta, krajiny svetovej triedy bavlny.<\/p>\n<h3 data-start=\"801\" data-end=\"827\">\u010co obsahuje sada?<\/h3>\n<ul data-start=\"829\" data-end=\"1374\">\n<li data-start=\"829\" data-end=\"944\">\n<p data-start=\"831\" data-end=\"944\"><strong data-start=\"831\" data-end=\"846\">2 \u017eupany<\/strong><br data-start=\"846\" data-end=\"849\" \/>Luxusne m\u00e4kk\u00e9, vysoko sav\u00e9 \u017eupany, ktor\u00e9 v\u00e1s udr\u017eia v teple a suchu po ka\u017edom k\u00fapeli alebo sprche.<\/p>\n<\/li>\n<li data-start=\"946\" data-end=\"1064\">\n<p data-start=\"948\" data-end=\"1064\"><strong data-start=\"948\" data-end=\"979\">2 k\u00fape\u013en\u00e9 uter\u00e1ky (70 x 140 cm)<\/strong><br data-start=\"979\" data-end=\"982\" \/>Ve\u013ek\u00e9 a nad\u00fdchan\u00e9 uter\u00e1ky, ktor\u00e9 r\u00fdchlo absorbuj\u00fa vlhkos\u0165, \u010d\u00edm sa su\u0161enie st\u00e1va jednoduch\u00fdm.<\/p>\n<\/li>\n<li data-start=\"1066\" data-end=\"1182\">\n<p data-start=\"1068\" data-end=\"1182\"><strong data-start=\"1068\" data-end=\"1099\">2 ru\u010dn\u00edky (50 x 100 cm)<\/strong><br data-start=\"1099\" data-end=\"1102\" \/>Perfektne ve\u013ek\u00e9 pre ruky alebo tv\u00e1r, kombinuj\u00face m\u00e4kkos\u0165 s vysokou savos\u0165ou.<\/p>\n<\/li>\n<li data-start=\"1184\" data-end=\"1284\">\n<p data-start=\"1186\" data-end=\"1284\"><strong data-start=\"1186\" data-end=\"1209\">2 p\u00e1ry pap\u00fach<\/strong><br data-start=\"1209\" data-end=\"1212\" \/>V\u00fdplnen\u00e9 bavlnen\u00e9 papu\u010de na dokon\u010denie va\u0161ej rutiny relax\u00e1cie cel\u00e9ho tela.<\/p>\n<\/li>\n<li data-start=\"1286\" data-end=\"1374\">\n<p data-start=\"1288\" data-end=\"1374\"><strong data-start=\"1288\" data-end=\"1299\">2 p\u00e1sy<\/strong><br data-start=\"1299\" data-end=\"1302\" \/>Zhodn\u00e9 p\u00e1sy na \u017eupany pre perfektn\u00fd fit a elegantn\u00fd vzh\u013ead.<\/p>\n<\/li>\n<\/ul>\n<h3 data-start=\"1381\" data-end=\"1397\">K\u013e\u00fa\u010dov\u00e9 vlastnosti<\/h3>\n<h4 data-start=\"1399\" data-end=\"1426\">100% egyptsk\u00e1 bavlna<\/h4>\n<p data-start=\"1427\" data-end=\"1640\">Zn\u00e1mou pre svoje dlh\u00e9 vl\u00e1kna, egyptsk\u00e1 bavlna poskytuje vynikaj\u00facu m\u00e4kkos\u0165 a odolnos\u0165. Tieto uter\u00e1ky a \u017eupany zost\u00e1vaj\u00fa nad\u00fdchan\u00e9 a sav\u00e9 aj po opakovan\u00fdch pranoch, pon\u00fakaj\u00fac dlhodob\u00fd luxus, ktor\u00fd prekon\u00e1va be\u017en\u00fa bavlnu.<\/p>\n<h4 data-start=\"1642\" data-end=\"1668\">Vynikaj\u00faca savos\u0165<\/h4>\n<p data-start=\"1669\" data-end=\"1828\">V\u010faka pokro\u010dil\u00e9mu tkanivu a kvalitnej bavlne ka\u017ed\u00fd predmet v sade okam\u017eite absorbuje vlhkos\u0165, pom\u00e1ha v\u00e1m r\u00fdchlej\u0161ie sa osu\u0161i\u0165 a zosta\u0165 pohodln\u00ed cel\u00fd de\u0148.<\/p>\n<h4 data-start=\"1830\" data-end=\"1853\">Farba, ktor\u00e1 vydr\u017e\u00ed<\/h4>\n<p data-start=\"1854\" data-end=\"2000\">V\u010faka modernej technol\u00f3gii farbenia sada zachov\u00e1va svoju bohat\u00fa, \u017eiariv\u00fa farbu aj po opakovan\u00fdch pranoch. \u017diadne vyblednutie, \u017eiadna nudnos\u0165 \u2013 len trval\u00e1 elegancia.<\/p>\n<h4 data-start=\"2002\" data-end=\"2022\">Vyroben\u00e9 v Egypte<\/h4>\n<p data-start=\"2023\" data-end=\"2225\">S hrdos\u0165ou vyroben\u00e9 v Egypte, t\u00e1to sada odr\u00e1\u017ea v\u00fdnimo\u010dn\u00e9 remeslo zakorenen\u00e9 v storo\u010diach textiln\u00e9ho dedi\u010dstva. Nekupujete len sadu uter\u00e1kov \u2013 prin\u00e1\u0161ate domov k\u00fasok egyptskej trad\u00edcie.<\/p>\n<h4 data-start=\"2227\" data-end=\"2261\">Kompletn\u00fd k\u00fape\u013en\u00fd z\u00e1\u017eitok doma<\/h4>\n<p data-start=\"2262\" data-end=\"2428\">Od \u017eupana po papu\u010de, ka\u017ed\u00fd detail je navrhnut\u00fd tak, aby ste sa c\u00edtili rozmazn\u00e1van\u00ed. Je to ako vst\u00fapi\u0165 do luxusn\u00e9ho hotela alebo k\u00fape\u013eov \u2013 len v pohodl\u00ed v\u00e1\u0161ho domova.<\/p>\n<h3 data-start=\"2435\" data-end=\"2482\">Pre\u010do si vybra\u0165 10-dielnu sadu \u017eupanov SIGMA?<\/h3>\n<h4 data-start=\"2484\" data-end=\"2508\"> Pr\u00e9miov\u00e9 pohodlie<\/h4>\n<p data-start=\"2509\" data-end=\"2659\">Materi\u00e1l z 100% egyptskej bavlny zais\u0165uje luxusne m\u00e4kk\u00fd dotyk, ktor\u00fd je \u0161etrn\u00fd k va\u0161ej poko\u017eke, poskytuj\u00fac pocit rozmazn\u00e1vania pri ka\u017edom pou\u017eit\u00ed.<\/p>\n<h4 data-start=\"2661\" data-end=\"2702\"> R\u00fdchloschn\u00face a vysoko sav\u00e9<\/h4>\n<p data-start=\"2703\" data-end=\"2832\">Uter\u00e1ky a \u017eupany, ktor\u00e9 efekt\u00edvne odv\u00e1dzaj\u00fa vlhkos\u0165 od va\u0161ej poko\u017eky a r\u00fdchlo schn\u00fa \u2013 ide\u00e1lne pre upon\u00e1h\u013ean\u00e9 r\u00e1na alebo relaxa\u010dn\u00e9 ve\u010dery.<\/p>\n<h4 data-start=\"2834\" data-end=\"2864\"> Dlhodob\u00e1 kvalita<\/h4>\n<p data-start=\"2865\" data-end=\"2996\">Toto nie je sada, ktor\u00fa vymen\u00edte nabud\u00face. Pri spr\u00e1vnej starostlivosti tieto kusy zost\u00e1vaj\u00fa m\u00e4kk\u00e9, \u017eiariv\u00e9 a funk\u010dn\u00e9 na roky.<\/p>\n<h4 data-start=\"2998\" data-end=\"3025\"> Ide\u00e1lna dar\u010dekov\u00e1 vo\u013eba<\/h4>\n<p data-start=\"3026\" data-end=\"3176\">\u0160t\u00fdlov\u00e9, praktick\u00e9 a luxusn\u00e9 \u2013 t\u00e1to 10-dielna sada \u017eupanov je vynikaj\u00facim dar\u010dekom na svadby, s\u0165ahovania, v\u00fdro\u010dia alebo sviatky.<\/p>\n<h3 data-start=\"3183\" data-end=\"3238\">Prineste esenciu egyptskej elegancie do v\u00e1\u0161ho domova<\/h3>\n<p data-start=\"3240\" data-end=\"3476\">S <strong data-start=\"3249\" data-end=\"3280\">10-dielnou sadou \u017eupanov SIGMA<\/strong> nielen vylep\u0161\u00edte svoje k\u00fape\u013e\u0148ov\u00e9 text\u00edlie \u2013 transformujete svoju denn\u00fa rutinu na luxusn\u00fd ritu\u00e1l. Za\u017eite v\u00fdhody 100% egyptskej bavlny s pr\u00e9miov\u00fdm remeslom, ktor\u00e9 m\u00f4\u017eete c\u00edti\u0165 a vidie\u0165.<\/p>\n<p data-start=\"3478\" data-end=\"3609\">\u010ci sa rozmazn\u00e1vate sami alebo darujete niekomu, koho milujete, t\u00e1to sada pon\u00faka kvalitu, ktor\u00e1 zanech\u00e1va trval\u00fd dojem.<\/p>\n<p data-start=\"3872\" data-end=\"3996\"><strong>Doprajte si alebo niekomu \u0161peci\u00e1lnemu najlep\u0161iu sadu z egyptskej bavlny dnes. Luxus, pohodlie a odolnos\u0165 \u2013 doru\u010den\u00e9.<\/strong><\/p>\n<p style=\"text-align: center;\">\u010eakujeme za n\u00e1kup v <em data-start=\"415\" data-end=\"431\"><a href=\"https:\/\/bazaar.express\/sk\/\">Bazaar Express<\/a><\/em> \u2013 te\u0161\u00ed n\u00e1s, \u017ee ste u n\u00e1s!<\/p>\n<p style=\"text-align: center;\">Od m\u00e4kkosti po pevnos\u0165 \u2013 ni\u010d sa nec\u00edti ako <a href=\"https:\/\/bazaar.express\/sk\/kategoria-produktu\/premiova-bavlna\/\">Pr\u00e9miov\u00e1 bavlna<\/a>.<\/p>\n","protected":false},"excerpt":{"rendered":"<h3 data-start=\"412\" data-end=\"654\">Transformujte svoju k\u00fape\u013e\u0148u na k\u00fapele s 10-dielnou sadou \u017eupanov Sigma. Vyroben\u00e9 z 100% egyptskej bavlny, t\u00e1to sada zah\u0155\u0148a \u017eupany, uter\u00e1ky, papu\u010de a p\u00e1sy \u2013 pon\u00fakaj\u00fac v\u00fdnimo\u010dn\u00fa m\u00e4kkos\u0165, savos\u0165 a trval\u00fa kvalitu. S hrdos\u0165ou vyroben\u00e9 v Egypte.<\/h3>\n","protected":false},"featured_media":9356,"comment_status":"open","ping_status":"closed","template":"","meta":[],"product_brand":[],"product_cat":[1168,1167],"product_tag":[1682],"class_list":{"0":"post-44546","1":"product","2":"type-product","3":"status-publish","4":"has-post-thumbnail","6":"product_cat-premiova-bavlna","7":"product_cat-najlepsie-z-egypta","8":"product_tag-bavlna","10":"first","11":"instock","12":"shipping-taxable","13":"purchasable","14":"product-type-simple"},"_links":{"self":[{"href":"https:\/\/bazaar.express\/sk\/wp-json\/wp\/v2\/product\/44546","targetHints":{"allow":["GET"]}}],"collection":[{"href":"https:\/\/bazaar.express\/sk\/wp-json\/wp\/v2\/product"}],"about":[{"href":"https:\/\/bazaar.express\/sk\/wp-json\/wp\/v2\/types\/product"}],"replies":[{"embeddable":true,"href":"https:\/\/bazaar.express\/sk\/wp-json\/wp\/v2\/comments?post=44546"}],"wp:featuredmedia":[{"embeddable":true,"href":"https:\/\/bazaar.express\/sk\/wp-json\/wp\/v2\/media\/9356"}],"wp:attachment":[{"href":"https:\/\/bazaar.express\/sk\/wp-json\/wp\/v2\/media?parent=44546"}],"wp:term":[{"taxonomy":"product_brand","embeddable":true,"href":"https:\/\/bazaar.express\/sk\/wp-json\/wp\/v2\/product_brand?post=44546"},{"taxonomy":"product_cat","embeddable":true,"href":"https:\/\/bazaar.express\/sk\/wp-json\/wp\/v2\/product_cat?post=44546"},{"taxonomy":"product_tag","embeddable":true,"href":"https:\/\/bazaar.express\/sk\/wp-json\/wp\/v2\/product_tag?post=44546"}],"curies":[{"name":"wp","href":"https:\/\/api.w.org\/{rel}","templated":true}]}}