{"id":44558,"date":"2024-12-18T15:02:34","date_gmt":"2024-12-18T15:02:34","guid":{"rendered":"https:\/\/bazaar.express\/product\/massage-gel\/"},"modified":"2024-12-18T15:02:34","modified_gmt":"2024-12-18T15:02:34","slug":"massage-gel","status":"publish","type":"product","link":"https:\/\/bazaar.express\/sk\/produkt\/massage-gel\/","title":{"rendered":"Mas\u00e1\u017eny g\u00e9l"},"content":{"rendered":"<h2 data-start=\"281\" data-end=\"349\">Karismooth Mas\u00e1\u017eny g\u00e9l \u2013 Pr\u00edrodn\u00e1 \u00fa\u013eava od bolesti svalov a k\u013abov<\/h2>\n<h3 data-start=\"351\" data-end=\"404\">Zmiernite boles\u0165 pr\u00edrodne s Karismooth mas\u00e1\u017enym g\u00e9lom<\/h3>\n<p data-start=\"406\" data-end=\"833\">H\u013ead\u00e1te pr\u00edrodn\u00e9 rie\u0161enie na \u00fa\u013eavu od bolesti k\u013abov, svalov\u00fdch k\u0155\u010dov alebo stuhnutosti chrupavky? <strong data-start=\"499\" data-end=\"525\">Karismooth Mas\u00e1\u017eny g\u00e9l<\/strong> je expertne vyvinut\u00fd s v\u00fdkonnou kombin\u00e1ciou bylinn\u00fdch extraktov ako colocynth, eukalyptus, klin\u010dekov\u00fd olej a mentol, aby poskytol <strong data-start=\"661\" data-end=\"687\">r\u00fdchlu a efekt\u00edvnu \u00fa\u013eavu<\/strong>. \u010ci u\u017e bojujete s chronickou artrit\u00eddou alebo \u00fanavou svalov po cvi\u010den\u00ed, tento <strong data-start=\"770\" data-end=\"785\">Mas\u00e1\u017eny g\u00e9l<\/strong> je va\u0161\u00edm ka\u017edodenn\u00fdm spolo\u010dn\u00edkom pre pohyb bez bolesti.<\/p>\n<h3 data-start=\"835\" data-end=\"884\">V\u00fdkonn\u00e1 bylinn\u00e1 formula na zmiernenie nepohodlia<\/h3>\n<p data-start=\"886\" data-end=\"1271\">Tento pokro\u010dil\u00fd mas\u00e1\u017eny g\u00e9l vyu\u017e\u00edva lie\u010div\u00e9 vlastnosti extraktu z colocynthu \u2013 starobylej p\u00fa\u0161tnej rastliny zn\u00e1mej svojimi protiz\u00e1palov\u00fdmi \u00fa\u010dinkami. V kombin\u00e1cii s ingredienciami ako <strong data-start=\"1066\" data-end=\"1097\">klin\u010dekov\u00fd olej, kamfor, mentol<\/strong> a <strong data-start=\"1103\" data-end=\"1126\">extrakt z gran\u00e1tov\u00e9ho jablka<\/strong> vznik\u00e1 r\u00fdchlo sa vstreb\u00e1vaj\u00faci, nelepiv\u00fd g\u00e9l, ktor\u00fd prenik\u00e1 hlboko do poko\u017eky, zni\u017euje opuch, zlep\u0161uje flexibilitu a obnovuje pohodlie.<\/p>\n<p data-start=\"1273\" data-end=\"1451\">\u010ci u\u017e sa stret\u00e1vate s <strong data-start=\"1301\" data-end=\"1313\">i\u0161iasou<\/strong>, <strong data-start=\"1315\" data-end=\"1329\">reumatizmom<\/strong> alebo <strong data-start=\"1334\" data-end=\"1351\">svalov\u00fdm nap\u00e4t\u00edm<\/strong>, cielen\u00e1 formula Karismooth podporuje r\u00fdchlej\u0161ie hojenie a relax\u00e1ciu stuhnut\u00fdch alebo prepracovan\u00fdch oblast\u00ed.<\/p>\n<h3 data-start=\"1453\" data-end=\"1495\">Hlavn\u00e9 v\u00fdhody Karismooth Mas\u00e1\u017eneho g\u00e9lu<\/h3>\n<ul data-start=\"1497\" data-end=\"1836\">\n<li data-start=\"1497\" data-end=\"1562\">\n<p data-start=\"1499\" data-end=\"1562\"> \u00da\u013eava od stuhnutosti k\u013abov, svalov\u00fdch k\u0155\u010dov a bolesti chrupavky<\/p>\n<\/li>\n<li data-start=\"1563\" data-end=\"1625\">\n<p data-start=\"1565\" data-end=\"1625\"> Zmier\u0148uje artrit\u00eddu, boles\u0165 chrbta a z\u00e1pal pr\u00edrodne<\/p>\n<\/li>\n<li data-start=\"1626\" data-end=\"1674\">\n<p data-start=\"1628\" data-end=\"1674\"> Stimuluje prekrvenie a zni\u017euje opuch<\/p>\n<\/li>\n<li data-start=\"1675\" data-end=\"1724\">\n<p data-start=\"1677\" data-end=\"1724\"> R\u00fdchlo sa vstreb\u00e1vaj\u00faci g\u00e9l s chladiv\u00fdm pocitom<\/p>\n<\/li>\n<li data-start=\"1725\" data-end=\"1779\">\n<p data-start=\"1727\" data-end=\"1779\"> Ide\u00e1lny na bolesti po tr\u00e9ningu a chronick\u00e9 bolesti<\/p>\n<\/li>\n<li data-start=\"1780\" data-end=\"1836\">\n<p data-start=\"1782\" data-end=\"1836\"> Bezpe\u010dn\u00fd na denn\u00e9 pou\u017eitie a vhodn\u00fd pre v\u0161etky typy poko\u017eky<\/p>\n<\/li>\n<\/ul>\n<h3 data-start=\"1838\" data-end=\"1871\">Pr\u00edrodn\u00e9 ingrediencie, ktor\u00e9 funguj\u00fa<\/h3>\n<ul data-start=\"1873\" data-end=\"2397\">\n<li data-start=\"1873\" data-end=\"1939\">\n<p data-start=\"1875\" data-end=\"1939\"><strong data-start=\"1875\" data-end=\"1896\">Extrakt z colocynthu<\/strong> \u2013 Zni\u017euje z\u00e1pal a zmier\u0148uje boles\u0165<\/p>\n<\/li>\n<li data-start=\"1940\" data-end=\"2013\">\n<p data-start=\"1942\" data-end=\"2013\"><strong data-start=\"1942\" data-end=\"1965\">Extrakt z gran\u00e1tov\u00e9ho jablka<\/strong> \u2013 Cieli na svalov\u00e9 k\u0155\u010de a podporuje regener\u00e1ciu<\/p>\n<\/li>\n<li data-start=\"2014\" data-end=\"2079\">\n<p data-start=\"2016\" data-end=\"2079\"><strong data-start=\"2016\" data-end=\"2029\">Klin\u010dekov\u00fd olej<\/strong> \u2013 Zlep\u0161uje cirkul\u00e1ciu a zahrieva bolestiv\u00e9 svaly<\/p>\n<\/li>\n<li data-start=\"2080\" data-end=\"2131\">\n<p data-start=\"2082\" data-end=\"2131\"><strong data-start=\"2082\" data-end=\"2099\">Aloe vera g\u00e9l<\/strong> \u2013 Upokojuje a hydratuje poko\u017eku<\/p>\n<\/li>\n<li data-start=\"2132\" data-end=\"2197\">\n<p data-start=\"2134\" data-end=\"2197\"><strong data-start=\"2134\" data-end=\"2149\">Kamforov\u00fd olej<\/strong> \u2013 Stimuluje prekrvenie a zni\u017euje stuhnutos\u0165<\/p>\n<\/li>\n<li data-start=\"2198\" data-end=\"2252\">\n<p data-start=\"2200\" data-end=\"2252\"><strong data-start=\"2200\" data-end=\"2211\">Mentol<\/strong> \u2013 Poskytuje osvie\u017euj\u00faci chladiv\u00fd efekt<\/p>\n<\/li>\n<li data-start=\"2253\" data-end=\"2326\">\n<p data-start=\"2255\" data-end=\"2326\"><strong data-start=\"2255\" data-end=\"2268\">Vitam\u00edn C<\/strong> \u2013 Pom\u00e1ha regener\u00e1cii tkan\u00edv a zni\u017euje oxida\u010dn\u00fd stres<\/p>\n<\/li>\n<li data-start=\"2327\" data-end=\"2397\">\n<p data-start=\"2329\" data-end=\"2397\"><strong data-start=\"2329\" data-end=\"2347\">Eukalyptov\u00fd olej<\/strong> \u2013 Analgetick\u00fd \u00fa\u010dinok na k\u013aby a \u00fa\u013eavu od svalov<\/p>\n<\/li>\n<\/ul>\n<h3 data-start=\"2399\" data-end=\"2413\">Ako pou\u017e\u00edva\u0165<\/h3>\n<ol data-start=\"2415\" data-end=\"2749\">\n<li data-start=\"2415\" data-end=\"2465\">\n<p data-start=\"2418\" data-end=\"2465\">Naneste ve\u013ekorys\u00e9 mno\u017estvo na postihnut\u00e9 miesto.<\/p>\n<\/li>\n<li data-start=\"2466\" data-end=\"2517\">\n<p data-start=\"2469\" data-end=\"2517\">Mas\u00edrujte kruhov\u00fdmi pohybmi 10\u201315 min\u00fat.<\/p>\n<\/li>\n<li data-start=\"2518\" data-end=\"2578\">\n<p data-start=\"2521\" data-end=\"2578\">Pou\u017e\u00edvajte dvakr\u00e1t denne (r\u00e1no a ve\u010der) pre najlep\u0161ie v\u00fdsledky.<\/p>\n<\/li>\n<li data-start=\"2579\" data-end=\"2641\">\n<p data-start=\"2582\" data-end=\"2641\">Po nanesen\u00ed udr\u017eujte oblas\u0165 tepl\u00fa na zlep\u0161enie vstreb\u00e1vania.<\/p>\n<\/li>\n<li data-start=\"2642\" data-end=\"2749\">\n<p data-start=\"2645\" data-end=\"2749\">Na bolesti hlavy naneste mal\u00e9 mno\u017estvo na \u010delo a jemne mas\u00edrujte 5 min\u00fat. Vyhnite sa kontaktu s o\u010dami.<\/p>\n<\/li>\n<\/ol>\n<h3 data-start=\"2751\" data-end=\"2775\">Bezpe\u010dnos\u0165 a opatrenia<\/h3>\n<ul data-start=\"2777\" data-end=\"3030\">\n<li data-start=\"2777\" data-end=\"2802\">\n<p data-start=\"2779\" data-end=\"2802\">Len na vonkaj\u0161ie pou\u017eitie<\/p>\n<\/li>\n<li data-start=\"2803\" data-end=\"2863\">\n<p data-start=\"2805\" data-end=\"2863\">Poradte sa s lek\u00e1rom pred pou\u017eit\u00edm, ak ste tehotn\u00e1 alebo doj\u010d\u00edte<\/p>\n<\/li>\n<li data-start=\"2864\" data-end=\"2906\">\n<p data-start=\"2866\" data-end=\"2906\">Nepou\u017e\u00edvajte na po\u0161koden\u00fa alebo podr\u00e1\u017eden\u00fa poko\u017eku<\/p>\n<\/li>\n<li data-start=\"2907\" data-end=\"2955\">\n<p data-start=\"2909\" data-end=\"2955\">Vyhnite sa kontaktu s o\u010dami a sliznicami<\/p>\n<\/li>\n<li data-start=\"2956\" data-end=\"2996\">\n<p data-start=\"2958\" data-end=\"2996\">Preru\u0161te pou\u017eitie, ak d\u00f4jde k podr\u00e1\u017edeniu<\/p>\n<\/li>\n<li data-start=\"2997\" data-end=\"3030\">\n<p data-start=\"2999\" data-end=\"3030\">Uchov\u00e1vajte mimo dosahu det\u00ed<\/p>\n<\/li>\n<\/ul>\n<p data-start=\"3346\" data-end=\"3567\"><strong data-start=\"3346\" data-end=\"3382\">Vysk\u00fa\u0161ajte dnes Karismooth Mas\u00e1\u017eny g\u00e9l<\/strong> a za\u017eite upokojuj\u00facu \u00fa\u013eavu od najlep\u0161\u00edch pr\u00edrodn\u00fdch byl\u00edn proti bolesti. \u010ci u\u017e potrebujete podporu pri regener\u00e1cii alebo denn\u00e9 zmiernenie bolesti, toto je mas\u00e1\u017eny g\u00e9l, za ktor\u00fd v\u00e1m va\u0161e telo po\u010fakuje.<\/p>\n<p style=\"text-align: center;\">\u010eakujeme za n\u00e1kup v <em data-start=\"415\" data-end=\"431\"><a href=\"https:\/\/bazaar.express\/sk\/\">Bazaar Express<\/a><\/em> \u2013 te\u0161\u00ed n\u00e1s, \u017ee ste tu!<\/p>\n<p style=\"text-align: center;\">Va\u0161a cesta k lep\u0161ej starostlivosti o seba za\u010d\u00edna tu \u2013 s <a href=\"https:\/\/bazaar.express\/product-category\/beauty-care\/\">Beauty &#038; Care<\/a>, na ktor\u00fa sa m\u00f4\u017eete spo\u013eahn\u00fa\u0165.<\/p>\n","protected":false},"excerpt":{"rendered":"<h3 data-start=\"403\" data-end=\"723\">Karismooth Mas\u00e1\u017eny g\u00e9l je r\u00fdchlo sa vstreb\u00e1vaj\u00faca, nelepiv\u00e1 formula navrhnut\u00e1 na \u00fa\u013eavu od bolesti k\u013abov, svalov\u00fdch k\u0155\u010dov a z\u00e1palu. Obohaten\u00e1 o colocynth, klin\u010dekov\u00fd olej a mentol, poskytuje pr\u00edrodn\u00fa, efekt\u00edvnu \u00fa\u013eavu od bolesti a podporuje r\u00fdchlej\u0161iu regener\u00e1ciu \u2013 ide\u00e1lny pre \u0161portovcov a kohoko\u013evek s chronick\u00fdm svalov\u00fdm alebo k\u013abov\u00fdm diskomfortom.<\/h3>\n","protected":false},"featured_media":44560,"comment_status":"open","ping_status":"closed","template":"","meta":[],"product_brand":[],"product_cat":[1160],"product_tag":[1731,1660],"class_list":{"0":"post-44558","1":"product","2":"type-product","3":"status-publish","4":"has-post-thumbnail","6":"product_cat-starostlivost-o-krasu","7":"product_tag-krem","8":"product_tag-masaz","9":"pa_l-xl-150gm","11":"first","12":"instock","13":"shipping-taxable","14":"purchasable","15":"product-type-simple"},"_links":{"self":[{"href":"https:\/\/bazaar.express\/sk\/wp-json\/wp\/v2\/product\/44558","targetHints":{"allow":["GET"]}}],"collection":[{"href":"https:\/\/bazaar.express\/sk\/wp-json\/wp\/v2\/product"}],"about":[{"href":"https:\/\/bazaar.express\/sk\/wp-json\/wp\/v2\/types\/product"}],"replies":[{"embeddable":true,"href":"https:\/\/bazaar.express\/sk\/wp-json\/wp\/v2\/comments?post=44558"}],"wp:featuredmedia":[{"embeddable":true,"href":"https:\/\/bazaar.express\/sk\/wp-json\/wp\/v2\/media\/44560"}],"wp:attachment":[{"href":"https:\/\/bazaar.express\/sk\/wp-json\/wp\/v2\/media?parent=44558"}],"wp:term":[{"taxonomy":"product_brand","embeddable":true,"href":"https:\/\/bazaar.express\/sk\/wp-json\/wp\/v2\/product_brand?post=44558"},{"taxonomy":"product_cat","embeddable":true,"href":"https:\/\/bazaar.express\/sk\/wp-json\/wp\/v2\/product_cat?post=44558"},{"taxonomy":"product_tag","embeddable":true,"href":"https:\/\/bazaar.express\/sk\/wp-json\/wp\/v2\/product_tag?post=44558"}],"curies":[{"name":"wp","href":"https:\/\/api.w.org\/{rel}","templated":true}]}}