{"id":44573,"date":"2024-12-17T21:39:00","date_gmt":"2024-12-17T21:39:00","guid":{"rendered":"https:\/\/bazaar.express\/product\/eucalyptus-oil\/"},"modified":"2024-12-17T21:39:00","modified_gmt":"2024-12-17T21:39:00","slug":"eucalyptus-oil","status":"publish","type":"product","link":"https:\/\/bazaar.express\/sk\/produkt\/eucalyptus-oil\/","title":{"rendered":"Eukalyptov\u00fd olej"},"content":{"rendered":"<h2 data-start=\"147\" data-end=\"218\">Eukalyptov\u00fd olej Lotus \u2013 Pr\u00edrodn\u00e1 \u00fa\u013eava od bolesti, d\u00fdchania a viac<\/h2>\n<h3 data-start=\"220\" data-end=\"256\">\u00a0\u010co je eukalyptov\u00fd olej Lotus?<\/h3>\n<p data-start=\"258\" data-end=\"686\">Eukalyptov\u00fd olej Lotus je siln\u00fd esenci\u00e1lny olej z\u00edskan\u00fd z listov eukalyptov\u00fdch stromov poch\u00e1dzaj\u00facich z tropick\u00fdch andsk\u00fdch lesov v Ju\u017enej Amerike. Po st\u00e1ro\u010dia uctievan\u00fd v tradi\u010dnej medic\u00edne, tento terapeutick\u00fd olej je zn\u00e1my svoj\u00edm hlbok\u00fdm vplyvom na boles\u0165 svalov a k\u013abov, d\u00fdchacie zdravie a cirkul\u00e1ciu. S vysokou koncentr\u00e1ciou <strong data-start=\"597\" data-end=\"621\">eukalyptolu (cineolu)<\/strong> prin\u00e1\u0161a svie\u017eu, ostr\u00fa ar\u00f3mu a vlnu pr\u00edrodn\u00e9ho hojenia.<\/p>\n<h3 data-start=\"693\" data-end=\"749\">\u00a0Siln\u00e1 pr\u00edrodn\u00e1 \u00fa\u013eava od bolesti k\u013abov a svalov<\/h3>\n<p data-start=\"751\" data-end=\"1108\">Tento olej poskytuje okam\u017eit\u00fa a efekt\u00edvnu \u00fa\u013eavu od bolesti k\u013abov, k\u0155\u010dov svalov, stuhnutosti a z\u00e1palov. \u010ci u\u017e trp\u00edte artrit\u00eddou, reumatizmom alebo boles\u0165ou po fyzickej aktivite, aplik\u00e1cia <strong data-start=\"955\" data-end=\"979\">eukalyptov\u00e9ho oleja Lotus<\/strong> m\u00f4\u017ee zmierni\u0165 nepohodlie a podpori\u0165 r\u00fdchlej\u0161ie zotavenie. Prirodzene reguluje nervov\u00e9 reakcie a zni\u017euje nap\u00e4tie v postihnut\u00fdch oblastiach.<\/p>\n<h3 data-start=\"1115\" data-end=\"1152\">\u00a0Podpora d\u00fdchacieho zdravia<\/h3>\n<p data-start=\"1154\" data-end=\"1431\">Trp\u00edte astmou, bronchit\u00eddou alebo upchat\u00fdm nosom? Tento eukalyptov\u00fd olej sa d\u00e1 inhalova\u0165 parnou terapiou alebo mas\u00edrova\u0165 na hrudn\u00edk, aby sa otvorili d\u00fdchacie cesty, zmiernili z\u00e1paly a podporilo \u010distej\u0161ie d\u00fdchanie. Je to overen\u00fd liek na prechladnutie a sez\u00f3nne d\u00fdchacie \u0165a\u017ekosti.<\/p>\n<h3 data-start=\"1438\" data-end=\"1475\">\u00a0Zlep\u0161uje cirkul\u00e1ciu a hojenie<\/h3>\n<p data-start=\"1477\" data-end=\"1710\">Bohat\u00fd na lie\u010div\u00e9 zl\u00fa\u010deniny ako <strong data-start=\"1510\" data-end=\"1570\">kinch\u00edn, ch\u00edn\u00edn, alkaloidy a kyselina kinch\u00f3nov\u00e1 fulvov\u00e1<\/strong>, tento olej stimuluje krvn\u00fd obeh. Zlep\u0161en\u00fd prietok krvi ur\u00fdch\u013euje hojenie, zvy\u0161uje dod\u00e1vku kysl\u00edka do tkan\u00edv a zni\u017euje \u00fanavu.<\/p>\n<h3 data-start=\"1717\" data-end=\"1735\">\u00a0Hlavn\u00e9 v\u00fdhody<\/h3>\n<ul data-start=\"1737\" data-end=\"2096\">\n<li data-start=\"1737\" data-end=\"1845\">\n<p data-start=\"1739\" data-end=\"1845\"><strong data-start=\"1739\" data-end=\"1770\">\u00da\u013eava od bolesti k\u013abov a svalov:<\/strong> Zmier\u0148uje stuhnutos\u0165, z\u00e1paly a bolesti z artrit\u00eddy alebo zranenia.<\/p>\n<\/li>\n<li data-start=\"1846\" data-end=\"1928\">\n<p data-start=\"1848\" data-end=\"1928\"><strong data-start=\"1848\" data-end=\"1871\">D\u00fdchacia \u00fa\u013eava:<\/strong> Pom\u00e1ha zmierni\u0165 upchatie, astmu a podr\u00e1\u017edenie priedu\u0161iek.<\/p>\n<\/li>\n<li data-start=\"1929\" data-end=\"2004\">\n<p data-start=\"1931\" data-end=\"2004\"><strong data-start=\"1931\" data-end=\"1955\">Stimul\u00e1tor cirkul\u00e1cie:<\/strong> Zlep\u0161uje prietok krvi a ur\u00fdch\u013euje \u010das zotavenia.<\/p>\n<\/li>\n<li data-start=\"2005\" data-end=\"2096\">\n<p data-start=\"2007\" data-end=\"2096\"><strong data-start=\"2007\" data-end=\"2028\">Viacfunk\u010dn\u00fd:<\/strong> Lze pou\u017ei\u0165 na starostlivos\u0165 o \u00fastnu dutinu (zrieden\u00e9), mas\u00e1\u017e poko\u017eky alebo aromaterapiu.<\/p>\n<\/li>\n<\/ul>\n<h3 data-start=\"2103\" data-end=\"2125\">\u00a0Hlavn\u00e9 ingrediencie<\/h3>\n<ul data-start=\"2127\" data-end=\"2419\">\n<li data-start=\"2127\" data-end=\"2203\">\n<p data-start=\"2129\" data-end=\"2203\"><strong data-start=\"2129\" data-end=\"2153\">Eukalyptol (Cineol)<\/strong> \u2013 Na protiz\u00e1palov\u00e9 a dekongest\u00edvne \u00fa\u010dinky<\/p>\n<\/li>\n<li data-start=\"2204\" data-end=\"2283\">\n<p data-start=\"2206\" data-end=\"2283\"><strong data-start=\"2206\" data-end=\"2240\">Alkaloidy kinch\u00ednu a ch\u00edn\u00ednu<\/strong> \u2013 Na zn\u00ed\u017eenie bolesti a zlep\u0161enie cirkul\u00e1cie<\/p>\n<\/li>\n<li data-start=\"2284\" data-end=\"2357\">\n<p data-start=\"2286\" data-end=\"2357\"><strong data-start=\"2286\" data-end=\"2316\">Kinchonid\u00edn a kyselina fulvov\u00e1<\/strong> \u2013 Na hlb\u0161ie hojenie a detoxika\u010dn\u00e9 \u00fa\u010dinky<\/p>\n<\/li>\n<li data-start=\"2358\" data-end=\"2419\">\n<p data-start=\"2360\" data-end=\"2419\"><strong data-start=\"2360\" data-end=\"2377\">Kyselina snotanikov\u00e1<\/strong> \u2013 Prispieva k antibakteri\u00e1lnym vlastnostiam<\/p>\n<\/li>\n<\/ul>\n<h3 data-start=\"2426\" data-end=\"2443\">\u00a0Ako pou\u017e\u00edva\u0165<\/h3>\n<p data-start=\"2445\" data-end=\"2576\"><strong data-start=\"2445\" data-end=\"2473\">Na boles\u0165 k\u013abov a svalov:<\/strong><br data-start=\"2473\" data-end=\"2476\" \/>Aplikujte nieko\u013eko kvapiek na postihnut\u00e9 miesto a mas\u00edrujte kruhov\u00fdmi pohybmi 4 min\u00faty pred span\u00edm.<\/p>\n<p data-start=\"2578\" data-end=\"2703\"><strong data-start=\"2578\" data-end=\"2605\">Na d\u00fdchacie probl\u00e9my:<\/strong><br data-start=\"2605\" data-end=\"2608\" \/>Vmas\u00edrujte na hrudn\u00edk a krk pred span\u00edm alebo pridajte nieko\u013eko kvapiek do hor\u00facej vody a inhalujte paru.<\/p>\n<p data-start=\"2705\" data-end=\"2814\"><strong data-start=\"2705\" data-end=\"2744\">Na \u00fa\u013eavu od bolesti zubov (kloktadlo):<\/strong><br data-start=\"2744\" data-end=\"2747\" \/>Zmie\u0161ajte 5\u20138 kvapiek do \u00fastnej vody a kloktajte dvakr\u00e1t denne. Nezh\u013atajte.<\/p>\n<h3 data-start=\"2821\" data-end=\"2839\">\u00a0Upozornenia<\/h3>\n<ul data-start=\"2841\" data-end=\"3065\">\n<li data-start=\"2841\" data-end=\"2901\">\n<p data-start=\"2843\" data-end=\"2901\">Vyhnite sa, ak m\u00e1te <strong data-start=\"2861\" data-end=\"2884\">vysok\u00fd krvn\u00fd tlak<\/strong> alebo <strong data-start=\"2888\" data-end=\"2900\">diabetes<\/strong>.<\/p>\n<\/li>\n<li data-start=\"2902\" data-end=\"2958\">\n<p data-start=\"2904\" data-end=\"2958\">Neodpor\u00fa\u010da sa po\u010das <strong data-start=\"2927\" data-end=\"2957\">tehotenstva alebo doj\u010denia<\/strong>.<\/p>\n<\/li>\n<li data-start=\"2959\" data-end=\"3010\">\n<p data-start=\"2961\" data-end=\"3010\">Pred plnou aplik\u00e1ciou vykonajte <strong data-start=\"2971\" data-end=\"2985\">test na \u0161kvrnu<\/strong>.<\/p>\n<\/li>\n<\/ul>\n<h3 data-start=\"3382\" data-end=\"3404\">\u00a0Z\u00e1ver<\/h3>\n<p data-start=\"3406\" data-end=\"3696\"><strong data-start=\"3406\" data-end=\"3430\">Eukalyptov\u00fd olej Lotus<\/strong> nie je len produkt \u2013 je to kompletn\u00fd z\u00e1\u017eitok z wellness. \u010ci h\u013ead\u00e1te pr\u00edrodn\u00fa \u00fa\u013eavu od bolesti, pohodlie pri d\u00fdchan\u00ed alebo energizuj\u00facu ar\u00f3mu, tento olej pon\u00faka bezpe\u010dn\u00e9 a efekt\u00edvne v\u00fdhody zakorenen\u00e9 v pr\u00edrode. Pridajte ho do svojej dennej rutiny a poc\u00edtite rozdiel.<\/p>\n<p style=\"text-align: center;\">\u010eakujeme za n\u00e1kup v <em data-start=\"415\" data-end=\"431\"><a href=\"https:\/\/bazaar.express\/sk\/\">Bazaar Express<\/a><\/em> \u2013 te\u0161\u00edme sa na v\u00e1s!<\/p>\n<p style=\"text-align: center;\">Poc\u00edtite silu pr\u00edrody \u2014 \u010dist\u00e9 <a href=\"https:\/\/bazaar.express\/sk\/therapeutic-oils\/\">terapeutick\u00e9 oleje<\/a> pre ka\u017edodenn\u00e9 wellness.<\/p>\n","protected":false},"excerpt":{"rendered":"<h3 data-start=\"391\" data-end=\"706\">Eukalyptov\u00fd olej Lotus je siln\u00fd esenci\u00e1lny olej zn\u00e1my svojimi v\u00fdkonn\u00fdmi protibolestiv\u00fdmi a d\u00fdchac\u00edmi v\u00fdhodami. S vysok\u00fdm obsahom eukalyptolu a lie\u010div\u00fdch alkaloidov zmier\u0148uje bolav\u00e9 svaly, uvo\u013e\u0148uje stuhnutos\u0165 k\u013abov, odstra\u0148uje upchatie a podporuje cirkul\u00e1ciu \u2013 \u010d\u00edm sa st\u00e1va pr\u00edrodnou nevyhnutnos\u0165ou v dom\u00e1cej wellness rutine.<\/h3>\n","protected":false},"featured_media":44575,"comment_status":"open","ping_status":"closed","template":"","meta":[],"product_brand":[],"product_cat":[1161,1160],"product_tag":[1731,1652,1653],"class_list":{"0":"post-44573","1":"product","2":"type-product","3":"status-publish","4":"has-post-thumbnail","6":"product_cat-terapeuticke-oleje","7":"product_cat-starostlivost-o-krasu","8":"product_tag-krem","9":"product_tag-olej","10":"product_tag-prirodny-olej","11":"pa_l-xl-125ml","12":"pa_l-xl-250ml","13":"pa_l-xl-60ml","15":"first","16":"instock","17":"sale","18":"shipping-taxable","19":"purchasable","20":"product-type-variable"},"_links":{"self":[{"href":"https:\/\/bazaar.express\/sk\/wp-json\/wp\/v2\/product\/44573","targetHints":{"allow":["GET"]}}],"collection":[{"href":"https:\/\/bazaar.express\/sk\/wp-json\/wp\/v2\/product"}],"about":[{"href":"https:\/\/bazaar.express\/sk\/wp-json\/wp\/v2\/types\/product"}],"replies":[{"embeddable":true,"href":"https:\/\/bazaar.express\/sk\/wp-json\/wp\/v2\/comments?post=44573"}],"wp:featuredmedia":[{"embeddable":true,"href":"https:\/\/bazaar.express\/sk\/wp-json\/wp\/v2\/media\/44575"}],"wp:attachment":[{"href":"https:\/\/bazaar.express\/sk\/wp-json\/wp\/v2\/media?parent=44573"}],"wp:term":[{"taxonomy":"product_brand","embeddable":true,"href":"https:\/\/bazaar.express\/sk\/wp-json\/wp\/v2\/product_brand?post=44573"},{"taxonomy":"product_cat","embeddable":true,"href":"https:\/\/bazaar.express\/sk\/wp-json\/wp\/v2\/product_cat?post=44573"},{"taxonomy":"product_tag","embeddable":true,"href":"https:\/\/bazaar.express\/sk\/wp-json\/wp\/v2\/product_tag?post=44573"}],"curies":[{"name":"wp","href":"https:\/\/api.w.org\/{rel}","templated":true}]}}