{"id":44585,"date":"2024-12-17T12:59:29","date_gmt":"2024-12-17T12:59:29","guid":{"rendered":"https:\/\/bazaar.express\/product\/rose-oil\/"},"modified":"2026-03-01T20:40:29","modified_gmt":"2026-03-01T20:40:29","slug":"rose-oil","status":"publish","type":"product","link":"https:\/\/bazaar.express\/sk\/produkt\/rose-oil\/","title":{"rendered":"Ru\u017eov\u00fd olej"},"content":{"rendered":"<h2 data-start=\"228\" data-end=\"294\">Ru\u017eov\u00fd olej Lotus: \u017diariv\u00e1 poko\u017eka s pr\u00edrodnou silou ru\u017eov\u00e9ho oleja<\/h2>\n<h3 data-start=\"296\" data-end=\"348\">\u00a0Za\u017eite kr\u00e1su pr\u00edrody s ru\u017eov\u00fdm olejom<\/h3>\n<p data-start=\"350\" data-end=\"797\">Ru\u017eov\u00fd olej Lotus je v\u00e1\u0161 ide\u00e1lny spolo\u010dn\u00edk v starostlivosti o ple\u0165, ktor\u00fd sp\u00e1ja jemn\u00fa esenciu ru\u017eov\u00fdch okvetn\u00fdch l\u00edstkov s v\u00fdkonn\u00fdmi pr\u00edrodn\u00fdmi ingredienciami. Zn\u00e1m\u00fd svojou upokojuj\u00facou v\u00f4\u0148ou a bohatstvom antioxidantov, tento luxusn\u00fd olej poskytuje hlbok\u00fa hydrat\u00e1ciu, zlep\u0161uje elasticitu pleti a revitalizuje nudn\u00fa, unaven\u00fa ple\u0165. \u010ci u\u017e chcete vyhladi\u0165 jemn\u00e9 vr\u00e1sky, zn\u00ed\u017ei\u0165 pigment\u00e1ciu alebo jednoducho dopria\u0165 svojej pleti \u017eiariv\u00fd lesk, ru\u017eov\u00fd olej prin\u00e1\u0161a skuto\u010dn\u00e9 v\u00fdsledky \u2013 pr\u00edrodne.<\/p>\n<h3 data-start=\"799\" data-end=\"836\">\u00a0Hlavn\u00e9 v\u00fdhody Ru\u017eov\u00e9ho oleja Lotus<\/h3>\n<h4 data-start=\"838\" data-end=\"877\">Podpora kolag\u00e9nu a pevnos\u0165 pleti<\/h4>\n<p data-start=\"878\" data-end=\"1067\">Ru\u017eov\u00fd olej podporuje tvorbu kolag\u00e9nu, \u010d\u00edm sa va\u0161a poko\u017eka c\u00edti pevnej\u0161ia a elastickej\u0161ia. Pri pravidelnom pou\u017e\u00edvan\u00ed minimalizuje vzh\u013ead jemn\u00fdch vr\u00e1sok a udr\u017euje va\u0161u ple\u0165 mladistv\u00fa a \u017eiariv\u00fa.<\/p>\n<h4 data-start=\"1069\" data-end=\"1112\">Vyrovn\u00e1va t\u00f3n pleti a bojuje proti pred\u010dasn\u00e9mu starnutiu<\/h4>\n<p data-start=\"1113\" data-end=\"1298\">Tento olej pom\u00e1ha zjednoti\u0165 nerovnomern\u00fd t\u00f3n pleti, vybledn\u00fa\u0165 tmav\u00e9 \u0161kvrny a zn\u00ed\u017ei\u0165 znaky pred\u010dasn\u00e9ho starnutia. Je to pr\u00edrodn\u00e1 obrana proti vr\u00e1skam a jemn\u00fdm link\u00e1m, pri\u010dom zosil\u0148uje v\u00e1\u0161 prirodzen\u00fd lesk.<\/p>\n<h4 data-start=\"1300\" data-end=\"1343\">Hlbok\u00e1 hydrat\u00e1cia bez mastnoty<\/h4>\n<p data-start=\"1344\" data-end=\"1468\">Na rozdiel od \u0165a\u017ek\u00fdch kr\u00e9mov Ru\u017eov\u00fd olej Lotus hlboko hydratuje bez upch\u00e1vania p\u00f3rov. Nech\u00e1va va\u0161u poko\u017eku m\u00e4kk\u00fa, hodv\u00e1bnu a priedu\u0161n\u00fa.<\/p>\n<h4 data-start=\"1470\" data-end=\"1511\">Pr\u00edrodn\u00e1 exfoli\u00e1cia a obnova pleti<\/h4>\n<p data-start=\"1512\" data-end=\"1643\">Olej jemne odstra\u0148uje odumret\u00e9 bunky pleti a z\u00e1rove\u0148 podporuje zdrav\u00fa obnovu buniek \u2013 ide\u00e1lne na dosiahnutie svie\u017eeho, \u017eiariv\u00e9ho vzh\u013eadu pleti.<\/p>\n<h4 data-start=\"1645\" data-end=\"1690\">\u010cistenie p\u00f3rov a vo\u0148av\u00e1 parfum\u00e1cia pleti<\/h4>\n<p data-start=\"1691\" data-end=\"1819\">Jeho pr\u00edrodn\u00e9 antiseptick\u00e9 vlastnosti pom\u00e1haj\u00fa vy\u010disti\u0165 p\u00f3ry a jemn\u00e1 ru\u017eov\u00e1 v\u00f4\u0148a nech\u00e1va va\u0161u poko\u017eku decentne prevoniavaj\u00facu a osvie\u017een\u00fa.<\/p>\n<h3 data-start=\"1826\" data-end=\"1869\">\u00a0Ingrediencie a v\u00fd\u017eivov\u00e9 benefity<\/h3>\n<p data-start=\"1871\" data-end=\"1901\">Ru\u017eov\u00fd olej Lotus je pln\u00fd:<\/p>\n<ul data-start=\"1903\" data-end=\"2169\">\n<li data-start=\"1903\" data-end=\"1977\">\n<p data-start=\"1905\" data-end=\"1977\"><strong data-start=\"1905\" data-end=\"1930\">Esenci\u00e1lne mastn\u00e9 kyseliny<\/strong> \u2013 Na udr\u017eanie vlhkosti a podporu bari\u00e9ry<\/p>\n<\/li>\n<li data-start=\"1978\" data-end=\"2037\">\n<p data-start=\"1980\" data-end=\"2037\"><strong data-start=\"1980\" data-end=\"2006\">Vitam\u00edny A, K, B, D, E<\/strong> \u2013 Na v\u00fd\u017eivu a opravu pleti<\/p>\n<\/li>\n<li data-start=\"2038\" data-end=\"2106\">\n<p data-start=\"2040\" data-end=\"2106\"><strong data-start=\"2040\" data-end=\"2064\">Kyselina citr\u00f3nov\u00e1 a jabl\u010dn\u00e1<\/strong> \u2013 Jemn\u00e9 exfoli\u00e1tory, ktor\u00e9 rozjas\u0148uj\u00fa ple\u0165<\/p>\n<\/li>\n<li data-start=\"2107\" data-end=\"2169\">\n<p data-start=\"2109\" data-end=\"2169\"><strong data-start=\"2109\" data-end=\"2124\">Zinok a \u017eelezo<\/strong> \u2013 Podporuj\u00fa hojenie pleti a regener\u00e1ciu buniek<\/p>\n<\/li>\n<\/ul>\n<h3 data-start=\"2176\" data-end=\"2208\">\u00a0Ako pou\u017e\u00edva\u0165 Ru\u017eov\u00fd olej Lotus<\/h3>\n<h4 data-start=\"2210\" data-end=\"2231\">Denn\u00e1 starostlivos\u0165 o ple\u0165<\/h4>\n<p data-start=\"2232\" data-end=\"2341\">Naneste nieko\u013eko kvapiek na \u010dist\u00fa poko\u017eku raz alebo dvakr\u00e1t denne. Jemne mas\u00edrujte kruhov\u00fdmi pohybmi, k\u00fdm sa plne nevstreb\u00e1.<\/p>\n<h4 data-start=\"2343\" data-end=\"2387\">Na rozjasnenie a redukciu tmav\u00fdch \u0161kv\u0155n<\/h4>\n<p data-start=\"2388\" data-end=\"2394\">Zmie\u0161ajte:<\/p>\n<ul data-start=\"2395\" data-end=\"2582\">\n<li data-start=\"2395\" data-end=\"2412\">\n<p data-start=\"2397\" data-end=\"2412\">1 polievkov\u00e1 ly\u017eica feniklu<\/p>\n<\/li>\n<li data-start=\"2413\" data-end=\"2428\">\n<p data-start=\"2415\" data-end=\"2428\">1 polievkov\u00e1 ly\u017eica ovsa<\/p>\n<\/li>\n<li data-start=\"2429\" data-end=\"2454\">\n<p data-start=\"2431\" data-end=\"2454\">\u00bd polievkovej ly\u017eice Ru\u017eov\u00e9ho oleja Lotus<\/p>\n<\/li>\n<li data-start=\"2455\" data-end=\"2582\">\n<p data-start=\"2457\" data-end=\"2582\">\u00bd polievkovej ly\u017eice medu<br data-start=\"2469\" data-end=\"2472\" \/>Naneste na tv\u00e1r na 30 min\u00fat, potom opl\u00e1chnite teplou vodou. Pou\u017e\u00edvajte 2\u20133 kr\u00e1t t\u00fd\u017edenne pre vidite\u013en\u00e9 zlep\u0161enie.<\/p>\n<\/li>\n<\/ul>\n<h3 data-start=\"2589\" data-end=\"2609\">\u00a0Upozornenia<\/h3>\n<ul data-start=\"2610\" data-end=\"2764\">\n<li data-start=\"2610\" data-end=\"2663\">\n<p data-start=\"2612\" data-end=\"2663\">Bezpe\u010dn\u00fd pre v\u0161etky typy pleti, vr\u00e1tane citlivej<\/p>\n<\/li>\n<li data-start=\"2664\" data-end=\"2714\">\n<p data-start=\"2666\" data-end=\"2714\">M\u00f4\u017ee sa pou\u017e\u00edva\u0165 po\u010das tehotenstva a doj\u010denia<\/p>\n<\/li>\n<li data-start=\"2715\" data-end=\"2764\">\n<p data-start=\"2717\" data-end=\"2764\">Len na vonkaj\u0161ie pou\u017eitie \u2013 vyhnite sa kontaktu s o\u010dami<\/p>\n<\/li>\n<\/ul>\n<h3 data-start=\"3059\" data-end=\"3080\">\u00a0Z\u00e1ver<\/h3>\n<p data-start=\"3082\" data-end=\"3283\">Ru\u017eov\u00fd olej Lotus je viac ne\u017e len starostlivos\u0165 o ple\u0165 \u2013 je to pr\u00edrodn\u00fd ritu\u00e1l, ktor\u00fd obnovuje, osvie\u017euje a vy\u017earuje kr\u00e1su zvn\u00fatra. Nech najob\u013e\u00fabenej\u0161ia kvetina pr\u00edrody o\u017eiv\u00ed va\u0161u ple\u0165 s ka\u017edou kvapkou.<\/p>\n<p style=\"text-align: center;\">\u010eakujeme za n\u00e1kup v <em data-start=\"415\" data-end=\"431\"><a href=\"https:\/\/bazaar.express\/sk\/\">Bazaar Express<\/a><\/em> \u2013 te\u0161\u00edme sa na v\u00e1s!<\/p>\n<p style=\"text-align: center;\">Pocitujte silu pr\u00edrody \u2013 \u010dist\u00e9 <a href=\"https:\/\/bazaar.express\/sk\/therapeutic-oils\/\">Terapeutick\u00e9 oleje<\/a> pre ka\u017edodenn\u00e9 wellness.<\/p>\n","protected":false},"excerpt":{"rendered":"<h3 data-start=\"428\" data-end=\"687\">Ru\u017eov\u00fd olej Lotus je luxusn\u00fd, \u00faplne pr\u00edrodn\u00fd olej na starostlivos\u0165 o ple\u0165 bohat\u00fd na vitam\u00edny a antioxidanty. Podporuje mladistv\u00fa ple\u0165 stimul\u00e1ciou kolag\u00e9nu, redukciou tmav\u00fdch \u0161kv\u0155n a hlbokou hydrat\u00e1ciou bez upch\u00e1vania p\u00f3rov. Vhodn\u00fd pre v\u0161etky typy pleti a ide\u00e1lny na denn\u00e9 pou\u017eitie.<\/h3>\n","protected":false},"featured_media":44587,"comment_status":"open","ping_status":"closed","template":"","meta":[],"product_brand":[],"product_cat":[1161,1160],"product_tag":[1652,1653],"class_list":{"0":"post-44585","1":"product","2":"type-product","3":"status-publish","4":"has-post-thumbnail","6":"product_cat-terapeuticke-oleje","7":"product_cat-starostlivost-o-krasu","8":"product_tag-olej","9":"product_tag-prirodny-olej","10":"pa_l-xl-125ml","11":"pa_l-xl-250ml","12":"pa_l-xl-60ml","14":"first","15":"instock","16":"sale","17":"shipping-taxable","18":"purchasable","19":"product-type-variable"},"_links":{"self":[{"href":"https:\/\/bazaar.express\/sk\/wp-json\/wp\/v2\/product\/44585","targetHints":{"allow":["GET"]}}],"collection":[{"href":"https:\/\/bazaar.express\/sk\/wp-json\/wp\/v2\/product"}],"about":[{"href":"https:\/\/bazaar.express\/sk\/wp-json\/wp\/v2\/types\/product"}],"replies":[{"embeddable":true,"href":"https:\/\/bazaar.express\/sk\/wp-json\/wp\/v2\/comments?post=44585"}],"wp:featuredmedia":[{"embeddable":true,"href":"https:\/\/bazaar.express\/sk\/wp-json\/wp\/v2\/media\/44587"}],"wp:attachment":[{"href":"https:\/\/bazaar.express\/sk\/wp-json\/wp\/v2\/media?parent=44585"}],"wp:term":[{"taxonomy":"product_brand","embeddable":true,"href":"https:\/\/bazaar.express\/sk\/wp-json\/wp\/v2\/product_brand?post=44585"},{"taxonomy":"product_cat","embeddable":true,"href":"https:\/\/bazaar.express\/sk\/wp-json\/wp\/v2\/product_cat?post=44585"},{"taxonomy":"product_tag","embeddable":true,"href":"https:\/\/bazaar.express\/sk\/wp-json\/wp\/v2\/product_tag?post=44585"}],"curies":[{"name":"wp","href":"https:\/\/api.w.org\/{rel}","templated":true}]}}