{"id":44603,"date":"2024-12-17T11:10:32","date_gmt":"2024-12-17T11:10:32","guid":{"rendered":"https:\/\/bazaar.express\/product\/grape-seed-oil\/"},"modified":"2024-12-17T11:10:32","modified_gmt":"2024-12-17T11:10:32","slug":"grape-seed-oil","status":"publish","type":"product","link":"https:\/\/bazaar.express\/sk\/produkt\/grape-seed-oil\/","title":{"rendered":"Olej z hroznov\u00fdch jadier"},"content":{"rendered":"<h2 data-start=\"231\" data-end=\"309\">Lotus Olej z hroznov\u00fdch jadier: Prirodzene osvie\u017ete a nabite energiu svoje vlasy a poko\u017eku<\/h2>\n<p data-start=\"311\" data-end=\"772\">H\u013ead\u00e1te multifunk\u010dn\u00fd pr\u00edrodn\u00fd olej, ktor\u00fd transformuje va\u0161e vlasy aj poko\u017eku? <strong data-start=\"391\" data-end=\"415\">Lotus Olej z hroznov\u00fdch jadier<\/strong> je va\u0161e ide\u00e1lne rie\u0161enie. Extrahovan\u00fd z \u017eiv\u00edn bohat\u00fdch hroznov\u00fdch semienok, tento \u013eahk\u00fd, no \u00fa\u010dinn\u00fd olej je pln\u00fd antioxidantov, vitam\u00ednov a esenci\u00e1lnych mastn\u00fdch kysel\u00edn, ktor\u00e9 hydratuj\u00fa, lie\u010dia a omladzuj\u00fa. \u010ci u\u017e chcete skroti\u0165 ku\u010derav\u00e9 vlasy, vy\u017eivi\u0165 such\u00fa poko\u017eku hlavy alebo obnovi\u0165 ml\u00e1\u010fovsk\u00fd lesk poko\u017eky, tento siln\u00fd elix\u00edr prin\u00e1\u0161a v\u00fdsledky, ktor\u00e9 m\u00f4\u017eete c\u00edti\u0165 a vidie\u0165.<\/p>\n<h3 data-start=\"779\" data-end=\"838\"> K\u013e\u00fa\u010dov\u00e9 v\u00fdhody oleja z hroznov\u00fdch jadier pre vlasy a poko\u017eku<\/h3>\n<h4 data-start=\"840\" data-end=\"898\">Podporuje r\u00fdchlej\u0161\u00ed rast vlasov a posil\u0148uje korienky<\/h4>\n<p data-start=\"899\" data-end=\"1173\">Lotus Olej z hroznov\u00fdch jadier prenik\u00e1 hlboko do poko\u017eky hlavy, stimuluje vlasov\u00e9 folikuly a podporuje r\u00fdchlej\u0161\u00ed rast vlasov. Pom\u00e1ha zni\u017eova\u0165 l\u00e1mavos\u0165, posil\u0148uje slab\u00e9 pramene a obnovuje prirodzen\u00fd lesk vlasov \u2013 \u010d\u00edm sa st\u00e1va perfektnou pr\u00edrodnou alternat\u00edvou k chemick\u00fdm kondicion\u00e9rom.<\/p>\n<h4 data-start=\"1175\" data-end=\"1231\">Zlep\u0161uje elasticitu poko\u017eky a zni\u017euje tmav\u00e9 \u0161kvrny<\/h4>\n<p data-start=\"1232\" data-end=\"1495\">V\u010faka vysok\u00e9mu obsahu kyseliny linolovej tento olej stiahne poko\u017eku, zni\u017euje hyperpigment\u00e1ciu a podporuje regener\u00e1ciu poko\u017eky. Je obzvl\u00e1\u0161\u0165 \u00fa\u010dinn\u00fd pri zmier\u0148ovan\u00ed tmav\u00fdch kruhov pod o\u010dami, jaziev po akn\u00e9 a znakov starnutia, \u010d\u00edm v\u00e1m zanech\u00e1 vidite\u013ene hlad\u0161iu a jasnej\u0161iu poko\u017eku.<\/p>\n<h4 data-start=\"1497\" data-end=\"1536\">\u013dahk\u00fd a r\u00fdchlo sa vstreb\u00e1vaj\u00faci<\/h4>\n<p data-start=\"1537\" data-end=\"1717\">Na rozdiel od \u0165a\u017e\u0161\u00edch olejov sa olej z hroznov\u00fdch jadier r\u00fdchlo vstreb\u00e1va do poko\u017eky aj vlasov bez upch\u00e1vania p\u00f3rov alebo zanechania mastn\u00e9ho zvy\u0161ku. To ho rob\u00ed ide\u00e1lnym pre ka\u017edodenn\u00fa hydrat\u00e1ciu a \u017eiaru.<\/p>\n<h3 data-start=\"1724\" data-end=\"1789\"> \u010co je vn\u00fatri: V\u00fd\u017eivn\u00e1 sila oleja z hroznov\u00fdch jadier<\/h3>\n<p data-start=\"1791\" data-end=\"1872\">Lotus Olej z hroznov\u00fdch jadier je nabit\u00fd \u017eivinami, ktor\u00e9 miluj\u00fa poko\u017eku a posil\u0148uj\u00fa vlasy:<\/p>\n<ul data-start=\"1874\" data-end=\"2210\">\n<li data-start=\"1874\" data-end=\"1951\">\n<p data-start=\"1876\" data-end=\"1951\"><strong data-start=\"1876\" data-end=\"1894\">Kyselina linolov\u00e1:<\/strong> Podporuje funkciu ko\u017enej bari\u00e9ry a zmier\u0148uje z\u00e1paly.<\/p>\n<\/li>\n<li data-start=\"1952\" data-end=\"2039\">\n<p data-start=\"1954\" data-end=\"2039\"><strong data-start=\"1954\" data-end=\"1972\">Vitam\u00edn E &#038; C:<\/strong> Antioxidanty, ktor\u00e9 bojuj\u00fa proti pred\u010dasn\u00e9mu starnutiu a environment\u00e1lnemu po\u0161kodeniu.<\/p>\n<\/li>\n<li data-start=\"2040\" data-end=\"2107\">\n<p data-start=\"2042\" data-end=\"2107\"><strong data-start=\"2042\" data-end=\"2064\">Omega-3 &#038; Omega-6:<\/strong> Vy\u017eivuj\u00fa poko\u017eku a vlasy zvn\u00fatra.<\/p>\n<\/li>\n<li data-start=\"2108\" data-end=\"2210\">\n<p data-start=\"2110\" data-end=\"2210\"><strong data-start=\"2110\" data-end=\"2123\">Miner\u00e1ly:<\/strong> Obsahuje hor\u010d\u00edk, \u017eelezo, me\u010f a fosfor na podporu cirkul\u00e1cie a opravy buniek.<\/p>\n<\/li>\n<\/ul>\n<h3 data-start=\"2217\" data-end=\"2259\">Ako pou\u017e\u00edva\u0165 Lotus Olej z hroznov\u00fdch jadier<\/h3>\n<h4 data-start=\"2261\" data-end=\"2287\">Pre \u017eiariv\u00fa poko\u017eku:<\/h4>\n<p data-start=\"2288\" data-end=\"2439\">Aplikujte nieko\u013eko kvapiek na \u010dist\u00fa poko\u017eku, s\u00fastre\u010fte sa na tmav\u00e9 \u0161kvrny, such\u00e9 miesta a oblasti pod o\u010dami. Jemne mas\u00edrujte, k\u00fdm sa nevstreb\u00e1. Pre exfoliuj\u00faci lesk zmie\u0161ajte:<\/p>\n<ul data-start=\"2440\" data-end=\"2536\">\n<li data-start=\"2440\" data-end=\"2478\">\n<p data-start=\"2442\" data-end=\"2478\">3 polievkov\u00e9 ly\u017eice Lotus Oleja z hroznov\u00fdch jadier<\/p>\n<\/li>\n<li data-start=\"2479\" data-end=\"2506\">\n<p data-start=\"2481\" data-end=\"2506\">1 polievkov\u00e1 ly\u017eica Mand\u013eov\u00e9ho oleja<\/p>\n<\/li>\n<li data-start=\"2507\" data-end=\"2536\">\n<p data-start=\"2509\" data-end=\"2536\">3 polievkov\u00e9 ly\u017eice Hned\u00e9ho cukru<\/p>\n<\/li>\n<\/ul>\n<p data-start=\"2538\" data-end=\"2599\">Mas\u00edrujte na poko\u017eku 15 min\u00fat, potom opl\u00e1chnite teplou vodou.<\/p>\n<h4 data-start=\"2601\" data-end=\"2631\">Pre v\u00fd\u017eivu vlasov:<\/h4>\n<p data-start=\"2632\" data-end=\"2811\">Po \u0161amp\u00f3novan\u00ed aplikujte tepl\u00fd olej z hroznov\u00fdch jadier na poko\u017eku hlavy a konce vlasov. Nechajte p\u00f4sobi\u0165 5\u201310 min\u00fat, potom opl\u00e1chnite. Pri lupin\u00e1ch olej mierne zohrejte pred mas\u00e1\u017eou do poko\u017eky hlavy.<\/p>\n<h3 data-start=\"3132\" data-end=\"3152\"> Z\u00e1ver<\/h3>\n<p data-start=\"3154\" data-end=\"3531\">S jeho bohat\u00fdm nutri\u010dn\u00fdm profilom a upokojuj\u00facim dotykom je <strong data-start=\"3205\" data-end=\"3229\">Lotus Olej z hroznov\u00fdch jadier<\/strong> nevyhnutnos\u0165ou pre va\u0161u beauty rutinu. \u010ci u\u017e bojujete s mdlou poko\u017ekou, lupinami alebo pomal\u00fdm rastom vlasov, tento olej pon\u00faka \u010dist\u00e9, pr\u00edrodn\u00e9 a \u00fa\u010dinn\u00e9 rie\u0161enie.<br data-start=\"3397\" data-end=\"3400\" \/><strong data-start=\"3400\" data-end=\"3531\">Pridajte Lotus Olej z hroznov\u00fdch jadier do svojej s\u00fapravy na starostlivos\u0165 o seba a u\u017e\u00edvajte si jemn\u00fa silu pr\u00edrody pre \u017eiariv\u00fa poko\u017eku a zdrav\u00e9 vlasy \u2013 de\u0148 \u010do de\u0148.<\/strong><\/p>\n<p style=\"text-align: center;\">\u010eakujeme za n\u00e1kup v <em data-start=\"415\" data-end=\"431\"><a href=\"https:\/\/bazaar.express\/sk\/\">Bazaar Express<\/a><\/em> \u2013 te\u0161\u00edme sa na v\u00e1s!<\/p>\n<p style=\"text-align: center;\">Poc\u00ed\u0165te silu pr\u00edrody \u2014 \u010dist\u00e9 <a href=\"https:\/\/bazaar.express\/sk\/therapeutic-oils\/\">Terapeutick\u00e9 oleje<\/a> pre ka\u017edodenn\u00e9 wellness.<\/p>\n","protected":false},"excerpt":{"rendered":"<h3 data-start=\"408\" data-end=\"696\">Lotus Olej z hroznov\u00fdch jadier je \u013eahk\u00fd, r\u00fdchlo sa vstreb\u00e1vaj\u00faci olej pln\u00fd vitam\u00ednu E, omega mastn\u00fdch kysel\u00edn a antioxidantov. Perfektn\u00fd na obnovenie lesku vlasov, svetlej\u0161ie tmav\u00e9 \u0161kvrny, zn\u00ed\u017eenie z\u00e1palov a hlbok\u00fa hydrat\u00e1ciu poko\u017eky bez mastnoty. Vhodn\u00fd pre v\u0161etky typy poko\u017eky a vlasov.<\/h3>\n<p>&nbsp;<\/p>\n","protected":false},"featured_media":44605,"comment_status":"open","ping_status":"closed","template":"","meta":[],"product_brand":[],"product_cat":[1160],"product_tag":[1652,1653],"class_list":{"0":"post-44603","1":"product","2":"type-product","3":"status-publish","4":"has-post-thumbnail","6":"product_cat-starostlivost-o-krasu","7":"product_tag-olej","8":"product_tag-prirodny-olej","9":"pa_l-xl-125ml","10":"pa_l-xl-250ml","11":"pa_l-xl-60ml","13":"first","14":"instock","15":"sale","16":"shipping-taxable","17":"purchasable","18":"product-type-variable"},"_links":{"self":[{"href":"https:\/\/bazaar.express\/sk\/wp-json\/wp\/v2\/product\/44603","targetHints":{"allow":["GET"]}}],"collection":[{"href":"https:\/\/bazaar.express\/sk\/wp-json\/wp\/v2\/product"}],"about":[{"href":"https:\/\/bazaar.express\/sk\/wp-json\/wp\/v2\/types\/product"}],"replies":[{"embeddable":true,"href":"https:\/\/bazaar.express\/sk\/wp-json\/wp\/v2\/comments?post=44603"}],"wp:featuredmedia":[{"embeddable":true,"href":"https:\/\/bazaar.express\/sk\/wp-json\/wp\/v2\/media\/44605"}],"wp:attachment":[{"href":"https:\/\/bazaar.express\/sk\/wp-json\/wp\/v2\/media?parent=44603"}],"wp:term":[{"taxonomy":"product_brand","embeddable":true,"href":"https:\/\/bazaar.express\/sk\/wp-json\/wp\/v2\/product_brand?post=44603"},{"taxonomy":"product_cat","embeddable":true,"href":"https:\/\/bazaar.express\/sk\/wp-json\/wp\/v2\/product_cat?post=44603"},{"taxonomy":"product_tag","embeddable":true,"href":"https:\/\/bazaar.express\/sk\/wp-json\/wp\/v2\/product_tag?post=44603"}],"curies":[{"name":"wp","href":"https:\/\/api.w.org\/{rel}","templated":true}]}}