{"id":44632,"date":"2025-01-07T16:01:23","date_gmt":"2025-01-07T16:01:23","guid":{"rendered":"https:\/\/bazaar.express\/product\/hair-oil-2\/"},"modified":"2025-01-07T16:01:23","modified_gmt":"2025-01-07T16:01:23","slug":"hair-oil-2","status":"publish","type":"product","link":"https:\/\/bazaar.express\/sk\/produkt\/hair-oil-2\/","title":{"rendered":"Pr\u00edrodn\u00e1 zmes olejov na vlasy"},"content":{"rendered":"<h2 data-start=\"325\" data-end=\"418\">NAKAA zmes oleja na vlasy \u2013 Najlep\u0161ia egyptsk\u00e1 terapia pre siln\u00e9, leskl\u00e9 a zdrav\u00e9 vlasy<\/h2>\n<h3 data-start=\"420\" data-end=\"491\">\u00a0V\u00fdkonn\u00e1 bylinn\u00e1 formula na obnovu a v\u00fd\u017eivu vlasov pr\u00edrodn\u00fdm sp\u00f4sobom<\/h3>\n<p data-start=\"493\" data-end=\"897\">Objavte tajomstvo \u017eiariv\u00fdch, siln\u00fdch a zdrav\u00fdch vlasov s <strong data-start=\"555\" data-end=\"579\">NAKAA zmesou oleja na vlasy<\/strong>, pr\u00e9miovou egyptskou zmesou vyrobenou z 100 % chladom lisovan\u00fdch olejov. T\u00e1to terapeutick\u00e1 formula sp\u00e1ja bohatstvo <strong data-start=\"693\" data-end=\"707\">mand\u013eov\u00e9ho oleja<\/strong>, <strong data-start=\"709\" data-end=\"723\">jojobov\u00e9ho oleja<\/strong>, <strong data-start=\"725\" data-end=\"739\">ric\u00ednov\u00e9ho oleja<\/strong> a <strong data-start=\"745\" data-end=\"760\">oleja z rukoly<\/strong>, pon\u00faka h\u013abkov\u00fa lie\u010dbu, ktor\u00e1 prenik\u00e1 do poko\u017eky hlavy, opravuje po\u0161kodenia, podporuje rast a eliminuje suchos\u0165 \u2013 pr\u00edrodne a efekt\u00edvne.<\/p>\n<p data-start=\"899\" data-end=\"1216\">\u010ci u\u017e bojujete s rednut\u00edm vlasov, l\u00e1mav\u00fdmi prame\u0148mi alebo svrbiacou poko\u017ekou hlavy, t\u00e1to zmes oleja poskytuje <strong data-start=\"1007\" data-end=\"1061\">pr\u00edrodn\u00e9 rie\u0161enie zakorenen\u00e9 v egyptsk\u00fdch kr\u00e1snych ritu\u00e1loch<\/strong>. Ide\u00e1lna pre mu\u017eov aj \u017eeny, t\u00e1to zmes je bez chemik\u00e1li\u00ed, bezpe\u010dn\u00e1 pre citliv\u00fa poko\u017eku hlavy a pln\u00e1 \u017eiv\u00edn, ktor\u00e9 transformuj\u00fa vlasy od kore\u0148a po \u0161pi\u010dku.<\/p>\n<h3 data-start=\"1223\" data-end=\"1266\">\u00a0Hlavn\u00e9 v\u00fdhody NAKAA zmesi oleja na vlasy<\/h3>\n<h4 data-start=\"1268\" data-end=\"1309\">\u00a0Zastavuje vypad\u00e1vanie vlasov a podporuje rast<\/h4>\n<p data-start=\"1310\" data-end=\"1495\">Tento olej posil\u0148uje vlasov\u00e9 folikuly, zni\u017euje nadmern\u00e9 vypad\u00e1vanie a stimuluje nov\u00fd rast. Jeho formula bohat\u00e1 na \u017eiviny p\u00f4sob\u00ed na <strong data-start=\"1437\" data-end=\"1484\">zahustenie vlasov a podporu prirodzen\u00e9ho dorastania<\/strong> v priebehu \u010dasu.<\/p>\n<h4 data-start=\"1497\" data-end=\"1541\">\u00a0Opravuje a posil\u0148uje po\u0161koden\u00e9 vlasy<\/h4>\n<p data-start=\"1542\" data-end=\"1699\">Such\u00e9, teplom po\u0161koden\u00e9 alebo chemicky o\u0161etren\u00e9 vlasy? Tento terapeutick\u00fd olej <strong data-start=\"1610\" data-end=\"1654\">obnovuje elasticitu, zabra\u0148uje roz\u0161tiepen\u00fdm koncom<\/strong> a posil\u0148uje pramene, aby sa predi\u0161lo l\u00e1mavosti.<\/p>\n<h4 data-start=\"1701\" data-end=\"1748\">\u00a0H\u013abkov\u00e9 zvlh\u010denie pre leskl\u00fd fini\u0161<\/h4>\n<p data-start=\"1749\" data-end=\"1888\">Dovidenia nudn\u00fdm, ku\u010derav\u00fdm vlasom. Pri pravidelnom pou\u017e\u00edvan\u00ed t\u00e1to zmes poskytuje <strong data-start=\"1821\" data-end=\"1839\">h\u013abkov\u00fa hydrat\u00e1ciu<\/strong>, \u010do vedie k hodv\u00e1bnym, leskl\u00fdm a ovl\u00e1date\u013en\u00fdm vlasom.<\/p>\n<h4 data-start=\"1890\" data-end=\"1939\">\tUklud\u0148uje such\u00fa poko\u017eku hlavy a eliminuje lupiny<\/h4>\n<p data-start=\"1940\" data-end=\"2097\">S protiz\u00e1palov\u00fdmi a antimikrobi\u00e1lnymi vlastnos\u0165ami tento olej <strong data-start=\"2002\" data-end=\"2040\">zvlh\u010duje a vyva\u017euje poko\u017eku hlavy<\/strong>, poskytuje \u00fa\u013eavu od odlupovania, svrbenia a podr\u00e1\u017edenia.<\/p>\n<h3 data-start=\"2104\" data-end=\"2135\">\u00a0100 % pr\u00edrodn\u00e9 ingrediencie<\/h3>\n<ul data-start=\"2137\" data-end=\"2619\">\n<li data-start=\"2137\" data-end=\"2261\">\n<p data-start=\"2139\" data-end=\"2261\"><strong data-start=\"2139\" data-end=\"2153\">Mand\u013eov\u00fd olej<\/strong> \u2013 Bohat\u00fd na vitam\u00edn E a mastn\u00e9 kyseliny, ktor\u00e9 zvlh\u010duj\u00fa a vy\u017eivuj\u00fa poko\u017eku hlavy a posil\u0148uj\u00fa vlasov\u00e9 pramene.<\/p>\n<\/li>\n<li data-start=\"2262\" data-end=\"2365\">\n<p data-start=\"2264\" data-end=\"2365\"><strong data-start=\"2264\" data-end=\"2278\">Jojobov\u00fd olej<\/strong> \u2013 Napodob\u0148uje prirodzen\u00e9 oleje poko\u017eky hlavy, reguluje produkciu mazu a udr\u017eiava zdravie poko\u017eky hlavy.<\/p>\n<\/li>\n<li data-start=\"2366\" data-end=\"2482\">\n<p data-start=\"2368\" data-end=\"2482\"><strong data-start=\"2368\" data-end=\"2382\">Ric\u00ednov\u00fd olej<\/strong> \u2013 Overen\u00fd prostriedok na <strong data-start=\"2404\" data-end=\"2429\">stimul\u00e1ciu rastu vlasov<\/strong>, boj proti rednutiu vlasov a ochranu pred l\u00e1mavos\u0165ou.<\/p>\n<\/li>\n<li data-start=\"2483\" data-end=\"2619\">\n<p data-start=\"2485\" data-end=\"2619\"><strong data-start=\"2485\" data-end=\"2508\">Olej z rukoly (Eruca)<\/strong> \u2013 Menej zn\u00e1my, ale v\u00fdkonn\u00fd egyptsk\u00fd prostriedok, ktor\u00fd poskytuje <strong data-start=\"2569\" data-end=\"2585\">antioxidanty<\/strong> a posil\u0148uje vlasy od kore\u0148a.<\/p>\n<\/li>\n<\/ul>\n<h3 data-start=\"2626\" data-end=\"2665\">\tPre\u010do si vybra\u0165 NAKAA zmes oleja na vlasy?<\/h3>\n<ul data-start=\"2667\" data-end=\"3021\">\n<li data-start=\"2667\" data-end=\"2732\">\n<p data-start=\"2669\" data-end=\"2732\"><strong data-start=\"2671\" data-end=\"2688\">Vyroben\u00e9 v Egypte<\/strong> \u2013 Zakorenen\u00e9 v autentickej egyptskej bylinnnej starostlivosti.<\/p>\n<\/li>\n<li data-start=\"2733\" data-end=\"2800\">\n<p data-start=\"2735\" data-end=\"2800\"><strong data-start=\"2737\" data-end=\"2763\">Chladom lisovan\u00e9 a organick\u00e9<\/strong> \u2013 Bez pr\u00edsad a chemik\u00e1li\u00ed.<\/p>\n<\/li>\n<li data-start=\"2801\" data-end=\"2868\">\n<p data-start=\"2803\" data-end=\"2868\"><strong data-start=\"2805\" data-end=\"2824\">Pre mu\u017eov a \u017eeny<\/strong> \u2013 Vhodn\u00e9 pre v\u0161etky typy vlasov a probl\u00e9my.<\/p>\n<\/li>\n<li data-start=\"2869\" data-end=\"2938\">\n<p data-start=\"2871\" data-end=\"2938\"><strong data-start=\"2873\" data-end=\"2892\">Terapeutick\u00e9 pou\u017eitie<\/strong> \u2013 Viac ako kozmetick\u00e9 \u2013 lie\u010di a obnovuje.<\/p>\n<\/li>\n<li data-start=\"2939\" data-end=\"3021\">\n<p data-start=\"2941\" data-end=\"3021\"><strong data-start=\"2943\" data-end=\"2963\">Multifunk\u010dn\u00e9<\/strong> \u2013 Ide\u00e1lne pre vypad\u00e1vanie vlasov, starostlivos\u0165 o poko\u017eku hlavy a intenz\u00edvne zvlh\u010denie.<\/p>\n<\/li>\n<\/ul>\n<h3 data-start=\"3028\" data-end=\"3045\">\tAko pou\u017e\u00edva\u0165<\/h3>\n<p data-start=\"3047\" data-end=\"3272\">Aplikujte nieko\u013eko kvapiek priamo na poko\u017eku hlavy a vlasy. Jemne mas\u00edrujte na zlep\u0161enie krvn\u00e9ho obehu a zabezpe\u010denie absorpcie. Nechajte p\u00f4sobi\u0165 <strong data-start=\"3173\" data-end=\"3201\">nieko\u013eko hod\u00edn alebo cez noc<\/strong>, potom umyte jemn\u00fdm \u0161amp\u00f3nom. Pou\u017e\u00edvajte 2\u20133 kr\u00e1t t\u00fd\u017edenne pre najlep\u0161ie v\u00fdsledky.<\/p>\n<h3 data-start=\"3591\" data-end=\"3609\">\tZ\u00e1ver<\/h3>\n<p data-start=\"3611\" data-end=\"3886\">Vylep\u0161ite svoju starostlivos\u0165 o vlasy s <strong data-start=\"3644\" data-end=\"3668\">NAKAA zmesou oleja na vlasy<\/strong> \u2013 terapeutick\u00e1 sila pr\u00edrody, f\u013ea\u0161kovan\u00e1 pre kr\u00e1su. \u010ci u\u017e bojujete s vypad\u00e1van\u00edm vlasov, suchos\u0165ou alebo jednoducho h\u013ead\u00e1te bohat\u0161iu, pln\u0161iu vlasov\u00fa sk\u00fasenos\u0165, tento olej je <strong data-start=\"3836\" data-end=\"3859\">va\u0161e ide\u00e1lne rie\u0161enie<\/strong> pre dlhodob\u00e9 zdravie vlasov.<\/p>\n<p data-start=\"3888\" data-end=\"3954\">\ud83d\udc49 <strong data-start=\"3891\" data-end=\"3954\">Vysk\u00fa\u0161ajte ho dnes a poskytnite svojim vlasom starostlivos\u0165, ktor\u00fa skuto\u010dne zasl\u00fa\u017eia.<\/strong><\/p>\n<p style=\"text-align: center;\">\u010eakujeme za n\u00e1kup v <em data-start=\"415\" data-end=\"431\"><a href=\"https:\/\/bazaar.express\/sk\/\">Bazaar Express<\/a><\/em> \u2013 te\u0161\u00edme sa na v\u00e1s!<\/p>\n<p style=\"text-align: center;\">Pocitujte silu pr\u00edrody \u2014 \u010dist\u00e9 <a href=\"https:\/\/bazaar.express\/sk\/therapeutic-oils\/\">terapeutick\u00e9 oleje<\/a> pre ka\u017edodenn\u00e9 wellness.<\/p>\n","protected":false},"excerpt":{"rendered":"<h3 data-start=\"419\" data-end=\"657\">NAKAA zmes oleja na vlasy je 100 % pr\u00edrodn\u00e1 egyptsk\u00e1 formula sp\u00e1jaj\u00faca mand\u013eov\u00fd, jojobov\u00fd, ric\u00ednov\u00fd a olej z rukoly na posilnenie kore\u0148ov, zn\u00ed\u017eenie vypad\u00e1vania vlasov, v\u00fd\u017eivu poko\u017eky hlavy a ponechanie vlasov m\u00e4kk\u00fdch, leskl\u00fdch a zdrav\u00fdch. Vhodn\u00e1 pre mu\u017eov aj \u017eeny.<\/h3>\n","protected":false},"featured_media":44634,"comment_status":"open","ping_status":"closed","template":"","meta":[],"product_brand":[],"product_cat":[1161,1167,1171,1160],"product_tag":[1652,1653,1655,1654],"class_list":{"0":"post-44632","1":"product","2":"type-product","3":"status-publish","4":"has-post-thumbnail","6":"product_cat-terapeuticke-oleje","7":"product_cat-najlepsie-z-egypta","8":"product_cat-prirodne-oleje-nakaa","9":"product_cat-starostlivost-o-krasu","10":"product_tag-olej","11":"product_tag-prirodny-olej","12":"product_tag-starostlivost-o-krasu","13":"product_tag-starostlivost-o-plet","14":"pa_l-xl-300ml","16":"first","17":"instock","18":"sale","19":"shipping-taxable","20":"purchasable","21":"product-type-simple"},"_links":{"self":[{"href":"https:\/\/bazaar.express\/sk\/wp-json\/wp\/v2\/product\/44632","targetHints":{"allow":["GET"]}}],"collection":[{"href":"https:\/\/bazaar.express\/sk\/wp-json\/wp\/v2\/product"}],"about":[{"href":"https:\/\/bazaar.express\/sk\/wp-json\/wp\/v2\/types\/product"}],"replies":[{"embeddable":true,"href":"https:\/\/bazaar.express\/sk\/wp-json\/wp\/v2\/comments?post=44632"}],"wp:featuredmedia":[{"embeddable":true,"href":"https:\/\/bazaar.express\/sk\/wp-json\/wp\/v2\/media\/44634"}],"wp:attachment":[{"href":"https:\/\/bazaar.express\/sk\/wp-json\/wp\/v2\/media?parent=44632"}],"wp:term":[{"taxonomy":"product_brand","embeddable":true,"href":"https:\/\/bazaar.express\/sk\/wp-json\/wp\/v2\/product_brand?post=44632"},{"taxonomy":"product_cat","embeddable":true,"href":"https:\/\/bazaar.express\/sk\/wp-json\/wp\/v2\/product_cat?post=44632"},{"taxonomy":"product_tag","embeddable":true,"href":"https:\/\/bazaar.express\/sk\/wp-json\/wp\/v2\/product_tag?post=44632"}],"curies":[{"name":"wp","href":"https:\/\/api.w.org\/{rel}","templated":true}]}}