{"id":44635,"date":"2025-01-06T18:01:23","date_gmt":"2025-01-06T18:01:23","guid":{"rendered":"https:\/\/bazaar.express\/product\/white-sandal-oil\/"},"modified":"2025-01-06T18:01:23","modified_gmt":"2025-01-06T18:01:23","slug":"white-sandal-oil","status":"publish","type":"product","link":"https:\/\/bazaar.express\/sk\/produkt\/white-sandal-oil\/","title":{"rendered":"Biely santalov\u00fd olej"},"content":{"rendered":"<h2 data-start=\"203\" data-end=\"285\"><strong data-start=\"206\" data-end=\"285\">Biely santalov\u00fd olej \u2013 NAKAA: Staroegyptsk\u00fd luxus pre poko\u017eku, vlasy a blaho<\/strong><\/h2>\n<h3 data-start=\"287\" data-end=\"349\"><strong data-start=\"291\" data-end=\"349\">Objavte pr\u00edrodn\u00fa m\u00e1giu bieleho santalov\u00e9ho oleja \u2013 NAKAA<\/strong><\/h3>\n<p data-start=\"351\" data-end=\"683\">Biely santalov\u00fd olej \u2013 NAKAA je pr\u00e9miov\u00fd esenci\u00e1lny olej z\u00edskan\u00fd z \u010dist\u00fdch stromov bieleho santalov\u00e9ho dreva, cenen\u00fd pre svoje lie\u010div\u00e9 a aromatick\u00e9 vlastnosti. D\u00f4veryhodn\u00fd viac ako 4 000 rokov v \u00e1jurv\u00e9dskych a staroegyptsk\u00fdch trad\u00edci\u00e1ch, tento pr\u00edrodn\u00fd olej pon\u00faka kompletn\u00e9 rie\u0161enie pre starostlivos\u0165 o poko\u017eku, v\u00fd\u017eivu vlasov, \u00fa\u013eavu od stresu a vn\u00fatorn\u00e9 blaho.<\/p>\n<p data-start=\"685\" data-end=\"967\">S jeho upokojuj\u00facou ar\u00f3mou a terapeutick\u00fdmi vlastnos\u0165ami je biely santalov\u00fd olej \u2013 NAKAA ide\u00e1lny pre \u013eud\u00ed h\u013eadaj\u00facich v\u0161estrann\u00fd pr\u00edrodn\u00fd liek. \u010ci u\u017e bojujete s akn\u00e9, pred\u010dasn\u00fdm starnut\u00edm, podr\u00e1\u017eden\u00edm poko\u017eky hlavy alebo ka\u017edodenn\u00fdm stresom, tento olej je nad\u010dasov\u00fdm rie\u0161en\u00edm pre holistick\u00fa kr\u00e1su a zdravie.<\/p>\n<h3 data-start=\"974\" data-end=\"1020\"><strong data-start=\"978\" data-end=\"1020\">V\u00fdhody pre poko\u017eku: \u010cistenie, hojenie a \u017eiaru<\/strong><\/h3>\n<p data-start=\"1022\" data-end=\"1077\">Biely santalov\u00fd olej \u2013 NAKAA prenik\u00e1 hlboko do poko\u017eky, aby:<\/p>\n<ul data-start=\"1079\" data-end=\"1530\">\n<li data-start=\"1079\" data-end=\"1171\">\n<p data-start=\"1081\" data-end=\"1171\"><strong data-start=\"1081\" data-end=\"1108\">Zn\u00ed\u017eil akn\u00e9 a nedokonalosti<\/strong>: Jeho antibakteri\u00e1lne p\u00f4sobenie upokojuje v\u00fdrasty a zmier\u0148uje za\u010dervenanie.<\/p>\n<\/li>\n<li data-start=\"1172\" data-end=\"1260\">\n<p data-start=\"1174\" data-end=\"1260\"><strong data-start=\"1174\" data-end=\"1201\">Zosvetlil jazvy a tmav\u00e9 \u0161kvrny<\/strong>: Pravideln\u00e9 pou\u017e\u00edvanie podporuje rovnomern\u00fd t\u00f3n poko\u017eky a hlad\u0161iu text\u00faru.<\/p>\n<\/li>\n<li data-start=\"1261\" data-end=\"1348\">\n<p data-start=\"1263\" data-end=\"1348\"><strong data-start=\"1263\" data-end=\"1283\">Protistarn\u00faca sila<\/strong>: Pom\u00e1ha prirodzene zni\u017eova\u0165 vr\u00e1sky, jemn\u00e9 linky a strihy.<\/p>\n<\/li>\n<li data-start=\"1349\" data-end=\"1442\">\n<p data-start=\"1351\" data-end=\"1442\"><strong data-start=\"1351\" data-end=\"1383\">Upokojuje svrbenie a podr\u00e1\u017edenie<\/strong>: \u00da\u010dinn\u00fd proti ekz\u00e9mu, vyr\u00e1\u017ekam a alergick\u00fdm reakci\u00e1m.<\/p>\n<\/li>\n<li data-start=\"1443\" data-end=\"1530\">\n<p data-start=\"1445\" data-end=\"1530\"><strong data-start=\"1445\" data-end=\"1478\">Chr\u00e1ni pred slnkom a zne\u010disten\u00edm<\/strong>: Bohat\u00fd na antioxidanty, chr\u00e1ni poko\u017eku pred po\u0161koden\u00edm.<\/p>\n<\/li>\n<\/ul>\n<h3 data-start=\"1537\" data-end=\"1594\"><strong data-start=\"1541\" data-end=\"1594\">V\u00fdhody pre vlasy a poko\u017eku hlavy: Posilnenie, v\u00fd\u017eiva a rast<\/strong><\/h3>\n<p data-start=\"1596\" data-end=\"1648\">Tento luxusn\u00fd olej tie\u017e o\u017eivuje va\u0161e vlasy a poko\u017eku hlavy:<\/p>\n<ul data-start=\"1650\" data-end=\"1958\">\n<li data-start=\"1650\" data-end=\"1728\">\n<p data-start=\"1652\" data-end=\"1728\"><strong data-start=\"1652\" data-end=\"1678\">Stimuluje rast vlasov<\/strong>: Zvy\u0161uje cirkul\u00e1ciu na posilnenie vlasov\u00fdch folikulov.<\/p>\n<\/li>\n<li data-start=\"1729\" data-end=\"1798\">\n<p data-start=\"1731\" data-end=\"1798\"><strong data-start=\"1731\" data-end=\"1762\">Lie\u010di lupiny a such\u00fa poko\u017eku hlavy<\/strong>: Hydratuje pri upokojovan\u00ed podr\u00e1\u017edenia.<\/p>\n<\/li>\n<li data-start=\"1799\" data-end=\"1879\">\n<p data-start=\"1801\" data-end=\"1879\"><strong data-start=\"1801\" data-end=\"1819\">Obnovuje lesk<\/strong>: Hlboko kondicionuje such\u00e9, krehk\u00e9 pramene pre hodv\u00e1bny fini\u0161.<\/p>\n<\/li>\n<li data-start=\"1880\" data-end=\"1958\">\n<p data-start=\"1882\" data-end=\"1958\"><strong data-start=\"1882\" data-end=\"1907\">Bojuje proti l\u00e1mavosti vlasov<\/strong>: Dod\u00e1va vlhkos\u0165 a odolnos\u0165 pre zdrav\u0161ie vlasy.<\/p>\n<\/li>\n<\/ul>\n<h3 data-start=\"1965\" data-end=\"2020\"><strong data-start=\"1969\" data-end=\"2020\">Celkov\u00e9 blaho tela: Relax\u00e1cia, detoxik\u00e1cia a dob\u00edjanie<\/strong><\/h3>\n<p data-start=\"2022\" data-end=\"2076\">Biely santalov\u00fd olej \u2013 NAKAA nie je len kozmetick\u00fd \u2013 tie\u017e:<\/p>\n<ul data-start=\"2078\" data-end=\"2423\">\n<li data-start=\"2078\" data-end=\"2171\">\n<p data-start=\"2080\" data-end=\"2171\"><strong data-start=\"2080\" data-end=\"2115\">Prirodzene zni\u017euje krvn\u00fd tlak<\/strong>: Pri po\u017eit\u00ed v minim\u00e1lnych mno\u017estv\u00e1ch s teplou vodou alebo mliekom.<\/p>\n<\/li>\n<li data-start=\"2172\" data-end=\"2263\">\n<p data-start=\"2174\" data-end=\"2263\"><strong data-start=\"2174\" data-end=\"2201\">Uvo\u013e\u0148uje svalov\u00e9 nap\u00e4tie<\/strong>: Mas\u00e1\u017e na zmiernenie k\u0155\u010dov, tuhosti alebo \u00fanavy po cvi\u010den\u00ed.<\/p>\n<\/li>\n<li data-start=\"2264\" data-end=\"2332\">\n<p data-start=\"2266\" data-end=\"2332\"><strong data-start=\"2266\" data-end=\"2297\">Podporuje vn\u00fatorn\u00e9 \u010distenie<\/strong>: Jemn\u00e1 detoxik\u00e1cia pre telo a myse\u013e.<\/p>\n<\/li>\n<li data-start=\"2333\" data-end=\"2423\">\n<p data-start=\"2335\" data-end=\"2423\"><strong data-start=\"2335\" data-end=\"2353\">Zni\u017euje stres<\/strong>: Jeho upokojuj\u00faca v\u00f4\u0148a pom\u00e1ha relaxova\u0165 nervov\u00fd syst\u00e9m a zlep\u0161i\u0165 sp\u00e1nok.<\/p>\n<\/li>\n<\/ul>\n<h3 data-start=\"2430\" data-end=\"2473\"><strong data-start=\"2434\" data-end=\"2473\">Ako pou\u017e\u00edva\u0165 biely santalov\u00fd olej \u2013 NAKAA<\/strong><\/h3>\n<h4 data-start=\"2475\" data-end=\"2489\">Pre poko\u017eku:<\/h4>\n<p data-start=\"2490\" data-end=\"2585\">Aplikujte nieko\u013eko kvapiek priamo na problematick\u00e9 oblasti alebo zmie\u0161ajte s va\u0161\u00edm hydrata\u010dn\u00fdm kr\u00e9mom. Najlep\u0161ie pou\u017e\u00edva\u0165 pred span\u00edm.<\/p>\n<h4 data-start=\"2587\" data-end=\"2601\">Pre vlasy:<\/h4>\n<p data-start=\"2602\" data-end=\"2738\">Pridajte nieko\u013eko kvapiek do v\u00e1\u0161ho \u0161amp\u00f3nu alebo kondicion\u00e9ra. Na hlbok\u00fa lie\u010dbu mas\u00edrujte priamo do poko\u017eky hlavy a nechajte p\u00f4sobi\u0165 1 hodinu pred umyt\u00edm.<\/p>\n<h4 data-start=\"2740\" data-end=\"2763\">Pre \u00fa\u013eavu od svalov:<\/h4>\n<p data-start=\"2764\" data-end=\"2819\">Jemne mas\u00edrujte na bolestiv\u00e9 oblasti po fyzickej aktivite.<\/p>\n<h4 data-start=\"2821\" data-end=\"2858\">Pre relax\u00e1ciu a krvn\u00fd tlak:<\/h4>\n<p data-start=\"2859\" data-end=\"2970\">Zmie\u0161ajte 2\u20133 kvapky v teplej vode alebo mlieku a opatrne konzumujte. V\u017edy sa pora\u010fte s odborn\u00edkom na zdravie, ak ho pou\u017e\u00edvate interne.<\/p>\n<h3 data-start=\"2977\" data-end=\"3041\"><strong data-start=\"2981\" data-end=\"3041\">Pre\u010do si vybra\u0165 biely santalov\u00fd olej \u2013 NAKAA od BAZAAR EXPRESS?<\/strong><\/h3>\n<ul data-start=\"3043\" data-end=\"3480\">\n<li data-start=\"3043\" data-end=\"3141\">\n<p data-start=\"3045\" data-end=\"3141\"><strong data-start=\"3048\" data-end=\"3071\">100% \u010dist\u00fd a pr\u00edrodn\u00fd<\/strong> \u2013 Bez syntetick\u00fdch pr\u00edsad alebo pln\u00edv. Studen\u00e9 lisovanie pre maxim\u00e1lnu \u00fa\u010dinnos\u0165.<\/p>\n<\/li>\n<li data-start=\"3142\" data-end=\"3223\">\n<p data-start=\"3144\" data-end=\"3223\"><strong data-start=\"3147\" data-end=\"3178\">V\u0161estrann\u00fd elix\u00edr kr\u00e1sy<\/strong> \u2013 Funguje pre poko\u017eku, vlasy a vn\u00fatorn\u00e9 zdravie.<\/p>\n<\/li>\n<li data-start=\"3224\" data-end=\"3307\">\n<p data-start=\"3226\" data-end=\"3307\"><strong data-start=\"3229\" data-end=\"3263\">Starod\u00e1vny liek, modern\u00e9 v\u00fdsledky<\/strong> \u2013 D\u00f4veryhodn\u00fd po st\u00e1ro\u010dia, overen\u00fd vedou.<\/p>\n<\/li>\n<li data-start=\"3308\" data-end=\"3393\">\n<p data-start=\"3310\" data-end=\"3393\"><strong data-start=\"3315\" data-end=\"3332\">Vyroben\u00fd v Egypte<\/strong> \u2013 Hrdne vyroben\u00fd z vysoko kvalitn\u00e9ho bieleho santalov\u00e9ho dreva v Egypte.<\/p>\n<\/li>\n<li data-start=\"3394\" data-end=\"3480\">\n<p data-start=\"3396\" data-end=\"3480\"><strong data-start=\"3399\" data-end=\"3438\">R\u00fdchle vstreb\u00e1vanie, nelepiv\u00fd fini\u0161<\/strong> \u2013 Hlboko hydratuje bez upch\u00e1vania p\u00f3rov.<\/p>\n<\/li>\n<\/ul>\n<h2 data-start=\"3788\" data-end=\"3863\"><strong data-start=\"3791\" data-end=\"3863\">Z\u00e1ver: Povzbu\u010fte svoj ritu\u00e1l kr\u00e1sy s bielym santalov\u00fdm olejom \u2013 NAKAA<\/strong><\/h2>\n<p data-start=\"3865\" data-end=\"4165\">Ak h\u013ead\u00e1te siln\u00fd pr\u00edrodn\u00fd sp\u00f4sob, ako obnovi\u0165 \u017eiaru poko\u017eky, posilni\u0165 zdravie vlasov a zlep\u0161i\u0165 celkov\u00e9 blaho, biely santalov\u00fd olej \u2013 NAKAA je va\u0161e rie\u0161enie. Ru\u010dne vybran\u00fd a vyroben\u00fd v Egypte, tento starod\u00e1vny botanick\u00fd poklad sp\u00e1ja kr\u00e1su a blaho v jednej nad\u010dasovej formule.<\/p>\n<p data-start=\"4167\" data-end=\"4257\"><strong data-start=\"4169\" data-end=\"4257\">Objednajte si teraz od BAZAAR EXPRESS a objavte lie\u010div\u00fa trad\u00edciu najlep\u0161ieho oleja pr\u00edrody.<\/strong><\/p>\n<p style=\"text-align: center;\">\u010eakujeme za n\u00e1kup v <em data-start=\"415\" data-end=\"431\"><a href=\"https:\/\/bazaar.express\/sk\/\">Bazaar Express<\/a><\/em> \u2013 te\u0161\u00edme sa na v\u00e1s!<\/p>\n<p style=\"text-align: center;\">C\u00edtte silu pr\u00edrody \u2014 \u010dist\u00e9 <a href=\"https:\/\/bazaar.express\/sk\/therapeutic-oils\/\">Terapeutick\u00e9 oleje<\/a> pre ka\u017edodenn\u00e9 blaho.<\/p>\n","protected":false},"excerpt":{"rendered":"<h3 data-start=\"456\" data-end=\"797\">Biely santalov\u00fd olej \u2013 NAKAA je 100% pr\u00edrodn\u00fd esenci\u00e1lny olej z\u00edskan\u00fd z pr\u00e9miov\u00e9ho bieleho santalov\u00e9ho dreva. Zn\u00e1m\u00fd svojou upokojuj\u00facou ar\u00f3mou a viacer\u00fdmi v\u00fdhodami, vy\u017eivuje poko\u017eku, podporuje rast vlasov, uvo\u013e\u0148uje stres a pom\u00e1ha rie\u0161i\u0165 ko\u017en\u00e9 probl\u00e9my ako akn\u00e9 a z\u00e1paly. Ru\u010dne vyroben\u00fd v Egypte a d\u00f4veryhodn\u00fd v \u00e1jurv\u00e9dskej trad\u00edcii viac ako 4 000 rokov.<\/h3>\n","protected":false},"featured_media":44637,"comment_status":"open","ping_status":"closed","template":"","meta":[],"product_brand":[],"product_cat":[1161,1171,1160],"product_tag":[1652,1653,1655,1654],"class_list":{"0":"post-44635","1":"product","2":"type-product","3":"status-publish","4":"has-post-thumbnail","6":"product_cat-terapeuticke-oleje","7":"product_cat-prirodne-oleje-nakaa","8":"product_cat-starostlivost-o-krasu","9":"product_tag-olej","10":"product_tag-prirodny-olej","11":"product_tag-starostlivost-o-krasu","12":"product_tag-starostlivost-o-plet","13":"pa_l-xl-300ml","15":"first","16":"instock","17":"sale","18":"shipping-taxable","19":"purchasable","20":"product-type-simple"},"_links":{"self":[{"href":"https:\/\/bazaar.express\/sk\/wp-json\/wp\/v2\/product\/44635","targetHints":{"allow":["GET"]}}],"collection":[{"href":"https:\/\/bazaar.express\/sk\/wp-json\/wp\/v2\/product"}],"about":[{"href":"https:\/\/bazaar.express\/sk\/wp-json\/wp\/v2\/types\/product"}],"replies":[{"embeddable":true,"href":"https:\/\/bazaar.express\/sk\/wp-json\/wp\/v2\/comments?post=44635"}],"wp:featuredmedia":[{"embeddable":true,"href":"https:\/\/bazaar.express\/sk\/wp-json\/wp\/v2\/media\/44637"}],"wp:attachment":[{"href":"https:\/\/bazaar.express\/sk\/wp-json\/wp\/v2\/media?parent=44635"}],"wp:term":[{"taxonomy":"product_brand","embeddable":true,"href":"https:\/\/bazaar.express\/sk\/wp-json\/wp\/v2\/product_brand?post=44635"},{"taxonomy":"product_cat","embeddable":true,"href":"https:\/\/bazaar.express\/sk\/wp-json\/wp\/v2\/product_cat?post=44635"},{"taxonomy":"product_tag","embeddable":true,"href":"https:\/\/bazaar.express\/sk\/wp-json\/wp\/v2\/product_tag?post=44635"}],"curies":[{"name":"wp","href":"https:\/\/api.w.org\/{rel}","templated":true}]}}