{"id":44662,"date":"2024-12-27T14:58:10","date_gmt":"2024-12-27T14:58:10","guid":{"rendered":"https:\/\/bazaar.express\/product\/aloe-vera-cream-2\/"},"modified":"2024-12-27T14:58:10","modified_gmt":"2024-12-27T14:58:10","slug":"aloe-vera-cream-2","status":"publish","type":"product","link":"https:\/\/bazaar.express\/sk\/produkt\/aloe-vera-cream-2\/","title":{"rendered":"Kr\u00e9m s aloe vera"},"content":{"rendered":"<h2 data-start=\"0\" data-end=\"69\"><strong data-start=\"3\" data-end=\"69\">Aloe vera \u2013 P\u0159\u00edrodn\u00fd upokojuj\u00faci dotyk pre hydratovan\u00fa, zdrav\u00fa poko\u017eku<\/strong><\/h2>\n<h3 data-start=\"71\" data-end=\"135\"><strong data-start=\"75\" data-end=\"135\">Jemn\u00e9, organick\u00e9 o\u0161etrenie poko\u017eky, ktor\u00e9 lie\u010di, hydratuje a chr\u00e1ni<\/strong><\/h3>\n<p data-start=\"137\" data-end=\"533\">Ak je va\u0161a poko\u017eka such\u00e1, citliv\u00e1, sp\u00e1len\u00e1 od slnka alebo jednoducho vystresovan\u00e1, <strong data-start=\"203\" data-end=\"231\">kr\u00e9m Orgakera Aloe Vera<\/strong> je va\u0161\u00edm ide\u00e1lnym prostriedkom. Formulovan\u00fd s viac ako <strong data-start=\"277\" data-end=\"310\">70 % organick\u00e9ho extraktu aloe vera<\/strong>, tento \u013eahk\u00fd, upokojuj\u00faci <strong data-start=\"338\" data-end=\"351\">kr\u00e9m s aloe vera<\/strong> pon\u00faka siln\u00fa hydrat\u00e1ciu, prirodzen\u00e9 hojenie a denn\u00fd ochrann\u00fd efekt bez drsn\u00fdch chemik\u00e1li\u00ed. Je ide\u00e1lny pre ka\u017ed\u00e9ho, kto potrebuje bezpe\u010dn\u00fd a efekt\u00edvny sp\u00f4sob starostlivosti o jemn\u00fa poko\u017eku.<\/p>\n<p data-start=\"535\" data-end=\"806\">V\u010faka svojej r\u00fdchlo sa vstreb\u00e1vaj\u00facej, nelepivej text\u00fare tento kr\u00e9m dod\u00e1va hlbiv\u00e9 v\u00fd\u017eivov\u00e9 l\u00e1tky such\u00fdm miestam, upokojuje pop\u00e1leniny a podr\u00e1\u017edenia a podporuje aj hojenie r\u00e1n. \u010ci u\u017e sa pou\u017e\u00edva denne alebo na cielen\u00fa \u00fa\u013eavu, je va\u0161\u00edm spo\u013eahliv\u00fdm spolo\u010dn\u00edkom pre hladk\u00fa, upokojen\u00fa a osvie\u017een\u00fa poko\u017eku.<\/p>\n<h3 data-start=\"813\" data-end=\"855\"><strong data-start=\"817\" data-end=\"855\">\u00a0Hlavn\u00e9 v\u00fdhody kr\u00e9mu s aloe vera<\/strong><\/h3>\n<h4 data-start=\"857\" data-end=\"910\"><strong data-start=\"862\" data-end=\"910\">Dlhotrvaj\u00faca vlhkos\u0165 bez upch\u00e1vania p\u00f3rov<\/strong><\/h4>\n<p data-start=\"911\" data-end=\"1131\">V\u010faka svojej ultra\u013eahkej formule <strong data-start=\"952\" data-end=\"971\">kr\u00e9m s aloe vera<\/strong> poskytuje dlhotrvaj\u00facu hydrat\u00e1ciu pri zachovan\u00ed d\u00fdchania poko\u017eky. Je ide\u00e1lny pre such\u00e9, \u0161upinat\u00e9 alebo citliv\u00e9 typy poko\u017eky, ktor\u00e9 potrebuj\u00fa v\u00fd\u017eivu bez \u0165a\u017ekosti.<\/p>\n<h4 data-start=\"1133\" data-end=\"1175\"><strong data-start=\"1138\" data-end=\"1175\">Upokojuje pop\u00e1leniny od slnka a podr\u00e1\u017edenie poko\u017eky<\/strong><\/h4>\n<p data-start=\"1176\" data-end=\"1353\"><strong data-start=\"1196\" data-end=\"1240\">Prirodzen\u00e9 chladiv\u00e9 a protiz\u00e1palov\u00e9 vlastnosti aloe vera<\/strong> ho robia ide\u00e1lnym na upokojenie pop\u00e1len\u00edn od slnka, uhryznut\u00ed hmyzom, za\u010dervenania a podr\u00e1\u017edenia \u2013 poskytuje okam\u017eit\u00fd komfort a \u00fa\u013eavu.<\/p>\n<h4 data-start=\"1355\" data-end=\"1399\"><strong data-start=\"1360\" data-end=\"1399\">Zr\u00fdch\u013euje hojenie rezov a vredov<\/strong><\/h4>\n<p data-start=\"1400\" data-end=\"1582\">Od men\u0161\u00edch r\u00e1n po mal\u00e9 vredy tento kr\u00e9m vytv\u00e1ra jemn\u00fa ochrann\u00fa vrstvu a pom\u00e1ha poko\u017eke regenerova\u0165 sa r\u00fdchlej\u0161ie. Je to upokojuj\u00face doplnenie ka\u017edej rutiny starostlivosti o poko\u017eku alebo prvej pomoci.<\/p>\n<h4 data-start=\"1584\" data-end=\"1622\"><strong data-start=\"1589\" data-end=\"1622\">Vyroben\u00fd z organick\u00fdch ingredienci\u00ed<\/strong><\/h4>\n<p data-start=\"1623\" data-end=\"1805\">S <strong data-start=\"1628\" data-end=\"1662\">viac ako 70 % organick\u00e9ho extraktu aloe vera<\/strong> a zmesou bezpe\u010dn\u00fdch, poko\u017eku miluj\u00facich zlo\u017eiek tento kr\u00e9m prin\u00e1\u0161a lie\u010div\u00fa silu pr\u00edrody bez umel\u00fdch pr\u00edsad, parfumov alebo parab\u00e9nov.<\/p>\n<h4 data-start=\"1807\" data-end=\"1839\"><strong data-start=\"1812\" data-end=\"1839\">Bezpe\u010dn\u00fd pre v\u0161etky typy poko\u017eky<\/strong><\/h4>\n<p data-start=\"1840\" data-end=\"1994\">\u010ci je va\u0161a poko\u017eka such\u00e1, mastn\u00e1, citliv\u00e1 alebo n\u00e1chyln\u00e1 na akn\u00e9, t\u00e1to formula je navrhnut\u00e1 tak, aby <strong data-start=\"1934\" data-end=\"1966\">upokojovala a podporovala zdravie poko\u017eky<\/strong> bez sp\u00f4sobovania podr\u00e1\u017edenia.<\/p>\n<h3 data-start=\"2001\" data-end=\"2023\"><strong data-start=\"2005\" data-end=\"2023\">\u00a0Ingrediencie<\/strong><\/h3>\n<ul data-start=\"2025\" data-end=\"2371\">\n<li data-start=\"2025\" data-end=\"2103\">\n<p data-start=\"2027\" data-end=\"2103\"><strong data-start=\"2027\" data-end=\"2063\">Extrakt z aloe vera (viac ako 70 % organick\u00fd)<\/strong> \u2013 Hydratuje, lie\u010di a upokojuje poko\u017eku<\/p>\n<\/li>\n<li data-start=\"2104\" data-end=\"2164\">\n<p data-start=\"2106\" data-end=\"2164\"><strong data-start=\"2106\" data-end=\"2122\">Voda (Aqua)<\/strong> \u2013 \u013dahk\u00e1 b\u00e1za pre r\u00fdchle vstreb\u00e1vanie<\/p>\n<\/li>\n<li data-start=\"2165\" data-end=\"2212\">\n<p data-start=\"2167\" data-end=\"2212\"><strong data-start=\"2167\" data-end=\"2181\">Emolienty<\/strong> \u2013 Zm\u00e4kkuj\u00fa a vyhladzuj\u00fa such\u00fa poko\u017eku<\/p>\n<\/li>\n<li data-start=\"2213\" data-end=\"2287\">\n<p data-start=\"2215\" data-end=\"2287\"><strong data-start=\"2215\" data-end=\"2240\">Pr\u00edrodn\u00e9 konzervanty<\/strong> \u2013 Udr\u017euj\u00fa svie\u017eos\u0165 bez drsn\u00fdch chemik\u00e1li\u00ed<\/p>\n<\/li>\n<li data-start=\"2288\" data-end=\"2371\">\n<p data-start=\"2290\" data-end=\"2371\"><strong data-start=\"2290\" data-end=\"2323\">\u010eal\u0161ie organick\u00e9 zlo\u017eky<\/strong> \u2013 Zlep\u0161uj\u00fa hydrat\u00e1ciu a prirodzene opravuj\u00fa poko\u017eku<\/p>\n<\/li>\n<\/ul>\n<blockquote data-start=\"2373\" data-end=\"2541\">\n<p data-start=\"2375\" data-end=\"2541\"><em data-start=\"2375\" data-end=\"2541\">Pozn\u00e1mka: Preto\u017ee pou\u017e\u00edvame pr\u00edrodn\u00e9 ingrediencie, m\u00f4\u017eu sa vyskytn\u00fa\u0165 mierne vari\u00e1cie v text\u00fare, farbe alebo v\u00f4ni \u2013 ale bu\u010fte uisten\u00ed, \u017ee kvalita a \u00fa\u010dinnos\u0165 zost\u00e1vaj\u00fa konzistentn\u00e9.<\/em><\/p>\n<\/blockquote>\n<h3 data-start=\"2548\" data-end=\"2569\"><strong data-start=\"2552\" data-end=\"2569\">\u00a0Ako pou\u017e\u00edva\u0165<\/strong><\/h3>\n<ul data-start=\"2571\" data-end=\"2873\">\n<li data-start=\"2571\" data-end=\"2668\">\n<p data-start=\"2573\" data-end=\"2668\"><strong data-start=\"2573\" data-end=\"2590\">Pre such\u00fa poko\u017eku:<\/strong> Naneste na such\u00e9 alebo svrbiv\u00e9 miesta <strong data-start=\"2619\" data-end=\"2638\">2\u20133-kr\u00e1t denne<\/strong> a mas\u00edrujte, k\u00fdm sa nevstreb\u00e1.<\/p>\n<\/li>\n<li data-start=\"2669\" data-end=\"2773\">\n<p data-start=\"2671\" data-end=\"2773\"><strong data-start=\"2671\" data-end=\"2701\">Pre pop\u00e1leniny od slnka alebo podr\u00e1\u017edenie:<\/strong> Jemne naneste na postihnut\u00e9 miesta pre chladiv\u00fa \u00fa\u013eavu. Nan\u00e1\u0161ajte pod\u013ea potreby.<\/p>\n<\/li>\n<li data-start=\"2774\" data-end=\"2873\">\n<p data-start=\"2776\" data-end=\"2873\"><strong data-start=\"2776\" data-end=\"2795\">Pre starostlivos\u0165 o rany:<\/strong> Pou\u017eite tenk\u00fa vrstvu na men\u0161ie rezy alebo vredy na podporu hojenia a ochrany.<\/p>\n<\/li>\n<\/ul>\n<h3 data-start=\"2880\" data-end=\"2899\"><strong data-start=\"2884\" data-end=\"2899\">\u00a0Upozornenia<\/strong><\/h3>\n<ul data-start=\"2901\" data-end=\"3001\">\n<li data-start=\"2901\" data-end=\"2930\">\n<p data-start=\"2903\" data-end=\"2930\">Len <strong data-start=\"2907\" data-end=\"2928\">na vonkaj\u0161ie pou\u017eitie<\/strong><\/p>\n<\/li>\n<li data-start=\"2931\" data-end=\"2962\">\n<p data-start=\"2933\" data-end=\"2962\">Vyhnite sa kontaktu s <strong data-start=\"2952\" data-end=\"2960\">o\u010di<\/strong><\/p>\n<\/li>\n<li data-start=\"2963\" data-end=\"3001\">\n<p data-start=\"2965\" data-end=\"3001\">Skladujte mimo dosahu <strong data-start=\"2981\" data-end=\"3001\">det\u00ed<\/strong><\/p>\n<\/li>\n<\/ul>\n<h3 data-start=\"3418\" data-end=\"3442\"><strong data-start=\"3422\" data-end=\"3442\">\u00a0Z\u00e1vern\u00e9 my\u0161lienky<\/strong><\/h3>\n<p data-start=\"3444\" data-end=\"3701\">Nech va\u0161a poko\u017eka za\u017eije jemn\u00fa silu <strong data-start=\"3492\" data-end=\"3520\">kr\u00e9mu Orgakera Aloe Vera<\/strong>. \u010ci u\u017e potrebujete denn\u00fa hydrat\u00e1ciu, prirodzen\u00fd liek na pop\u00e1leniny od slnka alebo upokojuj\u00facu starostlivos\u0165 o citliv\u00fa poko\u017eku, tento kr\u00e9m v\u00e1m prin\u00e1\u0161a silu <strong data-start=\"3658\" data-end=\"3690\">najviac d\u00f4veryhodn\u00e9ho pr\u00edrodn\u00e9ho lie\u010dite\u013ea<\/strong> \u2013 aloe vera.<\/p>\n<p data-start=\"3703\" data-end=\"3783\" data-is-last-node=\"\" data-is-only-node=\"\"><strong data-start=\"3703\" data-end=\"3783\" data-is-last-node=\"\">Vysk\u00fa\u0161ajte ho dnes a poc\u00edtite rozdiel. Upokojenie. Hojenie. \u017diarivos\u0165. S Bazaar Express.<\/strong><\/p>\n<p style=\"text-align: center;\">\u010eakujeme za n\u00e1kup v <em data-start=\"415\" data-end=\"431\"><a href=\"https:\/\/bazaar.express\/sk\/\">Bazaar Express<\/a><\/em> \u2013 te\u0161\u00edme sa na v\u00e1s!<\/p>\n<p style=\"text-align: center;\">Va\u0161a cesta k lep\u0161ej starostlivosti o seba sa za\u010d\u00edna tu \u2013 s <a href=\"https:\/\/bazaar.express\/product-category\/beauty-care\/\">Beauty &#038; Care<\/a>, na ktor\u00fa sa m\u00f4\u017eete spo\u013eahn\u00fa\u0165.<\/p>\n","protected":false},"excerpt":{"rendered":"<h3 data-start=\"492\" data-end=\"677\">\u013dahk\u00fd, r\u00fdchlo sa vstreb\u00e1vaj\u00faci kr\u00e9m s 70 % organick\u00fdm aloe vera na hydrat\u00e1ciu suchej poko\u017eky, upokojenie podr\u00e1\u017edenia, zmiernenie pop\u00e1len\u00edn od slnka a podporu hojenia poko\u017eky. Ide\u00e1lny pre citliv\u00fa poko\u017eku a ka\u017edodenn\u00e9 pou\u017eitie.<\/h3>\n","protected":false},"featured_media":44664,"comment_status":"open","ping_status":"closed","template":"","meta":[],"product_brand":[],"product_cat":[1160],"product_tag":[1731,1660,1652],"class_list":{"0":"post-44662","1":"product","2":"type-product","3":"status-publish","4":"has-post-thumbnail","6":"product_cat-starostlivost-o-krasu","7":"product_tag-krem","8":"product_tag-masaz","9":"product_tag-olej","10":"pa_l-xl-250ml","12":"first","13":"instock","14":"shipping-taxable","15":"purchasable","16":"product-type-simple"},"_links":{"self":[{"href":"https:\/\/bazaar.express\/sk\/wp-json\/wp\/v2\/product\/44662","targetHints":{"allow":["GET"]}}],"collection":[{"href":"https:\/\/bazaar.express\/sk\/wp-json\/wp\/v2\/product"}],"about":[{"href":"https:\/\/bazaar.express\/sk\/wp-json\/wp\/v2\/types\/product"}],"replies":[{"embeddable":true,"href":"https:\/\/bazaar.express\/sk\/wp-json\/wp\/v2\/comments?post=44662"}],"wp:featuredmedia":[{"embeddable":true,"href":"https:\/\/bazaar.express\/sk\/wp-json\/wp\/v2\/media\/44664"}],"wp:attachment":[{"href":"https:\/\/bazaar.express\/sk\/wp-json\/wp\/v2\/media?parent=44662"}],"wp:term":[{"taxonomy":"product_brand","embeddable":true,"href":"https:\/\/bazaar.express\/sk\/wp-json\/wp\/v2\/product_brand?post=44662"},{"taxonomy":"product_cat","embeddable":true,"href":"https:\/\/bazaar.express\/sk\/wp-json\/wp\/v2\/product_cat?post=44662"},{"taxonomy":"product_tag","embeddable":true,"href":"https:\/\/bazaar.express\/sk\/wp-json\/wp\/v2\/product_tag?post=44662"}],"curies":[{"name":"wp","href":"https:\/\/api.w.org\/{rel}","templated":true}]}}