{"id":44676,"date":"2024-12-26T15:06:43","date_gmt":"2024-12-26T15:06:43","guid":{"rendered":"https:\/\/bazaar.express\/product\/ostrich-fat\/"},"modified":"2026-03-01T20:40:49","modified_gmt":"2026-03-01T20:40:49","slug":"ostrich-fat","status":"publish","type":"product","link":"https:\/\/bazaar.express\/sk\/produkt\/ostrich-fat\/","title":{"rendered":"Kr\u00e9m proti vr\u00e1skam z tuku p\u0161trosa"},"content":{"rendered":"<h2><strong>Tuk z p\u0161trosa \u2013 Pr\u00edrodn\u00e9 rie\u0161enie pre poko\u017eku bez vr\u00e1sok a mladistv\u00fa<\/strong><\/h2>\n<h3><strong>Rozl\u00fa\u010dte sa s jemn\u00fdmi linkami s v\u00fd\u017eivnou silou Kr\u00e9mu proti vr\u00e1skam z tuku p\u0161trosa<\/strong><\/h3>\n<p>Objavte hlboko regenera\u010dn\u00e9 a protivr\u00e1skov\u00e9 v\u00fdhody <strong>Kr\u00e9mu proti vr\u00e1skam z tuku p\u0161trosa<\/strong> \u2013 v\u00e1\u0161 \u00faplne pr\u00edrodn\u00fd tajomstvo pre hlad\u0161iu, pevnej\u0161iu a \u017eiarivej\u0161iu poko\u017eku. Obohaten\u00fd o <strong>\u010dist\u00fd tuk z p\u0161trosa<\/strong>, esenci\u00e1lne oleje a siln\u00e9 vitam\u00edny, tento bohat\u00fd a luxusn\u00fd <strong>tuk z p\u0161trosa<\/strong> kr\u00e9m je navrhnut\u00fd na cielenie <strong>vr\u00e1sok na tv\u00e1ri a krku<\/strong>, podporu kolag\u00e9nu a o\u017eivenie unavenej poko\u017eky.<\/p>\n<p>Bez drsn\u00fdch chemik\u00e1li\u00ed a pln\u00fd v\u00fd\u017eivn\u00fdch ingredienci\u00ed sa tento kr\u00e9m bezprobl\u00e9movo za\u010dlen\u00ed do va\u0161ej dennej starostlivosti o ple\u0165 a pom\u00f4\u017ee v\u00e1m dosiahnu\u0165 vidite\u013en\u00e9 zlep\u0161enia do nieko\u013ek\u00fdch dn\u00ed. \u010ci ste v tridsiatych rokoch alebo star\u0161\u00ed, je va\u0161\u00edm perfektn\u00fdm spojencom pre pr\u00edrodn\u00fa, mladistv\u00fa poko\u017eku.<\/p>\n<h3><strong> \u010co rob\u00ed kr\u00e9m z tuku p\u0161trosa tak \u00fa\u010dinn\u00fdm?<\/strong><\/h3>\n<h4><strong>Vyhladzuje jemn\u00e9 linky a vr\u00e1sky<\/strong><\/h4>\n<p>V\u010faka podpore <strong>v\u00fdroby kolag\u00e9nu<\/strong> tento kr\u00e9m zni\u017euje vidite\u013enos\u0165 jemn\u00fdch liniek a stiahne poko\u017eku \u2013 najm\u00e4 v oblastiach n\u00e1chyln\u00fdch na vr\u00e1sky ako <strong>\u010delo, o\u010di a krk<\/strong>.<\/p>\n<h4><strong>Hlbok\u00e1 hydrat\u00e1cia a oprava poko\u017eky<\/strong><\/h4>\n<p><strong>Tuk z p\u0161trosa<\/strong> je bohat\u00fd na <strong>omega-3, 6, 9 mastn\u00e9 kyseliny<\/strong> a <strong>kyselina linolov\u00e1<\/strong>, ktor\u00e9 hlboko zvlh\u010duj\u00fa poko\u017eku, posil\u0148uj\u00fa jej bari\u00e9ru a zabra\u0148uj\u00fa suchosti a \u0161upinateniu.<\/p>\n<h4><strong>Obnovuje prirodzen\u00fd lesk<\/strong><\/h4>\n<p>V\u010faka silnej zmesi <strong>m\u00e4ty piepornej, eukalyptu a sezamov\u00e9ho oleja<\/strong> kr\u00e9m osvie\u017euje nudn\u00fa poko\u017eku a obnovuje prirodzen\u00fd, zdrav\u00fd lesk.<\/p>\n<h4><strong>Chr\u00e1ni pred po\u0161koden\u00edm UV \u017eiaren\u00edm<\/strong><\/h4>\n<p>Kr\u00e9m tie\u017e prispieva k <strong>ochrane poko\u017eky<\/strong> pred starnut\u00edm sp\u00f4soben\u00fdm UV \u017eiaren\u00edm a environment\u00e1lnym stresom \u2013 \u010do ho rob\u00ed ide\u00e1lnym na denn\u00e9 pou\u017eitie cez de\u0148.<\/p>\n<h4><strong>Vidite\u013en\u00e9 v\u00fdsledky za t\u00fd\u017edne<\/strong><\/h4>\n<ul>\n<li><strong>Za 7 dn\u00ed:<\/strong> Poko\u017eka p\u00f4sob\u00ed hlad\u0161ou a \u017eiarivej\u0161ou, s men\u0161ou za\u010dervenanos\u0165ou a hrubos\u0165ou.<\/li>\n<li><strong>Za 4 t\u00fd\u017edne:<\/strong> Vr\u00e1sky s\u00fa vidite\u013ene zn\u00ed\u017een\u00e9, poko\u017eka p\u00f4sob\u00ed pevnej\u0161ou a obrysy tv\u00e1re sa zdaj\u00fa zdvihnutej\u0161ie.<\/li>\n<\/ul>\n<h3><strong> K\u013e\u00fa\u010dov\u00e9 ingrediencie<\/strong><\/h3>\n<ul>\n<li><strong>Tuk z p\u0161trosa:<\/strong> Bohat\u00fd na mastn\u00e9 kyseliny podporuj\u00face kolag\u00e9n pre hlbok\u00fa obnovu poko\u017eky<\/li>\n<li><strong>Vitam\u00edn A a Vitam\u00edn E:<\/strong> Antioxidanty, ktor\u00e9 podporuj\u00fa regener\u00e1ciu poko\u017eky a mladistv\u00fa text\u00faru<\/li>\n<li><strong>Oleje z m\u00e4ty piepornej a eukalyptu:<\/strong> O\u017eivuj\u00fa a upokojuj\u00fa unaven\u00fa poko\u017eku<\/li>\n<li><strong>Oleje z klin\u010deka, zeleru a tymianu:<\/strong> Prirodzen\u00e9 rastlinn\u00e9 l\u00e1tky, ktor\u00e9 chr\u00e1nia a vy\u017eivuj\u00fa poko\u017eku<\/li>\n<\/ul>\n<h3><strong> Ako pou\u017e\u00edva\u0165<\/strong><\/h3>\n<ol>\n<li>Na \u010dist\u00fa, such\u00fa poko\u017eku naneste mal\u00e9 mno\u017estvo <strong>Kr\u00e9mu proti vr\u00e1skam z tuku p\u0161trosa<\/strong> na <strong>tv\u00e1r a krk<\/strong>.<\/li>\n<li>Pou\u017eite <strong>jemn\u00e9 kruhov\u00e9 pohyby<\/strong> prstami na mas\u00e1\u017e kr\u00e9mu, k\u00fdm sa \u00faplne nevstreb\u00e1.<\/li>\n<li>Pre najlep\u0161ie v\u00fdsledky pou\u017e\u00edvajte <strong>dva razy denne<\/strong> \u2013 raz r\u00e1no a raz pred span\u00edm.<\/li>\n<\/ol>\n<h3><strong> Upozornenia<\/strong><\/h3>\n<ul>\n<li>Len na <strong>vonkaj\u0161ie pou\u017eitie<\/strong><\/li>\n<li>Vyhnite sa priamemu kontaktu s <strong>o\u010dami<\/strong><\/li>\n<li>Skladujte na <strong>chladnom, suchom mieste<\/strong>, mimo dosahu det\u00ed<\/li>\n<\/ul>\n<h3><strong> Z\u00e1ver<\/strong><\/h3>\n<p><strong>Kr\u00e9m proti vr\u00e1skam z tuku p\u0161trosa<\/strong> je viac ne\u017e len zvlh\u010dova\u010d \u2013 je to pr\u00edrodn\u00e1 sila, ktor\u00e1 cieli na <strong>hlavn\u00e9 pr\u00ed\u010diny starnutia poko\u017eky<\/strong>, pri\u010dom obnovuje pevnos\u0165, hydrat\u00e1ciu a lesk va\u0161ej poko\u017eky. Je jemn\u00fd, \u00fa\u010dinn\u00fd a perfektn\u00fd na denn\u00e9 pou\u017eitie pre kohoko\u013evek, kto chce vr\u00e1ti\u0165 mladistv\u00fa vitalitu do tv\u00e1re a krku.<\/p>\n<p><strong>Vysk\u00fa\u0161ajte ho dnes s Bazaar Express a za\u017eite vidite\u013en\u00e9 v\u00fdsledky, ktor\u00e9 hovoria samy za seba. Hladk\u00e1 poko\u017eka je len poh\u00e1r vzdialen\u00e1.<\/strong><\/p>\n<p>&nbsp;<\/p>\n<p style=\"text-align: center;\">\u010eakujeme za n\u00e1kup v <em data-start=\"415\" data-end=\"431\"><a href=\"https:\/\/bazaar.express\/sk\/\">Bazaar Express<\/a><\/em> \u2013 te\u0161\u00edme sa, \u017ee ste tu!<\/p>\n<p style=\"text-align: center;\">Va\u0161a cesta k lep\u0161ej starostlivosti o seba za\u010d\u00edna tu \u2013 s <a href=\"https:\/\/bazaar.express\/product-category\/beauty-care\/\">Beauty &#038; Care<\/a>, na ktor\u00fa sa m\u00f4\u017eete spo\u013eahn\u00fa\u0165.<\/p>\n","protected":false},"excerpt":{"rendered":"<h3 data-start=\"522\" data-end=\"713\">Kr\u00e9m proti vr\u00e1skam poh\u00e1\u0148an\u00fd tukom z p\u0161trosa bohat\u00fdm na omega, esenci\u00e1lnymi olejmi a vitam\u00ednmi. Cieli na linky na tv\u00e1ri a krku, hlboko hydratuje a obnovuje prirodzen\u00fd lesk poko\u017eky bez drsn\u00fdch chemik\u00e1li\u00ed.<\/h3>\n","protected":false},"featured_media":44678,"comment_status":"open","ping_status":"closed","template":"","meta":[],"product_brand":[],"product_cat":[1160],"product_tag":[1731,1652,1653],"class_list":{"0":"post-44676","1":"product","2":"type-product","3":"status-publish","4":"has-post-thumbnail","6":"product_cat-starostlivost-o-krasu","7":"product_tag-krem","8":"product_tag-olej","9":"product_tag-prirodny-olej","10":"pa_l-xl-120gm","12":"first","13":"instock","14":"shipping-taxable","15":"purchasable","16":"product-type-simple"},"_links":{"self":[{"href":"https:\/\/bazaar.express\/sk\/wp-json\/wp\/v2\/product\/44676","targetHints":{"allow":["GET"]}}],"collection":[{"href":"https:\/\/bazaar.express\/sk\/wp-json\/wp\/v2\/product"}],"about":[{"href":"https:\/\/bazaar.express\/sk\/wp-json\/wp\/v2\/types\/product"}],"replies":[{"embeddable":true,"href":"https:\/\/bazaar.express\/sk\/wp-json\/wp\/v2\/comments?post=44676"}],"wp:featuredmedia":[{"embeddable":true,"href":"https:\/\/bazaar.express\/sk\/wp-json\/wp\/v2\/media\/44678"}],"wp:attachment":[{"href":"https:\/\/bazaar.express\/sk\/wp-json\/wp\/v2\/media?parent=44676"}],"wp:term":[{"taxonomy":"product_brand","embeddable":true,"href":"https:\/\/bazaar.express\/sk\/wp-json\/wp\/v2\/product_brand?post=44676"},{"taxonomy":"product_cat","embeddable":true,"href":"https:\/\/bazaar.express\/sk\/wp-json\/wp\/v2\/product_cat?post=44676"},{"taxonomy":"product_tag","embeddable":true,"href":"https:\/\/bazaar.express\/sk\/wp-json\/wp\/v2\/product_tag?post=44676"}],"curies":[{"name":"wp","href":"https:\/\/api.w.org\/{rel}","templated":true}]}}