{"id":44679,"date":"2024-12-26T01:44:15","date_gmt":"2024-12-26T01:44:15","guid":{"rendered":"https:\/\/bazaar.express\/product\/triple-care-soap\/"},"modified":"2024-12-26T01:44:15","modified_gmt":"2024-12-26T01:44:15","slug":"triple-care-soap","status":"publish","type":"product","link":"https:\/\/bazaar.express\/sk\/produkt\/triple-care-soap\/","title":{"rendered":"Triple Care Mydlo"},"content":{"rendered":"<h2><strong>Starostliv\u00e9 mydlo \u2013 Pr\u00edrodn\u00e1 obnova poko\u017eky s trojitou bylinnou silou<\/strong><\/h2>\n<h3><strong>\u017diarenie, \u010distenie a v\u00fd\u017eiva s kolekciou Lotus Triple Care Mydlo<\/strong><\/h3>\n<p>Za\u017eite jemn\u00e9, no v\u00fdkonn\u00e9 \u00fa\u010dinky <strong>starostliv\u00e9ho mydla<\/strong> s <strong>Lotus Triple Care Mydlo<\/strong>, pr\u00edrodn\u00fa zmes troch ru\u010dne vyroben\u00fdch mydlov\u00fdch ty\u010diniek navrhnut\u00fdch na transform\u00e1ciu va\u0161ej rutiny starostlivosti o poko\u017eku. T\u00e1to sada pon\u00faka <strong>komplexn\u00e9 rie\u0161enie starostlivosti o poko\u017eku<\/strong> \u2013 hydrat\u00e1ciu, exfoli\u00e1ciu, rozjasnenie a ochranu va\u0161ej poko\u017eky pomocou najlep\u0161\u00edch botanick\u00fdch a vitam\u00ednmi bohat\u00fdch ingredienci\u00ed.<\/p>\n<p>Od <strong>h\u013abkov\u00e9ho \u010distenia<\/strong> a <strong>kontroly akn\u00e9<\/strong> po <strong>rozjasnenie tmav\u00fdch oblast\u00ed<\/strong> a <strong>v\u00fd\u017eivu suchej poko\u017eky<\/strong>, ka\u017ed\u00e9 mydlo v tomto triu je pln\u00e9 v\u00fdhod. \u010ci u\u017e v\u00e1s tr\u00e1pi mastnota, nudn\u00e1 ple\u0165, nedokonalosti alebo hrub\u00e1 text\u00fara \u2013 <strong>Starostliv\u00e9 mydlo od Lotus<\/strong> je va\u0161ou ka\u017edodennou vo\u013ebou pre zdrav\u00fa, \u017eiariv\u00fa poko\u017eku od hlavy po p\u00e4ty.<\/p>\n<h3><strong>\u00a0Africk\u00e9 mydlo \u2013 H\u013abkov\u00e9 \u010distenie a redukcia \u0161kv\u0155n<\/strong><\/h3>\n<h4><strong>Ingrediencie:<\/strong><\/h4>\n<p>Pr\u00edrodn\u00e9 oleje, rastlinn\u00e9 tuky<\/p>\n<h4><strong>V\u00fdhody:<\/strong><\/h4>\n<ul>\n<li>Odstra\u0148uje prebyto\u010dn\u00fd olej a ne\u010distoty, najm\u00e4 v hor\u00facom, vlhkom po\u010das\u00ed<\/li>\n<li>Vyhladzuje hrub\u00fa poko\u017eku a zlep\u0161uje celkov\u00fa text\u00faru<\/li>\n<li>Pom\u00e1ha vybledn\u00fa\u0165 <strong>tmav\u00e9 \u0161kvrny<\/strong>, po\u0161kodenie od slnka a nerovnomern\u00fa pigment\u00e1ciu<\/li>\n<li>P\u00f4sob\u00ed na vyv\u00e1\u017eenie mastnej poko\u017eky a redukciu akn\u00e9<\/li>\n<\/ul>\n<h3><strong>\u00a0Mydlo s \u0165av\u00edm mliekom a kokosom \u2013 V\u00fd\u017eivn\u00e1 hydrat\u00e1cia a mladistv\u00e9 \u017eiarenie<\/strong><\/h3>\n<h4><strong>Ingrediencie:<\/strong><\/h4>\n<p>\u0164avie mlieko, kokosov\u00fd olej, vitam\u00edn E, esenci\u00e1lne mastn\u00e9 kyseliny, vitam\u00edny A, D, B12 a v\u00e1pnik<\/p>\n<h4><strong>V\u00fdhody:<\/strong><\/h4>\n<ul>\n<li><strong>Hydratuje a zm\u00e4k\u010duje<\/strong> poko\u017eku a vlasov\u00fa poko\u017eku<\/li>\n<li>Jemne odstra\u0148uje <strong>\u0161pinu, olej a make-up<\/strong> bez odstra\u0148ovania pr\u00edrodn\u00fdch olejov<\/li>\n<li>Vy\u017eivuje poko\u017eku esenci\u00e1lnymi \u017eivinami<\/li>\n<li>Spoma\u013euje znaky starnutia, ako s\u00fa <strong>vr\u00e1sky a jemn\u00e9 linky<\/strong><\/li>\n<li>Podporuje hladk\u00fa, \u017eiariv\u00fa poko\u017eku a vlasy<\/li>\n<\/ul>\n<h3><strong>\u00a0Mydlo s kurkumou a citr\u00f3nom \u2013 Rozjas\u0148uj\u00faca a detoxika\u010dn\u00e1 starostlivos\u0165<\/strong><\/h3>\n<h4><strong>Ingrediencie:<\/strong><\/h4>\n<p>Kurkumov\u00fd pr\u00e1\u0161ok, citr\u00f3nov\u00fd olej a pr\u00edrodn\u00e9 deodorizuj\u00face extrakty<\/p>\n<h4><strong>V\u00fdhody:<\/strong><\/h4>\n<ul>\n<li>P\u00f4sob\u00ed ako <strong>pr\u00edrodn\u00fd bieliaci prostriedok<\/strong> na rozjasnenie poko\u017eky a int\u00edmnych oblast\u00ed<\/li>\n<li>Odstra\u0148uje <strong>hubovit\u00e9 usadeniny a z\u00e1pach<\/strong> a z\u00e1rove\u0148 p\u00f4sob\u00ed ako deodorant<\/li>\n<li>Redukuje <strong>akn\u00e9, tmav\u00e9 \u0161kvrny a jazvy<\/strong><\/li>\n<li>Zlep\u0161uje t\u00f3n poko\u017eky a <strong>stiahnutie uvo\u013enenej poko\u017eky<\/strong><\/li>\n<li>Pom\u00e1ha redukova\u0165 ne\u017eiaduce <strong>vlasy na tv\u00e1ri a tele v priebehu \u010dasu<\/strong><\/li>\n<li>Podporuje <strong>obnovu buniek poko\u017eky<\/strong> a celkov\u00fa \u010d\u00edros\u0165<\/li>\n<\/ul>\n<h3><strong>\tPre\u010do si vybra\u0165 Lotus Triple Care Mydlo?<\/strong><\/h3>\n<ul>\n<li>\u00a0V\u00fdroben\u00e9 z <strong>pr\u00edrodn\u00fdch ingredienci\u00ed<\/strong><\/li>\n<li>\tVhodn\u00e9 pre <strong>v\u0161etky typy poko\u017eky<\/strong><\/li>\n<li>\tUdr\u017euje poko\u017eku <strong>hydratovan\u00fa, \u010dist\u00fa a \u017eiariv\u00fa<\/strong><\/li>\n<li>\tPom\u00e1ha <strong>redukova\u0165 akn\u00e9<\/strong>, zlep\u0161i\u0165 text\u00faru a odstra\u0148ova\u0165 ne\u010distoty<\/li>\n<li>\tBezpe\u010dn\u00e9 pre <strong>ka\u017edodenn\u00e9 pou\u017eitie na tv\u00e1r a telo<\/strong><\/li>\n<\/ul>\n<h3><strong>\tAko pou\u017e\u00edva\u0165<\/strong><\/h3>\n<p>Napeni\u0165 mydlo vodou a nanies\u0165 na mokr\u00fa poko\u017eku.<br \/>\nJemne mas\u00edrova\u0165 kruhov\u00fdmi pohybmi, s\u00fastredi\u0165 sa na problematick\u00e9 oblasti.<br \/>\nD\u00f4kladne opl\u00e1chnu\u0165 a osu\u0161i\u0165 poklep\u00e1van\u00edm. Pou\u017e\u00edva\u0165 <strong>r\u00e1no a ve\u010der<\/strong> pre najlep\u0161ie v\u00fdsledky.<\/p>\n<h3><strong>\tUpozornenia<\/strong><\/h3>\n<ul>\n<li>Len na <strong>vonka\u0161n\u00e9 pou\u017eitie<\/strong><\/li>\n<li>Vyhn\u00fa\u0165 sa kontaktu s <strong>o\u010dami<\/strong><\/li>\n<li>Skladova\u0165 na <strong>suchom mieste<\/strong>, mimo priameho slne\u010dn\u00e9ho \u017eiarenia<\/li>\n<\/ul>\n<h3><strong>\tZ\u00e1vern\u00e9 my\u0161lienky<\/strong><\/h3>\n<p>\u010ci u\u017e cielite na akn\u00e9, suchos\u0165, nudnos\u0165 alebo nerovnomern\u00fd t\u00f3n, <strong>Lotus Triple Care Mydlo<\/strong> poskytuje komplexn\u00fd z\u00e1\u017eitok zo starostlivosti o poko\u017eku poh\u00e1\u0148an\u00fd pr\u00edrodou. Ka\u017ed\u00e1 mydlov\u00e1 ty\u010dinka v tejto kolekcii <strong>starostliv\u00e9ho mydla<\/strong> je formulovan\u00e1 na \u010distenie, lie\u010dbu a zlep\u0161enie va\u0161ej poko\u017eky pr\u00edrodn\u00fdm sp\u00f4sobom \u2013 bez drsn\u00fdch chemik\u00e1li\u00ed, len \u010dist\u00e9, \u017eiariv\u00e9 v\u00fdsledky.<\/p>\n<p><strong>Dajte svojej poko\u017eke starostlivos\u0165, ktor\u00fa si zasl\u00fa\u017ei s Lotus Triple Care Mydlom \u2013 teraz dostupn\u00e9 v Bazaar Express.<\/strong><\/p>\n<p>&nbsp;<\/p>\n<p style=\"text-align: center;\">\u010eakujeme za n\u00e1kup v <em data-start=\"415\" data-end=\"431\"><a href=\"https:\/\/bazaar.express\/sk\/\">Bazaar Express<\/a><\/em> \u2013 te\u0161\u00edme sa na v\u00e1s!<\/p>\n<p style=\"text-align: center;\">Va\u0161a cesta k lep\u0161ej starostlivosti o seba za\u010d\u00edna tu \u2013 s <a href=\"https:\/\/bazaar.express\/product-category\/beauty-care\/\">Beauty &#038; Care<\/a>, na ktor\u00fa sa m\u00f4\u017eete spo\u013eahn\u00fa\u0165.<\/p>\n","protected":false},"excerpt":{"rendered":"<h3 data-start=\"528\" data-end=\"714\">Trojdielna kolekcia mydiel sp\u00e1jaj\u00faca africk\u00e9 mydlo, \u0165avie mlieko a kokos, kurkumu a citr\u00f3n. Jemne \u010dist\u00ed, hydratuje, rozjas\u0148uje a bojuje proti akn\u00e9 pomocou pr\u00edrodn\u00fdch, poko\u017eku miluj\u00facich ingredienci\u00ed.<\/h3>\n","protected":false},"featured_media":44681,"comment_status":"open","ping_status":"closed","template":"","meta":[],"product_brand":[],"product_cat":[1160],"product_tag":[],"class_list":{"0":"post-44679","1":"product","2":"type-product","3":"status-publish","4":"has-post-thumbnail","6":"product_cat-starostlivost-o-krasu","8":"first","9":"instock","10":"shipping-taxable","11":"purchasable","12":"product-type-simple"},"_links":{"self":[{"href":"https:\/\/bazaar.express\/sk\/wp-json\/wp\/v2\/product\/44679","targetHints":{"allow":["GET"]}}],"collection":[{"href":"https:\/\/bazaar.express\/sk\/wp-json\/wp\/v2\/product"}],"about":[{"href":"https:\/\/bazaar.express\/sk\/wp-json\/wp\/v2\/types\/product"}],"replies":[{"embeddable":true,"href":"https:\/\/bazaar.express\/sk\/wp-json\/wp\/v2\/comments?post=44679"}],"wp:featuredmedia":[{"embeddable":true,"href":"https:\/\/bazaar.express\/sk\/wp-json\/wp\/v2\/media\/44681"}],"wp:attachment":[{"href":"https:\/\/bazaar.express\/sk\/wp-json\/wp\/v2\/media?parent=44679"}],"wp:term":[{"taxonomy":"product_brand","embeddable":true,"href":"https:\/\/bazaar.express\/sk\/wp-json\/wp\/v2\/product_brand?post=44679"},{"taxonomy":"product_cat","embeddable":true,"href":"https:\/\/bazaar.express\/sk\/wp-json\/wp\/v2\/product_cat?post=44679"},{"taxonomy":"product_tag","embeddable":true,"href":"https:\/\/bazaar.express\/sk\/wp-json\/wp\/v2\/product_tag?post=44679"}],"curies":[{"name":"wp","href":"https:\/\/api.w.org\/{rel}","templated":true}]}}