{"id":44764,"date":"2024-12-23T23:32:31","date_gmt":"2024-12-23T23:32:31","guid":{"rendered":"https:\/\/bazaar.express\/product\/swim-ring\/"},"modified":"2024-12-23T23:32:31","modified_gmt":"2024-12-23T23:32:31","slug":"swim-ring","status":"publish","type":"product","link":"https:\/\/bazaar.express\/sk\/produkt\/swim-ring\/","title":{"rendered":"Nafukovac\u00ed pl\u00e1vac\u00ed kruh"},"content":{"rendered":"<h2 data-start=\"0\" data-end=\"94\">Pl\u00e1vac\u00ed kruh Bestway \u201eFloral Fantasy\u201c \u2013 Najlep\u0161\u00ed letn\u00fd spolo\u010dn\u00edk na relax\u00e1ciu a z\u00e1bavu<\/h2>\n<h3 data-start=\"96\" data-end=\"142\">Pridajte \u0161t\u00fdl do svojich vodn\u00fdch dn\u00ed<\/h3>\n<p data-start=\"143\" data-end=\"594\">U\u017e\u00edvajte si slnko a pl\u00e1vajte bez starost\u00ed s <strong data-start=\"201\" data-end=\"239\">pl\u00e1vac\u00edm kruhom Bestway \u201eFloral Fantasy\u201c<\/strong> \u2013 dokonalou kombin\u00e1ciou <strong data-start=\"261\" data-end=\"309\">pohodlia, odolnosti a p\u00fatav\u00e9ho dizajnu<\/strong>. \u010ci u\u017e sa odd\u00e1vate relax\u00e1cii v baz\u00e9ne, pl\u00e1vate v pokojnom jazere alebo si u\u017e\u00edvate pl\u00e1\u017eov\u00fd de\u0148 pln\u00fd z\u00e1bavy, tento \u017eiariv\u00fd a spo\u013eahliv\u00fd pl\u00e1vac\u00ed kruh je nevyhnutn\u00fdm letn\u00fdm doplnkom. Navrhnut\u00fd pre v\u0161etky veky, je v\u00fdnimo\u010dn\u00fdm kusom, ktor\u00fd sp\u00e1ja z\u00e1bavu a funk\u010dnos\u0165 v najfarebnej\u0161ej podobe.<\/p>\n<h3 data-start=\"596\" data-end=\"644\">Navrhnut\u00fd pre pohodlie, vyroben\u00fd pre odolnos\u0165<\/h3>\n<p data-start=\"645\" data-end=\"915\">S <strong data-start=\"653\" data-end=\"691\">naf\u00faknutou ve\u013ekos\u0165ou 99 x 99 x 31,5 cm<\/strong> a vyroben\u00fd z <strong data-start=\"706\" data-end=\"730\">odoln\u00e9ho PVC materi\u00e1lu<\/strong> poskytuje tento ve\u013ek\u00fd pl\u00e1vac\u00ed kruh bezpe\u010dn\u00e9 a pohodln\u00e9 pl\u00e1vanie. Jeho <strong data-start=\"812\" data-end=\"840\">\u013eahk\u00e1 kon\u0161trukcia (680 g)<\/strong> u\u013eah\u010duje nosenie, nafukovanie a balenie na v\u0161etky vodn\u00e9 dobrodru\u017estv\u00e1.<\/p>\n<h3 data-start=\"917\" data-end=\"955\">\u017diariv\u00fd viacfarebn\u00fd kvetinov\u00fd dizajn<\/h3>\n<p data-start=\"956\" data-end=\"1203\">Vyniknite vo vode s <strong data-start=\"1017\" data-end=\"1050\">odv\u00e1\u017enym tropick\u00fdm kvetinov\u00fdm vzorom<\/strong> pl\u00e1vacieho kruhu \u201eFloral Fantasy\u201c. \u017div\u00fd viacfarebn\u00fd dizajn prin\u00e1\u0161a svie\u017eu, hrav\u00fa energiu na ka\u017ed\u00fa baz\u00e9nov\u00fa p\u00e1rty alebo pl\u00e1\u017eov\u00fd de\u0148, \u010d\u00edm sa st\u00e1va ide\u00e1lnym doplnkom pre deti aj dospel\u00fdch.<\/p>\n<h3 data-start=\"1205\" data-end=\"1249\">Bezpe\u010dnos\u0165 a stabilita pre pokoj mysle<\/h3>\n<p data-start=\"1250\" data-end=\"1469\">Vybaven\u00fd <strong data-start=\"1264\" data-end=\"1291\">pevn\u00fdmi vstavan\u00fdmi rukov\u00e4\u0165ami<\/strong> pon\u00faka pl\u00e1vac\u00ed kruh vynikaj\u00facu podporu a stabilitu po\u010das pl\u00e1vania. Tieto rukov\u00e4te s \u013eahk\u00fdm \u00fachopom zabezpe\u010duj\u00fa bezpe\u010dn\u00fa jazdu vo vode a poskytuj\u00fa jednoduch\u00fa kontrolu a man\u00e9vrovate\u013enos\u0165.<\/p>\n<p data-start=\"1471\" data-end=\"1665\"><strong data-start=\"1475\" data-end=\"1492\">Bezpe\u010dnostn\u00e9 ventily<\/strong> s\u00fa navrhnut\u00e9 tak, aby bezpe\u010dne uzamkli vzduch na dlh\u0161ie pou\u017e\u00edvanie, a s <strong data-start=\"1572\" data-end=\"1597\">prilo\u017eenou z\u00e1platou na opravu<\/strong> ste pripraven\u00ed r\u00fdchlo a \u013eahko zvl\u00e1dnu\u0165 men\u0161ie opotrebenie alebo prepichnutie.<\/p>\n<h3 data-start=\"1667\" data-end=\"1710\">Ide\u00e1lny pre v\u0161etky veky a vodn\u00e9 prostredia<\/h3>\n<p data-start=\"1711\" data-end=\"1995\">\u010ci u\u017e zvyk\u00e1te die\u0165a na vodn\u00e9 hranie alebo jednoducho chcete relaxova\u0165 na slnku, pl\u00e1vac\u00ed kruh \u201eFloral Fantasy\u201c je <strong data-start=\"1836\" data-end=\"1882\">ve\u013ekos\u0165ou a dizajnom ur\u010den\u00fd pre univerz\u00e1lne pote\u0161enie<\/strong>. Podporuje sebavedomie a bezpe\u010dnos\u0165 pre mlad\u0161\u00edch plavcov a pon\u00faka uvo\u013enen\u00e9, bezstarostn\u00e9 pl\u00e1vanie pre t\u00edned\u017eerov a dospel\u00fdch.<\/p>\n<h3 data-start=\"2002\" data-end=\"2062\">K\u013e\u00fa\u010dov\u00e9 vlastnosti pl\u00e1vacieho kruhu Bestway \u201eFloral Fantasy\u201c<\/h3>\n<ul data-start=\"2063\" data-end=\"2438\">\n<li data-start=\"2063\" data-end=\"2109\">\n<p data-start=\"2065\" data-end=\"2109\"><strong data-start=\"2065\" data-end=\"2089\">Naf\u00faknut\u00e9 rozmery:<\/strong> 99 x 99 x 31,5 cm<\/p>\n<\/li>\n<li data-start=\"2110\" data-end=\"2157\">\n<p data-start=\"2112\" data-end=\"2157\"><strong data-start=\"2112\" data-end=\"2123\">Hmotnos\u0165:<\/strong> 680 g \u2013 \u013eahk\u00fd a prenosn\u00fd<\/p>\n<\/li>\n<li data-start=\"2158\" data-end=\"2205\">\n<p data-start=\"2160\" data-end=\"2205\"><strong data-start=\"2160\" data-end=\"2170\">Farba:<\/strong> \u017diariv\u00fd viacfarebn\u00fd kvetinov\u00fd dizajn<\/p>\n<\/li>\n<li data-start=\"2206\" data-end=\"2248\">\n<p data-start=\"2208\" data-end=\"2248\"><strong data-start=\"2208\" data-end=\"2221\">Materi\u00e1l:<\/strong> Odoln\u00e1 PVC kon\u0161trukcia<\/p>\n<\/li>\n<li data-start=\"2249\" data-end=\"2303\">\n<p data-start=\"2251\" data-end=\"2303\"><strong data-start=\"2251\" data-end=\"2263\">Rukov\u00e4te:<\/strong> Vstavan\u00e9 pevn\u00e9 rukov\u00e4te pre stabilitu<\/p>\n<\/li>\n<li data-start=\"2304\" data-end=\"2326\">\n<p data-start=\"2306\" data-end=\"2326\"><strong data-start=\"2306\" data-end=\"2316\">Zna\u010dka:<\/strong> Bestway<\/p>\n<\/li>\n<li data-start=\"2327\" data-end=\"2382\">\n<p data-start=\"2329\" data-end=\"2382\"><strong data-start=\"2329\" data-end=\"2355\">Prilo\u017een\u00e1 z\u00e1plata na opravu:<\/strong> Pre \u013eahk\u00e9 opravy na cest\u00e1ch<\/p>\n<\/li>\n<li data-start=\"2383\" data-end=\"2438\">\n<p data-start=\"2385\" data-end=\"2438\"><strong data-start=\"2385\" data-end=\"2394\">Ve\u013ekos\u0165:<\/strong> Ve\u013ek\u00e1 \u2013 vhodn\u00e1 pre deti aj dospel\u00fdch<\/p>\n<\/li>\n<\/ul>\n<h3 data-start=\"2445\" data-end=\"2469\">Pre\u010do ho budete milova\u0165<\/h3>\n<ul data-start=\"2470\" data-end=\"2881\">\n<li data-start=\"2470\" data-end=\"2550\">\n<p data-start=\"2472\" data-end=\"2550\"><strong data-start=\"2474\" data-end=\"2498\">Odoln\u00fd a dlhotrvaj\u00faci<\/strong> \u2013 Vyroben\u00fd z pr\u00e9miov\u00e9ho PVC na opakovan\u00e9 pou\u017e\u00edvanie<\/p>\n<\/li>\n<li data-start=\"2551\" data-end=\"2638\">\n<p data-start=\"2553\" data-end=\"2638\"><strong data-start=\"2555\" data-end=\"2575\">Pohodln\u00e1 jazda<\/strong> \u2013 Hladk\u00fd povrch s ergonomick\u00fdmi rukov\u00e4\u0165ami pre uvo\u013enen\u00e9 pl\u00e1vanie<\/p>\n<\/li>\n<li data-start=\"2639\" data-end=\"2726\">\n<p data-start=\"2641\" data-end=\"2726\"><strong data-start=\"2643\" data-end=\"2661\">\u0160t\u00fdlov\u00fd vzh\u013ead<\/strong> \u2013 Tropick\u00e9 kvetinov\u00e9 grafiky, ktor\u00e9 vynikn\u00fa v akomko\u013evek vodnom prostred\u00ed<\/p>\n<\/li>\n<li data-start=\"2727\" data-end=\"2811\">\n<p data-start=\"2729\" data-end=\"2811\"><strong data-start=\"2731\" data-end=\"2751\">Priate\u013esk\u00fd ku v\u0161etk\u00fdm vekom<\/strong> \u2013 Bezpe\u010dn\u00fd, z\u00e1bavn\u00fd a \u013eahko pou\u017eite\u013en\u00fd pre deti aj dospel\u00fdch<\/p>\n<\/li>\n<li data-start=\"2812\" data-end=\"2881\">\n<p data-start=\"2814\" data-end=\"2881\"><strong data-start=\"2816\" data-end=\"2831\">R\u00fdchle nastavenie<\/strong> \u2013 Naf\u00fakne sa za min\u00faty a zlo\u017e\u00ed sa na cestovanie<\/p>\n<\/li>\n<\/ul>\n<h3 data-start=\"3197\" data-end=\"3263\">U\u017e\u00edvajte si to najlep\u0161ie z leta s pl\u00e1vac\u00edm kruhom \u201eFloral Fantasy\u201c<\/h3>\n<p data-start=\"3264\" data-end=\"3553\">\u010ci u\u017e pl\u00e1vate pokojne v baz\u00e9ne alebo sa bav\u00edte vo vln\u00e1ch, <strong data-start=\"3343\" data-end=\"3381\">pl\u00e1vac\u00ed kruh Bestway \u201eFloral Fantasy\u201c<\/strong> prin\u00e1\u0161a relax\u00e1ciu a \u017eiariv\u00fd \u0161t\u00fdl. Nie je to len pl\u00e1vac\u00ed kruh \u2013 je to letn\u00e1 nevyhnutnos\u0165 navrhnut\u00e1 na pohodlie, bezpe\u010dnos\u0165 a trochu tropick\u00e9ho \u0161mrncu do ka\u017ed\u00e9ho vodn\u00e9ho d\u0148a.<\/p>\n<p data-start=\"3555\" data-end=\"3624\" data-is-last-node=\"\" data-is-only-node=\"\"><strong data-start=\"3555\" data-end=\"3624\" data-is-last-node=\"\">Objednajte si ho teraz a urobte z ka\u017ed\u00e9ho \u0161pliechania \u0161t\u00fdlov\u00e9, bezpe\u010dn\u00e9 a nezabudnute\u013en\u00e9!<\/strong><\/p>\n<p style=\"text-align: center;\">\u010eakujeme za n\u00e1kup v <em data-start=\"415\" data-end=\"431\"><a href=\"https:\/\/bazaar.express\/sk\/\">Bazaar Express<\/a><\/em> \u2013 te\u0161\u00edme sa na v\u00e1s!<\/p>\n<p style=\"text-align: center;\">Od uter\u00e1kov po ta\u0161ky, na\u0161e <a href=\"https:\/\/bazaar.express\/sk\/beach-essentials\/\">pl\u00e1\u017eov\u00e9 nevyhnutnosti<\/a> v\u00e1s maj\u00fa pokryt\u00fdch.<\/p>\n","protected":false},"excerpt":{"rendered":"<h3>Pl\u00e1vac\u00ed kruh Bestway \u201eFloral Fantasy\u201c pon\u00faka z\u00e1bavn\u00fd, bezpe\u010dn\u00fd a farebn\u00fd sp\u00f4sob pl\u00e1vania. Vyroben\u00fd z odoln\u00e9ho PVC, s rukov\u00e4\u0165ami na \u013eahk\u00fd \u00fachop a tropick\u00fdm kvetinov\u00fdm dizajnom, je ide\u00e1lny pre deti aj dospel\u00fdch.<\/h3>\n","protected":false},"featured_media":44768,"comment_status":"open","ping_status":"closed","template":"","meta":[],"product_brand":[],"product_cat":[1162],"product_tag":[1675,1735],"class_list":{"0":"post-44764","1":"product","2":"type-product","3":"status-publish","4":"has-post-thumbnail","6":"product_cat-plazove-esencie","7":"product_tag-morske","8":"product_tag-plaz","10":"first","11":"instock","12":"shipping-taxable","13":"purchasable","14":"product-type-simple"},"_links":{"self":[{"href":"https:\/\/bazaar.express\/sk\/wp-json\/wp\/v2\/product\/44764","targetHints":{"allow":["GET"]}}],"collection":[{"href":"https:\/\/bazaar.express\/sk\/wp-json\/wp\/v2\/product"}],"about":[{"href":"https:\/\/bazaar.express\/sk\/wp-json\/wp\/v2\/types\/product"}],"replies":[{"embeddable":true,"href":"https:\/\/bazaar.express\/sk\/wp-json\/wp\/v2\/comments?post=44764"}],"wp:featuredmedia":[{"embeddable":true,"href":"https:\/\/bazaar.express\/sk\/wp-json\/wp\/v2\/media\/44768"}],"wp:attachment":[{"href":"https:\/\/bazaar.express\/sk\/wp-json\/wp\/v2\/media?parent=44764"}],"wp:term":[{"taxonomy":"product_brand","embeddable":true,"href":"https:\/\/bazaar.express\/sk\/wp-json\/wp\/v2\/product_brand?post=44764"},{"taxonomy":"product_cat","embeddable":true,"href":"https:\/\/bazaar.express\/sk\/wp-json\/wp\/v2\/product_cat?post=44764"},{"taxonomy":"product_tag","embeddable":true,"href":"https:\/\/bazaar.express\/sk\/wp-json\/wp\/v2\/product_tag?post=44764"}],"curies":[{"name":"wp","href":"https:\/\/api.w.org\/{rel}","templated":true}]}}