{"id":44774,"date":"2024-12-23T16:30:32","date_gmt":"2024-12-23T16:30:32","guid":{"rendered":"https:\/\/bazaar.express\/product\/fins\/"},"modified":"2024-12-23T16:30:32","modified_gmt":"2024-12-23T16:30:32","slug":"fins","status":"publish","type":"product","link":"https:\/\/bazaar.express\/sk\/produkt\/fins\/","title":{"rendered":"Plutvy &#8211; Vysok\u00fd v\u00fdkon"},"content":{"rendered":"<h2 data-start=\"379\" data-end=\"452\">Vysokov\u00fdkonn\u00e9 pot\u00e1pa\u010dsk\u00e9 plutvy \u2013 Navrhnut\u00e9 pre silu, komfort a kontrolu<\/h2>\n<h3 data-start=\"454\" data-end=\"511\">Zdvihnite svoju podvodn\u00fa dobrodru\u017en\u00fa cestu s pr\u00e9miov\u00fdmi plutvami<\/h3>\n<p data-start=\"512\" data-end=\"862\">Posu\u0148te svoje pot\u00e1pa\u010dsk\u00e9 a plaveck\u00e9 tr\u00e9ningy na vy\u0161\u0161iu \u00farove\u0148 s na\u0161imi <strong data-start=\"578\" data-end=\"605\">pokro\u010dil\u00fdmi otvoren\u00fdmi plutvami na p\u00e4te<\/strong>, vyroben\u00fdmi pre prieskumn\u00edkov oce\u00e1nu a rekrea\u010dn\u00fdch plavcov. Tieto plutvy s\u00fa navrhnut\u00e9 pre nen\u00e1ro\u010dn\u00fd pohon, bezpe\u010dn\u00e9 sedenie a spo\u013eahliv\u00fd v\u00fdkon \u2013 \u010di u\u017e pl\u00e1vate cez koralov\u00e9 \u00fatesy, prech\u00e1dzate siln\u00fdmi pr\u00fadmi alebo si u\u017e\u00edvate neform\u00e1lne vodn\u00e9 aktivity.<\/p>\n<h3 data-start=\"869\" data-end=\"887\">K\u013e\u00fa\u010dov\u00e9 vlastnosti<\/h3>\n<h4 data-start=\"889\" data-end=\"922\"> Odoln\u00e1, proti\u0161mykov\u00e1 podr\u00e1\u017eka<\/h4>\n<p data-start=\"923\" data-end=\"1101\">Vybaven\u00e9 zahustenou PP z\u00e1klad\u0148ou a <strong data-start=\"961\" data-end=\"980\">gumov\u00fdm gripom<\/strong>, tieto plutvy chr\u00e1nia va\u0161e nohy pred ostr\u00fdmi povrchmi a z\u00e1rove\u0148 poskytuj\u00fa vynikaj\u00facu trakciu pri ch\u00f4dzi po mokrom alebo kamenistom ter\u00e9ne.<\/p>\n<h4 data-start=\"1103\" data-end=\"1150\"> Hydrodynamick\u00e1 lopatka in\u0161pirovan\u00e1 pr\u00edrodou<\/h4>\n<p data-start=\"1151\" data-end=\"1365\">Modelovan\u00e1 pod\u013ea siln\u00e9ho pohybu \u017eab\u00edch n\u00f4h poskytuje <strong data-start=\"1203\" data-end=\"1226\">zakriven\u00fd dizajn lopatky<\/strong> viac \u0165ahu s men\u0161\u00edm \u00fasil\u00edm. Sklonovan\u00fd profil minimalizuje odpor a zlep\u0161uje podvodn\u00fa kontrolu pre dlh\u0161ie, plynulej\u0161ie kopy.<\/p>\n<h4 data-start=\"1367\" data-end=\"1403\"> Otvoren\u00e1 p\u00e4ta a nastavite\u013en\u00e9 sedenie<\/h4>\n<p data-start=\"1404\" data-end=\"1615\"><strong data-start=\"1408\" data-end=\"1442\">Zadn\u00fd popruh je plne nastavite\u013en\u00fd<\/strong> a m\u00e1 klip na r\u00fdchle uvo\u013enenie pre jednoduch\u00e9 ob\u00favanie a zdejmovanie. Ide\u00e1lne na pou\u017eitie s alebo bez neopr\u00e9nov\u00fdch pono\u017eiek, flexibiln\u00fd dizajn p\u00e4ty podporuje r\u00f4zne ve\u013ekosti a tvary n\u00f4h.<\/p>\n<h4 data-start=\"1617\" data-end=\"1648\"> Vestavn\u00fd odvod\u0148ovac\u00ed syst\u00e9m<\/h4>\n<p data-start=\"1649\" data-end=\"1790\">Strat\u00e9gicky umiestnen\u00fd <strong data-start=\"1672\" data-end=\"1686\">odvod\u0148ovac\u00ed otvor<\/strong> zni\u017euje odpor t\u00fdm, \u017ee umo\u017e\u0148uje vode \u010disto prech\u00e1dza\u0165 cez lopatku, \u010d\u00edm zlep\u0161uje plaveck\u00fa r\u00fdchlos\u0165 a rovnov\u00e1hu.<\/p>\n<h4 data-start=\"1792\" data-end=\"1847\"> Posilnen\u00e9 v\u00fdstu\u017en\u00e9 prvky pre kontrolovan\u00fd pohyb<\/h4>\n<p data-start=\"1848\" data-end=\"2025\">Obidve strany lopatky maj\u00fa <strong data-start=\"1880\" data-end=\"1903\">v\u00fdstu\u017en\u00e9 l\u00ednie<\/strong> na optimaliz\u00e1ciu pomeru ohybnosti a tuhosti, \u010d\u00edm poskytuj\u00fa siln\u00e9, ale kontrolovan\u00e9 \u0165ahy pre efekt\u00edvne pot\u00e1panie a \u0161norchlovanie.<\/p>\n<h3 data-start=\"2032\" data-end=\"2053\">Dostupn\u00e9 ve\u013ekosti<\/h3>\n<ul data-start=\"2054\" data-end=\"2111\">\n<li data-start=\"2054\" data-end=\"2072\">\n<p data-start=\"2056\" data-end=\"2072\">S\/M (EU 36\u201340)<\/p>\n<\/li>\n<li data-start=\"2073\" data-end=\"2091\">\n<p data-start=\"2075\" data-end=\"2091\">M\/L (EU 40\u201342)<\/p>\n<\/li>\n<li data-start=\"2092\" data-end=\"2111\">\n<p data-start=\"2094\" data-end=\"2111\">L\/XL (EU 44\u201346)<\/p>\n<\/li>\n<\/ul>\n<h3 data-start=\"2118\" data-end=\"2157\">Pre\u010do si tieto pot\u00e1pa\u010dsk\u00e9 plutvy zamilujete<\/h3>\n<ul data-start=\"2158\" data-end=\"2570\">\n<li data-start=\"2158\" data-end=\"2241\">\n<p data-start=\"2160\" data-end=\"2241\"><strong data-start=\"2162\" data-end=\"2179\">Ergonomick\u00e9 sedenie<\/strong> \u2013 Otvoren\u00e1 p\u00e4ta s nastavite\u013en\u00fdm popruhom zabezpe\u010duje prisp\u00f4soben\u00fd pocit<\/p>\n<\/li>\n<li data-start=\"2242\" data-end=\"2333\">\n<p data-start=\"2244\" data-end=\"2333\"><strong data-start=\"2246\" data-end=\"2271\">Navrhnut\u00e9 pre v\u00fdkon<\/strong> \u2013 Vyv\u00e1\u017een\u00e1 tuhos\u0165 a uhol lopatky pre maxim\u00e1lny pohon<\/p>\n<\/li>\n<li data-start=\"2334\" data-end=\"2417\">\n<p data-start=\"2336\" data-end=\"2417\"><strong data-start=\"2338\" data-end=\"2360\">Pohodln\u00e9 a bezpe\u010dn\u00e9<\/strong> \u2013 Proti\u0161mykov\u00e1 podr\u00e1\u017eka, m\u00e4kk\u00fd priestor na nohu a zn\u00ed\u017een\u00e1 \u00fanava<\/p>\n<\/li>\n<li data-start=\"2418\" data-end=\"2487\">\n<p data-start=\"2420\" data-end=\"2487\"><strong data-start=\"2422\" data-end=\"2439\">V\u0161estrann\u00e9 pou\u017eitie<\/strong> \u2013 Ide\u00e1lne pre free diving, \u0161norchlovanie a scuba<\/p>\n<\/li>\n<li data-start=\"2488\" data-end=\"2570\">\n<p data-start=\"2490\" data-end=\"2570\"><strong data-start=\"2492\" data-end=\"2517\">Odolnos\u0165, ktor\u00e1 vydr\u017e\u00ed<\/strong> \u2013 Vyroben\u00e9 z pr\u00e9miov\u00fdch materi\u00e1lov pre dlhodob\u00e9 pou\u017eitie<\/p>\n<\/li>\n<\/ul>\n<h3 data-start=\"2886\" data-end=\"2933\">K\u013azajte sa vodou s plnou istotou<\/h3>\n<p data-start=\"2934\" data-end=\"3181\">Tieto viac\u00fa\u010delov\u00e9 plaveck\u00e9 plutvy poskytuj\u00fa v\u00fdkon a komfort potrebn\u00fd pre v\u0161etk\u00fdch, ktor\u00ed miluj\u00fa more. \u010ci u\u017e sa pot\u00e1pate hlboko alebo pl\u00e1vate bl\u00edzko povrchu, pom\u00e1haj\u00fa v\u00e1m pohybova\u0165 sa plynulo, \u0161etri\u0165 energiu a u\u017e\u00edva\u0165 si ka\u017ed\u00fd moment pod vlnami.<\/p>\n<p data-start=\"3183\" data-end=\"3264\"><strong data-start=\"3183\" data-end=\"3264\">Objednajte si teraz a vst\u00fapte do svojho \u010fal\u0161ieho vodn\u00e9ho dobrodru\u017estva s silou a presnos\u0165ou!<\/strong><\/p>\n<p style=\"text-align: center;\">\u010eakujeme za n\u00e1kup v <em data-start=\"415\" data-end=\"431\"><a href=\"https:\/\/bazaar.express\/sk\/\">Bazaar Express<\/a><\/em> \u2013 te\u0161\u00edme sa na v\u00e1s!<\/p>\n<p style=\"text-align: center;\">Od uter\u00e1kov po ta\u0161ky, na\u0161e <a href=\"https:\/\/bazaar.express\/sk\/beach-essentials\/\">Pl\u00e1\u017eov\u00e9 potreby<\/a> v\u00e1s maj\u00fa pokryt\u00fdch.<\/p>\n","protected":false},"excerpt":{"rendered":"<h3>Spider Plutvy s\u00fa vysokov\u00fdkonn\u00e9 pot\u00e1pa\u010dsk\u00e9 a plaveck\u00e9 plutvy navrhnut\u00e9 s proti\u0161mykovou podr\u00e1\u017ekou, dizajnom lopatky in\u0161pirovan\u00fdm \u017eabou, nastavite\u013en\u00fdmi otvoren\u00fdmi popruhmi na p\u00e4te a odvod\u0148ovac\u00edmi otvormi pre efekt\u00edvny pohyb a maxim\u00e1lny komfort pod vodou.<\/h3>\n","protected":false},"featured_media":44776,"comment_status":"open","ping_status":"closed","template":"","meta":[],"product_brand":[],"product_cat":[1162,1169],"product_tag":[1675,1735],"class_list":{"0":"post-44774","1":"product","2":"type-product","3":"status-publish","4":"has-post-thumbnail","6":"product_cat-plazove-esencie","7":"product_cat-horuce-ponuky","8":"product_tag-morske","9":"product_tag-plaz","10":"pa_l-xl-1740","11":"pa_l-xl-1741","12":"pa_l-xl-1742","13":"pa_l-xl-1743","14":"pa_l-xl-1744","15":"pa_l-xl-1745","16":"pa_l-xl-1746","18":"first","19":"instock","20":"sale","21":"shipping-taxable","22":"purchasable","23":"product-type-simple"},"_links":{"self":[{"href":"https:\/\/bazaar.express\/sk\/wp-json\/wp\/v2\/product\/44774","targetHints":{"allow":["GET"]}}],"collection":[{"href":"https:\/\/bazaar.express\/sk\/wp-json\/wp\/v2\/product"}],"about":[{"href":"https:\/\/bazaar.express\/sk\/wp-json\/wp\/v2\/types\/product"}],"replies":[{"embeddable":true,"href":"https:\/\/bazaar.express\/sk\/wp-json\/wp\/v2\/comments?post=44774"}],"wp:featuredmedia":[{"embeddable":true,"href":"https:\/\/bazaar.express\/sk\/wp-json\/wp\/v2\/media\/44776"}],"wp:attachment":[{"href":"https:\/\/bazaar.express\/sk\/wp-json\/wp\/v2\/media?parent=44774"}],"wp:term":[{"taxonomy":"product_brand","embeddable":true,"href":"https:\/\/bazaar.express\/sk\/wp-json\/wp\/v2\/product_brand?post=44774"},{"taxonomy":"product_cat","embeddable":true,"href":"https:\/\/bazaar.express\/sk\/wp-json\/wp\/v2\/product_cat?post=44774"},{"taxonomy":"product_tag","embeddable":true,"href":"https:\/\/bazaar.express\/sk\/wp-json\/wp\/v2\/product_tag?post=44774"}],"curies":[{"name":"wp","href":"https:\/\/api.w.org\/{rel}","templated":true}]}}