{"id":44779,"date":"2024-12-23T15:43:38","date_gmt":"2024-12-23T15:43:38","guid":{"rendered":"https:\/\/bazaar.express\/product\/fins-2\/"},"modified":"2024-12-23T15:43:38","modified_gmt":"2024-12-23T15:43:38","slug":"fins-2","status":"publish","type":"product","link":"https:\/\/bazaar.express\/sk\/produkt\/fins-2\/","title":{"rendered":"Plte\u010dky \u2013 Profesion\u00e1lne pot\u00e1panie"},"content":{"rendered":"<h2 data-start=\"354\" data-end=\"422\">Siln\u00e9 plte\u010dky na pot\u00e1panie \u2013 In\u0161pirovan\u00e9 pr\u00edrodou, postaven\u00e9 pre v\u00fdkon<\/h2>\n<h3 data-start=\"424\" data-end=\"497\">Pot\u00e1pajte sa inteligentnej\u0161ie s inovat\u00edvnymi plte\u010dkami navrhnut\u00fdmi pre pohodlie a silu<\/h3>\n<p data-start=\"499\" data-end=\"817\">Posu\u0148te svoje podvodn\u00e9 dobrodru\u017estv\u00e1 \u010falej s t\u00fdmito plte\u010dkami novej gener\u00e1cie navrhnut\u00fdmi na poskytnutie bezkonkuren\u010dnej kontroly, pohodlia a sily. \u010ci u\u017e presk\u00famavate koralov\u00e9 \u00fatesy alebo sa preb\u00edjate cez oce\u00e1nske pr\u00fady, tieto plte\u010dky kombinuj\u00fa hydrodynamick\u00fd dizajn a ergonomick\u00e9 pohodlie, aby v\u00e1m pomohli pot\u00e1pa\u0165 sa dlh\u0161ie, pohybova\u0165 sa r\u00fdchlej\u0161ie a zosta\u0165 stabiln\u00ed.<\/p>\n<h3 data-start=\"824\" data-end=\"866\">Hlavn\u00e9 vlastnosti t\u00fdchto pokro\u010dil\u00fdch plte\u010diek<\/h3>\n<h4 data-start=\"868\" data-end=\"922\">\u0160tvor-kan\u00e1lov\u00fd dizajn lopatky pre maxim\u00e1lny \u0165ah<\/h4>\n<p data-start=\"923\" data-end=\"1122\">Toto je <strong data-start=\"935\" data-end=\"960\">prv\u00e1 plte\u010dka svojho druhu<\/strong>, ktor\u00e1 m\u00e1 najnov\u0161\u00ed \u0161tvor-kan\u00e1lov\u00fd dizajn. Ka\u017ed\u00fd kop propuluje s v\u00e4\u010d\u0161ou silou pri s\u00fa\u010dasnom zni\u017eovan\u00ed straty energie, \u010do v\u00e1m poskytne v\u00e4\u010d\u0161iu efektivitu s men\u0161\u00edm \u00fasil\u00edm.<\/p>\n<h4 data-start=\"1124\" data-end=\"1160\">Pr\u00edrodou in\u0161pirovan\u00fd pr\u00fad lopatky<\/h4>\n<p data-start=\"1161\" data-end=\"1385\">Modelovan\u00fd pod\u013ea prirodzen\u00e9ho pohybu chvosta man\u00e1tov, lopatka sa zakrivuje dovn\u00fatra a kles\u00e1 nadol \u2013 napodob\u0148uj\u00fac ide\u00e1lny \u0165ah a klz, ktor\u00fd vid\u00edte u morsk\u00fdch \u017eivo\u010d\u00edchov. V\u00fdsledok? Plynul\u00fd, siln\u00fd pohyb cez ak\u00fdko\u013evek vodn\u00fd ter\u00e9n.<\/p>\n<h4 data-start=\"1387\" data-end=\"1431\">Technol\u00f3gia kan\u00e1lov zvy\u0161uj\u00faca \u0165ah<\/h4>\n<p data-start=\"1432\" data-end=\"1624\">Kan\u00e1lovanie \u0165ahu zvy\u0161uje pohon, zatia\u013e \u010do stabiliz\u00e1tory po stran\u00e1ch zni\u017euj\u00fa nam\u00e1hanie \u010dlenkov. Tieto inteligentn\u00e9 funkcie v\u00e1m pom\u00f4\u017eu klzova\u0165 s istotou \u2013 ide\u00e1lne pre hlbok\u00e9 ponory aj plytk\u00e9 pl\u00e1vanie.<\/p>\n<h4 data-start=\"1626\" data-end=\"1666\">Pohodln\u00fd dizajn vrecka na nohu<\/h4>\n<p data-start=\"1667\" data-end=\"1873\">Ergonomick\u00e9 vrecko na nohu sa pevne prisp\u00f4sob\u00ed, aby prenieslo energiu nohy priamo do lopatky, \u010do umo\u017en\u00ed siln\u00fd pohyb s zn\u00ed\u017eenou \u00fanavou. Zostanete pohodln\u00ed a bezpe\u010dn\u00ed bez oh\u013eadu na to, ako dlho ste vo vode.<\/p>\n<h3 data-start=\"1880\" data-end=\"1903\">Ve\u013ekostn\u00e9 mo\u017enosti<\/h3>\n<ul data-start=\"1904\" data-end=\"1984\">\n<li data-start=\"1904\" data-end=\"1931\">\n<p data-start=\"1906\" data-end=\"1931\"><strong data-start=\"1906\" data-end=\"1914\">S\/M:<\/strong> EU Ve\u013ekosti 36\u201340<\/p>\n<\/li>\n<li data-start=\"1932\" data-end=\"1957\">\n<p data-start=\"1934\" data-end=\"1957\"><strong data-start=\"1934\" data-end=\"1940\">L:<\/strong> EU Ve\u013ekosti 42\u201344<\/p>\n<\/li>\n<li data-start=\"1958\" data-end=\"1984\">\n<p data-start=\"1960\" data-end=\"1984\"><strong data-start=\"1960\" data-end=\"1967\">XL:<\/strong> EU Ve\u013ekosti 46\u201348<\/p>\n<\/li>\n<\/ul>\n<h2 data-start=\"1991\" data-end=\"2020\">Pre\u010do sa tieto plte\u010dky vyn\u00edmaj\u00fa<\/h2>\n<ul data-start=\"2022\" data-end=\"2277\">\n<li data-start=\"2022\" data-end=\"2076\">\n<p data-start=\"2024\" data-end=\"2076\"><strong data-start=\"2026\" data-end=\"2055\">Pokro\u010dil\u00e1 technol\u00f3gia lopatky<\/strong> pre silnej\u0161ie kopnutia<\/p>\n<\/li>\n<li data-start=\"2077\" data-end=\"2124\">\n<p data-start=\"2079\" data-end=\"2124\"><strong data-start=\"2081\" data-end=\"2104\">Stabilizovan\u00fd pohyb<\/strong> na zn\u00ed\u017eenie \u00fanavy<\/p>\n<\/li>\n<li data-start=\"2125\" data-end=\"2180\">\n<p data-start=\"2127\" data-end=\"2180\"><strong data-start=\"2129\" data-end=\"2159\">In\u0161pir\u00e1cia pr\u00edrodn\u00fdm dizajnom<\/strong> pre plynulej\u0161ie ponory<\/p>\n<\/li>\n<li data-start=\"2181\" data-end=\"2225\">\n<p data-start=\"2183\" data-end=\"2225\"><strong data-start=\"2185\" data-end=\"2205\">Univerz\u00e1lne ve\u013ekosti<\/strong> pre perfektn\u00e9 prisp\u00f4sobenie<\/p>\n<\/li>\n<li data-start=\"2226\" data-end=\"2277\">\n<p data-start=\"2228\" data-end=\"2277\"><strong data-start=\"2230\" data-end=\"2277\">Postaven\u00e9 pre rekrea\u010dn\u00e9 a profesion\u00e1lne pot\u00e1panie<\/strong><\/p>\n<\/li>\n<\/ul>\n<h2 data-start=\"2590\" data-end=\"2616\">Zdvihnite svoj ponor dnes<\/h2>\n<p data-start=\"2618\" data-end=\"2859\">Presk\u00famajte viac. Posu\u0148te sa \u010falej. Tieto plte\u010dky v\u00e1m poskytn\u00fa silu, pohodlie a flexibilitu, aby ste vyu\u017eili maximum z ka\u017ed\u00e9ho podvodn\u00e9ho dobrodru\u017estva. \u010ci ste za\u010diato\u010dn\u00edk alebo profesion\u00e1lny pot\u00e1pa\u010d, toto vybavenie je navrhnut\u00e9 na pohyb s vami \u2013 silne a bez n\u00e1mahy.<\/p>\n<p data-start=\"2861\" data-end=\"2913\"><strong data-start=\"2861\" data-end=\"2913\">Z\u00edskajte si svoje a za\u017eite svoj najlep\u0161\u00ed ponor.<\/strong><\/p>\n<p style=\"text-align: center;\">\u010eakujeme za n\u00e1kup v <em data-start=\"415\" data-end=\"431\"><a href=\"https:\/\/bazaar.express\/sk\/\">Bazaar Express<\/a><\/em> \u2013 te\u0161\u00edme sa, \u017ee ste tu!<\/p>\n<p style=\"text-align: center;\">Od uter\u00e1kov po ta\u0161ky, na\u0161e <a href=\"https:\/\/bazaar.express\/sk\/beach-essentials\/\">Pl\u00e1\u017eov\u00e9 z\u00e1kladn\u00e9 vybavenie<\/a> v\u00e1s m\u00e1 pokryt\u00e9.<\/p>\n","protected":false},"excerpt":{"rendered":"<h3 data-start=\"511\" data-end=\"722\">Za\u017eite plynul\u00fd, siln\u00fd podvodn\u00fd pohyb s na\u0161imi profesion\u00e1lnymi pot\u00e1pa\u010dsk\u00fdmi plte\u010dkami s \u0161tvor-kan\u00e1lovou lopatkou a pr\u00edrodou in\u0161pirovan\u00fdm dizajnom. Navrhnut\u00e9 pre pohodlie, kontrolu a v\u00e1\u017eny v\u00fdkon v akomko\u013evek vodnom prostred\u00ed.<\/h3>\n","protected":false},"featured_media":44781,"comment_status":"open","ping_status":"closed","template":"","meta":[],"product_brand":[],"product_cat":[1162],"product_tag":[1675,1735],"class_list":{"0":"post-44779","1":"product","2":"type-product","3":"status-publish","4":"has-post-thumbnail","6":"product_cat-plazove-esencie","7":"product_tag-morske","8":"product_tag-plaz","9":"pa_l-xl-1740","10":"pa_l-xl-1741","11":"pa_l-xl-1742","12":"pa_l-xl-1743","13":"pa_l-xl-1744","14":"pa_l-xl-1745","15":"pa_l-xl-1746","17":"first","18":"instock","19":"sale","20":"shipping-taxable","21":"purchasable","22":"product-type-variable"},"_links":{"self":[{"href":"https:\/\/bazaar.express\/sk\/wp-json\/wp\/v2\/product\/44779","targetHints":{"allow":["GET"]}}],"collection":[{"href":"https:\/\/bazaar.express\/sk\/wp-json\/wp\/v2\/product"}],"about":[{"href":"https:\/\/bazaar.express\/sk\/wp-json\/wp\/v2\/types\/product"}],"replies":[{"embeddable":true,"href":"https:\/\/bazaar.express\/sk\/wp-json\/wp\/v2\/comments?post=44779"}],"wp:featuredmedia":[{"embeddable":true,"href":"https:\/\/bazaar.express\/sk\/wp-json\/wp\/v2\/media\/44781"}],"wp:attachment":[{"href":"https:\/\/bazaar.express\/sk\/wp-json\/wp\/v2\/media?parent=44779"}],"wp:term":[{"taxonomy":"product_brand","embeddable":true,"href":"https:\/\/bazaar.express\/sk\/wp-json\/wp\/v2\/product_brand?post=44779"},{"taxonomy":"product_cat","embeddable":true,"href":"https:\/\/bazaar.express\/sk\/wp-json\/wp\/v2\/product_cat?post=44779"},{"taxonomy":"product_tag","embeddable":true,"href":"https:\/\/bazaar.express\/sk\/wp-json\/wp\/v2\/product_tag?post=44779"}],"curies":[{"name":"wp","href":"https:\/\/api.w.org\/{rel}","templated":true}]}}