{"id":44796,"date":"2024-12-21T01:10:01","date_gmt":"2024-12-21T01:10:01","guid":{"rendered":"https:\/\/bazaar.express\/product\/massage-cream-3\/"},"modified":"2026-03-01T20:41:05","modified_gmt":"2026-03-01T20:41:05","slug":"massage-cream-3","status":"publish","type":"product","link":"https:\/\/bazaar.express\/sk\/produkt\/massage-cream-3\/","title":{"rendered":"Mas\u00e1\u017eny kr\u00e9m"},"content":{"rendered":"<h2><strong>Mas\u00e1\u017eny kr\u00e9m \u2013 Prirodzen\u00e1 \u00fa\u013eava od bolesti svalov, z\u00e1palov a ka\u017edodenn\u00fdch bolest\u00ed<\/strong><\/h2>\n<h3><strong>U\u013eah\u010dite svojmu telu a upokojte boles\u0165 s kr\u00e9mom Lotus Massage Colocynth &#038; Black Seed<\/strong><\/h3>\n<p>Ak bojujete so stuhnutos\u0165ou k\u013abov, bolav\u00fdmi svalmi, ischiasom alebo chronickou boles\u0165ou tela, je \u010das necha\u0165 pr\u00edrodu zasiahnu\u0165. <strong>Kr\u00e9m Lotus Massage<\/strong> s <strong>Kolokyntou a \u010diernym semienkom<\/strong> je siln\u00e1 zmes navrhnut\u00e1 na <strong>\u00fa\u013eavu od bolesti, zn\u00ed\u017eenie z\u00e1palu<\/strong> a <strong>uvolnenie unaven\u00fdch svalov<\/strong> pomocou tradi\u010dn\u00e9ho rastlinn\u00e9ho hojenia. Tento celkom pr\u00edrodn\u00fd <strong>mas\u00e1\u017eny kr\u00e9m<\/strong> je ide\u00e1lny pre \u0161portovcov, seniorov, akt\u00edvnych jedincov alebo kohoko\u013evek, kto sa stret\u00e1va s ka\u017edodenn\u00fdmi boles\u0165ami a nepohodou.<\/p>\n<p>\u010ci u\u017e mas\u00edrujete pre\u010d nap\u00e4tie v krku, k\u0155\u010de svalov po tr\u00e9ningu alebo boles\u0165 k\u013abov, tento r\u00fdchlo p\u00f4sobiaci kr\u00e9m prin\u00e1\u0161a teplo, cirkul\u00e1ciu a pohodlie len za p\u00e1r min\u00fat.<\/p>\n<h3><strong>\u00a0Mocn\u00e9 ingrediencie s preuk\u00e1zan\u00fdmi benefitmi<\/strong><\/h3>\n<h4><strong>Extrakt z kolokynty (Hork\u00e1 jablko)<\/strong><\/h4>\n<ul>\n<li>Vysoko efekt\u00edvny pri zni\u017eovan\u00ed <strong>z\u00e1palu k\u013abov<\/strong><\/li>\n<li>\u0160peci\u00e1lne u\u017eito\u010dn\u00fd pri <strong>artrit\u00edde<\/strong>, <strong>reumatizme<\/strong> a <strong>ischias<\/strong><\/li>\n<li>Zn\u00e1my cielen\u00edm hlbokej svalovej a nervovej bolesti<\/li>\n<\/ul>\n<h4><strong>Extrakt z \u010dierneho semienka<\/strong><\/h4>\n<ul>\n<li>Naplnen\u00fd <strong>antioxidantmi<\/strong> a protiz\u00e1palov\u00fdmi vlastnos\u0165ami<\/li>\n<li>U\u013eavuje od <strong>bolesti chrbta<\/strong>, <strong>stuhnutosti kolien<\/strong> a <strong>hlavn\u00fdch bolest\u00ed<\/strong><\/li>\n<li>Podporuje hojenie v svaloch aj k\u013aboch<\/li>\n<\/ul>\n<h4><strong>Extrakt z mu\u0161k\u00e1tov\u00e9ho orie\u0161ka<\/strong><\/h4>\n<ul>\n<li>Obsahuje esenci\u00e1lne oleje, ktor\u00e9 zvy\u0161uj\u00fa <strong>prostagland\u00edn<\/strong> na zn\u00ed\u017eenie bolesti<\/li>\n<li>Vynikaj\u00faci na lie\u010dbu <strong>opuchu svalov<\/strong>, k\u0155\u010dov a v\u0161eobecnej bolestivosti<\/li>\n<\/ul>\n<h4><strong>Collis<\/strong><\/h4>\n<ul>\n<li>Zni\u017euje imunitn\u00fa odpove\u010f spojen\u00fa so <strong>z\u00e1palom<\/strong><\/li>\n<li>Pom\u00e1ha u\u013eavi\u0165 od <strong>dna<\/strong>, <strong>bronchit\u00eddy<\/strong> a z\u00e1palovej bolesti k\u013abov<\/li>\n<\/ul>\n<h4><strong>Klin\u010dekov\u00fd olej<\/strong><\/h4>\n<ul>\n<li>Zvy\u0161uje <strong>krvn\u00fd obeh<\/strong><\/li>\n<li>Funguje ako prirodzen\u00fd <strong>analgetikum<\/strong> na bolesti k\u013abov a svalov<\/li>\n<\/ul>\n<h4><strong>\u0160koricov\u00fd olej<\/strong><\/h4>\n<ul>\n<li>Stimuluje prietok krvi na <strong>zn\u00ed\u017eenie stuhnutosti a \u00fanavy<\/strong><\/li>\n<li>U\u017eito\u010dn\u00fd na bolesti hlavy a <strong>v\u0161eobecn\u00e9 uvo\u013enenie svalov<\/strong><\/li>\n<\/ul>\n<h3><strong>\u00a0Ako efekt\u00edvne pou\u017e\u00edva\u0165 mas\u00e1\u017eny kr\u00e9m<\/strong><\/h3>\n<ol>\n<li><strong>Naneste<\/strong> mal\u00e9 mno\u017estvo na postihnut\u00fa oblas\u0165 (chrb\u00e1t, nohy, kolen\u00e1 at\u010f.)<\/li>\n<li><strong>Mas\u00edrujte<\/strong> kruhov\u00fdmi pohybmi pribli\u017ene <strong>10 min\u00fat<\/strong><\/li>\n<li>Pou\u017e\u00edvajte <strong>dva razy denne<\/strong> \u2013 raz r\u00e1no a znova <strong>pred span\u00edm<\/strong><\/li>\n<li><strong>Volite\u013en\u00e9:<\/strong> Naneste teplo po mas\u00e1\u017ei pre lep\u0161iu absorpciu a r\u00fdchlej\u0161iu \u00fa\u013eavu<\/li>\n<li>Na <strong>bolesti hlavy<\/strong>, jemne vtierajte mal\u00e9 mno\u017estvo na \u010delo (vyhnite sa o\u010di\u00e1m)<\/li>\n<\/ol>\n<h3><strong>\u00a0Upozornenia pred pou\u017eit\u00edm<\/strong><\/h3>\n<ul>\n<li>Nepreporu\u010duje sa pou\u017e\u00edva\u0165 po\u010das <strong>tehotenstva alebo doj\u010denia<\/strong> bez konzult\u00e1cie s lek\u00e1rom<\/li>\n<li>Vyhnite sa nan\u00e1\u0161aniu na <strong>po\u0161koden\u00fa, podr\u00e1\u017eden\u00fa alebo citliv\u00fa poko\u017eku<\/strong><\/li>\n<li>Dr\u017ete mimo <strong>o\u010d\u00fa, \u00fast a slizn\u00edc<\/strong><\/li>\n<li><strong>Skladujte bezpe\u010dne<\/strong> mimo dosahu det\u00ed<\/li>\n<li>Ak d\u00f4jde k podr\u00e1\u017edeniu, <strong>presta\u0148te pou\u017e\u00edva\u0165<\/strong> a vyh\u013eadajte lek\u00e1rsku radu<\/li>\n<\/ul>\n<h3><strong>\u00a0Z\u00e1vern\u00e9 my\u0161lienky<\/strong><\/h3>\n<p><strong>Kr\u00e9m Lotus Massage s kolokyntou a \u010diernym semienkom<\/strong> je viac ne\u017e len mas\u00e1\u017e svalov \u2013 je to va\u0161a <strong>prirodzen\u00e1 sada n\u00e1strojov na denn\u00e9 pohodlie<\/strong>. \u010ci u\u017e riadi\u0165 ischias, boles\u0165 po posil\u0148ovni alebo otravn\u00e9 nap\u00e4tie chrbta, tento <strong>mas\u00e1\u017eny kr\u00e9m<\/strong> sp\u00e1ja tradi\u010dn\u00e9 hojenie s modernou efekt\u00edvnos\u0165ou. Za\u017eite skuto\u010dn\u00fa \u00fa\u013eavu prirodzenou cestou.<\/p>\n<p><strong>Vr\u00e1\u0165te sa k pocitu svojho najlep\u0161ieho \u2013 nakupujte teraz v Bazaar Express a poc\u00ed\u0165te rozdiel s ka\u017edou mas\u00e1\u017eou.<\/strong><\/p>\n<p>&nbsp;<\/p>\n<p style=\"text-align: center;\">\u010eakujeme za n\u00e1kup v <em data-start=\"415\" data-end=\"431\"><a href=\"https:\/\/bazaar.express\/sk\/\">Bazaar Express<\/a><\/em> \u2013 sme nad\u0161en\u00ed, \u017ee ste tu!<\/p>\n<p style=\"text-align: center;\">Va\u0161a cesta k lep\u0161ej starostlivosti o seba za\u010d\u00edna tu \u2013 s <a href=\"https:\/\/bazaar.express\/product-category\/beauty-care\/\">Beauty &#038; Care<\/a>, na ktor\u00fa sa m\u00f4\u017eete spo\u013eahn\u00fa\u0165.<\/p>\n","protected":false},"excerpt":{"rendered":"<h3 data-start=\"493\" data-end=\"741\">\u00da\u013eavte od bolesti prirodzene s mas\u00e1\u017enym kr\u00e9mom Lotus \u2013 inf\u00faziou kolokynty, \u010dierneho semienka, klin\u010dekov\u00e9ho oleja a mu\u0161k\u00e1tov\u00e9ho orie\u0161ka na r\u00fdchlu a efekt\u00edvnu \u00fa\u013eavu od bolav\u00fdch svalov, stuhnut\u00fdch k\u013abov a z\u00e1palov. Ide\u00e1lny na ischias, artrit\u00eddu a regener\u00e1ciu po tr\u00e9ningu.<\/h3>\n","protected":false},"featured_media":44798,"comment_status":"open","ping_status":"closed","template":"","meta":[],"product_brand":[],"product_cat":[1160,1169],"product_tag":[1731,1733,1660],"class_list":{"0":"post-44796","1":"product","2":"type-product","3":"status-publish","4":"has-post-thumbnail","6":"product_cat-starostlivost-o-krasu","7":"product_cat-horuce-ponuky","8":"product_tag-krem","9":"product_tag-krem-na-klby","10":"product_tag-masaz","11":"pa_l-xl-150gm","13":"first","14":"instock","15":"sale","16":"shipping-taxable","17":"purchasable","18":"product-type-simple"},"_links":{"self":[{"href":"https:\/\/bazaar.express\/sk\/wp-json\/wp\/v2\/product\/44796","targetHints":{"allow":["GET"]}}],"collection":[{"href":"https:\/\/bazaar.express\/sk\/wp-json\/wp\/v2\/product"}],"about":[{"href":"https:\/\/bazaar.express\/sk\/wp-json\/wp\/v2\/types\/product"}],"replies":[{"embeddable":true,"href":"https:\/\/bazaar.express\/sk\/wp-json\/wp\/v2\/comments?post=44796"}],"wp:featuredmedia":[{"embeddable":true,"href":"https:\/\/bazaar.express\/sk\/wp-json\/wp\/v2\/media\/44798"}],"wp:attachment":[{"href":"https:\/\/bazaar.express\/sk\/wp-json\/wp\/v2\/media?parent=44796"}],"wp:term":[{"taxonomy":"product_brand","embeddable":true,"href":"https:\/\/bazaar.express\/sk\/wp-json\/wp\/v2\/product_brand?post=44796"},{"taxonomy":"product_cat","embeddable":true,"href":"https:\/\/bazaar.express\/sk\/wp-json\/wp\/v2\/product_cat?post=44796"},{"taxonomy":"product_tag","embeddable":true,"href":"https:\/\/bazaar.express\/sk\/wp-json\/wp\/v2\/product_tag?post=44796"}],"curies":[{"name":"wp","href":"https:\/\/api.w.org\/{rel}","templated":true}]}}