{"id":44808,"date":"2025-01-01T02:02:07","date_gmt":"2025-01-01T02:02:07","guid":{"rendered":"https:\/\/bazaar.express\/product\/aloe-vera-cream\/"},"modified":"2026-03-01T20:41:57","modified_gmt":"2026-03-01T20:41:57","slug":"aloe-vera-cream","status":"publish","type":"product","link":"https:\/\/bazaar.express\/sk\/produkt\/aloe-vera-cream\/","title":{"rendered":"Kr\u00e9m s aloe vera"},"content":{"rendered":"<h2 data-start=\"298\" data-end=\"398\">Kr\u00e9m Orgakera s aloe vera \u2013 Vynikaj\u00faci hydrata\u010dn\u00fd prostriedok na upokojenie suchej, citlivej a podr\u00e1\u017edenej poko\u017eky<\/h2>\n<p data-start=\"400\" data-end=\"874\">Ak h\u013ead\u00e1te pr\u00edrodn\u00fd a \u00fa\u010dinn\u00fd sp\u00f4sob, ako hydratova\u0165 a opravi\u0165 poko\u017eku, <strong data-start=\"483\" data-end=\"511\">kr\u00e9m Orgakera s aloe vera<\/strong> je va\u0161e ide\u00e1lne rie\u0161enie. Vyroben\u00fd s <strong data-start=\"546\" data-end=\"584\">viac ako 70 % extraktom z organick\u00e9ho aloe vera<\/strong>, tento upokojuj\u00faci kr\u00e9m cieli na suchos\u0165, podr\u00e1\u017edenie, sp\u00e1lenie od slnka a dokonca aj drobn\u00e9 rany s jemn\u00fdmi, no siln\u00fdmi hojiv\u00fdmi vlastnos\u0165ami. \u010ci u\u017e bojujete s ka\u017edodennou suchos\u0165ou alebo sa zotavujete z po\u0161kodenia poko\u017eky, kr\u00e9m Orgakera s aloe vera pom\u00e1ha obnovi\u0165 m\u00e4kkos\u0165, vlhkos\u0165 a prirodzen\u00fd lesk va\u0161ej poko\u017eky.<\/p>\n<h3 data-start=\"881\" data-end=\"933\"> Hlbok\u00e1 hydrat\u00e1cia pre such\u00fa, citliv\u00fa poko\u017eku<\/h3>\n<p data-start=\"934\" data-end=\"1142\">Kr\u00e9m Orgakera s aloe vera vynikaj\u00faco p\u00f4sob\u00ed na suchej a \u0161upinatej poko\u017eke dod\u00e1van\u00edm intenz\u00edvnej hydrat\u00e1cie. Bohat\u00fd obsah aloe vera hlboko vy\u017eivuje va\u0161u poko\u017eku, \u010d\u00edm ju po ka\u017edom pou\u017eit\u00ed c\u00edtite m\u00e4kk\u00fa, hladk\u00fa a osvie\u017een\u00fa.<\/p>\n<h3 data-start=\"1149\" data-end=\"1190\"> Upokojuje sp\u00e1lenie od slnka a po\u0161kodenie teplom<\/h3>\n<p data-start=\"1191\" data-end=\"1346\">Po pr\u00edli\u0161 dlhom \u010dase na slnku va\u0161a poko\u017eka potrebuje \u00fa\u013eavu. Orgakera pom\u00e1ha ochladi\u0165 a upokoji\u0165 sp\u00e1len\u00fa poko\u017eku, okam\u017eite zni\u017euje za\u010dervenanie, nap\u00e4tie a nepohodlie.<\/p>\n<h3 data-start=\"1353\" data-end=\"1406\"> \u00da\u013eava od podr\u00e1\u017edenia poko\u017eky a uhryznut\u00ed hmyzom<\/h3>\n<p data-start=\"1407\" data-end=\"1604\">Ak v\u00e1s po\u0161t\u00edpal hmyz alebo m\u00e1te svrbiv\u00fa, zap\u00e1len\u00fa poko\u017eku, tento kr\u00e9m prin\u00e1\u0161a okam\u017eit\u00fd komfort. Jeho protiz\u00e1palov\u00e9 vlastnosti pom\u00e1haj\u00fa upokoji\u0165 podr\u00e1\u017edenie, zn\u00ed\u017ei\u0165 svrbenie a ur\u00fdchli\u0165 zotavenie.<\/p>\n<h3 data-start=\"1611\" data-end=\"1666\"> Pr\u00edrodn\u00e9 hojenie r\u00e1n a ko\u017en\u00fdch probl\u00e9mov<\/h3>\n<p data-start=\"1667\" data-end=\"1891\">Antibakteri\u00e1lne a antifung\u00e1lne vlastnosti aloe vera podporuj\u00fa prirodzen\u00fd hojiv\u00fd proces poko\u017eky. Kr\u00e9m Orgakera s aloe vera pom\u00e1ha pri zotaven\u00ed z mal\u00fdch rezov, odren\u00edn, vredov a be\u017en\u00fdch ko\u017en\u00fdch probl\u00e9mov ako ekz\u00e9m alebo vyr\u00e1\u017eky.<\/p>\n<h3 data-start=\"1898\" data-end=\"1951\"> Bezpe\u010dn\u00fd, organick\u00fd a jemn\u00fd pre v\u0161etky typy poko\u017eky<\/h3>\n<p data-start=\"1952\" data-end=\"2167\">Tento kr\u00e9m neobsahuje drsn\u00e9 chemik\u00e1lie, parab\u00e9ny ani umel\u00e9 v\u00f4ne. Jeho <strong data-start=\"2034\" data-end=\"2052\">jemn\u00e1 formula<\/strong> ho rob\u00ed ide\u00e1lnym na denn\u00e9 pou\u017eitie na <strong data-start=\"2085\" data-end=\"2120\">citlivej, suchej alebo po\u0161kodenej poko\u017eke<\/strong>, vr\u00e1tane detskej poko\u017eky a citliv\u00fdch oblast\u00ed.<\/p>\n<h3 data-start=\"2174\" data-end=\"2206\"> K\u013e\u00fa\u010dov\u00e9 pr\u00edrodn\u00e9 ingrediencie<\/h3>\n<ul data-start=\"2207\" data-end=\"2484\">\n<li data-start=\"2207\" data-end=\"2341\">\n<p data-start=\"2209\" data-end=\"2341\"><strong data-start=\"2209\" data-end=\"2245\">Extrakt z aloe vera (70 % organick\u00fd):<\/strong> Siln\u00fd hojiv\u00fd prostriedok, ktor\u00fd upokojuje podr\u00e1\u017edenie, obnovuje vlhkos\u0165 a podporuje regener\u00e1ciu poko\u017eky.<\/p>\n<\/li>\n<li data-start=\"2342\" data-end=\"2484\">\n<p data-start=\"2344\" data-end=\"2484\"><strong data-start=\"2344\" data-end=\"2373\">In\u00e9 organick\u00e9 rastlinn\u00e9 extrakty:<\/strong> Starostlivo vybran\u00e9 pr\u00edrodn\u00e9 oleje a bylinn\u00e9 extrakty pre zlep\u0161en\u00e9 hojenie a v\u00fd\u017eivu bez ved\u013eaj\u0161\u00edch \u00fa\u010dinkov.<\/p>\n<\/li>\n<\/ul>\n<h3 data-start=\"2491\" data-end=\"2535\"> Ako pou\u017e\u00edva\u0165 kr\u00e9m Orgakera s aloe vera<\/h3>\n<ol data-start=\"2537\" data-end=\"2892\">\n<li data-start=\"2537\" data-end=\"2622\">\n<p data-start=\"2540\" data-end=\"2622\"><strong data-start=\"2540\" data-end=\"2559\">Vy\u010distite poko\u017eku:<\/strong> Jemne umyte postihnut\u00fa oblas\u0165 teplou vodou a jemn\u00fdm mydlom.<\/p>\n<\/li>\n<li data-start=\"2623\" data-end=\"2717\">\n<p data-start=\"2626\" data-end=\"2717\"><strong data-start=\"2626\" data-end=\"2649\">Naneste tenk\u00fa vrstvu:<\/strong> Pou\u017eite mal\u00e9 mno\u017estvo kr\u00e9mu a rovnomerne ho rozotrite na poko\u017eku.<\/p>\n<\/li>\n<li data-start=\"2718\" data-end=\"2794\">\n<p data-start=\"2721\" data-end=\"2794\"><strong data-start=\"2721\" data-end=\"2740\">Jemne mas\u00edrujte:<\/strong> Vmas\u00edrujte jemn\u00fdmi kruhov\u00fdmi pohybmi, k\u00fdm sa nevstreb\u00e1.<\/p>\n<\/li>\n<li data-start=\"2795\" data-end=\"2892\">\n<p data-start=\"2798\" data-end=\"2892\"><strong data-start=\"2798\" data-end=\"2816\">Pou\u017e\u00edvajte pravidelne:<\/strong> Nan\u00e1\u0161ajte 2\u20133 kr\u00e1t denne alebo kedyko\u013evek, ke\u010f je va\u0161a poko\u017eka such\u00e1, svrbiv\u00e1 alebo podr\u00e1\u017eden\u00e1.<\/p>\n<\/li>\n<\/ol>\n<h3 data-start=\"3259\" data-end=\"3304\"> Pre\u010do si vybra\u0165 kr\u00e9m Orgakera s aloe vera?<\/h3>\n<p data-start=\"3306\" data-end=\"3700\">Kr\u00e9m Orgakera s aloe vera je jednoduch\u00e9, no \u00fa\u010dinn\u00e9 rie\u0161enie starostlivosti o poko\u017eku. Pon\u00faka hlbok\u00fa hydrat\u00e1ciu, r\u00fdchlu \u00fa\u013eavu a pr\u00edrodn\u00e9 hojenie pri ka\u017edom pou\u017eit\u00ed. Na rozdiel od mnoh\u00fdch hydrata\u010dn\u00fdch kr\u00e9mov pln\u00fdch chemik\u00e1li\u00ed v\u00e1m Orgakera prin\u00e1\u0161a <strong data-start=\"3512\" data-end=\"3535\">\u010dist\u00fa rastlinn\u00fa starostlivos\u0165<\/strong>, ktor\u00e1 je \u00fa\u010dinn\u00e1 pre v\u0161etky vekov\u00e9 skupiny a typy poko\u017eky. Je to perfektn\u00e9 univerz\u00e1lne rie\u0161enie pre va\u0161e ko\u017en\u00e9 probl\u00e9my \u2013 sp\u00e1lenie od slnka, citlivos\u0165, suchos\u0165 alebo ka\u017edodenn\u00fa ochranu.<\/p>\n<h3 data-start=\"3707\" data-end=\"3752\">\ud83d\uded2 Objednajte si dnes kr\u00e9m Orgakera s aloe vera<\/h3>\n<p data-start=\"3754\" data-end=\"4034\">Ste pripraven\u00ed da\u0165 svojej poko\u017eke starostlivos\u0165, ktor\u00fa si zasl\u00fa\u017ei? Kr\u00e9m Orgakera s aloe vera poskytuje pr\u00edrodn\u00fa hydrat\u00e1ciu, upokojuj\u00facu \u00fa\u013eavu a dlhodob\u00fa podporu poko\u017eky. <strong data-start=\"3897\" data-end=\"3983\">\u0164a\u017ete sa s suchos\u0165ou a podr\u00e1\u017eden\u00edm \u2013 a priv\u00edtajte svie\u017eu, \u017eiariv\u00fa, zdrav\u00fa poko\u017eku.<\/strong><br data-start=\"3983\" data-end=\"3986\" \/>Objednajte si teraz a poc\u00edtite rozdiel s Orgakerou!<\/p>\n<p style=\"text-align: center;\">\u010eakujeme za n\u00e1kup v <em data-start=\"415\" data-end=\"431\"><a href=\"https:\/\/bazaar.express\/sk\/\">Bazaar Express<\/a><\/em> \u2013 te\u0161\u00ed n\u00e1s, \u017ee ste tu!<\/p>\n<p style=\"text-align: center;\">Va\u0161a cesta k lep\u0161ej starostlivosti o seba sa za\u010d\u00edna tu \u2013 s <a href=\"https:\/\/bazaar.express\/product-category\/beauty-care\/\">Kr\u00e1sa a starostlivos\u0165<\/a>, na ktor\u00fa sa m\u00f4\u017eete spo\u013eahn\u00fa\u0165.<\/p>\n","protected":false},"excerpt":{"rendered":"<h3>Kr\u00e9m Orgakera s aloe vera je pr\u00edrodn\u00fd, upokojuj\u00faci hydrata\u010dn\u00fd prostriedok s viac ako 70 % extraktu z organick\u00e9ho aloe vera. Hydratuje such\u00fa poko\u017eku, upokojuje podr\u00e1\u017edenie a pom\u00e1ha lie\u010di\u0165 sp\u00e1lenie od slnka, uhryznutia a drobn\u00e9 rany. Jemn\u00e9 a \u00fa\u010dinn\u00e9 pre v\u0161etky typy poko\u017eky.<\/h3>\n","protected":false},"featured_media":44810,"comment_status":"open","ping_status":"closed","template":"","meta":[],"product_brand":[],"product_cat":[1160],"product_tag":[1731,1655,1654],"class_list":{"0":"post-44808","1":"product","2":"type-product","3":"status-publish","4":"has-post-thumbnail","6":"product_cat-starostlivost-o-krasu","7":"product_tag-krem","8":"product_tag-starostlivost-o-krasu","9":"product_tag-starostlivost-o-plet","10":"pa_l-xl-150ml","11":"pa_l-xl-300ml","13":"first","14":"instock","15":"shipping-taxable","16":"purchasable","17":"product-type-variable"},"_links":{"self":[{"href":"https:\/\/bazaar.express\/sk\/wp-json\/wp\/v2\/product\/44808","targetHints":{"allow":["GET"]}}],"collection":[{"href":"https:\/\/bazaar.express\/sk\/wp-json\/wp\/v2\/product"}],"about":[{"href":"https:\/\/bazaar.express\/sk\/wp-json\/wp\/v2\/types\/product"}],"replies":[{"embeddable":true,"href":"https:\/\/bazaar.express\/sk\/wp-json\/wp\/v2\/comments?post=44808"}],"wp:featuredmedia":[{"embeddable":true,"href":"https:\/\/bazaar.express\/sk\/wp-json\/wp\/v2\/media\/44810"}],"wp:attachment":[{"href":"https:\/\/bazaar.express\/sk\/wp-json\/wp\/v2\/media?parent=44808"}],"wp:term":[{"taxonomy":"product_brand","embeddable":true,"href":"https:\/\/bazaar.express\/sk\/wp-json\/wp\/v2\/product_brand?post=44808"},{"taxonomy":"product_cat","embeddable":true,"href":"https:\/\/bazaar.express\/sk\/wp-json\/wp\/v2\/product_cat?post=44808"},{"taxonomy":"product_tag","embeddable":true,"href":"https:\/\/bazaar.express\/sk\/wp-json\/wp\/v2\/product_tag?post=44808"}],"curies":[{"name":"wp","href":"https:\/\/api.w.org\/{rel}","templated":true}]}}