{"id":44813,"date":"2025-01-01T01:21:00","date_gmt":"2025-01-01T01:21:00","guid":{"rendered":"https:\/\/bazaar.express\/product\/hair-treatment\/"},"modified":"2025-01-01T01:21:00","modified_gmt":"2025-01-01T01:21:00","slug":"hair-treatment","status":"publish","type":"product","link":"https:\/\/bazaar.express\/sk\/produkt\/hair-treatment\/","title":{"rendered":"\u0160amp\u00f3n, Kondicion\u00e9r a Prote\u00edn na O\u0161etrenie Vlasov"},"content":{"rendered":"<h2 data-start=\"241\" data-end=\"364\">Orgakera \u0160amp\u00f3n, Kondicion\u00e9r a Prote\u00edn na O\u0161etrenie Vlasov s Olejom z Konsk\u00e9ho Chvosta a \u010cierneho Semienka \u2013 Pr\u00e9miov\u00fd 3-v-1 Set na Starostlivos\u0165 o Vlasy<\/h2>\n<h3 data-start=\"366\" data-end=\"434\"> Transformujte svoje vlasy s v\u00fdkonn\u00fdm trojicou \u0161amp\u00f3nov od Orgakera<\/h3>\n<p data-start=\"436\" data-end=\"920\">Poskytnite svojim vlasom starostlivos\u0165, ktor\u00fa si zasl\u00fa\u017eia, s <strong data-start=\"490\" data-end=\"555\">setom Orgakera \u0160amp\u00f3n, Kondicion\u00e9r a Prote\u00edn na O\u0161etrenie Vlasov<\/strong> \u2013 kompletn\u00fdm 3-krokov\u00fdm syst\u00e9mom navrhnut\u00fdm na <strong data-start=\"595\" data-end=\"606\">vy\u017eivenie<\/strong>, <strong data-start=\"608\" data-end=\"618\">opravu<\/strong> a <strong data-start=\"624\" data-end=\"638\">o\u017eivenie<\/strong> vlasov od kore\u0148a po kon\u010deky. T\u00e1to pokro\u010dil\u00e1 formula vyu\u017e\u00edva silu <strong data-start=\"707\" data-end=\"718\">\u0161amp\u00f3nu<\/strong> v kombin\u00e1cii s pr\u00edrodn\u00fdmi olejmi ako <strong data-start=\"751\" data-end=\"768\">Olej z Konsk\u00e9ho Chvosta<\/strong> a <strong data-start=\"773\" data-end=\"791\">Olej z \u010cierneho Semienka<\/strong>, plus <strong data-start=\"798\" data-end=\"816\">Extrakt z Kavi\u00e1ru<\/strong>, <strong data-start=\"818\" data-end=\"830\">Kolag\u00e9n<\/strong> a \u010fal\u0161ie. Je to ide\u00e1lne rie\u0161enie pre nudn\u00e9, such\u00e9, redn\u00face alebo chemicky o\u0161etren\u00e9 vlasy.<\/p>\n<h3 data-start=\"927\" data-end=\"972\"> Hlbok\u00e9 Vy\u017eivenie a Intenz\u00edvna Hydrat\u00e1cia<\/h3>\n<p data-start=\"973\" data-end=\"1202\">Kombinovan\u00fd efekt \u0160amp\u00f3nu a Kondicion\u00e9ru od Orgakera hlboko vy\u017eivuje vlasov\u00fd stvol, dop\u013a\u0148a straten\u00fd <strong data-start=\"1081\" data-end=\"1092\">kerat\u00edn<\/strong> a obnovuje \u00farove\u0148 vlhkosti. \u010eakajte suchosti a priv\u00edtajte m\u00e4kk\u00e9, \u013eahko upravite\u013en\u00e9 vlasy s prirodzen\u00fdm leskom.<\/p>\n<h3 data-start=\"1204\" data-end=\"1246\"> Zastavuje Vypad\u00e1vanie Vlasov a Podporuje Rast<\/h3>\n<p data-start=\"1247\" data-end=\"1460\">Nabit\u00e9 <strong data-start=\"1259\" data-end=\"1276\">Olejom z Konsk\u00e9ho Chvosta<\/strong> a <strong data-start=\"1281\" data-end=\"1299\">Olejom z \u010cierneho Semienka<\/strong>, toto o\u0161etrenie pom\u00e1ha stimulova\u0165 poko\u017eku hlavy a podporova\u0165 silnej\u0161\u00ed, hustej\u0161\u00ed rast vlasov. Posil\u0148uje folikuly, zni\u017euje vypad\u00e1vanie vlasov a podporuje zdrav\u00fd rast.<\/p>\n<h3 data-start=\"1462\" data-end=\"1508\"> Dlhotrvaj\u00faca Rovn\u00e1 a Hladk\u00e1 Text\u00fara<\/h3>\n<p data-start=\"1509\" data-end=\"1714\">Z\u00edskajte hodv\u00e1bne, bez krepovit\u00e9 vlasy, ktor\u00e9 zostan\u00fa rovn\u00e9 a hladk\u00e9 viac ako <strong data-start=\"1576\" data-end=\"1588\">6 mesiacov<\/strong>. Prote\u00edn v tomto o\u0161etren\u00ed prenik\u00e1 hlboko, vytv\u00e1ra ochrann\u00fa vrstvu, ktor\u00e1 odol\u00e1va vlhkosti a environment\u00e1lnemu po\u0161kodeniu.<\/p>\n<h3 data-start=\"1716\" data-end=\"1764\"> Opravuje Po\u0161kodenie a Obnovuje Silu Vlasov<\/h3>\n<p data-start=\"1765\" data-end=\"1967\">Zahrnutie <strong data-start=\"1782\" data-end=\"1794\">Kolag\u00e9nu<\/strong> a <strong data-start=\"1799\" data-end=\"1817\">Extraktu z Kavi\u00e1ru<\/strong> obnovuje elasticitu a odolnos\u0165. T\u00e1to trojkov\u00e1 starostlivos\u0165 opravuje roz\u0161tiepen\u00e9 konce, zabra\u0148uje l\u00e1mavosti a chr\u00e1ni vlasy pred tepl\u00fdm stylingom a zne\u010disten\u00edm.<\/p>\n<h3 data-start=\"1969\" data-end=\"2009\"> Ochrana pred Teplom a Zosil\u0148ova\u010d Lesku<\/h3>\n<p data-start=\"2010\" data-end=\"2160\">\u010ci u\u017e f\u00e9nujete alebo pou\u017e\u00edvate tepl\u00e9 n\u00e1stroje, o\u0161etrenie od Orgakera chr\u00e1ni va\u0161e vlasy pred po\u0161koden\u00edm. U\u017e\u00edvajte si sal\u00f3nov\u00fd lesk a zdrav\u00fd vzh\u013ead s ka\u017ed\u00fdm pou\u017eit\u00edm.<\/p>\n<h3 data-start=\"2162\" data-end=\"2189\"> Bez Drsn\u00fdch Chemik\u00e1li\u00ed<\/h3>\n<p data-start=\"2190\" data-end=\"2354\">Vo\u013en\u00e9 od <strong data-start=\"2200\" data-end=\"2212\">formalinu<\/strong>, <strong data-start=\"2214\" data-end=\"2226\">parab\u00e9nov<\/strong> a in\u00fdch \u0161kodliv\u00fdch pr\u00edsad, Orgakera je bezpe\u010dn\u00e9 pre v\u0161etky typy vlasov a ide\u00e1lne na udr\u017eiavanie chemicky o\u0161etren\u00fdch alebo farben\u00fdch vlasov.<\/p>\n<h3 data-start=\"2361\" data-end=\"2392\"> K\u013e\u00fa\u010dov\u00e9 Pr\u00edrodn\u00e9 Ingrediencie:<\/h3>\n<ul data-start=\"2394\" data-end=\"2916\">\n<li data-start=\"2394\" data-end=\"2480\">\n<p data-start=\"2396\" data-end=\"2480\"><strong data-start=\"2396\" data-end=\"2414\">Olej z Konsk\u00e9ho Chvosta:<\/strong> Posil\u0148uje korene, zabra\u0148uje vypad\u00e1vaniu a zlep\u0161uje cirkul\u00e1ciu.<\/p>\n<\/li>\n<li data-start=\"2481\" data-end=\"2571\">\n<p data-start=\"2483\" data-end=\"2571\"><strong data-start=\"2483\" data-end=\"2502\">Olej z \u010cierneho Semienka:<\/strong> Bohat\u00fd na antioxidanty na stimul\u00e1ciu rastu a obnovu zdravia poko\u017eky hlavy.<\/p>\n<\/li>\n<li data-start=\"2572\" data-end=\"2651\">\n<p data-start=\"2574\" data-end=\"2651\"><strong data-start=\"2574\" data-end=\"2587\">Kolag\u00e9n:<\/strong> Prid\u00e1va elasticitu, opravuje po\u0161kodenie a zlep\u0161uje \u0161trukt\u00faru vlasov.<\/p>\n<\/li>\n<li data-start=\"2652\" data-end=\"2742\">\n<p data-start=\"2654\" data-end=\"2742\"><strong data-start=\"2654\" data-end=\"2681\">Olej z Jojoby a Arganov\u00fd Olej:<\/strong> Hlbok\u00e9 zvlh\u010dova\u010de, ktor\u00e9 zni\u017euj\u00fa krepovitos\u0165 a vy\u017eivuj\u00fa poko\u017eku hlavy.<\/p>\n<\/li>\n<li data-start=\"2743\" data-end=\"2828\">\n<p data-start=\"2745\" data-end=\"2828\"><strong data-start=\"2745\" data-end=\"2764\">Extrakt z Kavi\u00e1ru:<\/strong> Nap\u013a\u0148a vlasy prote\u00ednom, zm\u00e4k\u010duje pramene a zosil\u0148uje lesk.<\/p>\n<\/li>\n<li data-start=\"2829\" data-end=\"2916\">\n<p data-start=\"2831\" data-end=\"2916\"><strong data-start=\"2831\" data-end=\"2850\">Kyselinov\u00e1 Glyoxylov\u00e1:<\/strong> Vyhladzuj\u00faci prostriedok bez formal\u00ednu pre dlhotrvaj\u00face rovn\u00e9 vlasy.<\/p>\n<\/li>\n<\/ul>\n<h3 data-start=\"2923\" data-end=\"2965\"> Ako Pou\u017ei\u0165 Tento Set na O\u0161etrenie Vlasov:<\/h3>\n<ol data-start=\"2967\" data-end=\"3359\">\n<li data-start=\"2967\" data-end=\"3044\">\n<p data-start=\"2970\" data-end=\"3044\"><strong data-start=\"2970\" data-end=\"2979\">Pr\u00edprava:<\/strong> Umyte vlasy \u010distiacim \u0161amp\u00f3nom na odstr\u00e1nenie ne\u010dist\u00f4t a usaden\u00edn.<\/p>\n<\/li>\n<li data-start=\"3045\" data-end=\"3158\">\n<p data-start=\"3048\" data-end=\"3158\"><strong data-start=\"3048\" data-end=\"3066\">Aplikujte Prote\u00edn:<\/strong> Na vlhk\u00e9 vlasy, rozde\u013ete a aplikujte Prote\u00edn Orgakera 1 cm od poko\u017eky hlavy. Nechajte p\u00f4sobi\u0165 30\u201360 min\u00fat.<\/p>\n<\/li>\n<li data-start=\"3159\" data-end=\"3262\">\n<p data-start=\"3162\" data-end=\"3262\"><strong data-start=\"3162\" data-end=\"3185\">Opl\u00e1chnite a Vyrovnajte:<\/strong> Opl\u00e1chnite teplou vodou, vysu\u0161te f\u00e9nom, potom vyrovnajte ka\u017ed\u00fa sekciu 10\u201315-kr\u00e1t.<\/p>\n<\/li>\n<li data-start=\"3263\" data-end=\"3359\">\n<p data-start=\"3266\" data-end=\"3359\"><strong data-start=\"3266\" data-end=\"3279\">Udr\u017eiavanie:<\/strong> Pravidelne pou\u017e\u00edvajte \u0160amp\u00f3n a Kondicion\u00e9r Orgakera na zachovanie lesku a hladkosti.<\/p>\n<\/li>\n<\/ol>\n<h3 data-start=\"3366\" data-end=\"3388\"> D\u00f4le\u017eit\u00e9 Tipy:<\/h3>\n<ul data-start=\"3389\" data-end=\"3575\">\n<li data-start=\"3389\" data-end=\"3460\">\n<p data-start=\"3391\" data-end=\"3460\"><strong data-start=\"3391\" data-end=\"3404\">Trvanie:<\/strong> V\u00fdsledky trvaj\u00fa a\u017e <strong data-start=\"3424\" data-end=\"3437\">52 umyt\u00ed<\/strong> s riadnou n\u00e1slednou starostlivos\u0165ou.<\/p>\n<\/li>\n<li data-start=\"3461\" data-end=\"3575\">\n<p data-start=\"3463\" data-end=\"3575\"><strong data-start=\"3463\" data-end=\"3477\">N\u00e1sledn\u00e1 Starostlivos\u0165:<\/strong> Pokra\u010dujte v pou\u017e\u00edvan\u00ed \u0160amp\u00f3nu a Kondicion\u00e9ru Orgakera pre dlh\u0161ie trvaj\u00face \u00fa\u010dinky a zdrav\u00fa \u00fadr\u017ebu.<\/p>\n<\/li>\n<\/ul>\n<h2 data-start=\"3893\" data-end=\"3919\"> Pre\u010do Vybra\u0165 Orgakera?<\/h2>\n<p data-start=\"3921\" data-end=\"4202\">S ingredienciami poh\u00e1\u0148an\u00fdmi pr\u00edrodou, dlhodob\u00fdmi v\u00fdsledkami a bezpe\u010dn\u00fdmi formul\u00e1ciami je Orgakera viac ne\u017e len <strong data-start=\"4025\" data-end=\"4036\">\u0161amp\u00f3n<\/strong> \u2013 je to revol\u00facia v oprave vlasov. \u010ci u\u017e trp\u00edte suchos\u0165ou, krepovitos\u0165ou alebo rednut\u00edm, Orgakera v\u00e1m pom\u00f4\u017ee z\u00edska\u0165 kontrolu s vidite\u013en\u00fdmi zlep\u0161eniami od prv\u00e9ho pou\u017eitia.<\/p>\n<h2 data-start=\"4209\" data-end=\"4253\">\ud83d\uded2 K\u00fapte si Set na O\u0161etrenie Vlasov Orgakera Teraz!<\/h2>\n<p data-start=\"4254\" data-end=\"4457\">\u010eakajte nudn\u00fdm, po\u0161koden\u00fdm vlasom a priv\u00edtajte silnej\u0161ie, lesklej\u0161ie, zdrav\u0161ie pramene. Z\u00edskajte si dnes svoj <strong data-start=\"4348\" data-end=\"4405\">3-v-1 Set \u0160amp\u00f3nu, Kondicion\u00e9ru a Prote\u00ednu Orgakera<\/strong> a za\u017eite sal\u00f3nov\u00e9 v\u00fdsledky doma!<\/p>\n<p style=\"text-align: center;\">\u010eakujeme za n\u00e1kup v <em data-start=\"415\" data-end=\"431\"><a href=\"https:\/\/bazaar.express\/sk\/\">Bazaar Express<\/a><\/em> \u2013 te\u0161\u00edme sa na v\u00e1s!<\/p>\n<p style=\"text-align: center;\">Va\u0161a cesta k lep\u0161ej starostlivosti o seba za\u010d\u00edna tu \u2013 s <a href=\"https:\/\/bazaar.express\/product-category\/beauty-care\/\">Kr\u00e1sa a Starostlivos\u0165<\/a>, na ktor\u00fa sa m\u00f4\u017eete spo\u013eahn\u00fa\u0165.<\/p>\n","protected":false},"excerpt":{"rendered":"<h3 data-start=\"474\" data-end=\"722\">Set na O\u0161etrenie Vlasov Orgakera (\u0160amp\u00f3n, Kondicion\u00e9r a Prote\u00edn) je obohaten\u00fd o Olej z Konsk\u00e9ho Chvosta, Olej z \u010cierneho Semienka a Extrakt z Kavi\u00e1ru. Tento 3-v-1 kit hlboko vy\u017eivuje, opravuje a vyhladzuje vlasy, zni\u017euje vypad\u00e1vanie vlasov a zlep\u0161uje lesk a\u017e na 6 mesiacov.<\/h3>\n","protected":false},"featured_media":44815,"comment_status":"open","ping_status":"closed","template":"","meta":[],"product_brand":[],"product_cat":[1160,1169,1909,1167],"product_tag":[1731,1655,1654],"class_list":{"0":"post-44813","1":"product","2":"type-product","3":"status-publish","4":"has-post-thumbnail","6":"product_cat-starostlivost-o-krasu","7":"product_cat-horuce-ponuky","8":"product_cat-lotus","9":"product_cat-najlepsie-z-egypta","10":"product_tag-krem","11":"product_tag-starostlivost-o-krasu","12":"product_tag-starostlivost-o-plet","13":"pa_l-xl-3pcs","15":"first","16":"instock","17":"sale","18":"shipping-taxable","19":"purchasable","20":"product-type-simple"},"_links":{"self":[{"href":"https:\/\/bazaar.express\/sk\/wp-json\/wp\/v2\/product\/44813","targetHints":{"allow":["GET"]}}],"collection":[{"href":"https:\/\/bazaar.express\/sk\/wp-json\/wp\/v2\/product"}],"about":[{"href":"https:\/\/bazaar.express\/sk\/wp-json\/wp\/v2\/types\/product"}],"replies":[{"embeddable":true,"href":"https:\/\/bazaar.express\/sk\/wp-json\/wp\/v2\/comments?post=44813"}],"wp:featuredmedia":[{"embeddable":true,"href":"https:\/\/bazaar.express\/sk\/wp-json\/wp\/v2\/media\/44815"}],"wp:attachment":[{"href":"https:\/\/bazaar.express\/sk\/wp-json\/wp\/v2\/media?parent=44813"}],"wp:term":[{"taxonomy":"product_brand","embeddable":true,"href":"https:\/\/bazaar.express\/sk\/wp-json\/wp\/v2\/product_brand?post=44813"},{"taxonomy":"product_cat","embeddable":true,"href":"https:\/\/bazaar.express\/sk\/wp-json\/wp\/v2\/product_cat?post=44813"},{"taxonomy":"product_tag","embeddable":true,"href":"https:\/\/bazaar.express\/sk\/wp-json\/wp\/v2\/product_tag?post=44813"}],"curies":[{"name":"wp","href":"https:\/\/api.w.org\/{rel}","templated":true}]}}