{"id":44819,"date":"2024-12-31T17:23:34","date_gmt":"2024-12-31T17:23:34","guid":{"rendered":"https:\/\/bazaar.express\/product\/conditioner\/"},"modified":"2024-12-31T17:23:34","modified_gmt":"2024-12-31T17:23:34","slug":"conditioner","status":"publish","type":"product","link":"https:\/\/bazaar.express\/sk\/produkt\/conditioner\/","title":{"rendered":"Kondicion\u00e9r na vlasy"},"content":{"rendered":"<h2 data-start=\"213\" data-end=\"307\">Kondicion\u00e9r Orgakera na vlasy \u2013 Najlep\u0161\u00ed sp\u00f4sob, ako dosiahnu\u0165 m\u00e4kk\u00e9, leskl\u00e9 a zdrav\u00e9 vlasy<\/h2>\n<p data-start=\"309\" data-end=\"641\">Va\u0161e vlasy si zasl\u00fa\u017eia to najlep\u0161ie. S <strong data-start=\"343\" data-end=\"382\">kondicion\u00e9rom Orgakera na vlasy<\/strong> si m\u00f4\u017eete vychutna\u0165 hodv\u00e1bne hladk\u00e9, hlboko vy\u017eiven\u00e9 pramene, ktor\u00e9 \u017eiaria zdrav\u00edm. Tento intenz\u00edvny kondicion\u00e9r je expertne vyvinut\u00fd na hydrat\u00e1ciu, opravu a ochranu vlasov pred suchos\u0165ou, po\u0161koden\u00edm a krepovitos\u0165ou \u2013 nech\u00e1va ich silnej\u0161ie, m\u00e4kk\u0161ie a jednoduch\u0161ie na \u00fapravu ka\u017ed\u00fd de\u0148.<\/p>\n<h3 data-start=\"648\" data-end=\"684\"> Hlbok\u00e1 hydrat\u00e1cia a v\u00fd\u017eiva<\/h3>\n<p data-start=\"685\" data-end=\"917\">Kondicion\u00e9r Orgakera poskytuje dlhotrvaj\u00facu hydrat\u00e1ciu t\u00fdm, \u017ee prenik\u00e1 do ka\u017ed\u00e9ho vlasov\u00e9ho pramienka s esenci\u00e1lnymi \u017eivinami. \u010eakujte za krehk\u00e9, bezv\u00fdrazn\u00e9 vlasy a vitajte obnoven\u00fa m\u00e4kkos\u0165 a vitalitu \u2013 najm\u00e4 po\u010das chladn\u00fdch, such\u00fdch obdob\u00ed.<\/p>\n<h3 data-start=\"924\" data-end=\"955\"> Lesk a objem<\/h3>\n<p data-start=\"956\" data-end=\"1168\">Pri pravidelnom pou\u017e\u00edvan\u00ed si v\u0161imnete, \u017ee va\u0161e vlasy sa st\u00e1vaj\u00fa pln\u0161\u00edmi, lesklej\u0161\u00edmi a objavnej\u0161\u00edmi. \u010ci u\u017e m\u00e1te tenk\u00e9, jemn\u00e9 alebo farben\u00e9 vlasy, tento kondicion\u00e9r zlep\u0161uje text\u00faru a lesk bez za\u0165a\u017eenia.<\/p>\n<h3 data-start=\"1175\" data-end=\"1214\"> Kontrola krepov a jednoduch\u00e1 \u00faprava<\/h3>\n<p data-start=\"1215\" data-end=\"1388\">Frustrovan\u00ed z krepov a vypad\u00e1vaj\u00facich vlasov? Kondicion\u00e9r Orgakera na vlasy skroti divok\u00e9 pramene a vyhladzuje kutikulu pre nen\u00e1ro\u010dn\u00e9 ovl\u00e1date\u013en\u00e9 vlasy s pocitom z sal\u00f3nu.<\/p>\n<h3 data-start=\"1395\" data-end=\"1431\"> Bezpe\u010dn\u00fd pre farben\u00e9 vlasy<\/h3>\n<p data-start=\"1432\" data-end=\"1588\">Ob\u00e1vate sa vyblednutia alebo suchosti z farieb? Tento kondicion\u00e9r pom\u00e1ha udr\u017eiava\u0165 \u017eiv\u00fa farbu, pri\u010dom vlasy nap\u013a\u0148a vlhkos\u0165ou, elasticitou a ochranou.<\/p>\n<h3 data-start=\"1595\" data-end=\"1638\"> K\u013e\u00fa\u010dov\u00e9 ingrediencie pre luxusn\u00e9 vlasy<\/h3>\n<ul data-start=\"1639\" data-end=\"2302\">\n<li data-start=\"1639\" data-end=\"1718\">\n<p data-start=\"1641\" data-end=\"1718\"><strong data-start=\"1641\" data-end=\"1654\">Glycer\u00edn:<\/strong> Pri\u0165ahuje a via\u017ee vlhkos\u0165, aby vlasy zostali m\u00e4kk\u00e9 a pru\u017en\u00e9.<\/p>\n<\/li>\n<li data-start=\"1719\" data-end=\"1813\">\n<p data-start=\"1721\" data-end=\"1813\"><strong data-start=\"1721\" data-end=\"1737\">\u0160iapo\u013eov\u00fd maslo:<\/strong> Hlboko vy\u017eivuje vitam\u00ednmi A, E a F, pom\u00e1ha obnovi\u0165 a vyhladi\u0165 vlasy.<\/p>\n<\/li>\n<li data-start=\"1814\" data-end=\"1912\">\n<p data-start=\"1816\" data-end=\"1912\"><strong data-start=\"1816\" data-end=\"1829\">Kolag\u00e9n:<\/strong> Obnovuje silu a elasticitu, zni\u017euje l\u00e1mavos\u0165 a zlep\u0161uje ovl\u00e1date\u013enos\u0165.<\/p>\n<\/li>\n<li data-start=\"1913\" data-end=\"2003\">\n<p data-start=\"1915\" data-end=\"2003\"><strong data-start=\"1915\" data-end=\"1930\">Jojobov\u00fd olej:<\/strong> Hydratuje poko\u017eku hlavy a zni\u017euje lupiny, podporuje zdrav\u00fd rast.<\/p>\n<\/li>\n<li data-start=\"2004\" data-end=\"2099\">\n<p data-start=\"2006\" data-end=\"2099\"><strong data-start=\"2006\" data-end=\"2024\">Olej z konsk\u00e9ho chvosta:<\/strong> Podporuje silnej\u0161ie, hrub\u0161ie pramene prostredn\u00edctvom prirodzenej stimul\u00e1cie kolag\u00e9nu.<\/p>\n<\/li>\n<li data-start=\"2100\" data-end=\"2200\">\n<p data-start=\"2102\" data-end=\"2200\"><strong data-start=\"2102\" data-end=\"2121\">\u010cierny semienkov\u00fd olej:<\/strong> Bohat\u00fd na antioxidanty na ochranu a hojenie poko\u017eky hlavy, zlep\u0161uje vitalitu vlasov.<\/p>\n<\/li>\n<li data-start=\"2201\" data-end=\"2302\">\n<p data-start=\"2203\" data-end=\"2302\"><strong data-start=\"2203\" data-end=\"2222\">Kavi\u00e1rov\u00fd extrakt:<\/strong> Dod\u00e1va esenci\u00e1lne \u017eiviny na o\u017eivenie nudn\u00fdch, such\u00fdch vlasov s leskom a m\u00e4kkos\u0165ou.<\/p>\n<\/li>\n<\/ul>\n<h3 data-start=\"2309\" data-end=\"2364\"> Ako pou\u017e\u00edva\u0165 kondicion\u00e9r Orgakera na vlasy<\/h3>\n<ol data-start=\"2366\" data-end=\"2945\">\n<li data-start=\"2366\" data-end=\"2472\">\n<p data-start=\"2369\" data-end=\"2472\"><strong data-start=\"2369\" data-end=\"2387\">Najprv vy\u010distite:<\/strong> D\u00f4kladne umyte vlasy \u0161amp\u00f3nom na odstr\u00e1nenie nahromadenia produktov a prebyto\u010dn\u00fdch olejov.<\/p>\n<\/li>\n<li data-start=\"2473\" data-end=\"2580\">\n<p data-start=\"2476\" data-end=\"2580\"><strong data-start=\"2476\" data-end=\"2498\">Aplikujte kondicion\u00e9r:<\/strong> Na uter\u00e1kom vysu\u0161en\u00e9 vlasy naneste rovnomerne od polovice d\u013a\u017eky po konce, vyhnite sa poko\u017eke hlavy.<\/p>\n<\/li>\n<li data-start=\"2581\" data-end=\"2678\">\n<p data-start=\"2584\" data-end=\"2678\"><strong data-start=\"2584\" data-end=\"2600\">Nechajte p\u00f4sobi\u0165:<\/strong> Nechajte kondicion\u00e9r vsiaknu\u0165 30\u201360 min\u00fat pre hlbok\u00e9 kondicionovanie.<\/p>\n<\/li>\n<li data-start=\"2679\" data-end=\"2795\">\n<p data-start=\"2682\" data-end=\"2795\"><strong data-start=\"2682\" data-end=\"2701\">Opl\u00e1chnite a dokon\u010dite:<\/strong> Opl\u00e1chnite teplou vodou. Na najlep\u0161ie v\u00fdsledky pokra\u010dujte <strong data-start=\"2740\" data-end=\"2775\">\u0161amp\u00f3nom Orgakera na vlasy<\/strong>.<\/p>\n<\/li>\n<li data-start=\"2796\" data-end=\"2945\">\n<p data-start=\"2799\" data-end=\"2945\"><strong data-start=\"2799\" data-end=\"2818\">Tip na extra starostlivos\u0165:<\/strong> Na hlb\u0161iu opravu pou\u017eite ako kondicionuj\u00facu masku po \u00faprave. Naneste, nechajte 30 min\u00fat, potom opl\u00e1chnite pre ultra m\u00e4kk\u00e9 vlasy.<\/p>\n<\/li>\n<\/ol>\n<h3 data-start=\"3272\" data-end=\"3328\"> Pre\u010do si vybra\u0165 kondicion\u00e9r Orgakera na vlasy?<\/h3>\n<p data-start=\"3330\" data-end=\"3662\">Tento kondicion\u00e9r je viac ne\u017e len oplach \u2013 je to \u00fapln\u00e1 transform\u00e1cia vlasov. \u010ci s\u00fa va\u0161e vlasy po\u0161koden\u00e9 teplom, farbou alebo environment\u00e1lnymi vplyvmi, Orgakera ich opravuje a o\u017eivuje prirodzen\u00fdmi olejmi a bylinn\u00fdmi extraktmi. Bez formaldehydu a parab\u00e9nov, je bezpe\u010dn\u00fd pre v\u0161etky typy vlasov a ide\u00e1lny na denn\u00e9 alebo hlbok\u00e9 o\u0161etrenie.<\/p>\n<p data-start=\"3664\" data-end=\"3841\">V kombin\u00e1cii s <strong data-start=\"3681\" data-end=\"3716\">\u0161amp\u00f3nom Orgakera na vlasy<\/strong> tento kondicion\u00e9r dokon\u010duje siln\u00fd duet starostlivosti o vlasy a\u017e na <strong data-start=\"3780\" data-end=\"3794\">\u0161es\u0165 mesiacov<\/strong> vidite\u013en\u00e9ho lesku, sily a hladkosti.<\/p>\n<h3 data-start=\"3848\" data-end=\"3903\"> K\u00fapte si kondicion\u00e9r Orgakera na vlasy dnes<\/h3>\n<p data-start=\"3905\" data-end=\"4122\">Ste pripraven\u00ed obnovi\u0165 kr\u00e1su a zdravie va\u0161ich vlasov? Urobte z <strong data-start=\"3958\" data-end=\"3970\">Orgakera<\/strong> s\u00fa\u010das\u0165 va\u0161ej rutiny a u\u017e\u00edvajte si m\u00e4kk\u00e9, leskl\u00e9 a ovl\u00e1date\u013en\u00e9 vlasy, ktor\u00e9 up\u00fataj\u00fa pozornos\u0165.<br data-start=\"4053\" data-end=\"4056\" \/><strong data-start=\"4056\" data-end=\"4122\">Objednajte si teraz a transformujte svoju starostlivos\u0165 o vlasy \u2013 prirodzene.<\/strong><\/p>\n<p style=\"text-align: center;\">\u010eakujeme za n\u00e1kup v <em data-start=\"415\" data-end=\"431\"><a href=\"https:\/\/bazaar.express\/sk\/\">Bazaar Express<\/a><\/em> \u2013 te\u0161\u00edme sa na v\u00e1s!<\/p>\n<p style=\"text-align: center;\">Va\u0161a cesta k lep\u0161ej starostlivosti o seba za\u010d\u00edna tu \u2013 s <a href=\"https:\/\/bazaar.express\/product-category\/beauty-care\/\">kr\u00e1sou a starostlivos\u0165ou<\/a>, na ktor\u00fa sa m\u00f4\u017eete spo\u013eahn\u00fa\u0165.<\/p>\n","protected":false},"excerpt":{"rendered":"<h3>Kondicion\u00e9r Orgakera na vlasy hlboko hydratuje, zm\u00e4k\u010duje a vyhladzuje va\u0161e vlasy, zatia\u013e \u010do zvy\u0161uje lesk a chr\u00e1ni pred po\u0161koden\u00edm. Obohaten\u00fd o pr\u00edrodn\u00e9 oleje, kolag\u00e9n a kavi\u00e1rov\u00fd extrakt \u2013 ide\u00e1lny pre such\u00e9, krepovit\u00e9 alebo farben\u00e9 vlasy.<\/h3>\n","protected":false},"featured_media":44821,"comment_status":"open","ping_status":"closed","template":"","meta":[],"product_brand":[],"product_cat":[1160,1167],"product_tag":[1731,1655,1654],"class_list":{"0":"post-44819","1":"product","2":"type-product","3":"status-publish","4":"has-post-thumbnail","6":"product_cat-starostlivost-o-krasu","7":"product_cat-najlepsie-z-egypta","8":"product_tag-krem","9":"product_tag-starostlivost-o-krasu","10":"product_tag-starostlivost-o-plet","11":"pa_l-xl-200ml","13":"first","14":"instock","15":"shipping-taxable","16":"purchasable","17":"product-type-simple"},"_links":{"self":[{"href":"https:\/\/bazaar.express\/sk\/wp-json\/wp\/v2\/product\/44819","targetHints":{"allow":["GET"]}}],"collection":[{"href":"https:\/\/bazaar.express\/sk\/wp-json\/wp\/v2\/product"}],"about":[{"href":"https:\/\/bazaar.express\/sk\/wp-json\/wp\/v2\/types\/product"}],"replies":[{"embeddable":true,"href":"https:\/\/bazaar.express\/sk\/wp-json\/wp\/v2\/comments?post=44819"}],"wp:featuredmedia":[{"embeddable":true,"href":"https:\/\/bazaar.express\/sk\/wp-json\/wp\/v2\/media\/44821"}],"wp:attachment":[{"href":"https:\/\/bazaar.express\/sk\/wp-json\/wp\/v2\/media?parent=44819"}],"wp:term":[{"taxonomy":"product_brand","embeddable":true,"href":"https:\/\/bazaar.express\/sk\/wp-json\/wp\/v2\/product_brand?post=44819"},{"taxonomy":"product_cat","embeddable":true,"href":"https:\/\/bazaar.express\/sk\/wp-json\/wp\/v2\/product_cat?post=44819"},{"taxonomy":"product_tag","embeddable":true,"href":"https:\/\/bazaar.express\/sk\/wp-json\/wp\/v2\/product_tag?post=44819"}],"curies":[{"name":"wp","href":"https:\/\/api.w.org\/{rel}","templated":true}]}}