{"id":44830,"date":"2024-12-31T01:05:55","date_gmt":"2024-12-31T01:05:55","guid":{"rendered":"https:\/\/bazaar.express\/product\/sunscreen-2\/"},"modified":"2026-03-01T20:42:06","modified_gmt":"2026-03-01T20:42:06","slug":"sunscreen-2","status":"publish","type":"product","link":"https:\/\/bazaar.express\/sk\/produkt\/sunscreen-2\/","title":{"rendered":"Opalovac\u00ed kr\u00e9m pre tv\u00e1r a telo SPF 50"},"content":{"rendered":"<h2 data-start=\"297\" data-end=\"399\">Orgakera Opalovac\u00ed kr\u00e9m pre tv\u00e1r a telo SPF 50 \u2013 Vysoko\u00fa\u010dinn\u00e1 ochrana pred slnkom pre \u017eiariv\u00fa, zdrav\u00fa poko\u017eku<\/h2>\n<h3 data-start=\"401\" data-end=\"457\"> Denn\u00e1 \u0161irokospektr\u00e1lna obrana pre v\u0161etky typy pleti<\/h3>\n<p data-start=\"459\" data-end=\"876\">Orgakera Opalovac\u00ed kr\u00e9m pre tv\u00e1r a telo SPF 50 je va\u0161\u00edm ide\u00e1lnym spolo\u010dn\u00edkom na slne\u010dn\u00e9 dni. Navrhnut\u00fd na ochranu va\u0161ej poko\u017eky pred \u0161kodliv\u00fdmi UVA a UVB l\u00fa\u010dmi slnka, tento \u013eahk\u00fd opalovac\u00ed kr\u00e9m s vysokou ochranou zabra\u0148uje sp\u00e1leniu slnkom, tmav\u00fdm \u0161kvrn\u00e1m, v\u00fdskytom akn\u00e9 a skor\u00fdm znakom starnutia. \u010ci u\u017e m\u00e1te mastn\u00fa, such\u00fa, citliv\u00fa alebo zmie\u0161an\u00fa ple\u0165, t\u00e1to jemn\u00e1 formula chr\u00e1ni va\u0161u tv\u00e1r a telo, hydratuje a dod\u00e1va \u017eiariv\u00fd vzh\u013ead cel\u00fd de\u0148.<\/p>\n<h3 data-start=\"878\" data-end=\"918\"> Pokro\u010dil\u00e1 ochrana pred slnkom SPF 50<\/h3>\n<p data-start=\"920\" data-end=\"1196\">S \u0161irokospektr\u00e1lnou ochranou SPF 50 p\u00f4sob\u00ed Orgakera Opalovac\u00ed kr\u00e9m ako <strong data-start=\"988\" data-end=\"1024\">siln\u00e1 bari\u00e9ra proti UV po\u0161kodeniu<\/strong>, v\u00fdznamne zni\u017euje riziko pred\u010dasn\u00e9ho starnutia, sp\u00e1lenia slnkom a podr\u00e1\u017edenia pleti vyvolan\u00e9ho slnkom. Je ide\u00e1lny na denn\u00e9 nosenie, pl\u00e1\u017eov\u00e9 dni, tr\u00e9ningy alebo dlh\u00fa expoz\u00edciu na vonkaj\u0161om vzduchu.<\/p>\n<h3 data-start=\"1198\" data-end=\"1237\"> Zabra\u0148uje nedokonalostiam a tmav\u00fdm \u0161kvrn\u00e1m<\/h3>\n<p data-start=\"1239\" data-end=\"1481\">Nadmern\u00e1 expoz\u00edcia slnku \u010dasto vedie k ne\u017eiaducej pigment\u00e1cii, upchat\u00fdm p\u00f3rom a z\u00e1chvatom akn\u00e9. Ne-komedog\u00e9nna formula Orgakera <strong data-start=\"1367\" data-end=\"1425\">zabra\u0148uje slnkom vyvolan\u00fdm pupienkom, tmav\u00fdm \u0161kvrn\u00e1m a nudnosti<\/strong>, pom\u00e1ha va\u0161ej pleti zosta\u0165 hladkou, rovnomernou a bez nedokonalost\u00ed.<\/p>\n<h3 data-start=\"1483\" data-end=\"1518\"> \u013dahk\u00fd a hydratuj\u00faci<\/h3>\n<p data-start=\"1520\" data-end=\"1742\">Obohaten\u00fd o <strong data-start=\"1534\" data-end=\"1547\">glycer\u00edn<\/strong>, tento opalovac\u00ed kr\u00e9m uzamyk\u00e1 vlhkos\u0165, zanech\u00e1va va\u0161u poko\u017eku m\u00e4kk\u00fa a hydratovan\u00fa \u2013 <strong data-start=\"1619\" data-end=\"1656\">bez lepkav\u00e9ho alebo mastn\u00e9ho pocitu<\/strong>. R\u00fdchlo sa vstreb\u00e1va, tak\u017ee ho m\u00f4\u017eete nosi\u0165 pod make-upom alebo \u00eds\u0165 s holou tv\u00e1rou s istotou.<\/p>\n<h3 data-start=\"1744\" data-end=\"1793\"> \u010cist\u00e1, jemn\u00e1 formula pre citliv\u00fa poko\u017eku<\/h3>\n<p data-start=\"1795\" data-end=\"2050\">\u017diadne v\u00f4ne. \u017diadne parab\u00e9ny. \u017diadne podr\u00e1\u017edenie. Orgakera Opalovac\u00ed kr\u00e9m je <strong data-start=\"1860\" data-end=\"1913\">dermatologicky testovan\u00fd a ide\u00e1lny pre citliv\u00fa poko\u017eku<\/strong>, pon\u00faka siln\u00fa ochranu bez drsn\u00fdch chemik\u00e1li\u00ed. Va\u0161a poko\u017eka v\u00e1m bude v\u010fa\u010dn\u00e1 za v\u00fdber opalovacieho kr\u00e9mu, ktor\u00fd je bezpe\u010dn\u00fd aj \u00fa\u010dinn\u00fd.<\/p>\n<h3 data-start=\"2052\" data-end=\"2122\"> Vhodn\u00fd pre tv\u00e1r a telo \u2013 Jedno rie\u0161enie pre \u00fapln\u00e9 pokrytie<\/h3>\n<p data-start=\"2124\" data-end=\"2357\">Na rozdiel od mnoh\u00fdch opalovac\u00edch kr\u00e9mov je Orgakera navrhnut\u00fd pre <strong data-start=\"2173\" data-end=\"2199\">tvar aj telo<\/strong>, poskytuje v\u00e1m \u00fapln\u00fa ochranu v jednom pohodlnom produkte. \u010ci u\u017e sa chyst\u00e1te na pl\u00e1\u017e alebo len vych\u00e1dzate na n\u00e1kupy, naneste a cho\u010fte s pokojom na du\u0161i.<\/p>\n<h3 data-start=\"2364\" data-end=\"2388\"> K\u013e\u00fa\u010dov\u00e9 ingrediencie<\/h3>\n<ul data-start=\"2390\" data-end=\"2685\">\n<li data-start=\"2390\" data-end=\"2480\">\n<p data-start=\"2392\" data-end=\"2480\"><strong data-start=\"2392\" data-end=\"2406\">Homosalate<\/strong> \u2013 K\u013e\u00fa\u010dov\u00fd UV filter, ktor\u00fd absorbuje \u0161kodliv\u00e9 l\u00fa\u010de a zvy\u0161uje v\u00fdkon SPF.<\/p>\n<\/li>\n<li data-start=\"2481\" data-end=\"2583\">\n<p data-start=\"2483\" data-end=\"2583\"><strong data-start=\"2483\" data-end=\"2498\">Octocrylene<\/strong> \u2013 Pom\u00e1ha stabilizova\u0165 formulu opalovacieho kr\u00e9mu a predl\u017euje ochranu po\u010das cel\u00e9ho d\u0148a.<\/p>\n<\/li>\n<li data-start=\"2584\" data-end=\"2685\">\n<p data-start=\"2586\" data-end=\"2685\"><strong data-start=\"2586\" data-end=\"2599\">Glycer\u00edn<\/strong> \u2013 Hlboko hydratuje a upokojuje poko\u017eku pri zachovan\u00ed jej prirodzenej rovnov\u00e1hy vlhkosti.<\/p>\n<\/li>\n<\/ul>\n<h3 data-start=\"2692\" data-end=\"2711\"> Ako pou\u017e\u00edva\u0165<\/h3>\n<ol data-start=\"2713\" data-end=\"3001\">\n<li data-start=\"2713\" data-end=\"2798\">\n<p data-start=\"2716\" data-end=\"2798\"><strong data-start=\"2716\" data-end=\"2736\">Nan\u00e1\u0161ajte hojne<\/strong> na \u010dist\u00fa, such\u00fa poko\u017eku najmenej 30 min\u00fat pred expoz\u00edciou slnku.<\/p>\n<\/li>\n<li data-start=\"2799\" data-end=\"2870\">\n<p data-start=\"2802\" data-end=\"2870\">Pokryte v\u0161etky exponovan\u00e9 oblasti vr\u00e1tane tv\u00e1re, krku, ramien a ramien.<\/p>\n<\/li>\n<li data-start=\"2871\" data-end=\"2948\">\n<p data-start=\"2874\" data-end=\"2948\"><strong data-start=\"2874\" data-end=\"2899\">Nan\u00e1\u0161ajte znova ka\u017ed\u00e9 2 hodiny<\/strong>, alebo po pl\u00e1van\u00ed, poten\u00ed alebo utieran\u00ed uter\u00e1kom.<\/p>\n<\/li>\n<li data-start=\"2949\" data-end=\"3001\">\n<p data-start=\"2952\" data-end=\"3001\">Pou\u017e\u00edvajte denne pre maxim\u00e1lnu ochranu a zdravie poko\u017eky.<\/p>\n<\/li>\n<\/ol>\n<h3 data-start=\"3321\" data-end=\"3376\"> Pre\u010do si vybra\u0165 Orgakera Opalovac\u00ed kr\u00e9m pre tv\u00e1r a telo SPF 50?<\/h3>\n<ul data-start=\"3378\" data-end=\"3622\">\n<li data-start=\"3378\" data-end=\"3426\">\n<p data-start=\"3380\" data-end=\"3426\">Siln\u00e1 \u0161irokospektr\u00e1lna ochrana (UVA\/UVB)<\/p>\n<\/li>\n<li data-start=\"3427\" data-end=\"3460\">\n<p data-start=\"3429\" data-end=\"3460\">Hydratuj\u00faca, nelepiv\u00e1 formula<\/p>\n<\/li>\n<li data-start=\"3461\" data-end=\"3515\">\n<p data-start=\"3463\" data-end=\"3515\">Pom\u00e1ha predch\u00e1dza\u0165 tmav\u00fdm \u0161kvrn\u00e1m, sp\u00e1leniu slnkom a skor\u00e9mu starnutiu<\/p>\n<\/li>\n<li data-start=\"3516\" data-end=\"3560\">\n<p data-start=\"3518\" data-end=\"3560\">Bezpe\u010dn\u00fd na denn\u00e9 pou\u017eitie na tv\u00e1ri aj tele<\/p>\n<\/li>\n<li data-start=\"3561\" data-end=\"3622\">\n<p data-start=\"3563\" data-end=\"3622\">Ide\u00e1lny pre citliv\u00fa poko\u017eku bez v\u00f4n\u00ed alebo parab\u00e9nov<\/p>\n<\/li>\n<\/ul>\n<h3 data-start=\"3629\" data-end=\"3675\"> Bu\u010fte v bezpe\u010d\u00ed na slnku \u2013 D\u00f4verujte Orgakera<\/h3>\n<p data-start=\"3677\" data-end=\"3941\">Nenechajte UV l\u00fa\u010de po\u0161kodi\u0165 v\u00e1\u0161 lesk. S <strong data-start=\"3716\" data-end=\"3757\">Orgakera Opalovac\u00ed kr\u00e9m pre tv\u00e1r a telo SPF 50<\/strong> z\u00edskate dlhotrvaj\u00facu ochranu pred slnkom, zdrav\u00fa hydrat\u00e1ciu a poko\u017eku, ktor\u00e1 vyzer\u00e1 tak dobre, ako sa c\u00edti. \u010ci u\u017e sa chyst\u00e1te na pl\u00e1\u017e alebo na denn\u00fd doch\u00e1dzate, chr\u00e1\u0148te svoju poko\u017eku inteligentn\u00fdm sp\u00f4sobom.<\/p>\n<p data-start=\"3943\" data-end=\"4009\">\ud83d\udc49 <strong data-start=\"3946\" data-end=\"3959\">Objednajte si teraz<\/strong> a dajte svojej poko\u017eke denn\u00fa obranu, ktor\u00fa si zasl\u00fa\u017ei!<\/p>\n<p style=\"text-align: center;\">\u010eakujeme za n\u00e1kup v <em data-start=\"415\" data-end=\"431\"><a href=\"https:\/\/bazaar.express\/sk\/\">Bazaar Express<\/a><\/em> \u2013 te\u0161\u00edme sa na v\u00e1s!<\/p>\n<p style=\"text-align: center;\">Va\u0161a cesta k lep\u0161ej starostlivosti o seba sa za\u010d\u00edna tu \u2013 s <a href=\"https:\/\/bazaar.express\/product-category\/beauty-care\/\">Kr\u00e1sa a starostlivos\u0165<\/a>, na ktor\u00fa sa m\u00f4\u017eete spo\u013eahn\u00fa\u0165.<\/p>\n","protected":false},"excerpt":{"rendered":"<h3>Orgakera Opalovac\u00ed kr\u00e9m pre tv\u00e1r a telo SPF 50 pon\u00faka siln\u00fa UVA\/UVB ochranu v \u013eahkej, nelepivej formule. Bezpe\u010dn\u00fd pre citliv\u00fa poko\u017eku a ide\u00e1lny na denn\u00e9 pou\u017eitie, pom\u00e1ha predch\u00e1dza\u0165 sp\u00e1leniu slnkom, tmav\u00fdm \u0161kvrn\u00e1m a skor\u00fdm znakom starnutia pri zachovan\u00ed hydratovanej a hladkej poko\u017eky.<\/h3>\n","protected":false},"featured_media":44832,"comment_status":"open","ping_status":"closed","template":"","meta":[],"product_brand":[],"product_cat":[1160,1169,1167,1162],"product_tag":[1652,1654],"class_list":{"0":"post-44830","1":"product","2":"type-product","3":"status-publish","4":"has-post-thumbnail","6":"product_cat-starostlivost-o-krasu","7":"product_cat-horuce-ponuky","8":"product_cat-najlepsie-z-egypta","9":"product_cat-plazove-esencie","10":"product_tag-olej","11":"product_tag-starostlivost-o-plet","12":"pa_l-xl-200ml","14":"first","15":"instock","16":"sale","17":"shipping-taxable","18":"purchasable","19":"product-type-simple"},"_links":{"self":[{"href":"https:\/\/bazaar.express\/sk\/wp-json\/wp\/v2\/product\/44830","targetHints":{"allow":["GET"]}}],"collection":[{"href":"https:\/\/bazaar.express\/sk\/wp-json\/wp\/v2\/product"}],"about":[{"href":"https:\/\/bazaar.express\/sk\/wp-json\/wp\/v2\/types\/product"}],"replies":[{"embeddable":true,"href":"https:\/\/bazaar.express\/sk\/wp-json\/wp\/v2\/comments?post=44830"}],"wp:featuredmedia":[{"embeddable":true,"href":"https:\/\/bazaar.express\/sk\/wp-json\/wp\/v2\/media\/44832"}],"wp:attachment":[{"href":"https:\/\/bazaar.express\/sk\/wp-json\/wp\/v2\/media?parent=44830"}],"wp:term":[{"taxonomy":"product_brand","embeddable":true,"href":"https:\/\/bazaar.express\/sk\/wp-json\/wp\/v2\/product_brand?post=44830"},{"taxonomy":"product_cat","embeddable":true,"href":"https:\/\/bazaar.express\/sk\/wp-json\/wp\/v2\/product_cat?post=44830"},{"taxonomy":"product_tag","embeddable":true,"href":"https:\/\/bazaar.express\/sk\/wp-json\/wp\/v2\/product_tag?post=44830"}],"curies":[{"name":"wp","href":"https:\/\/api.w.org\/{rel}","templated":true}]}}