{"id":44836,"date":"2024-12-30T15:32:35","date_gmt":"2024-12-30T15:32:35","guid":{"rendered":"https:\/\/bazaar.express\/product\/collagen-mask\/"},"modified":"2024-12-30T15:32:35","modified_gmt":"2024-12-30T15:32:35","slug":"collagen-mask","status":"publish","type":"product","link":"https:\/\/bazaar.express\/sk\/produkt\/collagen-mask\/","title":{"rendered":"Kolag\u00e9nov\u00e1 maska"},"content":{"rendered":"<h2 data-start=\"211\" data-end=\"288\">Orgakera Gold Collagen Maska \u2013 Luxusn\u00e1 starostlivos\u0165 o ple\u0165 pre \u017eiariv\u00fa, mladistv\u00fa poko\u017eku<\/h2>\n<p data-start=\"290\" data-end=\"695\">Doprajte si dokonal\u00fd z\u00e1\u017eitok z starostlivosti o ple\u0165 s <strong data-start=\"343\" data-end=\"374\">Orgakera Gold Collagen Maskou<\/strong> \u2013 luxusnou <em data-start=\"387\" data-end=\"393\">maskou<\/em>, ktor\u00e1 je navrhnut\u00e1 na revitaliz\u00e1ciu va\u0161ej poko\u017eky, obnovenie jej mladistv\u00e9ho lesku a boj proti vidite\u013en\u00fdm znakom starnutia. Obohaten\u00e1 o hydrolyzovan\u00fd kolag\u00e9n, jojobov\u00fd olej, arganov\u00fd olej a vitam\u00edny bohat\u00e9 na antioxidanty, t\u00e1to vysoko v\u00fdkonn\u00e1 <em data-start=\"601\" data-end=\"607\">maska<\/em> hlboko hydratuje, spev\u0148uje a chr\u00e1ni va\u0161u poko\u017eku pre hlad\u0161\u00ed, \u017eiarivej\u0161\u00ed vzh\u013ead.<\/p>\n<h3 data-start=\"702\" data-end=\"748\"> Pre\u010do si vybra\u0165 Orgakera Gold Collagen Maska?<\/h3>\n<h4 data-start=\"750\" data-end=\"808\"> Anti-aging sila \u2013 Vyh\u013ead\u00e1va jemn\u00e9 linky a vr\u00e1sky<\/h4>\n<p data-start=\"809\" data-end=\"1026\"><strong data-start=\"813\" data-end=\"825\">Kolag\u00e9n<\/strong> v tejto <em data-start=\"834\" data-end=\"840\">masce<\/em> prenik\u00e1 hlboko do poko\u017eky, zlep\u0161uje elasticitu a zni\u017euje vzh\u013ead vr\u00e1sok a jemn\u00fdch liniek. Spev\u0148uje ochabnut\u00e9 oblasti a zlep\u0161uje text\u00faru poko\u017eky pre mladistv\u00fd, zdvihnut\u00fd vzh\u013ead.<\/p>\n<h4 data-start=\"1028\" data-end=\"1068\"> Hlbok\u00e1 hydrat\u00e1cia pre \u017eiariv\u00fd lesk<\/h4>\n<p data-start=\"1069\" data-end=\"1243\">Inf\u00fazia <strong data-start=\"1082\" data-end=\"1096\">jojobov\u00e9ho oleja<\/strong>, <strong data-start=\"1098\" data-end=\"1111\">arganov\u00e9ho oleja<\/strong> a <strong data-start=\"1117\" data-end=\"1130\">aloe vera<\/strong>, t\u00e1to <em data-start=\"1137\" data-end=\"1143\">maska<\/em> dop\u013a\u0148a vlhkos\u0165, vy\u017eivuje such\u00e9 miesta a nech\u00e1va va\u0161u poko\u017eku m\u00e4kk\u00fa, pln\u00fa a \u017eiariv\u00fa.<\/p>\n<h4 data-start=\"1245\" data-end=\"1298\"> Vyrovn\u00e1va t\u00f3n pleti a rozjas\u0148uje nudn\u00fd vzh\u013ead<\/h4>\n<p data-start=\"1299\" data-end=\"1420\">Pri pravidelnom pou\u017e\u00edvan\u00ed t\u00e1to <em data-start=\"1322\" data-end=\"1328\">maska<\/em> pom\u00e1ha vybledn\u00fa\u0165 tmav\u00e9 \u0161kvrny a nedokonalosti, vytv\u00e1ra rovnomernej\u0161\u00ed, \u010distej\u0161\u00ed a \u017eiarivej\u0161\u00ed t\u00f3n pleti.<\/p>\n<h4 data-start=\"1422\" data-end=\"1466\"> Vyva\u017euje mastn\u00fa ple\u0165 a zdokona\u013euje p\u00f3ry<\/h4>\n<p data-start=\"1467\" data-end=\"1608\">Ide\u00e1lna pre mastn\u00fa a zmie\u0161an\u00fa ple\u0165, t\u00e1to <em data-start=\"1509\" data-end=\"1515\">maska<\/em> pom\u00e1ha absorbova\u0165 prebyto\u010dn\u00fd olej, minimalizova\u0165 lesk a zmen\u0161i\u0165 ve\u013ekos\u0165 p\u00f3rov bez nadmern\u00e9ho vysu\u0161enia poko\u017eky.<\/p>\n<h4 data-start=\"1610\" data-end=\"1663\"> Antioxidan\u010dn\u00e1 ochrana proti po\u0161kodeniu pleti<\/h4>\n<p data-start=\"1664\" data-end=\"1838\">Nabit\u00e9 <strong data-start=\"1676\" data-end=\"1689\">vitam\u00ednom A<\/strong> a <strong data-start=\"1694\" data-end=\"1707\">vitam\u00ednom E<\/strong>, br\u00e1ni pred environment\u00e1lnymi stresormi a podporuje regener\u00e1ciu pleti \u2013 poskytuje va\u0161ej tv\u00e1ri trval\u00fa ochranu a zdrav\u00fd lesk.<\/p>\n<h4 data-start=\"1840\" data-end=\"1882\"> Spev\u0148uj\u00faci a stahuj\u00faci efekt pleti<\/h4>\n<p data-start=\"1883\" data-end=\"2051\">V\u010faka svojej formule bohat\u0161ej na kolag\u00e9n <em data-start=\"1924\" data-end=\"1930\">maska<\/em> stahuje a zdv\u00edha va\u0161u poko\u017eku, zlep\u0161uje jej odolnos\u0165 a rob\u00ed va\u0161u tv\u00e1r hlad\u0161ou a mladistvej\u0161ou v priebehu \u010dasu.<\/p>\n<h3 data-start=\"2058\" data-end=\"2081\"> K\u013e\u00fa\u010dov\u00e9 ingrediencie:<\/h3>\n<ul data-start=\"2083\" data-end=\"2843\">\n<li data-start=\"2083\" data-end=\"2174\">\n<p data-start=\"2085\" data-end=\"2174\"><strong data-start=\"2085\" data-end=\"2121\">Hydrolyzovan\u00fd kolag\u00e9n (ko\u017ea r\u00fdb):<\/strong> Spev\u0148uje a zdv\u00edha ple\u0165, zni\u017euje znaky starnutia.<\/p>\n<\/li>\n<li data-start=\"2175\" data-end=\"2267\">\n<p data-start=\"2177\" data-end=\"2267\"><strong data-start=\"2177\" data-end=\"2192\">Jojobov\u00fd olej:<\/strong> Poskytuje hlbok\u00fa, nelepiv\u00fa hydrat\u00e1ciu a vyva\u017euje prirodzen\u00fa produkciu oleja.<\/p>\n<\/li>\n<li data-start=\"2268\" data-end=\"2338\">\n<p data-start=\"2270\" data-end=\"2338\"><strong data-start=\"2270\" data-end=\"2284\">Arganov\u00fd olej:<\/strong> Bojuje proti znakom starnutia a zlep\u0161uje elasticitu pleti.<\/p>\n<\/li>\n<li data-start=\"2339\" data-end=\"2410\">\n<p data-start=\"2341\" data-end=\"2410\"><strong data-start=\"2341\" data-end=\"2359\">Aloe vera olej:<\/strong> Uklud\u0148uje podr\u00e1\u017eden\u00fa ple\u0165 a zvy\u0161uje hydrat\u00e1ciu.<\/p>\n<\/li>\n<li data-start=\"2411\" data-end=\"2484\">\n<p data-start=\"2413\" data-end=\"2484\"><strong data-start=\"2413\" data-end=\"2444\">Polyvinylpyrolid\u00f3n (PVP):<\/strong> Zlep\u0161uje text\u00faru a hladkos\u0165 pleti.<\/p>\n<\/li>\n<li data-start=\"2485\" data-end=\"2590\">\n<p data-start=\"2487\" data-end=\"2590\"><strong data-start=\"2487\" data-end=\"2526\">Butyl\u00e9nglykol a propyl\u00e9nglykol:<\/strong> Pom\u00e1haj\u00fa pleti udr\u017ea\u0165 vlhkos\u0165 a zlep\u0161uj\u00fa absorpciu produktu.<\/p>\n<\/li>\n<li data-start=\"2591\" data-end=\"2665\">\n<p data-start=\"2593\" data-end=\"2665\"><strong data-start=\"2593\" data-end=\"2606\">Glycer\u00edn:<\/strong> Pri\u0165ahuje vlhkos\u0165 do pleti, udr\u017euje ju pln\u00fa a svie\u017eu.<\/p>\n<\/li>\n<li data-start=\"2666\" data-end=\"2750\">\n<p data-start=\"2668\" data-end=\"2750\"><strong data-start=\"2668\" data-end=\"2682\">Vitam\u00edn A:<\/strong> Zlep\u0161uje obnovu buniek, rozjas\u0148uje t\u00f3n pleti a vyhladzuje text\u00faru.<\/p>\n<\/li>\n<li data-start=\"2751\" data-end=\"2843\">\n<p data-start=\"2753\" data-end=\"2843\"><strong data-start=\"2753\" data-end=\"2767\">Vitam\u00edn E:<\/strong> P\u00f4sob\u00ed ako siln\u00fd antioxidant, ktor\u00fd podporuje hojenie a chr\u00e1ni ple\u0165.<\/p>\n<\/li>\n<\/ul>\n<h3 data-start=\"2850\" data-end=\"2896\"> Ako pou\u017e\u00edva\u0165 Orgakera Gold Collagen Maska:<\/h3>\n<ol data-start=\"2898\" data-end=\"3205\">\n<li data-start=\"2898\" data-end=\"2930\">\n<p data-start=\"2901\" data-end=\"2930\">Za\u010dnite s \u010distou, suchou poko\u017ekou.<\/p>\n<\/li>\n<li data-start=\"2931\" data-end=\"3008\">\n<p data-start=\"2934\" data-end=\"3008\">Naneste rovnomern\u00fa vrstvu <strong data-start=\"2961\" data-end=\"2992\">Orgakera Gold Collagen Masky<\/strong> na tv\u00e1r.<\/p>\n<\/li>\n<li data-start=\"3009\" data-end=\"3086\">\n<p data-start=\"3012\" data-end=\"3086\">Nechajte <em data-start=\"3020\" data-end=\"3026\">masku<\/em> p\u00f4sobi\u0165 najmenej 10 min\u00fat, aby sa \u017eiviny vstrebali.<\/p>\n<\/li>\n<li data-start=\"3087\" data-end=\"3163\">\n<p data-start=\"3090\" data-end=\"3163\">Jemne odstr\u00e1\u0148te <em data-start=\"3108\" data-end=\"3114\">masku<\/em> a vmas\u00edrujte zvy\u0161n\u00e9 s\u00e9rum do pleti.<\/p>\n<\/li>\n<li data-start=\"3164\" data-end=\"3205\">\n<p data-start=\"3167\" data-end=\"3205\">Pou\u017e\u00edvajte 2\u20133 kr\u00e1t t\u00fd\u017edenne pre najlep\u0161ie v\u00fdsledky.<\/p>\n<\/li>\n<\/ol>\n<h3 data-start=\"3212\" data-end=\"3228\"> Upozornenia:<\/h3>\n<ul data-start=\"3230\" data-end=\"3579\">\n<li data-start=\"3230\" data-end=\"3256\">\n<p data-start=\"3232\" data-end=\"3256\">Len na vonkaj\u0161ie pou\u017eitie.<\/p>\n<\/li>\n<li data-start=\"3257\" data-end=\"3322\">\n<p data-start=\"3259\" data-end=\"3322\">Vyhnite sa kontaktu s o\u010dami. Ak d\u00f4jde k kontaktu, d\u00f4kladne opl\u00e1chnite.<\/p>\n<\/li>\n<li data-start=\"3323\" data-end=\"3377\">\n<p data-start=\"3325\" data-end=\"3377\">Preru\u0161te pou\u017eitie, ak sa objav\u00ed podr\u00e1\u017edenie alebo za\u010dervenanie.<\/p>\n<\/li>\n<li data-start=\"3378\" data-end=\"3412\">\n<p data-start=\"3380\" data-end=\"3412\">Dr\u017ete mimo dosahu det\u00ed.<\/p>\n<\/li>\n<li data-start=\"3413\" data-end=\"3463\">\n<p data-start=\"3415\" data-end=\"3463\">Skladujte na chladnom, suchom mieste mimo slne\u010dn\u00e9ho \u017eiarenia.<\/p>\n<\/li>\n<\/ul>\n<h3 data-start=\"3894\" data-end=\"3915\"> Z\u00e1vern\u00e9 my\u0161lienky<\/h3>\n<p data-start=\"3917\" data-end=\"4246\">Doprajte svojej pleti luxusn\u00fa lie\u010dbu, ktor\u00fa si zasl\u00fa\u017ei s <strong data-start=\"3977\" data-end=\"4008\">Orgakera Gold Collagen Maskou<\/strong>. \u010ci u\u017e bojujete proti vr\u00e1skam, rozjas\u0148ujete ple\u0165 alebo sa len odd\u00e1vate pr\u00e9miov\u00e9mu ritu\u00e1lu starostlivosti o seba, t\u00e1to <em data-start=\"4124\" data-end=\"4130\">maska<\/em> prin\u00e1\u0161a vidite\u013en\u00e9 v\u00fdsledky. Objavte pevnej\u0161iu, hlad\u0161iu a \u017eiarivej\u0161iu ple\u0165 \u2013 preto\u017ee v\u00e1\u0161 lesk za\u010d\u00edna starostlivos\u0165ou o seba.<\/p>\n<p style=\"text-align: center;\">\u010eakujeme za n\u00e1kup v <em data-start=\"415\" data-end=\"431\"><a href=\"https:\/\/bazaar.express\/sk\/\">Bazaar Express<\/a><\/em> \u2013 te\u0161\u00edme sa na v\u00e1s!<\/p>\n<p style=\"text-align: center;\">Va\u0161a cesta k lep\u0161ej starostlivosti o seba za\u010d\u00edna tu \u2013 s <a href=\"https:\/\/bazaar.express\/product-category\/beauty-care\/\">Beauty &#038; Care<\/a>, na ktor\u00fa sa m\u00f4\u017eete spo\u013eahn\u00fa\u0165.<\/p>\n","protected":false},"excerpt":{"rendered":"<h3 data-start=\"435\" data-end=\"682\">Za\u017eite luxusn\u00fa starostlivos\u0165 o ple\u0165 s <strong data-start=\"471\" data-end=\"502\">Orgakera Gold Collagen Maskou<\/strong> \u2013 omladzuj\u00facou zmesou kolag\u00e9nu, pr\u00edrodn\u00fdch olejov a vitam\u00ednov, ktor\u00e1 hydratuje, spev\u0148uje a rozjas\u0148uje va\u0161u poko\u017eku. Ide\u00e1lna na zni\u017eovanie jemn\u00fdch liniek, vyrovn\u00e1vanie t\u00f3nu pleti a zlep\u0161enie lesku.<\/h3>\n","protected":false},"featured_media":44838,"comment_status":"open","ping_status":"closed","template":"","meta":[],"product_brand":[],"product_cat":[1160],"product_tag":[1731,1654],"class_list":{"0":"post-44836","1":"product","2":"type-product","3":"status-publish","4":"has-post-thumbnail","6":"product_cat-starostlivost-o-krasu","7":"product_tag-krem","8":"product_tag-starostlivost-o-plet","10":"first","11":"instock","12":"shipping-taxable","13":"purchasable","14":"product-type-simple"},"_links":{"self":[{"href":"https:\/\/bazaar.express\/sk\/wp-json\/wp\/v2\/product\/44836","targetHints":{"allow":["GET"]}}],"collection":[{"href":"https:\/\/bazaar.express\/sk\/wp-json\/wp\/v2\/product"}],"about":[{"href":"https:\/\/bazaar.express\/sk\/wp-json\/wp\/v2\/types\/product"}],"replies":[{"embeddable":true,"href":"https:\/\/bazaar.express\/sk\/wp-json\/wp\/v2\/comments?post=44836"}],"wp:featuredmedia":[{"embeddable":true,"href":"https:\/\/bazaar.express\/sk\/wp-json\/wp\/v2\/media\/44838"}],"wp:attachment":[{"href":"https:\/\/bazaar.express\/sk\/wp-json\/wp\/v2\/media?parent=44836"}],"wp:term":[{"taxonomy":"product_brand","embeddable":true,"href":"https:\/\/bazaar.express\/sk\/wp-json\/wp\/v2\/product_brand?post=44836"},{"taxonomy":"product_cat","embeddable":true,"href":"https:\/\/bazaar.express\/sk\/wp-json\/wp\/v2\/product_cat?post=44836"},{"taxonomy":"product_tag","embeddable":true,"href":"https:\/\/bazaar.express\/sk\/wp-json\/wp\/v2\/product_tag?post=44836"}],"curies":[{"name":"wp","href":"https:\/\/api.w.org\/{rel}","templated":true}]}}