{"id":44839,"date":"2024-12-30T14:44:14","date_gmt":"2024-12-30T14:44:14","guid":{"rendered":"https:\/\/bazaar.express\/product\/cream-black-seed\/"},"modified":"2026-03-01T20:42:09","modified_gmt":"2026-03-01T20:42:09","slug":"cream-black-seed","status":"publish","type":"product","link":"https:\/\/bazaar.express\/sk\/produkt\/cream-black-seed\/","title":{"rendered":"Kr\u00e9m s \u010diernym km\u00ednom"},"content":{"rendered":"<h2 data-start=\"0\" data-end=\"76\"><strong data-start=\"3\" data-end=\"76\">Orgakera Kr\u00e9m s \u010diernym km\u00ednom: Va\u0161e prirodzen\u00e9 rie\u0161enie na akn\u00e9 a mastn\u00fa ple\u0165<\/strong><\/h2>\n<h3 data-start=\"78\" data-end=\"123\"><strong data-start=\"82\" data-end=\"123\">Pre\u010do si vybra\u0165 Orgakera Kr\u00e9m s \u010diernym km\u00ednom?<\/strong><\/h3>\n<p data-start=\"125\" data-end=\"447\">Kr\u00e9m Orgakera s \u010diernym km\u00ednom je v\u00fdkonn\u00fd produkt na starostlivos\u0165 o ple\u0165 \u0161peci\u00e1lne navrhnut\u00fd na boj proti akn\u00e9, vyv\u00e1\u017eenie mastnej pleti a podporu \u010distej\u0161ieho, hlad\u0161ieho vzh\u013eadu. Obohaten\u00fd o terapeutick\u00e9 \u00fa\u010dinky oleja z \u010dierneho km\u00ednu (Nigella Sativa), tento kr\u00e9m sp\u00e1ja starovek\u00fa m\u00fadros\u0165 s modernou vedou o pleti pre vidite\u013en\u00e9 a trval\u00e9 v\u00fdsledky.<\/p>\n<h3 data-start=\"449\" data-end=\"493\"><strong data-start=\"453\" data-end=\"493\"> \u010caro za Kr\u00e9mom s \u010diernym km\u00ednom<\/strong><\/h3>\n<p data-start=\"495\" data-end=\"710\">Kr\u00e9m Orgakera s \u010diernym km\u00ednom je viac ne\u017e len zvlh\u010dova\u010d \u2013 je to cielen\u00e1 lie\u010dba. Ka\u017ed\u00e1 ingrediencia je starostlivo vybran\u00e1, aby pracovala v harm\u00f3nii s va\u0161ou ple\u0165ou, pon\u00fakaj\u00fac upokojuj\u00face, \u010distiacie a regenera\u010dn\u00e9 benefity.<\/p>\n<h4 data-start=\"712\" data-end=\"748\"><strong data-start=\"717\" data-end=\"748\">1. Vlastnosti proti akn\u00e9<\/strong><\/h4>\n<p data-start=\"749\" data-end=\"1002\">V srdci recept\u00fary le\u017e\u00ed <em data-start=\"782\" data-end=\"796\">thymoquin\u00f3n<\/em>, siln\u00e1 zl\u00fa\u010denina v oleji z \u010dierneho km\u00ednu s v\u00fdrazn\u00fdmi antibakteri\u00e1lnymi a antifung\u00e1lnymi \u00fa\u010dinkami. Tento prirodzen\u00fd bojovn\u00edk bojuje proti bakt\u00e9ri\u00e1m sp\u00f4sobuj\u00facim akn\u00e9, zni\u017euje existuj\u00face v\u00fdlevy a zabra\u0148uje vzniku nov\u00fdch.<\/p>\n<h4 data-start=\"1004\" data-end=\"1045\"><strong data-start=\"1009\" data-end=\"1045\">2. Regul\u00e1cia oleja ako nikdy predt\u00fdm<\/strong><\/h4>\n<p data-start=\"1046\" data-end=\"1217\">Navrhnut\u00fd \u0161peci\u00e1lne pre mastn\u00fa a zmie\u0161an\u00fa ple\u0165, tento kr\u00e9m pom\u00e1ha regulova\u0165 produkciu mazu, \u010d\u00edm zabezpe\u010duje, aby va\u0161a ple\u0165 zostala svie\u017ea a matn\u00e1 bez tej otravnej mastnej lesku.<\/p>\n<h4 data-start=\"1219\" data-end=\"1255\"><strong data-start=\"1224\" data-end=\"1255\">3. Prirodzen\u00e1 antiseptick\u00e1 sila<\/strong><\/h4>\n<p data-start=\"1256\" data-end=\"1421\">V\u010faka ingredienci\u00e1m ako <em data-start=\"1283\" data-end=\"1297\">kyselina benzoov\u00e1<\/em> a <em data-start=\"1302\" data-end=\"1316\">benzaldehyd<\/em>, tento kr\u00e9m p\u00f4sob\u00ed ako prirodzen\u00fd antiseptikum, pom\u00e1ha zni\u017eova\u0165 z\u00e1pal a ni\u010di\u0165 bakt\u00e9rie sp\u00fa\u0161\u0165aj\u00face akn\u00e9.<\/p>\n<h4 data-start=\"1423\" data-end=\"1459\"><strong data-start=\"1428\" data-end=\"1459\">4. Podporuje regener\u00e1ciu pleti<\/strong><\/h4>\n<p data-start=\"1460\" data-end=\"1612\"><em data-start=\"1460\" data-end=\"1473\">Nigella olej<\/em> posil\u0148uje imunitu va\u0161ej pleti a podporuje r\u00fdchlej\u0161iu obnovu ko\u017en\u00fdch buniek. \u010eakajte za nudn\u00fa ple\u0165 a vitajte \u017eiariv\u00fa, zdrav\u00fa ple\u0165.<\/p>\n<h4 data-start=\"1614\" data-end=\"1663\"><strong data-start=\"1619\" data-end=\"1663\">5. Hlbok\u00e1 hydrat\u00e1cia s jemn\u00fdm dotykom<\/strong><\/h4>\n<p data-start=\"1664\" data-end=\"1837\">Inf\u00faziou <em data-start=\"1677\" data-end=\"1688\">arganov\u00e9ho oleja<\/em>, <em data-start=\"1690\" data-end=\"1708\">pr\u00e1\u0161ku aloe vera<\/em> a <em data-start=\"1714\" data-end=\"1729\">extraktu z henny<\/em>, tento kr\u00e9m nielen lie\u010di va\u0161u ple\u0165 \u2013 vy\u017eivuje a hydratuje ju, zanech\u00e1vaj\u00fac ju hodv\u00e1bne hladk\u00fa a upokojen\u00fa.<\/p>\n<h3 data-start=\"1844\" data-end=\"1888\"><strong data-start=\"1848\" data-end=\"1888\">Ako pou\u017e\u00edva\u0165 Orgakera Kr\u00e9m s \u010diernym km\u00ednom<\/strong><\/h3>\n<p data-start=\"1890\" data-end=\"1907\">Pre najlep\u0161ie v\u00fdsledky:<\/p>\n<ul data-start=\"1908\" data-end=\"2106\">\n<li data-start=\"1908\" data-end=\"1974\">\n<p data-start=\"1910\" data-end=\"1974\">Aplikujte kr\u00e9m na \u010derstvo vy\u010disten\u00fa ple\u0165 <strong data-start=\"1951\" data-end=\"1973\">2 a\u017e 3 kr\u00e1t denne<\/strong>.<\/p>\n<\/li>\n<li data-start=\"1975\" data-end=\"2028\">\n<p data-start=\"1977\" data-end=\"2028\">Jemne mas\u00edrujte do pleti, k\u00fdm sa \u00faplne nevstreb\u00e1.<\/p>\n<\/li>\n<li data-start=\"2029\" data-end=\"2106\">\n<p data-start=\"2031\" data-end=\"2106\">Pravideln\u00e9 pou\u017e\u00edvanie pom\u00e1ha vyv\u00e1\u017ei\u0165 produkciu oleja a zni\u017eova\u0165 v\u00fdlevy v priebehu \u010dasu.<\/p>\n<\/li>\n<\/ul>\n<h3 data-start=\"2113\" data-end=\"2160\"><strong data-start=\"2117\" data-end=\"2160\">\u010co je v tejto z\u00e1chrannnej formule pre ple\u0165?<\/strong><\/h3>\n<ul data-start=\"2162\" data-end=\"2504\">\n<li data-start=\"2162\" data-end=\"2197\">\n<p data-start=\"2164\" data-end=\"2197\"><strong data-start=\"2164\" data-end=\"2197\">Olej z \u010dierneho km\u00ednu (Thymoquin\u00f3n)<\/strong><\/p>\n<\/li>\n<li data-start=\"2198\" data-end=\"2215\">\n<p data-start=\"2200\" data-end=\"2215\"><strong data-start=\"2200\" data-end=\"2215\">Nigella Olej<\/strong><\/p>\n<\/li>\n<li data-start=\"2216\" data-end=\"2249\">\n<p data-start=\"2218\" data-end=\"2249\"><strong data-start=\"2218\" data-end=\"2249\">Olej Argania Spinosa (Argan)<\/strong><\/p>\n<\/li>\n<li data-start=\"2250\" data-end=\"2272\">\n<p data-start=\"2252\" data-end=\"2272\"><strong data-start=\"2252\" data-end=\"2272\">Pr\u00e1\u0161ok Aloe Vera<\/strong><\/p>\n<\/li>\n<li data-start=\"2273\" data-end=\"2297\">\n<p data-start=\"2275\" data-end=\"2297\"><strong data-start=\"2275\" data-end=\"2297\">Extrakt z listov henny<\/strong><\/p>\n<\/li>\n<li data-start=\"2298\" data-end=\"2320\">\n<p data-start=\"2300\" data-end=\"2320\"><strong data-start=\"2300\" data-end=\"2320\">Pr\u00e1\u0161ok Bhringraj<\/strong><\/p>\n<\/li>\n<li data-start=\"2321\" data-end=\"2342\">\n<p data-start=\"2323\" data-end=\"2342\"><strong data-start=\"2323\" data-end=\"2342\">Kvapaln\u00fd paraf\u00edn<\/strong><\/p>\n<\/li>\n<li data-start=\"2343\" data-end=\"2356\">\n<p data-start=\"2345\" data-end=\"2356\"><strong data-start=\"2345\" data-end=\"2356\">V\u010del\u00ed vosk<\/strong><\/p>\n<\/li>\n<li data-start=\"2357\" data-end=\"2379\">\n<p data-start=\"2359\" data-end=\"2379\"><strong data-start=\"2359\" data-end=\"2379\">Cetearyl Alkohol<\/strong><\/p>\n<\/li>\n<li data-start=\"2380\" data-end=\"2405\">\n<p data-start=\"2382\" data-end=\"2405\"><strong data-start=\"2382\" data-end=\"2405\">Isopropyl Myrist\u00e1t<\/strong><\/p>\n<\/li>\n<li data-start=\"2406\" data-end=\"2430\">\n<p data-start=\"2408\" data-end=\"2430\"><strong data-start=\"2408\" data-end=\"2430\">Phenyltrimethik\u00f3n<\/strong><\/p>\n<\/li>\n<li data-start=\"2431\" data-end=\"2454\">\n<p data-start=\"2433\" data-end=\"2454\"><strong data-start=\"2433\" data-end=\"2454\">Benzyl Salicyl\u00e1t<\/strong><\/p>\n<\/li>\n<li data-start=\"2455\" data-end=\"2504\">\n<p data-start=\"2457\" data-end=\"2504\"><em data-start=\"2457\" data-end=\"2504\">A \u010fal\u0161ie prirodzene \u0161etrn\u00e9 ingrediencie pre ple\u0165.<\/em><\/p>\n<\/li>\n<\/ul>\n<h3 data-start=\"2511\" data-end=\"2530\"><strong data-start=\"2515\" data-end=\"2530\">Tipy na bezpe\u010dnos\u0165<\/strong><\/h3>\n<ul data-start=\"2532\" data-end=\"2646\">\n<li data-start=\"2532\" data-end=\"2556\">\n<p data-start=\"2534\" data-end=\"2556\">Len na vonkaj\u0161ie pou\u017eitie.<\/p>\n<\/li>\n<li data-start=\"2557\" data-end=\"2583\">\n<p data-start=\"2559\" data-end=\"2583\">Vyhnite sa kontaktu s o\u010dami.<\/p>\n<\/li>\n<li data-start=\"2584\" data-end=\"2616\">\n<p data-start=\"2586\" data-end=\"2616\">Uchov\u00e1vajte mimo dosahu det\u00ed.<\/p>\n<\/li>\n<li data-start=\"2617\" data-end=\"2646\">\n<p data-start=\"2619\" data-end=\"2646\">Skladujte na chladnom, suchom mieste.<\/p>\n<\/li>\n<\/ul>\n<h3 data-start=\"3147\" data-end=\"3196\"><strong data-start=\"3151\" data-end=\"3196\"> Z\u00e1vern\u00e9 my\u0161lienky: Poc\u00edtite transform\u00e1ciu<\/strong><\/h3>\n<p data-start=\"3198\" data-end=\"3449\">Ak ste unaven\u00ed z mastnej pleti a akn\u00e9, ktor\u00e9 nechce od\u00eds\u0165, <strong data-start=\"3261\" data-end=\"3290\">Orgakera Kr\u00e9m s \u010diernym km\u00ednom<\/strong> je va\u0161a odpove\u010f. Poh\u00e1\u0148an\u00fd prirodzen\u00fdmi ingredienciami a overenou vedou o pleti, tento kr\u00e9m prin\u00e1\u0161a vidite\u013en\u00e9 zlep\u0161enia pri re\u0161pektovan\u00ed prirodzen\u00e9ho vyv\u00e1\u017eenia va\u0161ej pleti.<\/p>\n<p data-start=\"3451\" data-end=\"3580\">\u010ci u\u017e bojujete s tvrdohlav\u00fdm akn\u00e9, nadmern\u00fdm olejom alebo nudnos\u0165ou, toto univerz\u00e1lne rie\u0161enie pracuje s va\u0161ou ple\u0165ou \u2013 nie proti nej.<\/p>\n<p data-start=\"3582\" data-end=\"3678\" data-is-last-node=\"\" data-is-only-node=\"\">\ud83d\udc49 <strong data-start=\"3585\" data-end=\"3678\" data-is-last-node=\"\">Vysk\u00fa\u0161ajte dnes Orgakera Kr\u00e9m s \u010diernym km\u00ednom a za\u017eite rozdiel. Va\u0161a ple\u0165 si to zasl\u00fa\u017ei.<\/strong><\/p>\n<p style=\"text-align: center;\">\u010eakujeme za n\u00e1kup v <em data-start=\"415\" data-end=\"431\"><a href=\"https:\/\/bazaar.express\/sk\/\">Bazaar Express<\/a><\/em> \u2013 te\u0161\u00ed n\u00e1s, \u017ee ste tu!<\/p>\n<p style=\"text-align: center;\">Va\u0161a cesta k lep\u0161ej starostlivosti o seba za\u010d\u00edna tu \u2013 s <a href=\"https:\/\/bazaar.express\/product-category\/beauty-care\/\">Kr\u00e1sa a starostlivos\u0165<\/a>, na ktor\u00fa sa m\u00f4\u017eete spo\u013eahn\u00fa\u0165.<\/p>\n","protected":false},"excerpt":{"rendered":"<h3 data-start=\"514\" data-end=\"734\">Prirodzen\u00fd kr\u00e9m na starostlivos\u0165 o ple\u0165 s olejom z \u010dierneho km\u00ednu, navrhnut\u00fd na boj proti akn\u00e9, zn\u00ed\u017eenie mastnoty a upokojenie pleti. Ide\u00e1lny pre mastn\u00fa, akn\u00f3znu alebo zmie\u0161an\u00fa ple\u0165. Hydratuje pri \u010disten\u00ed a zlep\u0161uje celkov\u00e9 zdravie pleti.<\/h3>\n","protected":false},"featured_media":44842,"comment_status":"open","ping_status":"closed","template":"","meta":[],"product_brand":[],"product_cat":[1160],"product_tag":[1731,1660,1652],"class_list":{"0":"post-44839","1":"product","2":"type-product","3":"status-publish","4":"has-post-thumbnail","6":"product_cat-starostlivost-o-krasu","7":"product_tag-krem","8":"product_tag-masaz","9":"product_tag-olej","10":"pa_l-xl-150ml","11":"pa_l-xl-300ml","13":"first","14":"instock","15":"shipping-taxable","16":"purchasable","17":"product-type-variable"},"_links":{"self":[{"href":"https:\/\/bazaar.express\/sk\/wp-json\/wp\/v2\/product\/44839","targetHints":{"allow":["GET"]}}],"collection":[{"href":"https:\/\/bazaar.express\/sk\/wp-json\/wp\/v2\/product"}],"about":[{"href":"https:\/\/bazaar.express\/sk\/wp-json\/wp\/v2\/types\/product"}],"replies":[{"embeddable":true,"href":"https:\/\/bazaar.express\/sk\/wp-json\/wp\/v2\/comments?post=44839"}],"wp:featuredmedia":[{"embeddable":true,"href":"https:\/\/bazaar.express\/sk\/wp-json\/wp\/v2\/media\/44842"}],"wp:attachment":[{"href":"https:\/\/bazaar.express\/sk\/wp-json\/wp\/v2\/media?parent=44839"}],"wp:term":[{"taxonomy":"product_brand","embeddable":true,"href":"https:\/\/bazaar.express\/sk\/wp-json\/wp\/v2\/product_brand?post=44839"},{"taxonomy":"product_cat","embeddable":true,"href":"https:\/\/bazaar.express\/sk\/wp-json\/wp\/v2\/product_cat?post=44839"},{"taxonomy":"product_tag","embeddable":true,"href":"https:\/\/bazaar.express\/sk\/wp-json\/wp\/v2\/product_tag?post=44839"}],"curies":[{"name":"wp","href":"https:\/\/api.w.org\/{rel}","templated":true}]}}