{"id":44861,"date":"2024-12-29T00:07:10","date_gmt":"2024-12-29T00:07:10","guid":{"rendered":"https:\/\/bazaar.express\/product\/cream-argan\/"},"modified":"2024-12-29T00:07:10","modified_gmt":"2024-12-29T00:07:10","slug":"cream-argan","status":"publish","type":"product","link":"https:\/\/bazaar.express\/sk\/produkt\/cream-argan\/","title":{"rendered":"Arganov\u00fd kr\u00e9m s olejom a maslom shea"},"content":{"rendered":"<h2>Orgakera Arganov\u00fd kr\u00e9m \u2013 Hlbk\u00e1 hydrat\u00e1cia a protistarnutie pre \u017eiariv\u00fa, mladistv\u00fa poko\u017eku<\/h2>\n<h3>Uvo\u013enite silu arganov\u00e9ho oleja a masla shea pre \u017eiariv\u00fd t\u00f3n pleti<\/h3>\n<p>Va\u0161a poko\u017eka si zasl\u00fa\u017ei najlep\u0161iu pr\u00edrodn\u00fa v\u00fd\u017eivu. S <strong>Orgakera Arganov\u00fd kr\u00e9m<\/strong>, obohaten\u00fd o <em>\u010dist\u00fd arganov\u00fd olej<\/em> a <em>luxusn\u00e9 maslo shea<\/em>, poskytujete svojej poko\u017eke bohat\u00fa, intenz\u00edvnu lie\u010dbu, ktor\u00e1 hydratuje, obnovuje a omladzuje. Tento kr\u00e9m prenik\u00e1 hlboko do poko\u017eky, stimuluje produkciu kolag\u00e9nu a elast\u00ednu na zn\u00ed\u017eenie vr\u00e1sok, zlep\u0161enie elasticity a vytvorenie lumin\u00f3zneho, mladistv\u00e9ho vzh\u013eadu.<\/p>\n<p>\u010ci u\u017e bojujete so suchos\u0165ou, jemn\u00fdmi linkami alebo nudnou ple\u0165ou \u2013 <strong>Orgakera Arganov\u00fd kr\u00e9m<\/strong> je v\u00e1\u0161 ide\u00e1lny denn\u00fd hydrata\u010dn\u00fd kr\u00e9m pre vidite\u013ene m\u00e4k\u0161iu, pevnej\u0161iu a hlad\u0161iu poko\u017eku.<\/p>\n<h3>\u00a0Pre\u010do si vybra\u0165 Orgakera Arganov\u00fd kr\u00e9m?<\/h3>\n<h4><strong>Posil\u0148uje a obnovuje \u0161trukt\u00faru poko\u017eky<\/strong><\/h4>\n<p>Tento kr\u00e9m revitalizuje poko\u017eku na bunkovej \u00farovni, zlep\u0161uje pevnos\u0165 a elasticitu t\u00fdm, \u017ee pom\u00e1ha regenerova\u0165 po\u0161koden\u00e9 bunky poko\u017eky.<\/p>\n<h4><strong>Podporuje kolag\u00e9n a elast\u00edn<\/strong><\/h4>\n<p>Vyvinut\u00fd na aktiv\u00e1ciu produkcie kolag\u00e9nu a elast\u00ednu, pom\u00e1ha zni\u017eova\u0165 vzh\u013ead vr\u00e1sok, ochabnutia a jemn\u00fdch liniek \u2013 odha\u013euje pevnej\u0161iu, mladistvej\u0161iu poko\u017eku.<\/p>\n<h4><strong>Dlhotrvaj\u00faca hlbok\u00e1 hydrat\u00e1cia<\/strong><\/h4>\n<p>V\u010faka bohat\u00fdm mastn\u00fdm kyselin\u00e1m v arganovom oleji a masle shea tento kr\u00e9m uzamyk\u00e1 vlhkos\u0165 na hodiny, udr\u017euje va\u0161u poko\u017eku m\u00e4kk\u00fa a hydratovan\u00fa cel\u00fd de\u0148.<\/p>\n<h4><strong>Bojuje proti vr\u00e1skam a znakom starnutia<\/strong><\/h4>\n<p>V\u0161imnite si vidite\u013en\u00fd rozdiel v text\u00fare a vzh\u013eade va\u0161ej poko\u017eky. Tento kr\u00e9m cieli na pred\u010dasn\u00e9 znaky starnutia a podporuje hlad\u0161\u00ed, pln\u0161\u00ed fini\u0161.<\/p>\n<h4><strong>Vyhladzuje text\u00faru poko\u017eky<\/strong><\/h4>\n<p>Pri pravidelnom pou\u017e\u00edvan\u00ed sa poko\u017eka c\u00edti sametov\u00e1 a jemn\u00e1. O\u017eivuje nudn\u00fa, unaven\u00fa poko\u017eku a obnovuje jej prirodzen\u00fd lesk.<\/p>\n<h4><strong>Ide\u00e1lny pre citliv\u00e9 oblasti<\/strong><\/h4>\n<p>Jemn\u00e9, no v\u00fdkonn\u00e9 \u2013 tento kr\u00e9m rob\u00ed z\u00e1zraky na citliv\u00fdch miestach ako pery, oblasti pod o\u010dami a dokonca such\u00e9 \u010dlenky, pom\u00e1ha obnovi\u0165 m\u00e4kkos\u0165 a elasticitu.<\/p>\n<h4><strong>Cieli na akn\u00e9, opuchy a vre\u010dky pod o\u010dami<\/strong><\/h4>\n<p>Jej protiz\u00e1palov\u00e9 vlastnosti pom\u00e1haj\u00fa upokoji\u0165 v\u00fdrasty, zn\u00ed\u017ei\u0165 opuchy a minimalizova\u0165 tmav\u00e9 kruhy pod o\u010dami.<\/p>\n<h3>\u00a0Ako pou\u017e\u00edva\u0165 Orgakera Arganov\u00fd kr\u00e9m<\/h3>\n<p>Aplikujte Orgakera Arganov\u00fd kr\u00e9m na \u010dist\u00fa poko\u017eku <strong>2\u20133 kr\u00e1t denne<\/strong>.<br \/>\nZamerajte sa na tv\u00e1r, krk, pery, pod o\u010dami a in\u00e9 such\u00e9 alebo starn\u00face oblasti.<br \/>\nJemne mas\u00edrujte, k\u00fdm sa plne nevstreb\u00e1. Pou\u017e\u00edvajte pravidelne pre najlep\u0161ie v\u00fdsledky.<\/p>\n<h3>\u00a0Z\u00e1ver<\/h3>\n<p>Va\u0161a poko\u017eka rozpr\u00e1va v\u00e1\u0161 pr\u00edbeh \u2013 urobte ho \u017eiariv\u00fdm. S potentnou silou <strong>Orgakera Arganov\u00fd kr\u00e9m<\/strong> nielen hydratujete; transformujete svoju poko\u017eku zvn\u00fatra. Jeho luxusn\u00e1 zmes pr\u00edrodn\u00fdch ingredienci\u00ed prin\u00e1\u0161a hlbok\u00fa hydrat\u00e1ciu, hladk\u00fa text\u00faru a vidite\u013en\u00fa mladistvos\u0165, aplik\u00e1ciu po aplik\u00e1cii.<\/p>\n<p><strong>Dnes urobte z Orgakera Arganov\u00fd kr\u00e9m s\u00fa\u010das\u0165 svojho beauty ritu\u00e1lu a odomknite svoju najkraj\u0161iu, hydratovan\u00fa verziu seba.<\/strong><br \/>\nVitajte v <strong>Hurghada Shop<\/strong> \u2013 kde pr\u00e9miov\u00e1 starostlivos\u0165 o ple\u0165 stret\u00e1va najkvalitnej\u0161\u00ed dotyk pr\u00edrody.<\/p>\n<p>&nbsp;<\/p>\n<p style=\"text-align: center;\">\u010eakujeme za n\u00e1kup v <em data-start=\"415\" data-end=\"431\"><a href=\"https:\/\/bazaar.express\/sk\/\">Bazaar Express<\/a><\/em> \u2013 te\u0161\u00ed n\u00e1s, \u017ee ste tu!<\/p>\n<p style=\"text-align: center;\">Va\u0161a cesta k lep\u0161ej starostlivosti o seba za\u010d\u00edna tu \u2013 s <a href=\"https:\/\/bazaar.express\/product-category\/beauty-care\/\">Beauty &#038; Care<\/a>, na ktor\u00fa sa m\u00f4\u017eete spo\u013eahn\u00fa\u0165.<\/p>\n","protected":false},"excerpt":{"rendered":"<h3 data-start=\"474\" data-end=\"640\">Luxusn\u00fd kr\u00e9m obohaten\u00fd arganov\u00fdm olejom a maslom shea na hlbok\u00fa hydrat\u00e1ciu, zn\u00ed\u017eenie vr\u00e1sok a zlep\u0161enie elasticity poko\u017eky. Ide\u00e1lny pre such\u00e9, starn\u00face a citliv\u00e9 oblasti.<\/h3>\n","protected":false},"featured_media":44863,"comment_status":"open","ping_status":"closed","template":"","meta":[],"product_brand":[],"product_cat":[1160],"product_tag":[1731,1660,1652],"class_list":{"0":"post-44861","1":"product","2":"type-product","3":"status-publish","4":"has-post-thumbnail","6":"product_cat-starostlivost-o-krasu","7":"product_tag-krem","8":"product_tag-masaz","9":"product_tag-olej","10":"pa_l-xl-150ml","11":"pa_l-xl-300ml","13":"first","14":"instock","15":"shipping-taxable","16":"purchasable","17":"product-type-variable"},"_links":{"self":[{"href":"https:\/\/bazaar.express\/sk\/wp-json\/wp\/v2\/product\/44861","targetHints":{"allow":["GET"]}}],"collection":[{"href":"https:\/\/bazaar.express\/sk\/wp-json\/wp\/v2\/product"}],"about":[{"href":"https:\/\/bazaar.express\/sk\/wp-json\/wp\/v2\/types\/product"}],"replies":[{"embeddable":true,"href":"https:\/\/bazaar.express\/sk\/wp-json\/wp\/v2\/comments?post=44861"}],"wp:featuredmedia":[{"embeddable":true,"href":"https:\/\/bazaar.express\/sk\/wp-json\/wp\/v2\/media\/44863"}],"wp:attachment":[{"href":"https:\/\/bazaar.express\/sk\/wp-json\/wp\/v2\/media?parent=44861"}],"wp:term":[{"taxonomy":"product_brand","embeddable":true,"href":"https:\/\/bazaar.express\/sk\/wp-json\/wp\/v2\/product_brand?post=44861"},{"taxonomy":"product_cat","embeddable":true,"href":"https:\/\/bazaar.express\/sk\/wp-json\/wp\/v2\/product_cat?post=44861"},{"taxonomy":"product_tag","embeddable":true,"href":"https:\/\/bazaar.express\/sk\/wp-json\/wp\/v2\/product_tag?post=44861"}],"curies":[{"name":"wp","href":"https:\/\/api.w.org\/{rel}","templated":true}]}}