{"id":44884,"date":"2025-01-10T15:35:13","date_gmt":"2025-01-10T15:35:13","guid":{"rendered":"https:\/\/bazaar.express\/product\/freckles-oil\/"},"modified":"2025-01-10T15:35:13","modified_gmt":"2025-01-10T15:35:13","slug":"freckles-oil","status":"publish","type":"product","link":"https:\/\/bazaar.express\/sk\/produkt\/freckles-oil\/","title":{"rendered":"Organick\u00fd olej na pehy"},"content":{"rendered":"<h2 data-start=\"216\" data-end=\"295\">NAKAA Organick\u00fd olej na pehy \u2013 Prirodzene vyblednite pehy a odha\u013ete rovnomern\u00fa ple\u0165<\/h2>\n<p data-start=\"297\" data-end=\"732\">Objavte v\u00fdkonn\u00fa pr\u00edrodn\u00fa rie\u0161enie pre pehy a nerovnomern\u00fa pigment\u00e1ciu pleti s <strong data-start=\"377\" data-end=\"407\">NAKAA Organick\u00fdm olejom na pehy<\/strong>. T\u00e1to expertne namie\u0161an\u00e1 formula sp\u00e1ja niektor\u00e9 z najefekt\u00edvnej\u0161\u00edch pr\u00edrodn\u00fdch olejov, aby v\u00e1m pomohla zn\u00ed\u017ei\u0165 tmav\u00e9 \u0161kvrny, vyrovna\u0165 nerovnomern\u00fd t\u00f3n pleti a hlboko vy\u017eivi\u0165 va\u0161u ple\u0165. \u010ci u\u017e bojujete s pehy, slne\u010dn\u00fdmi \u0161kvrnami alebo pigment\u00e1ciou, tento 100% organick\u00fd prostriedok v\u00e1m pom\u00f4\u017ee odhali\u0165 va\u0161u prirodzen\u00fa \u017eiaru \u2013 bezpe\u010dne a efekt\u00edvne.<\/p>\n<h3 data-start=\"734\" data-end=\"799\"> \u010co je v obsahu? V\u00fdkonn\u00e9 pr\u00edrodn\u00e9 ingrediencie pre \u010distej\u0161iu ple\u0165<\/h3>\n<p data-start=\"801\" data-end=\"960\">Ka\u017ed\u00e1 kvapka NAKAA Organick\u00e9ho oleja na pehy je bohat\u00e1 na antioxidanty, esenci\u00e1lne mastn\u00e9 kyseliny a vitam\u00edny, ktor\u00e9 podporuj\u00fa zdrav\u0161iu, hlad\u0161iu a \u017eiarivej\u0161iu ple\u0165:<\/p>\n<ul data-start=\"962\" data-end=\"1937\">\n<li data-start=\"962\" data-end=\"1118\">\n<p data-start=\"964\" data-end=\"1118\"><strong data-start=\"964\" data-end=\"984\">Sladk\u00fd mand\u013eov\u00fd olej<\/strong> \u2013 Bohat\u00fd na vitam\u00edny A a E, rozjas\u0148uje ple\u0165 a pom\u00e1ha redukova\u0165 pehy a pigment\u00e1ciu, pri\u010dom zm\u00e4k\u010duje a upokojuje citliv\u00fa ple\u0165.<\/p>\n<\/li>\n<li data-start=\"1119\" data-end=\"1283\">\n<p data-start=\"1121\" data-end=\"1283\"><strong data-start=\"1121\" data-end=\"1134\">Arganov\u00fd olej<\/strong> \u2013 Zlat\u00fd elix\u00edr pln\u00fd vitam\u00ednu E a mastn\u00fdch kysel\u00edn, ktor\u00e9 redukuj\u00fa vzh\u013ead pehy, hlboko hydratuj\u00fa a chr\u00e1nia ple\u0165 pred slne\u010dn\u00fdm po\u0161koden\u00edm.<\/p>\n<\/li>\n<li data-start=\"1284\" data-end=\"1390\">\n<p data-start=\"1286\" data-end=\"1390\"><strong data-start=\"1286\" data-end=\"1300\">Ric\u00ednov\u00fd olej<\/strong> \u2013 Zn\u00e1m\u00fd svojou hlbokou absorpciou, ric\u00ednov\u00fd olej pom\u00e1ha vybledn\u00fa\u0165 tmav\u00e9 \u0161kvrny a vyrovna\u0165 t\u00f3n pleti.<\/p>\n<\/li>\n<li data-start=\"1391\" data-end=\"1495\">\n<p data-start=\"1393\" data-end=\"1495\"><strong data-start=\"1393\" data-end=\"1406\">Olivov\u00fd olej<\/strong> \u2013 Bojuje proti vo\u013en\u00fdm radik\u00e1lom v\u00fdkonn\u00fdmi antioxidantmi a podporuje \u017eiariv\u00fa, rovnomern\u00fa ple\u0165.<\/p>\n<\/li>\n<li data-start=\"1496\" data-end=\"1612\">\n<p data-start=\"1498\" data-end=\"1612\"><strong data-start=\"1498\" data-end=\"1512\">Jojobov\u00fd olej<\/strong> \u2013 Vyva\u017euje produkciu oleja a zlep\u0161uje text\u00faru pleti, pri\u010dom minimalizuje pigment\u00e1ciu a such\u00e9 miesta.<\/p>\n<\/li>\n<li data-start=\"1613\" data-end=\"1721\">\n<p data-start=\"1615\" data-end=\"1721\"><strong data-start=\"1615\" data-end=\"1633\">\u010cierny semenn\u00fd olej<\/strong> \u2013 Pom\u00e1ha regulova\u0165 produkciu melan\u00ednu, postupne vybledzuje hyperpigment\u00e1ciu a tmav\u00e9 \u0161kvrny.<\/p>\n<\/li>\n<li data-start=\"1722\" data-end=\"1822\">\n<p data-start=\"1724\" data-end=\"1822\"><strong data-start=\"1724\" data-end=\"1738\">Lupinov\u00fd olej<\/strong> \u2013 Rozjas\u0148uje ple\u0165 a jemne detoxikuje, aby va\u0161a ple\u0165 zostala svie\u017ea a \u017eiariv\u00e1.<\/p>\n<\/li>\n<li data-start=\"1823\" data-end=\"1937\">\n<p data-start=\"1825\" data-end=\"1937\"><strong data-start=\"1825\" data-end=\"1838\">Vitam\u00edn E<\/strong> \u2013 Antioxidantom opravuj\u00faci ple\u0165, ktor\u00fd redukuje tmav\u00e9 miesta a zlep\u0161uje elasticitu a \u010d\u00edros\u0165 pleti.<\/p>\n<\/li>\n<\/ul>\n<h3 data-start=\"1939\" data-end=\"1973\"> Ako pou\u017e\u00edva\u0165 pre najlep\u0161ie v\u00fdsledky<\/h3>\n<p data-start=\"1975\" data-end=\"2183\">Naneste nieko\u013eko kvapiek na \u010dist\u00fa ple\u0165 ve\u010der, vyhnite sa oblasti o\u010d\u00ed. Jemne mas\u00edrujte, k\u00fdm sa \u00faplne nevstreb\u00e1. Nechajte p\u00f4sobi\u0165 cez noc a r\u00e1no opl\u00e1chnite. Pravidelne pou\u017e\u00edvajte, aby ste odhalili jasnej\u0161iu, vyrovnanej\u0161iu ple\u0165.<\/p>\n<h3 data-start=\"2185\" data-end=\"2208\"> Pre\u010do si vybra\u0165 NAKAA?<\/h3>\n<ul data-start=\"2210\" data-end=\"2548\">\n<li data-start=\"2210\" data-end=\"2287\">\n<p data-start=\"2212\" data-end=\"2287\"><strong data-start=\"2212\" data-end=\"2238\">100% Organick\u00fd &#038; Pr\u00edrodn\u00fd<\/strong> \u2013 \u017diadne syntetick\u00e9 ingrediencie, parab\u00e9ny alebo tox\u00edny.<\/p>\n<\/li>\n<li data-start=\"2288\" data-end=\"2377\">\n<p data-start=\"2290\" data-end=\"2377\"><strong data-start=\"2290\" data-end=\"2321\">Vhodn\u00fd pre v\u0161etky typy pleti<\/strong> \u2013 Jemn\u00fd, no efekt\u00edvny na citliv\u00fa, such\u00fa alebo mastn\u00fa ple\u0165.<\/p>\n<\/li>\n<li data-start=\"2378\" data-end=\"2467\">\n<p data-start=\"2380\" data-end=\"2467\"><strong data-start=\"2380\" data-end=\"2420\">Cie\u013eom pehy &#038; hyperpigment\u00e1cia<\/strong> \u2013 Prirodzene vybledzuje pigment\u00e1ciu a slne\u010dn\u00e9 \u0161kvrny.<\/p>\n<\/li>\n<li data-start=\"2468\" data-end=\"2548\">\n<p data-start=\"2470\" data-end=\"2548\"><strong data-start=\"2470\" data-end=\"2499\">Hydratuj\u00faci &#038; Upokojuj\u00faci pre ple\u0165<\/strong> \u2013 Obnovuje vlhkos\u0165 a podporuje \u017eiariv\u00fd lesk.<\/p>\n<\/li>\n<\/ul>\n<h3 data-start=\"2995\" data-end=\"3033\"> Odha\u013ete svoju \u017eiaru \u2013 Prirodzene<\/h3>\n<p data-start=\"3035\" data-end=\"3265\">NAKAA Organick\u00fd olej na pehy je viac ne\u017e starostlivos\u0165 o ple\u0165 \u2013 je to sebazaradenie poh\u00e1\u0148an\u00e9 najlep\u0161\u00edm z pr\u00edrody. \u010ci u\u017e chcete redukova\u0165 pehy, upokoji\u0165 podr\u00e1\u017edenie alebo zlep\u0161i\u0165 svoj lesk, t\u00e1to formula poskytne va\u0161ej pleti starostlivos\u0165, ktor\u00fa si zasl\u00fa\u017ei.<\/p>\n<p data-start=\"3267\" data-end=\"3353\"><strong data-start=\"3267\" data-end=\"3280\">Objednajte si teraz<\/strong> a za\u010dnite svoju cestu k n\u00e1dherne rovnomern\u00e9mu, \u017eiariv\u00e9mu vzh\u013eadu pleti s NAKAA.<\/p>\n<p style=\"text-align: center;\">\u010eakujeme za n\u00e1kup v <em data-start=\"415\" data-end=\"431\"><a href=\"https:\/\/bazaar.express\/sk\/\">Bazaar Express<\/a><\/em> \u2013 te\u0161\u00edme sa na v\u00e1s!<\/p>\n<p style=\"text-align: center;\">Pocitujte silu pr\u00edrody \u2014 \u010dist\u00e9 <a href=\"https:\/\/bazaar.express\/sk\/therapeutic-oils\/\">Terapeutick\u00e9 oleje<\/a> pre ka\u017edodenn\u00e9 wellness.<\/p>\n","protected":false},"excerpt":{"rendered":"<h3 data-start=\"393\" data-end=\"670\">NAKAA Organick\u00fd olej na pehy je 100% pr\u00edrodn\u00e1 zmes v\u00fdkonn\u00fdch olejov vr\u00e1tane sladk\u00e9ho mand\u013eov\u00e9ho, arganov\u00e9ho, ric\u00ednov\u00e9ho, olivov\u00e9ho a vitam\u00ednu E. Navrhnut\u00fd na redukciu pehy, tmav\u00fdch \u0161kv\u0155n a nerovnomernosti pleti, t\u00e1to \u013eahk\u00e1 formula hlboko vy\u017eivuje a vyrovn\u00e1va t\u00f3n pleti \u2013 prirodzene a bezpe\u010dne.<\/h3>\n","protected":false},"featured_media":44887,"comment_status":"open","ping_status":"closed","template":"","meta":[],"product_brand":[],"product_cat":[1161,1171,1160],"product_tag":[1652,1653,1655,1654,1667],"class_list":{"0":"post-44884","1":"product","2":"type-product","3":"status-publish","4":"has-post-thumbnail","6":"product_cat-terapeuticke-oleje","7":"product_cat-prirodne-oleje-nakaa","8":"product_cat-starostlivost-o-krasu","9":"product_tag-olej","10":"product_tag-prirodny-olej","11":"product_tag-starostlivost-o-krasu","12":"product_tag-starostlivost-o-plet","13":"product_tag-zdravy","14":"pa_l-xl-135ml","15":"pa_l-xl-60ml","17":"first","18":"instock","19":"sale","20":"shipping-taxable","21":"purchasable","22":"product-type-variable"},"_links":{"self":[{"href":"https:\/\/bazaar.express\/sk\/wp-json\/wp\/v2\/product\/44884","targetHints":{"allow":["GET"]}}],"collection":[{"href":"https:\/\/bazaar.express\/sk\/wp-json\/wp\/v2\/product"}],"about":[{"href":"https:\/\/bazaar.express\/sk\/wp-json\/wp\/v2\/types\/product"}],"replies":[{"embeddable":true,"href":"https:\/\/bazaar.express\/sk\/wp-json\/wp\/v2\/comments?post=44884"}],"wp:featuredmedia":[{"embeddable":true,"href":"https:\/\/bazaar.express\/sk\/wp-json\/wp\/v2\/media\/44887"}],"wp:attachment":[{"href":"https:\/\/bazaar.express\/sk\/wp-json\/wp\/v2\/media?parent=44884"}],"wp:term":[{"taxonomy":"product_brand","embeddable":true,"href":"https:\/\/bazaar.express\/sk\/wp-json\/wp\/v2\/product_brand?post=44884"},{"taxonomy":"product_cat","embeddable":true,"href":"https:\/\/bazaar.express\/sk\/wp-json\/wp\/v2\/product_cat?post=44884"},{"taxonomy":"product_tag","embeddable":true,"href":"https:\/\/bazaar.express\/sk\/wp-json\/wp\/v2\/product_tag?post=44884"}],"curies":[{"name":"wp","href":"https:\/\/api.w.org\/{rel}","templated":true}]}}